{"id":9,"date":"2013-09-10T18:41:41","date_gmt":"2013-09-10T18:41:41","guid":{"rendered":"http:\/\/colloques.uqac.ca\/modelecolloque\/?page_id=9"},"modified":"2026-03-24T09:34:40","modified_gmt":"2026-03-24T14:34:40","slug":"programmation","status":"publish","type":"page","link":"https:\/\/colloques.uqac.ca\/visaj\/programmation\/","title":{"rendered":"Programmation de la journ\u00e9e"},"content":{"rendered":"<p style=\"text-align: center\"><strong><a href=\"https:\/\/colloques.uqac.ca\/visaj\/files\/2026\/03\/Cahier-de-programmation-Colloque-VISAJ-2026.pdf\" target=\"_blank\" rel=\"noopener\">PROGRAMMATION D\u00c9TAILL\u00c9E<\/a><\/strong><\/p>\n<p style=\"text-align: center\"><em>8h00<\/em><br \/>\nAccueil, caf\u00e9, th\u00e9<\/p>\n<p><em>8h30<\/em> :\u00a0 Mot de bienvenue des trois cotitulaires de la Chaire VISAJ, <strong>Marie-\u00c8ve Blackburn, Jacinthe Dion et Eve Pouliot<\/strong><\/p>\n<p><em>8h40:<\/em> Allocution d&rsquo;ouverture, <strong>Sylvain Gaudreault<\/strong>, directeur g\u00e9n\u00e9ral du C\u00e9gep de Jonqui\u00e8re et <strong>Luigi Bouchard<\/strong>, vice-recteur \u00e0 la recherche et \u00e0 la cr\u00e9ation de l&rsquo;Universit\u00e9 du Qu\u00e9bec \u00e0 Chicoutimi<\/p>\n<p><em><a href=\"https:\/\/colloques.uqac.ca\/visaj\/files\/2026\/02\/2023_Bonenfant_Maude_02-petite.jpg\"><img loading=\"lazy\" decoding=\"async\" class=\" wp-image-244 alignright\" src=\"https:\/\/colloques.uqac.ca\/visaj\/files\/2026\/02\/2023_Bonenfant_Maude_02-petite-259x300.jpg\" alt=\"\" width=\"168\" height=\"195\" srcset=\"https:\/\/colloques.uqac.ca\/visaj\/files\/2026\/02\/2023_Bonenfant_Maude_02-petite-259x300.jpg 259w, https:\/\/colloques.uqac.ca\/visaj\/files\/2026\/02\/2023_Bonenfant_Maude_02-petite.jpg 446w\" sizes=\"(max-width: 168px) 100vw, 168px\" \/><\/a>8h45<\/em>: Conf\u00e9rence d\u2019ouverture<br \/>\n<strong>Maude Bonenfant<\/strong>, professeure titulaire, d\u00e9partement de communication sociale et publique, Universit\u00e9 du Qu\u00e9bec \u00e0 Montr\u00e9al et docteure en \u00e9tudes s\u00e9miotiques<br \/>\n<em><strong>La sant\u00e9 mentale des jeunes en contexte vid\u00e9oludique<\/strong><\/em><\/p>\n<p><em>9h45<\/em>: <strong>Jean-Martin Deslauriers<\/strong>, professeur, \u00c9cole de travail social, Universit\u00e9 d&rsquo;Ottawa<strong><br \/>\n<em>Accompagner des jeunes hommes ayant d\u00e9velopp\u00e9 une d\u00e9pendance \u00e0 la pornographie en ligne: une question de sexualit\u00e9, de pathologie ou de fonctionnement social?<\/em><\/strong><\/p>\n<p style=\"text-align: center\"><em>10h15<\/em> Pause<br \/>\n<strong>\u00c0 la d\u00e9couverte des affiches \u00e9tudiantes<\/strong><\/p>\n<p><em>10h40<\/em> : <strong>S\u00e9verine Parent<\/strong>, professeure, Unit\u00e9 d\u00e9partementale des sciences de l&rsquo;\u00e9ducation, Universit\u00e9 du Qu\u00e9bec \u00e0 Rimouski<br \/>\n<strong><em>Vers une progression num\u00e9rique \u00e9quilibr\u00e9e et \u00e9quitable chez les jeunes<\/em><\/strong><\/p>\n<p><em>11h15<\/em> : <strong>Luc Laberge<\/strong>, chercheur principal, \u00c9COBES &#8211; Recherche et transfert, C\u00e9gep de Jonqui\u00e8re<br \/>\n<em><strong>Le sommeil des adolescents \u00e0 l\u2019\u00e8re num\u00e9rique<\/strong><\/em><\/p>\n<p style=\"text-align: center\"><em>11h45: <\/em>D\u00eener<strong><br \/>\n\u00c0 la d\u00e9couverte des affiches \u00e9tudiantes et kiosques<\/strong><\/p>\n<p><em>13h20<\/em>: <strong>\u00a0Yann Zoldan<\/strong>, professeur de psychologie, d\u00e9partement des sciences de la sant\u00e9, Universit\u00e9 du Qu\u00e9bec \u00e0 Chicoutimi<br \/>\n<em><strong>Les normes de l\u2019amour et de la sexualit\u00e9 \u00e0 l\u2019\u00e8re du num\u00e9rique chez des jeunes du Saguenay-Lac-Saint-Jean<\/strong><\/em><\/p>\n<p><em>13h55<\/em>: <strong>Patrick Giroux, <\/strong>professeur titulaire, d\u00e9partement des sciences de l&rsquo;\u00e9ducation de l&rsquo;Universit\u00e9 du Qu\u00e9bec \u00e0 Chicoutimi et\u00a0 <strong>Yan Bilodeau<\/strong>, directeur adjoint, Services \u00e9ducatifs jeunes et adultes, Centre de services scolaire De La Jonqui\u00e8re<br \/>\n<em><strong>Interdiction des cellulaires&#8230;. Quoi en penser? Comment l\u2019\u00e9cole peut jouer son r\u00f4le pour encadrer les jeunes?<\/strong><\/em><\/p>\n<p style=\"text-align: center\"><em>14h25<\/em>: Pause<br \/>\n<strong>\u00c0 la d\u00e9couverte des affiches \u00e9tudiantes<\/strong><\/p>\n<p><em>15h00<\/em>: Conf\u00e9rence de fermeture<br \/>\n<strong>Emmanuelle Parent<\/strong>, Directrice g\u00e9n\u00e9rale et cofondatrice, Le Centre pour l&rsquo;intelligence \u00e9motionnelle <i class=\"icon-leciel-heart\"><\/i><i class=\"icon-leciel-dots\"><\/i>en ligne (Le C.I.E.L.)<br \/>\n<em><strong>Bien-\u00eatre num\u00e9rique : sensibiliser et outiller les enfants et les ados<\/strong><\/em><\/p>\n<p>&nbsp;<\/p>\n<p style=\"text-align: center\"><em>1<\/em><em>6h<\/em><br \/>\nCocktail et bouch\u00e9es offerts par le<br \/>\n<strong>Centre intersectoriel en sant\u00e9 durable\u00a0<\/strong><br \/>\n<strong>Remise des prix des affiches<\/strong><\/p>\n","protected":false},"excerpt":{"rendered":"<p>PROGRAMMATION D\u00c9TAILL\u00c9E 8h00 Accueil, caf\u00e9, th\u00e9 8h30 :\u00a0 Mot de bienvenue des trois cotitulaires de la Chaire VISAJ, Marie-\u00c8ve Blackburn, Jacinthe Dion et Eve Pouliot 8h40: Allocution d&rsquo;ouverture, Sylvain Gaudreault, directeur g\u00e9n\u00e9ral du C\u00e9gep de Jonqui\u00e8re et Luigi Bouchard, vice-recteur \u00e0 la recherche et \u00e0 la cr\u00e9ation de l&rsquo;Universit\u00e9 du Qu\u00e9bec \u00e0 Chicoutimi 8h45: Conf\u00e9rence &hellip; <a href=\"https:\/\/colloques.uqac.ca\/visaj\/programmation\/\" class=\"more-link\">Continuer la lecture de <span class=\"screen-reader-text\">Programmation de la journ\u00e9e<\/span>  <span class=\"meta-nav\">&rarr;<\/span><\/a><\/p>\n","protected":false},"author":5,"featured_media":0,"parent":0,"menu_order":0,"comment_status":"closed","ping_status":"closed","template":"","meta":{"footnotes":""},"_links":{"self":[{"href":"https:\/\/colloques.uqac.ca\/visaj\/wp-json\/wp\/v2\/pages\/9"}],"collection":[{"href":"https:\/\/colloques.uqac.ca\/visaj\/wp-json\/wp\/v2\/pages"}],"about":[{"href":"https:\/\/colloques.uqac.ca\/visaj\/wp-json\/wp\/v2\/types\/page"}],"author":[{"embeddable":true,"href":"https:\/\/colloques.uqac.ca\/visaj\/wp-json\/wp\/v2\/users\/5"}],"replies":[{"embeddable":true,"href":"https:\/\/colloques.uqac.ca\/visaj\/wp-json\/wp\/v2\/comments?post=9"}],"version-history":[{"count":64,"href":"https:\/\/colloques.uqac.ca\/visaj\/wp-json\/wp\/v2\/pages\/9\/revisions"}],"predecessor-version":[{"id":258,"href":"https:\/\/colloques.uqac.ca\/visaj\/wp-json\/wp\/v2\/pages\/9\/revisions\/258"}],"wp:attachment":[{"href":"https:\/\/colloques.uqac.ca\/visaj\/wp-json\/wp\/v2\/media?parent=9"}],"curies":[{"name":"wp","href":"https:\/\/api.w.org\/{rel}","templated":true}]}}