{"id":7,"date":"2013-09-10T18:41:15","date_gmt":"2013-09-10T18:41:15","guid":{"rendered":"http:\/\/colloques.uqac.ca\/modelecolloque\/?page_id=7"},"modified":"2026-03-10T14:06:32","modified_gmt":"2026-03-10T19:06:32","slug":"accueil","status":"publish","type":"page","link":"https:\/\/colloques.uqac.ca\/visaj\/","title":{"rendered":"Colloque VISAJ"},"content":{"rendered":"<h1 style=\"text-align: left\">Vivre, grandir et se construire en contexte num\u00e9rique<\/h1>\n<h2 style=\"text-align: left\">Jeudi 26 mars 2026<\/h2>\n<p>Auditorium de l&rsquo;UQAC (P0-5000)<\/p>\n<p>Organis\u00e9 par la Chaire de recherche VISAJ, ce rassemblement scientifique vise \u00e0 favoriser les \u00e9changes, le r\u00e9seautage ainsi que la valorisation de la recherche centr\u00e9e sur la jeunesse, tout en mettant de l\u2019avant les travaux de recherche des personnes \u00e9tudiantes.<\/p>\n<p>\u00ab\u00a0Vivre, grandir et se construire en contexte num\u00e9rique\u00a0\u00bb signifie \u00e9voluer dans un univers o\u00f9 les \u00e9crans, les r\u00e9seaux sociaux, les jeux en ligne, l&rsquo;intelligence artificielle et les algorithmes structurent d\u00e9sormais les apprentissages, les interactions et la construction identitaire des jeunes d&rsquo;aujourd&rsquo;hui.<\/p>\n<p>Ce colloque rassemble des personnes issues de la recherche, de l\u2019intervention, des milieux de pratique, du milieu scolaire et de nombreuses personnes \u00e9tudiantes pour partager des r\u00e9sultats de recherche et des pratiques d\u2019intervention, adapt\u00e9es aux r\u00e9alit\u00e9s num\u00e9riques. En croisant perspectives th\u00e9oriques et retours d\u2019exp\u00e9rience terrain, nous visons \u00e0 mieux comprendre comment accompagner les jeunes et les milieux qui les entourent face aux enjeux et aux potentiels du monde connect\u00e9.<\/p>\n<p>Bienvenue \u00e0 toutes les personnes participantes!<\/p>\n<p>&nbsp;<\/p>\n<p><em>Cet \u00e9v\u00e9nement est rendu possible gr\u00e2ce \u00e0 diff\u00e9rents fonds provenant de l&rsquo;UQAC, du C\u00e9gep de Jonqui\u00e8re et du Centre intersectoriel en sant\u00e9 durable.\u00a0<\/em><\/p>\n","protected":false},"excerpt":{"rendered":"<p>Vivre, grandir et se construire en contexte num\u00e9rique Jeudi 26 mars 2026 Auditorium de l&rsquo;UQAC (P0-5000) Organis\u00e9 par la Chaire de recherche VISAJ, ce rassemblement scientifique vise \u00e0 favoriser les \u00e9changes, le r\u00e9seautage ainsi que la valorisation de la recherche centr\u00e9e sur la jeunesse, tout en mettant de l\u2019avant les travaux de recherche des personnes &hellip; <a href=\"https:\/\/colloques.uqac.ca\/visaj\/\" class=\"more-link\">Continuer la lecture de <span class=\"screen-reader-text\">Colloque VISAJ<\/span>  <span class=\"meta-nav\">&rarr;<\/span><\/a><\/p>\n","protected":false},"author":5,"featured_media":98,"parent":0,"menu_order":0,"comment_status":"closed","ping_status":"closed","template":"","meta":{"footnotes":""},"_links":{"self":[{"href":"https:\/\/colloques.uqac.ca\/visaj\/wp-json\/wp\/v2\/pages\/7"}],"collection":[{"href":"https:\/\/colloques.uqac.ca\/visaj\/wp-json\/wp\/v2\/pages"}],"about":[{"href":"https:\/\/colloques.uqac.ca\/visaj\/wp-json\/wp\/v2\/types\/page"}],"author":[{"embeddable":true,"href":"https:\/\/colloques.uqac.ca\/visaj\/wp-json\/wp\/v2\/users\/5"}],"replies":[{"embeddable":true,"href":"https:\/\/colloques.uqac.ca\/visaj\/wp-json\/wp\/v2\/comments?post=7"}],"version-history":[{"count":32,"href":"https:\/\/colloques.uqac.ca\/visaj\/wp-json\/wp\/v2\/pages\/7\/revisions"}],"predecessor-version":[{"id":253,"href":"https:\/\/colloques.uqac.ca\/visaj\/wp-json\/wp\/v2\/pages\/7\/revisions\/253"}],"wp:featuredmedia":[{"embeddable":true,"href":"https:\/\/colloques.uqac.ca\/visaj\/wp-json\/wp\/v2\/media\/98"}],"wp:attachment":[{"href":"https:\/\/colloques.uqac.ca\/visaj\/wp-json\/wp\/v2\/media?parent=7"}],"curies":[{"name":"wp","href":"https:\/\/api.w.org\/{rel}","templated":true}]}}