{"id":17,"date":"2013-09-10T18:44:47","date_gmt":"2013-09-10T18:44:47","guid":{"rendered":"http:\/\/colloques.uqac.ca\/modelecolloque\/?page_id=17"},"modified":"2025-11-25T14:44:14","modified_gmt":"2025-11-25T19:44:14","slug":"inscription","status":"publish","type":"page","link":"https:\/\/colloques.uqac.ca\/visaj\/inscription\/","title":{"rendered":"Inscription"},"content":{"rendered":"<div class=\"frm_forms  with_frm_style frm_style_formidable-style\" id=\"frm_form_7_container\" >\n<form enctype=\"multipart\/form-data\" method=\"post\" class=\"frm-show-form  frm_pro_form \" id=\"form_inscription22\" >\n<div class=\"frm_form_fields \">\n<fieldset>\n<legend class=\"frm_screen_reader\">Inscription 26 mars 2026<\/legend>\r\n\r\n<div class=\"frm_fields_container\">\n<input type=\"hidden\" name=\"frm_action\" value=\"create\" \/>\n<input type=\"hidden\" name=\"form_id\" value=\"7\" \/>\n<input type=\"hidden\" name=\"frm_hide_fields_7\" id=\"frm_hide_fields_7\" value=\"\" \/>\n<input type=\"hidden\" name=\"form_key\" value=\"inscription22\" \/>\n<input type=\"hidden\" name=\"item_meta[0]\" value=\"\" \/>\n<input type=\"hidden\" id=\"frm_submit_entry_7\" name=\"frm_submit_entry_7\" value=\"88d47287ac\" \/><input type=\"hidden\" name=\"_wp_http_referer\" value=\"\/visaj\/wp-json\/wp\/v2\/pages\/17\" \/><div id=\"frm_field_105_container\" class=\"frm_form_field form-field  frm_required_field frm_top_container frm_half\">\r\n    <label for=\"field_ak2dq3\" id=\"field_ak2dq3_label\" class=\"frm_primary_label\">Pr\u00e9nom\r\n        <span class=\"frm_required\">*<\/span>\r\n    <\/label>\r\n    <input  type=\"text\" id=\"field_ak2dq3\" name=\"item_meta[105]\" value=\"\"  data-reqmsg=\"Pr\u00e9nom cannot be blank.\" aria-required=\"true\" data-invmsg=\"Text is invalid\" aria-invalid=\"false\"   \/>\r\n    \r\n    \r\n<\/div>\n<div id=\"frm_field_106_container\" class=\"frm_form_field form-field  frm_required_field frm_top_container frm_half\">\r\n    <label for=\"field_7rqwu3\" id=\"field_7rqwu3_label\" class=\"frm_primary_label\">Nom\r\n        <span class=\"frm_required\">*<\/span>\r\n    <\/label>\r\n    <input  type=\"text\" id=\"field_7rqwu3\" name=\"item_meta[106]\" value=\"\"  data-reqmsg=\"Nom cannot be blank.\" aria-required=\"true\" data-invmsg=\"Text is invalid\" aria-invalid=\"false\"   \/>\r\n    \r\n    \r\n<\/div>\n<div id=\"frm_field_107_container\" class=\"frm_form_field form-field  frm_required_field frm_top_container\">\r\n    <label for=\"field_ec0q73\" id=\"field_ec0q73_label\" class=\"frm_primary_label\">Courriel\r\n        <span class=\"frm_required\">*<\/span>\r\n    <\/label>\r\n    <input type=\"email\" id=\"field_ec0q73\" name=\"item_meta[107]\" value=\"\"  data-reqmsg=\"Courriel cannot be blank.\" aria-required=\"true\" data-invmsg=\"Email is invalid\" aria-invalid=\"false\"  \/>\r\n    \r\n    \r\n<\/div>\n<div id=\"frm_field_108_container\" class=\"frm_form_field form-field  frm_top_container\">\r\n    <label for=\"field_706vc3\" id=\"field_706vc3_label\" class=\"frm_primary_label\">\u00c9tablissement ou organisme d'appartenance\r\n        <span class=\"frm_required\"><\/span>\r\n    <\/label>\r\n    <input  type=\"text\" id=\"field_706vc3\" name=\"item_meta[108]\" value=\"\"  data-invmsg=\"Text is invalid\" aria-invalid=\"false\"   \/>\r\n    \r\n    \r\n<\/div>\n<div id=\"frm_field_109_container\" class=\"frm_form_field form-field  frm_top_container frm_other_container\">\r\n    <label for=\"field_crv783\" id=\"field_crv783_label\" class=\"frm_primary_label\">Statut\r\n        <span class=\"frm_required\"><\/span>\r\n    <\/label>\r\n    \t\t<select name=\"item_meta[109][]\" id=\"field_crv783\"  multiple=\"multiple\"  data-invmsg=\"Statut est non valide\" aria-invalid=\"false\"  >\n\t\t<option  value=\"Chercheur(-se)\">Chercheur(-se)<\/option><option  value=\"\u00c9tudiant(e)\">\u00c9tudiant(e)<\/option><option  value=\"Professeur(e)\">Professeur(e)<\/option><option  value=\"Intervenant(e)\">Intervenant(e)<\/option><option  value=\"Professionnel(le)\">Professionnel(le)<\/option><option  value=\"Autre\" class=\"frm_other_trigger\">Autre<\/option>\t<\/select>\n\t<label for=\"field_crv783-otext\" class=\"frm_screen_reader frm_hidden\">Statut<\/label><input type=\"text\" id=\"field_crv783-otext\" class=\"frm_other_input frm_pos_none frm_other_full\"  name=\"item_meta[other][109][other_5]\" value=\"\" \/>\r\n    \r\n    \r\n<\/div>\n<div id=\"frm_field_110_container\" class=\"frm_form_field form-field  frm_required_field frm_top_container vertical_radio\">\r\n    <div id=\"field_hnv7j3_label\" class=\"frm_primary_label\">\u00c0 quel moment serez-vous pr\u00e9sent(e) lors de cette journ\u00e9e? \r\n        <span class=\"frm_required\">*<\/span>\r\n    <\/div>\r\n    <div class=\"frm_opt_container\" role=\"radiogroup\" aria-required=\"true\">\t\t<div class=\"frm_radio\" id=\"frm_radio_110-0\">\t\t\t<label  for=\"field_hnv7j3-0\">\n\t\t\t\t\t<input type=\"radio\" name=\"item_meta[110]\" id=\"field_hnv7j3-0\" value=\"Toute la journ\u00e9e (8h30 \u00e0 16h30)\"\n\t\t   data-reqmsg=\"\u00c0 quel moment serez-vous pr\u00e9sent(e) lors de cette journ\u00e9e?  cannot be blank.\" data-invmsg=\"\u00c0 quel moment serez-vous pr\u00e9sent(e) lors de cette journ\u00e9e?  est non valide\" aria-invalid=\"false\"  \/> Toute la journ\u00e9e (8h30 \u00e0 16h30)<\/label><\/div>\n\t\t<div class=\"frm_radio\" id=\"frm_radio_110-1\">\t\t\t<label  for=\"field_hnv7j3-1\">\n\t\t\t\t\t<input type=\"radio\" name=\"item_meta[110]\" id=\"field_hnv7j3-1\" value=\"Seulement en avant-midi (8h30 \u00e0 12h)\"\n\t\t   data-reqmsg=\"\u00c0 quel moment serez-vous pr\u00e9sent(e) lors de cette journ\u00e9e?  cannot be blank.\" data-invmsg=\"\u00c0 quel moment serez-vous pr\u00e9sent(e) lors de cette journ\u00e9e?  est non valide\" aria-invalid=\"false\"  \/> Seulement en avant-midi (8h30 \u00e0 12h)<\/label><\/div>\n\t\t<div class=\"frm_radio\" id=\"frm_radio_110-2\">\t\t\t<label  for=\"field_hnv7j3-2\">\n\t\t\t\t\t<input type=\"radio\" name=\"item_meta[110]\" id=\"field_hnv7j3-2\" value=\"Seulement en apr\u00e8s-midi (13h \u00e0 16h30)\"\n\t\t   data-reqmsg=\"\u00c0 quel moment serez-vous pr\u00e9sent(e) lors de cette journ\u00e9e?  cannot be blank.\" data-invmsg=\"\u00c0 quel moment serez-vous pr\u00e9sent(e) lors de cette journ\u00e9e?  est non valide\" aria-invalid=\"false\"  \/> Seulement en apr\u00e8s-midi (13h \u00e0 16h30)<\/label><\/div>\n<\/div>\r\n    \r\n    \r\n<\/div>\n<div id=\"frm_field_111_container\" class=\"frm_form_field form-field  frm_top_container vertical_radio\">\r\n    <div id=\"field_k2ipu3_label\" class=\"frm_primary_label\">Serez-vous pr\u00e9sent(e) \u00e0 la s\u00e9ance d'affiches \u00e9tudiantes de 12h \u00e0 13h15?\r\n        <span class=\"frm_required\"><\/span>\r\n    <\/div>\r\n    <div class=\"frm_opt_container\" role=\"radiogroup\">\t\t<div class=\"frm_radio\" id=\"frm_radio_111-0\">\t\t\t<label  for=\"field_k2ipu3-0\">\n\t\t\t\t\t<input type=\"radio\" name=\"item_meta[111]\" id=\"field_k2ipu3-0\" value=\"Oui\"\n\t\t   data-invmsg=\"Serez-vous pr\u00e9sent(e) \u00e0 la s\u00e9ance d&#039;affiches \u00e9tudiantes de 12h \u00e0 13h15? est non valide\" aria-invalid=\"false\"  \/> Oui<\/label><\/div>\n\t\t<div class=\"frm_radio\" id=\"frm_radio_111-1\">\t\t\t<label  for=\"field_k2ipu3-1\">\n\t\t\t\t\t<input type=\"radio\" name=\"item_meta[111]\" id=\"field_k2ipu3-1\" value=\"Non\"\n\t\t   data-invmsg=\"Serez-vous pr\u00e9sent(e) \u00e0 la s\u00e9ance d&#039;affiches \u00e9tudiantes de 12h \u00e0 13h15? est non valide\" aria-invalid=\"false\"  \/> Non<\/label><\/div>\n<\/div>\r\n    \r\n    \r\n<\/div>\n<div id=\"frm_field_112_container\" class=\"frm_form_field form-field  frm_top_container vertical_radio\">\r\n    <div id=\"field_oah7d3_label\" class=\"frm_primary_label\">Serez-vous pr\u00e9sent(e) au cocktail \u00e0 partir de 16h30 au P0-7500?\r\n        <span class=\"frm_required\"><\/span>\r\n    <\/div>\r\n    <div class=\"frm_opt_container\" role=\"radiogroup\">\t\t<div class=\"frm_radio\" id=\"frm_radio_112-1\">\t\t\t<label  for=\"field_oah7d3-1\">\n\t\t\t\t\t<input type=\"radio\" name=\"item_meta[112]\" id=\"field_oah7d3-1\" value=\"Oui\"\n\t\t   data-invmsg=\"Serez-vous pr\u00e9sent(e) au cocktail \u00e0 partir de 16h30 au P0-7500? est non valide\" aria-invalid=\"false\"  \/> Oui<\/label><\/div>\n\t\t<div class=\"frm_radio\" id=\"frm_radio_112-0\">\t\t\t<label  for=\"field_oah7d3-0\">\n\t\t\t\t\t<input type=\"radio\" name=\"item_meta[112]\" id=\"field_oah7d3-0\" value=\"Non\"\n\t\t   data-invmsg=\"Serez-vous pr\u00e9sent(e) au cocktail \u00e0 partir de 16h30 au P0-7500? est non valide\" aria-invalid=\"false\"  \/> Non<\/label><\/div>\n<\/div>\r\n    \r\n    \r\n<\/div>\n<div id=\"frm_field_113_container\" class=\"frm_form_field form-field \">\r\n\t<div class=\"frm_submit\">\r\n\r\n<button class=\"frm_button_submit frm_final_submit\" type=\"submit\"  formnovalidate=\"formnovalidate\">Envoyer<\/button>\r\n\r\n<\/div>\r\n<\/div>\n\t<input type=\"hidden\" name=\"item_key\" value=\"\" \/>\n\t\t\t<div id=\"frm_field_116_container\">\n\t\t\t<label for=\"field_kylav\" >\n\t\t\t\tSi vous \u00eates un humain, ne remplissez pas ce champ.\t\t\t<\/label>\n\t\t\t<input  id=\"field_kylav\" type=\"text\" class=\"frm_form_field form-field frm_verify\" name=\"item_meta[116]\" value=\"\"  \/>\n\t\t<\/div>\n\t\t<input name=\"frm_state\" type=\"hidden\" value=\"fVdKcerz8QpIZ0sEkvt0dY4bpoERckCWEAHrQhMlmiOI4g06JIF1bqSPX3vAbYqh\" \/><\/div>\n<\/fieldset>\n<\/div>\n\n<\/form>\n<\/div>\n\n","protected":false},"excerpt":{"rendered":"","protected":false},"author":5,"featured_media":0,"parent":0,"menu_order":0,"comment_status":"closed","ping_status":"closed","template":"","meta":{"footnotes":""},"_links":{"self":[{"href":"https:\/\/colloques.uqac.ca\/visaj\/wp-json\/wp\/v2\/pages\/17"}],"collection":[{"href":"https:\/\/colloques.uqac.ca\/visaj\/wp-json\/wp\/v2\/pages"}],"about":[{"href":"https:\/\/colloques.uqac.ca\/visaj\/wp-json\/wp\/v2\/types\/page"}],"author":[{"embeddable":true,"href":"https:\/\/colloques.uqac.ca\/visaj\/wp-json\/wp\/v2\/users\/5"}],"replies":[{"embeddable":true,"href":"https:\/\/colloques.uqac.ca\/visaj\/wp-json\/wp\/v2\/comments?post=17"}],"version-history":[{"count":4,"href":"https:\/\/colloques.uqac.ca\/visaj\/wp-json\/wp\/v2\/pages\/17\/revisions"}],"predecessor-version":[{"id":228,"href":"https:\/\/colloques.uqac.ca\/visaj\/wp-json\/wp\/v2\/pages\/17\/revisions\/228"}],"wp:attachment":[{"href":"https:\/\/colloques.uqac.ca\/visaj\/wp-json\/wp\/v2\/media?parent=17"}],"curies":[{"name":"wp","href":"https:\/\/api.w.org\/{rel}","templated":true}]}}