{"id":13,"date":"2013-09-10T18:42:30","date_gmt":"2013-09-10T18:42:30","guid":{"rendered":"http:\/\/colloques.uqac.ca\/modelecolloque\/?page_id=13"},"modified":"2024-12-05T15:02:09","modified_gmt":"2024-12-05T20:02:09","slug":"comite","status":"publish","type":"page","link":"https:\/\/colloques.uqac.ca\/visaj\/comite\/","title":{"rendered":"Comit\u00e9 organisateur"},"content":{"rendered":"<ul>\n<li><strong>Marie-Eve Blackburn, Ph. D.<\/strong><strong><br \/>\n<\/strong>Cotitulaire, Chaire VISAJ<u><br \/>\n<\/u><a href=\"mailto:marie-eveblackburn@cegepjonquiere.ca\">marie-eveblackburn@cegepjonquiere.ca<\/a><\/li>\n<\/ul>\n<ul>\n<li><strong>Eve Pouliot, Ph.D., LL.B.<br \/>\n<\/strong>Cotitulaire, Chaire VISAJ<br \/>\n<a href=\"mailto:eve.pouliot@uqac.ca\">pouliot@uqac.ca<\/a><\/li>\n<\/ul>\n<ul>\n<li><strong>Jacinthe Dion, Ph. D.<\/strong><strong><br \/>\n<\/strong>Cotitulaire, Chaire VISAJ<br \/>\n<a href=\"mailto:jacinthe_dion@uqac.ca\">jacinthe_dion@uqac.ca<\/a><\/li>\n<\/ul>\n<ul>\n<li><strong>Cam\u00e9lia Dubois, M.Sc.<\/strong><strong><br \/>\n<\/strong>Coordonnatrice, Chaire VISAJ<br \/>\n<a href=\"mailto:cameliadubois@cegepjonquiere.ca\">cameliadubois@cegepjonquiere.ca<\/a><\/li>\n<li><strong>Florence Marcil<\/strong><br \/>\n\u00c9tudiante au baccalaur\u00e9at en sciences infirmi\u00e8res, UQAC<br \/>\nflorencemarcil@cegepjonquiere.ca<\/li>\n<\/ul>\n","protected":false},"excerpt":{"rendered":"<p>Marie-Eve Blackburn, Ph. D. Cotitulaire, Chaire VISAJ marie-eveblackburn@cegepjonquiere.ca Eve Pouliot, Ph.D., LL.B. Cotitulaire, Chaire VISAJ pouliot@uqac.ca Jacinthe Dion, Ph. D. Cotitulaire, Chaire VISAJ jacinthe_dion@uqac.ca Cam\u00e9lia Dubois, M.Sc. Coordonnatrice, Chaire VISAJ cameliadubois@cegepjonquiere.ca Florence Marcil \u00c9tudiante au baccalaur\u00e9at en sciences infirmi\u00e8res, UQAC florencemarcil@cegepjonquiere.ca<\/p>\n","protected":false},"author":5,"featured_media":0,"parent":0,"menu_order":0,"comment_status":"closed","ping_status":"closed","template":"","meta":{"footnotes":""},"_links":{"self":[{"href":"https:\/\/colloques.uqac.ca\/visaj\/wp-json\/wp\/v2\/pages\/13"}],"collection":[{"href":"https:\/\/colloques.uqac.ca\/visaj\/wp-json\/wp\/v2\/pages"}],"about":[{"href":"https:\/\/colloques.uqac.ca\/visaj\/wp-json\/wp\/v2\/types\/page"}],"author":[{"embeddable":true,"href":"https:\/\/colloques.uqac.ca\/visaj\/wp-json\/wp\/v2\/users\/5"}],"replies":[{"embeddable":true,"href":"https:\/\/colloques.uqac.ca\/visaj\/wp-json\/wp\/v2\/comments?post=13"}],"version-history":[{"count":10,"href":"https:\/\/colloques.uqac.ca\/visaj\/wp-json\/wp\/v2\/pages\/13\/revisions"}],"predecessor-version":[{"id":157,"href":"https:\/\/colloques.uqac.ca\/visaj\/wp-json\/wp\/v2\/pages\/13\/revisions\/157"}],"wp:attachment":[{"href":"https:\/\/colloques.uqac.ca\/visaj\/wp-json\/wp\/v2\/media?parent=13"}],"curies":[{"name":"wp","href":"https:\/\/api.w.org\/{rel}","templated":true}]}}