{"id":11,"date":"2013-09-10T18:42:10","date_gmt":"2013-09-10T18:42:10","guid":{"rendered":"http:\/\/colloques.uqac.ca\/modelecolloque\/?page_id=11"},"modified":"2026-02-20T14:19:39","modified_gmt":"2026-02-20T19:19:39","slug":"appelcommunications","status":"publish","type":"page","link":"https:\/\/colloques.uqac.ca\/visaj\/appelcommunications\/","title":{"rendered":"Appel \u00e0 communications par affiche"},"content":{"rendered":"<h4>L&rsquo;appel \u00e0 communications est termin\u00e9 pour cet ann\u00e9e!<\/h4>\n<h4 style=\"text-align: center\"><strong>Affiches \u00e9tudiantes<\/strong><\/h4>\n<p><strong>Types <\/strong><strong>de<\/strong><strong> communications affich\u00e9es attendues\u00a0: <\/strong><\/p>\n<p><u>Format de proposition attendu<\/u><\/p>\n<ul>\n<li>Titre de la communication affich\u00e9e d\u2019un maximum de 180 caract\u00e8res, espaces incluses;<\/li>\n<li>R\u00e9sum\u00e9 de la communication affich\u00e9e d\u2019un maximum de 1 500 caract\u00e8res, espaces incluses, qui pr\u00e9sente la probl\u00e9matique, la m\u00e9thodologie et les principaux r\u00e9sultats;<\/li>\n<li>Nom, pr\u00e9nom, fonction, affiliation et courrier \u00e9lectronique des personnes autrices.<\/li>\n<\/ul>\n<p><u>Format de communication affich\u00e9e attendu<\/u><\/p>\n<ul>\n<li>Dimensions\u00a0: 36 X 48;<\/li>\n<li>Format vertical ou horizontal;<\/li>\n<li>L\u2019affiche peut \u00eatre pr\u00e9sent\u00e9e en fran\u00e7ais ou en anglais.<\/li>\n<\/ul>\n<p><u>Crit\u00e8res \u00e0 respecter <\/u><\/p>\n<p>La proposition de communication affich\u00e9e soumise par les personnes \u00e9tudiantes doit\u00a0:<\/p>\n<ul>\n<li>\u00catre en lien avec les th\u00e8mes de recherche de la <a href=\"https:\/\/www.visaj.ca\/1184-2\/\">Chaire VISAJ<\/a>;<\/li>\n<li>Respecter le format de proposition attendu;<\/li>\n<li>\u00catre r\u00e9dig\u00e9e en fran\u00e7ais;<\/li>\n<li>\u00catre soumise <strong>avant le 11 f\u00e9vrier 2026<\/strong>.<\/li>\n<\/ul>\n<p><strong>Comit\u00e9<\/strong><strong> de s\u00e9lection : <\/strong><\/p>\n<p>Toutes les propositions seront \u00e9valu\u00e9es, mais le comit\u00e9 de s\u00e9lection form\u00e9 des membres responsables du colloque privil\u00e9giera les propositions en lien avec les th\u00e8mes de recherche de la Chaire VISAJ : <a href=\"https:\/\/www.visaj.ca\/1184-2\/\">https:\/\/www.visaj.ca\/1184-2\/<\/a><\/p>\n<p><strong>Informations<\/strong><strong> importantes \u00e0 retenir\u00a0: <\/strong><\/p>\n<ul>\n<li>Date et horaire de la s\u00e9ance d\u2019affiche : 26 mars 2026 \u2013 11h45 \u00e0 13h15<\/li>\n<li>Lieu : Universit\u00e9 du Qu\u00e9bec \u00e0 Chicoutimi<\/li>\n<li>Date limite de soumission des propositions : 5 f\u00e9vrier 2026<\/li>\n<li>Date d\u2019envoi des acceptations : 18 f\u00e9vrier 2026<\/li>\n<li>Si vous avez des questions au sujet de l&rsquo;appel \u00e0 communications : <a href=\"mailto:cameliadubois@cegepjonquiere.ca\" target=\"_blank\" rel=\"noopener\">cameliadubois@cegepjonquiere.ca<\/a> ou 418 547-2191 poste 6177<\/li>\n<\/ul>\n<div class=\"frm_forms  with_frm_style frm_style_formidable-style\" id=\"frm_form_6_container\" >\n<form enctype=\"multipart\/form-data\" method=\"post\" class=\"frm-show-form  frm_pro_form \" id=\"form_appelcommunications22\" >\n<div class=\"frm_form_fields \">\n<fieldset>\n<legend class=\"frm_screen_reader\">Appel \u00e0 communications 26 mars 2026<\/legend>\r\n\r\n<div class=\"frm_fields_container\">\n<input type=\"hidden\" name=\"frm_action\" value=\"create\" \/>\n<input type=\"hidden\" name=\"form_id\" value=\"6\" \/>\n<input type=\"hidden\" name=\"frm_hide_fields_6\" id=\"frm_hide_fields_6\" value=\"\" \/>\n<input type=\"hidden\" name=\"form_key\" value=\"appelcommunications22\" \/>\n<input type=\"hidden\" name=\"item_meta[0]\" value=\"\" \/>\n<input type=\"hidden\" id=\"frm_submit_entry_6\" name=\"frm_submit_entry_6\" value=\"41535fe945\" \/><input type=\"hidden\" name=\"_wp_http_referer\" value=\"\/visaj\/wp-json\/wp\/v2\/pages\/11\" \/><div id=\"frm_field_83_container\" class=\"frm_form_field form-field  frm_top_container\">\r\n    <label for=\"field_dskgn3\" id=\"field_dskgn3_label\" class=\"frm_primary_label\">Titre de la communication (maximum 180 caract\u00e8res, espaces incluses)\r\n        <span class=\"frm_required\"><\/span>\r\n    <\/label>\r\n    <input  type=\"text\" id=\"field_dskgn3\" name=\"item_meta[83]\" value=\"\"  data-invmsg=\"Text is invalid\" aria-invalid=\"false\"   \/>\r\n    \r\n    \r\n<\/div>\n<div id=\"frm_field_84_container\" class=\"frm_form_field form-field  frm_top_container\">\r\n    <label for=\"field_9y87w3\" id=\"field_9y87w3_label\" class=\"frm_primary_label\">R\u00e9sum\u00e9 de la communication (maximum 1 500 caract\u00e8res, espaces incluses)\r\n        <span class=\"frm_required\"><\/span>\r\n    <\/label>\r\n    <textarea name=\"item_meta[84]\" id=\"field_9y87w3\" rows=\"15\"  data-invmsg=\"R\u00e9sum\u00e9 de la communication (maximum 1 500 caract\u00e8res, espaces incluses) est non valide\" aria-invalid=\"false\"  ><\/textarea>\r\n    \r\n    \r\n<\/div>\n<div id=\"frm_field_85_container\" class=\"frm_form_field  frm_html_container form-field\">\n<h4>\u00c9tudiant(e) premier(i\u00e8re) auteur(trice)<\/h4>\n<\/div>\n<div id=\"frm_field_86_container\" class=\"frm_form_field form-field  frm_top_container frm_first_half\">\r\n    <label for=\"field_qzk7h3\" id=\"field_qzk7h3_label\" class=\"frm_primary_label\">Nom (\u00e9tudiant(e))\r\n        <span class=\"frm_required\"><\/span>\r\n    <\/label>\r\n    <input  type=\"text\" id=\"field_qzk7h3\" name=\"item_meta[86]\" value=\"\"  data-invmsg=\"Text is invalid\" aria-invalid=\"false\"   \/>\r\n    \r\n    \r\n<\/div>\n<div id=\"frm_field_87_container\" class=\"frm_form_field form-field  frm_top_container frm_last_half\">\r\n    <label for=\"field_w0c8t3\" id=\"field_w0c8t3_label\" class=\"frm_primary_label\">Pr\u00e9nom (\u00e9tudiant(e))\r\n        <span class=\"frm_required\"><\/span>\r\n    <\/label>\r\n    <input  type=\"text\" id=\"field_w0c8t3\" name=\"item_meta[87]\" value=\"\"  data-invmsg=\"Text is invalid\" aria-invalid=\"false\"   \/>\r\n    \r\n    \r\n<\/div>\n<div id=\"frm_field_88_container\" class=\"frm_form_field form-field  frm_top_container frm_first_half\">\r\n    <label for=\"field_w5lc3\" id=\"field_w5lc3_label\" class=\"frm_primary_label\">Programme d'\u00e9tudes\r\n        <span class=\"frm_required\"><\/span>\r\n    <\/label>\r\n    <input  type=\"text\" id=\"field_w5lc3\" name=\"item_meta[88]\" value=\"\"  data-invmsg=\"Text is invalid\" aria-invalid=\"false\"   \/>\r\n    \r\n    \r\n<\/div>\n<div id=\"frm_field_89_container\" class=\"frm_form_field form-field  frm_top_container frm_last_half\">\r\n    <label for=\"field_gwggh3\" id=\"field_gwggh3_label\" class=\"frm_primary_label\">\u00c9tablissement (\u00e9tudiant(e))\r\n        <span class=\"frm_required\"><\/span>\r\n    <\/label>\r\n    <input  type=\"text\" id=\"field_gwggh3\" name=\"item_meta[89]\" value=\"\"  data-invmsg=\"Text is invalid\" aria-invalid=\"false\"   \/>\r\n    \r\n    \r\n<\/div>\n<div id=\"frm_field_90_container\" class=\"frm_form_field form-field  frm_top_container frm_full\">\r\n    <label for=\"field_wevki3\" id=\"field_wevki3_label\" class=\"frm_primary_label\">Courriel (\u00e9tudiant(e))\r\n        <span class=\"frm_required\"><\/span>\r\n    <\/label>\r\n    <input type=\"email\" id=\"field_wevki3\" name=\"item_meta[90]\" value=\"\"  data-invmsg=\"Email is invalid\" aria-invalid=\"false\"  \/>\r\n    \r\n    \r\n<\/div>\n<div id=\"frm_field_91_container\" class=\"frm_form_field  frm_html_container form-field\">\n<h4>Directeur(trice) de recherche<\/h4>\n<\/div>\n<div id=\"frm_field_92_container\" class=\"frm_form_field form-field  frm_top_container frm_first_half\">\r\n    <label for=\"field_uf3br3\" id=\"field_uf3br3_label\" class=\"frm_primary_label\">Nom (directeur(trice))\r\n        <span class=\"frm_required\"><\/span>\r\n    <\/label>\r\n    <input  type=\"text\" id=\"field_uf3br3\" name=\"item_meta[92]\" value=\"\"  data-invmsg=\"Text is invalid\" aria-invalid=\"false\"   \/>\r\n    \r\n    \r\n<\/div>\n<div id=\"frm_field_93_container\" class=\"frm_form_field form-field  frm_top_container frm_last_half\">\r\n    <label for=\"field_4rhvj3\" id=\"field_4rhvj3_label\" class=\"frm_primary_label\">Pr\u00e9nom (directeur(trice))\r\n        <span class=\"frm_required\"><\/span>\r\n    <\/label>\r\n    <input  type=\"text\" id=\"field_4rhvj3\" name=\"item_meta[93]\" value=\"\"  data-invmsg=\"Text is invalid\" aria-invalid=\"false\"   \/>\r\n    \r\n    \r\n<\/div>\n<div id=\"frm_field_94_container\" class=\"frm_form_field form-field  frm_top_container frm_first_half\">\r\n    <label for=\"field_o2i2z3\" id=\"field_o2i2z3_label\" class=\"frm_primary_label\">Fonction (directeur(trice))\r\n        <span class=\"frm_required\"><\/span>\r\n    <\/label>\r\n    <input  type=\"text\" id=\"field_o2i2z3\" name=\"item_meta[94]\" value=\"\"  data-invmsg=\"Text is invalid\" aria-invalid=\"false\"   \/>\r\n    \r\n    \r\n<\/div>\n<div id=\"frm_field_95_container\" class=\"frm_form_field form-field  frm_top_container frm_last_half\">\r\n    <label for=\"field_aeqkt3\" id=\"field_aeqkt3_label\" class=\"frm_primary_label\">Affiliation (directeur(trice))\r\n        <span class=\"frm_required\"><\/span>\r\n    <\/label>\r\n    <input  type=\"text\" id=\"field_aeqkt3\" name=\"item_meta[95]\" value=\"\"  data-invmsg=\"Text is invalid\" aria-invalid=\"false\"   \/>\r\n    \r\n    \r\n<\/div>\n<div id=\"frm_field_96_container\" class=\"frm_form_field form-field  frm_top_container frm_full\">\r\n    <label for=\"field_8z1g73\" id=\"field_8z1g73_label\" class=\"frm_primary_label\">Courriel (directeur(trice))\r\n        <span class=\"frm_required\"><\/span>\r\n    <\/label>\r\n    <input type=\"email\" id=\"field_8z1g73\" name=\"item_meta[96]\" value=\"\"  data-invmsg=\"Email is invalid\" aria-invalid=\"false\"  \/>\r\n    \r\n    \r\n<\/div>\n<div id=\"frm_field_97_container\" class=\"frm_form_field  frm_html_container form-field\">\n<h4>Co-directeur(trice) de recherche (s\u2019il y a lieu)<\/h4>\n<\/div>\n<div id=\"frm_field_98_container\" class=\"frm_form_field form-field  frm_top_container frm_first_half\">\r\n    <label for=\"field_rahw3\" id=\"field_rahw3_label\" class=\"frm_primary_label\">Nom (co-directeur(trice))\r\n        <span class=\"frm_required\"><\/span>\r\n    <\/label>\r\n    <input  type=\"text\" id=\"field_rahw3\" name=\"item_meta[98]\" value=\"\"  data-invmsg=\"Text is invalid\" aria-invalid=\"false\"   \/>\r\n    \r\n    \r\n<\/div>\n<div id=\"frm_field_99_container\" class=\"frm_form_field form-field  frm_top_container frm_last_half\">\r\n    <label for=\"field_vi9d73\" id=\"field_vi9d73_label\" class=\"frm_primary_label\">Pr\u00e9nom (co-directeur(trice))\r\n        <span class=\"frm_required\"><\/span>\r\n    <\/label>\r\n    <input  type=\"text\" id=\"field_vi9d73\" name=\"item_meta[99]\" value=\"\"  data-invmsg=\"Text is invalid\" aria-invalid=\"false\"   \/>\r\n    \r\n    \r\n<\/div>\n<div id=\"frm_field_100_container\" class=\"frm_form_field form-field  frm_top_container frm_first_half\">\r\n    <label for=\"field_87mrf3\" id=\"field_87mrf3_label\" class=\"frm_primary_label\">Fonction (co-directeur(trice))\r\n        <span class=\"frm_required\"><\/span>\r\n    <\/label>\r\n    <input  type=\"text\" id=\"field_87mrf3\" name=\"item_meta[100]\" value=\"\"  data-invmsg=\"Text is invalid\" aria-invalid=\"false\"   \/>\r\n    \r\n    \r\n<\/div>\n<div id=\"frm_field_101_container\" class=\"frm_form_field form-field  frm_top_container frm_last_half\">\r\n    <label for=\"field_uukn33\" id=\"field_uukn33_label\" class=\"frm_primary_label\">Affiliation (co-directeur(trice))\r\n        <span class=\"frm_required\"><\/span>\r\n    <\/label>\r\n    <input  type=\"text\" id=\"field_uukn33\" name=\"item_meta[101]\" value=\"\"  data-invmsg=\"Text is invalid\" aria-invalid=\"false\"   \/>\r\n    \r\n    \r\n<\/div>\n<div id=\"frm_field_102_container\" class=\"frm_form_field form-field  frm_top_container frm_full\">\r\n    <label for=\"field_98rml3\" id=\"field_98rml3_label\" class=\"frm_primary_label\">Courriel (co-directeur(trice))\r\n        <span class=\"frm_required\"><\/span>\r\n    <\/label>\r\n    <input type=\"email\" id=\"field_98rml3\" name=\"item_meta[102]\" value=\"\"  data-invmsg=\"Email is invalid\" aria-invalid=\"false\"  \/>\r\n    \r\n    \r\n<\/div>\n<div id=\"frm_field_103_container\" class=\"frm_form_field form-field  frm_top_container\">\r\n    <label for=\"field_75z83\" id=\"field_75z83_label\" class=\"frm_primary_label\">Autres auteur(trice)s\r\n        <span class=\"frm_required\"><\/span>\r\n    <\/label>\r\n    <textarea name=\"item_meta[103]\" id=\"field_75z83\" rows=\"5\"  data-invmsg=\"Autres auteur(trice)s est non valide\" aria-invalid=\"false\"  ><\/textarea>\r\n    \r\n    \r\n<\/div>\n<div id=\"frm_field_104_container\" class=\"frm_form_field form-field \">\r\n\t<div class=\"frm_submit\">\r\n\r\n<button class=\"frm_button_submit frm_final_submit\" type=\"submit\"  formnovalidate=\"formnovalidate\">Envoyer<\/button>\r\n\r\n<\/div>\r\n<\/div>\n<div id=\"frm_field_115_container\" class=\"frm_form_field form-field  frm_top_container vertical_radio\">\n\t<div id=\"field_nqske_label\" class=\"frm_primary_label\">Souhaitez-vous participer \u00e0 un atelier sur la r\u00e9alisation d'affiches scientifiques par le Laboratoire d'innovation en communication scientifique (LICS) du C\u00e9gep de Jonqui\u00e8re? \n\t\t<span class=\"frm_required\" aria-hidden=\"true\"><\/span>\n\t<\/div>\n\t<div class=\"frm_opt_container\" role=\"group\">\t\t<div class=\"frm_checkbox\" id=\"frm_checkbox_115-0\">\t\t\t<label  for=\"field_nqske-0\">\n\t\t\t<input type=\"checkbox\" name=\"item_meta[115][]\" id=\"field_nqske-0\" value=\"Oui\"  data-invmsg=\"Souhaitez-vous participer \u00e0 un atelier sur la r\u00e9alisation d&#039;affiches scientifiques par le Laboratoire d&#039;innovation en communication scientifique (LICS) du C\u00e9gep de Jonqui\u00e8re?  est non valide\" aria-invalid=\"false\"   \/> Oui<\/label><\/div>\n\t\t<div class=\"frm_checkbox\" id=\"frm_checkbox_115-1\">\t\t\t<label  for=\"field_nqske-1\">\n\t\t\t<input type=\"checkbox\" name=\"item_meta[115][]\" id=\"field_nqske-1\" value=\"Non\"  data-invmsg=\"Souhaitez-vous participer \u00e0 un atelier sur la r\u00e9alisation d&#039;affiches scientifiques par le Laboratoire d&#039;innovation en communication scientifique (LICS) du C\u00e9gep de Jonqui\u00e8re?  est non valide\" aria-invalid=\"false\"   \/> Non<\/label><\/div>\n<\/div>\n\t\n\t\n<\/div>\n\t<input type=\"hidden\" name=\"item_key\" value=\"\" \/>\n\t\t\t<div id=\"frm_field_116_container\">\n\t\t\t<label for=\"field_8nty\" >\n\t\t\t\tSi vous \u00eates un humain, ne remplissez pas ce champ.\t\t\t<\/label>\n\t\t\t<input  id=\"field_8nty\" type=\"text\" class=\"frm_form_field form-field frm_verify\" name=\"item_meta[116]\" value=\"\"  \/>\n\t\t<\/div>\n\t\t<input name=\"frm_state\" type=\"hidden\" value=\"fVdKcerz8QpIZ0sEkvt0dU9Wxh6HJpXOBYF+cyRWPsyI4g06JIF1bqSPX3vAbYqh\" \/><\/div>\n<\/fieldset>\n<\/div>\n\n<\/form>\n<\/div>\n\n","protected":false},"excerpt":{"rendered":"<p>L&rsquo;appel \u00e0 communications est termin\u00e9 pour cet ann\u00e9e! Affiches \u00e9tudiantes Types de communications affich\u00e9es attendues\u00a0: Format de proposition attendu Titre de la communication affich\u00e9e d\u2019un maximum de 180 caract\u00e8res, espaces incluses; R\u00e9sum\u00e9 de la communication affich\u00e9e d\u2019un maximum de 1 500 caract\u00e8res, espaces incluses, qui pr\u00e9sente la probl\u00e9matique, la m\u00e9thodologie et les principaux r\u00e9sultats; Nom, &hellip; <a href=\"https:\/\/colloques.uqac.ca\/visaj\/appelcommunications\/\" class=\"more-link\">Continuer la lecture de <span class=\"screen-reader-text\">Appel \u00e0 communications par affiche<\/span>  <span class=\"meta-nav\">&rarr;<\/span><\/a><\/p>\n","protected":false},"author":5,"featured_media":0,"parent":0,"menu_order":0,"comment_status":"closed","ping_status":"closed","template":"","meta":{"footnotes":""},"_links":{"self":[{"href":"https:\/\/colloques.uqac.ca\/visaj\/wp-json\/wp\/v2\/pages\/11"}],"collection":[{"href":"https:\/\/colloques.uqac.ca\/visaj\/wp-json\/wp\/v2\/pages"}],"about":[{"href":"https:\/\/colloques.uqac.ca\/visaj\/wp-json\/wp\/v2\/types\/page"}],"author":[{"embeddable":true,"href":"https:\/\/colloques.uqac.ca\/visaj\/wp-json\/wp\/v2\/users\/5"}],"replies":[{"embeddable":true,"href":"https:\/\/colloques.uqac.ca\/visaj\/wp-json\/wp\/v2\/comments?post=11"}],"version-history":[{"count":33,"href":"https:\/\/colloques.uqac.ca\/visaj\/wp-json\/wp\/v2\/pages\/11\/revisions"}],"predecessor-version":[{"id":252,"href":"https:\/\/colloques.uqac.ca\/visaj\/wp-json\/wp\/v2\/pages\/11\/revisions\/252"}],"wp:attachment":[{"href":"https:\/\/colloques.uqac.ca\/visaj\/wp-json\/wp\/v2\/media?parent=11"}],"curies":[{"name":"wp","href":"https:\/\/api.w.org\/{rel}","templated":true}]}}