{"id":7,"date":"2013-09-10T18:41:15","date_gmt":"2013-09-10T18:41:15","guid":{"rendered":"http:\/\/colloques.uqac.ca\/scinf\/?page_id=7"},"modified":"2026-03-17T08:32:22","modified_gmt":"2026-03-17T13:32:22","slug":"accueil","status":"publish","type":"page","link":"https:\/\/colloques.uqac.ca\/scinf\/","title":{"rendered":"Colloque en Sciences Infirmi\u00e8res"},"content":{"rendered":"<h1>Pr\u00e9sentation<\/h1>\n<p>Apr\u00e8s une pause de six ans, le Colloque en sciences infirmi\u00e8res est de retour pour sa 14\u1d49 \u00e9dition, qui se tiendra en pr\u00e9sentiel le vendredi 6 novembre 2026 \u00e0 l\u2019Universit\u00e9 du Qu\u00e9bec \u00e0 Chicoutimi (UQAC), en partenariat avec l\u2019Ordre r\u00e9gional de l\u2019OIIQ du Saguenay\u2013Lac-Saint-Jean et du Nord-du-Qu\u00e9bec.<\/p>\n<h1>Th\u00e8me du colloque<\/h1>\n<p>Sous le th\u00e8me \u00ab\u202fLe raisonnement et le jugement clinique infirmier \u00bb, ce colloque met l\u2019accent sur les comp\u00e9tences cl\u00e9s que l\u2019OIIQ cherche \u00e0 renforcer et clarifier, particuli\u00e8rement face aux d\u00e9fis actuels de la pratique. En r\u00e9unissant des coll\u00e8gues issus de la pratique clinique, de l\u2019enseignement, de la gestion, de la politique et de la recherche, il offre un moment unique pour partager des exp\u00e9riences concr\u00e8tes, ancr\u00e9es dans les r\u00e9alit\u00e9s actuelles des milieux de soins, et contribuer \u00e0 l\u2019\u00e9volution de la pratique infirmi\u00e8re.<\/p>\n<h1>Date<\/h1>\n<p><span class=\"TextRun SCXW172177826 BCX4\" lang=\"FR-CA\" xml:lang=\"FR-CA\" data-contrast=\"none\"><span class=\"NormalTextRun SCXW172177826 BCX4\">Vendredi le 6 novembre 2026<\/span><\/span><span class=\"EOP SCXW172177826 BCX4\" data-ccp-props=\"{&quot;335559685&quot;:1416}\">\u00a0<\/span><\/p>\n<h1>Lieu<\/h1>\n<p><span data-contrast=\"none\">Universit\u00e9 du Qu\u00e9bec \u00e0 Chicoutimi, <\/span><span data-contrast=\"none\">555 boulevard de l\u2019Universit\u00e9, Chicoutimi, Qu\u00e9bec, Canada, G7H 2B1.<\/span><\/p>\n","protected":false},"excerpt":{"rendered":"<p>Pr\u00e9sentation Apr\u00e8s une pause de six ans, le Colloque en sciences infirmi\u00e8res est de retour pour sa 14\u1d49 \u00e9dition, qui se tiendra en pr\u00e9sentiel le vendredi 6 novembre 2026 \u00e0 l\u2019Universit\u00e9 du Qu\u00e9bec \u00e0 Chicoutimi (UQAC), en partenariat avec l\u2019Ordre r\u00e9gional de l\u2019OIIQ du Saguenay\u2013Lac-Saint-Jean et du Nord-du-Qu\u00e9bec. Th\u00e8me du colloque Sous le th\u00e8me \u00ab\u202fLe &hellip; <a href=\"https:\/\/colloques.uqac.ca\/scinf\/\" class=\"more-link\">Continuer la lecture de <span class=\"screen-reader-text\">Colloque en Sciences Infirmi\u00e8res<\/span>  <span class=\"meta-nav\">&rarr;<\/span><\/a><\/p>\n","protected":false},"author":5,"featured_media":233,"parent":0,"menu_order":0,"comment_status":"closed","ping_status":"closed","template":"","meta":{"footnotes":""},"_links":{"self":[{"href":"https:\/\/colloques.uqac.ca\/scinf\/wp-json\/wp\/v2\/pages\/7"}],"collection":[{"href":"https:\/\/colloques.uqac.ca\/scinf\/wp-json\/wp\/v2\/pages"}],"about":[{"href":"https:\/\/colloques.uqac.ca\/scinf\/wp-json\/wp\/v2\/types\/page"}],"author":[{"embeddable":true,"href":"https:\/\/colloques.uqac.ca\/scinf\/wp-json\/wp\/v2\/users\/5"}],"replies":[{"embeddable":true,"href":"https:\/\/colloques.uqac.ca\/scinf\/wp-json\/wp\/v2\/comments?post=7"}],"version-history":[{"count":17,"href":"https:\/\/colloques.uqac.ca\/scinf\/wp-json\/wp\/v2\/pages\/7\/revisions"}],"predecessor-version":[{"id":250,"href":"https:\/\/colloques.uqac.ca\/scinf\/wp-json\/wp\/v2\/pages\/7\/revisions\/250"}],"wp:featuredmedia":[{"embeddable":true,"href":"https:\/\/colloques.uqac.ca\/scinf\/wp-json\/wp\/v2\/media\/233"}],"wp:attachment":[{"href":"https:\/\/colloques.uqac.ca\/scinf\/wp-json\/wp\/v2\/media?parent=7"}],"curies":[{"name":"wp","href":"https:\/\/api.w.org\/{rel}","templated":true}]}}