{"id":17,"date":"2013-09-10T18:44:47","date_gmt":"2013-09-10T18:44:47","guid":{"rendered":"http:\/\/colloques.uqac.ca\/scinf\/?page_id=17"},"modified":"2026-03-12T14:01:10","modified_gmt":"2026-03-12T19:01:10","slug":"inscription","status":"publish","type":"page","link":"https:\/\/colloques.uqac.ca\/scinf\/inscription\/","title":{"rendered":"Inscription"},"content":{"rendered":"<p>\u00c0 venir<\/p>\n<h1>Date limite<\/h1>\n<p>Vendredi le 23 Octobre 2026<\/p>\n<h2>L&rsquo;inscription comprend :<\/h2>\n<ul>\n<li data-leveltext=\"o\" data-font=\"Courier New\" data-listid=\"2\" data-list-defn-props=\"{&quot;335552541&quot;:1,&quot;335559685&quot;:1440,&quot;335559991&quot;:360,&quot;469769226&quot;:&quot;Courier New&quot;,&quot;469769242&quot;:[9675],&quot;469777803&quot;:&quot;left&quot;,&quot;469777804&quot;:&quot;o&quot;,&quot;469777815&quot;:&quot;hybridMultilevel&quot;}\" data-aria-posinset=\"3\" data-aria-level=\"2\"><b><span data-contrast=\"none\">Formation accr\u00e9dit\u00e9e<\/span><\/b><span data-contrast=\"none\">\u00a0pour un total de 7 h 15<\/span><span data-ccp-props=\"{&quot;134233117&quot;:false,&quot;134233118&quot;:false,&quot;335551550&quot;:0,&quot;335551620&quot;:0,&quot;335559738&quot;:0,&quot;335559739&quot;:0}\">\u00a0<\/span><\/li>\n<li><b><span data-contrast=\"none\">Acc\u00e8s \u00e0 plus de 10 s\u00e9ances<\/span><\/b><span data-contrast=\"none\">\u00a0scientifiques et professionnelles enrichissantes<\/span><span data-ccp-props=\"{&quot;134233117&quot;:false,&quot;134233118&quot;:false,&quot;335551550&quot;:0,&quot;335551620&quot;:0,&quot;335559738&quot;:240,&quot;335559739&quot;:240}\">\u00a0<\/span><\/li>\n<li><b><span data-contrast=\"none\">D\u00eener et collations<\/span><\/b><span data-contrast=\"none\">\u00a0pour vous soutenir tout au long de la journ\u00e9e<\/span><span data-ccp-props=\"{&quot;134233117&quot;:false,&quot;134233118&quot;:false,&quot;335551550&quot;:0,&quot;335551620&quot;:0,&quot;335559738&quot;:240,&quot;335559739&quot;:240}\">\u00a0<\/span><\/li>\n<li><b><span data-contrast=\"none\">Moments d\u2019\u00e9changes et de r\u00e9seautage <\/span><\/b><span data-ccp-props=\"{&quot;134233117&quot;:false,&quot;134233118&quot;:false,&quot;335551550&quot;:0,&quot;335551620&quot;:0,&quot;335559738&quot;:240,&quot;335559739&quot;:240}\">\u00a0<\/span><\/li>\n<li><b><span data-contrast=\"none\">Vignette de stationnement<\/span><\/b><span data-contrast=\"none\">\u00a0incluse pour la journ\u00e9e<\/span><span data-ccp-props=\"{&quot;134233117&quot;:false,&quot;134233118&quot;:false,&quot;335551550&quot;:0,&quot;335551620&quot;:0,&quot;335559738&quot;:240,&quot;335559739&quot;:240}\">\u00a0<\/span><\/li>\n<\/ul>\n<h3>Frais d&rsquo;inscription<\/h3>\n<p>\u00c0 venir<\/p>\n<h3>Politique d&rsquo;annulation et de substitutions<\/h3>\n<p data-start=\"149\" data-end=\"248\">Les remboursements sont effectu\u00e9s conform\u00e9ment \u00e0 la politique standard de la formation continue :<\/p>\n<ul data-start=\"250\" data-end=\"452\">\n<li data-start=\"250\" data-end=\"317\">\n<p data-start=\"252\" data-end=\"317\"><strong data-start=\"252\" data-end=\"290\">11 jours et plus avant l\u2019\u00e9v\u00e9nement<\/strong> : remboursement de 100 %<\/p>\n<\/li>\n<li data-start=\"318\" data-end=\"387\">\n<p data-start=\"320\" data-end=\"387\"><strong data-start=\"320\" data-end=\"361\">Entre 10 et 4 jours avant l\u2019\u00e9v\u00e9nement<\/strong> : remboursement de 50 %<\/p>\n<\/li>\n<li data-start=\"318\" data-end=\"387\">\n<p data-start=\"320\" data-end=\"387\"><strong data-start=\"390\" data-end=\"428\">3 jours et moins avant l\u2019\u00e9v\u00e9nement<\/strong> : aucun remboursement<\/p>\n<\/li>\n<\/ul>\n<h3>Formulaire d&rsquo;inscription<\/h3>\n<p data-start=\"320\" data-end=\"387\">\u00c0 venir<\/p>\n<h3><\/h3>\n<h3><\/h3>\n","protected":false},"excerpt":{"rendered":"<p>\u00c0 venir Date limite Vendredi le 23 Octobre 2026 L&rsquo;inscription comprend : Formation accr\u00e9dit\u00e9e\u00a0pour un total de 7 h 15\u00a0 Acc\u00e8s \u00e0 plus de 10 s\u00e9ances\u00a0scientifiques et professionnelles enrichissantes\u00a0 D\u00eener et collations\u00a0pour vous soutenir tout au long de la journ\u00e9e\u00a0 Moments d\u2019\u00e9changes et de r\u00e9seautage \u00a0 Vignette de stationnement\u00a0incluse pour la journ\u00e9e\u00a0 Frais d&rsquo;inscription \u00c0 &hellip; <a href=\"https:\/\/colloques.uqac.ca\/scinf\/inscription\/\" class=\"more-link\">Continuer la lecture de <span class=\"screen-reader-text\">Inscription<\/span>  <span class=\"meta-nav\">&rarr;<\/span><\/a><\/p>\n","protected":false},"author":5,"featured_media":0,"parent":0,"menu_order":0,"comment_status":"closed","ping_status":"closed","template":"","meta":{"footnotes":""},"_links":{"self":[{"href":"https:\/\/colloques.uqac.ca\/scinf\/wp-json\/wp\/v2\/pages\/17"}],"collection":[{"href":"https:\/\/colloques.uqac.ca\/scinf\/wp-json\/wp\/v2\/pages"}],"about":[{"href":"https:\/\/colloques.uqac.ca\/scinf\/wp-json\/wp\/v2\/types\/page"}],"author":[{"embeddable":true,"href":"https:\/\/colloques.uqac.ca\/scinf\/wp-json\/wp\/v2\/users\/5"}],"replies":[{"embeddable":true,"href":"https:\/\/colloques.uqac.ca\/scinf\/wp-json\/wp\/v2\/comments?post=17"}],"version-history":[{"count":7,"href":"https:\/\/colloques.uqac.ca\/scinf\/wp-json\/wp\/v2\/pages\/17\/revisions"}],"predecessor-version":[{"id":244,"href":"https:\/\/colloques.uqac.ca\/scinf\/wp-json\/wp\/v2\/pages\/17\/revisions\/244"}],"wp:attachment":[{"href":"https:\/\/colloques.uqac.ca\/scinf\/wp-json\/wp\/v2\/media?parent=17"}],"curies":[{"name":"wp","href":"https:\/\/api.w.org\/{rel}","templated":true}]}}