{"id":139,"date":"2025-12-15T16:11:13","date_gmt":"2025-12-15T21:11:13","guid":{"rendered":"https:\/\/colloques.uqac.ca\/scinf\/?page_id=139"},"modified":"2026-02-23T10:26:43","modified_gmt":"2026-02-23T15:26:43","slug":"uqac","status":"publish","type":"page","link":"https:\/\/colloques.uqac.ca\/scinf\/uqac\/","title":{"rendered":"UQAC"},"content":{"rendered":"<h1>Comit\u00e9 organisateur<\/h1>\n<h3>Pr\u00e9sidente du comit\u00e9<\/h3>\n<h4>\u00c9milie Hudon B. Sc. Kin. | Inf. Ph. D.<\/h4>\n<p style=\"padding-left: 40px\">Professeur, Module des sciences infirmi\u00e8res<\/p>\n<p style=\"padding-left: 40px\">Directrice de la clinique universitaire en sciences infirmi\u00e8res<\/p>\n<p style=\"padding-left: 40px\">D\u00e9partement des sciences de la sant\u00e9<br \/>\nUniversit\u00e9 du Qu\u00e9bec \u00e0 Chicoutimi<\/p>\n<p>&nbsp;<\/p>\n<p>&nbsp;<\/p>\n<h3>Membre du comit\u00e9<\/h3>\n<h4>Laurie Lapointe inf., B. Sc inf\u00a0| \u00c9tu. M. Sc. Inf.<\/h4>\n<p style=\"padding-left: 40px\">Infirmi\u00e8re clinicienne et \u00e9tudiante \u00e0 la ma\u00eetrise en sciences infirmi\u00e8res<\/p>\n<p style=\"padding-left: 40px\">Universit\u00e9 du Qu\u00e9bec \u00e0 Chicoutimi<br \/>\nCentre int\u00e9gr\u00e9 universitaire de sant\u00e9 et services sociaux du Saguenay\u2014Lac-Saint-Jean (CIUSSS)<\/p>\n<h4>Benjamin Simard Inf. Cil. |\u00c9tu. M. Sc. Inf.<\/h4>\n<p style=\"padding-left: 40px\">Infirmier clinicien et \u00e9tudiant \u00e0 la ma\u00eetrise en sciences infirmi\u00e8res<\/p>\n<p style=\"padding-left: 40px\">Universit\u00e9 du Qu\u00e9bec \u00e0 Chicoutimi<br \/>\nCentre int\u00e9gr\u00e9 universitaire de sant\u00e9 et services sociaux du Saguenay\u2014Lac-Saint-Jean (CIUSSS)<\/p>\n<h4>J\u00e9r\u00e9mie Beaudin Inf. Ph. D.<\/h4>\n<p style=\"padding-left: 40px\">Professeur, Module des sciences infirmi\u00e8res<\/p>\n<p style=\"padding-left: 40px\">D\u00e9partement des sciences de la sant\u00e9<br \/>\nUniversit\u00e9 du Qu\u00e9bec \u00e0 Chicoutimi<\/p>\n<h4>Mellissa Lavoie Inf. Ph. D.<\/h4>\n<p style=\"padding-left: 40px\">Directrice des programmes de deuxi\u00e8me cycle en sciences infirmi\u00e8res<\/p>\n<p style=\"padding-left: 40px\">Professeure, Module des sciences infirmi\u00e8res<\/p>\n<p style=\"padding-left: 40px\">D\u00e9partement des sciences de la sant\u00e9<br \/>\nUniversit\u00e9 du Qu\u00e9bec \u00e0 Chicoutimi<\/p>\n<h4><strong>Annie Tremblay<\/strong><\/h4>\n<h4>Cynthia Gravel B. Sc. Inf.<\/h4>\n<p style=\"text-align: left;padding-left: 40px\">Agente de stage<\/p>\n<p style=\"text-align: left;padding-left: 40px\">D\u00e9partement des sciences de la sant\u00e9<br \/>\nUniversit\u00e9 du Qu\u00e9bec \u00e0 Chicoutimi<\/p>\n<p>&nbsp;<\/p>\n","protected":false},"excerpt":{"rendered":"<p>Comit\u00e9 organisateur Pr\u00e9sidente du comit\u00e9 \u00c9milie Hudon B. Sc. Kin. | Inf. Ph. D. Professeur, Module des sciences infirmi\u00e8res Directrice de la clinique universitaire en sciences infirmi\u00e8res D\u00e9partement des sciences de la sant\u00e9 Universit\u00e9 du Qu\u00e9bec \u00e0 Chicoutimi &nbsp; &nbsp; Membre du comit\u00e9 Laurie Lapointe inf., B. Sc inf\u00a0| \u00c9tu. M. Sc. Inf. Infirmi\u00e8re clinicienne &hellip; <a href=\"https:\/\/colloques.uqac.ca\/scinf\/uqac\/\" class=\"more-link\">Continuer la lecture de <span class=\"screen-reader-text\">UQAC<\/span>  <span class=\"meta-nav\">&rarr;<\/span><\/a><\/p>\n","protected":false},"author":121,"featured_media":0,"parent":0,"menu_order":0,"comment_status":"closed","ping_status":"closed","template":"","meta":{"footnotes":""},"_links":{"self":[{"href":"https:\/\/colloques.uqac.ca\/scinf\/wp-json\/wp\/v2\/pages\/139"}],"collection":[{"href":"https:\/\/colloques.uqac.ca\/scinf\/wp-json\/wp\/v2\/pages"}],"about":[{"href":"https:\/\/colloques.uqac.ca\/scinf\/wp-json\/wp\/v2\/types\/page"}],"author":[{"embeddable":true,"href":"https:\/\/colloques.uqac.ca\/scinf\/wp-json\/wp\/v2\/users\/121"}],"replies":[{"embeddable":true,"href":"https:\/\/colloques.uqac.ca\/scinf\/wp-json\/wp\/v2\/comments?post=139"}],"version-history":[{"count":8,"href":"https:\/\/colloques.uqac.ca\/scinf\/wp-json\/wp\/v2\/pages\/139\/revisions"}],"predecessor-version":[{"id":226,"href":"https:\/\/colloques.uqac.ca\/scinf\/wp-json\/wp\/v2\/pages\/139\/revisions\/226"}],"wp:attachment":[{"href":"https:\/\/colloques.uqac.ca\/scinf\/wp-json\/wp\/v2\/media?parent=139"}],"curies":[{"name":"wp","href":"https:\/\/api.w.org\/{rel}","templated":true}]}}