{"id":108,"date":"2025-12-15T15:48:39","date_gmt":"2025-12-15T20:48:39","guid":{"rendered":"https:\/\/colloques.uqac.ca\/scinf\/?page_id=108"},"modified":"2026-04-03T09:22:12","modified_gmt":"2026-04-03T14:22:12","slug":"comite-organisateur","status":"publish","type":"page","link":"https:\/\/colloques.uqac.ca\/scinf\/comite-organisateur\/","title":{"rendered":"Comit\u00e9 organisateur"},"content":{"rendered":"<h1>Pr\u00e9sidente<\/h1>\n<h2 style=\"font-weight: 400\"><strong data-start=\"62\" data-end=\"105\">\u00c9milie Hudon, B. Sc. kin., inf., Ph. D.<\/strong><\/h2>\n<p style=\"font-weight: 400\">Professeure au Module des sciences infirmi\u00e8res<br data-start=\"154\" data-end=\"157\" \/>D\u00e9partement des sciences de la sant\u00e9<br data-start=\"193\" data-end=\"196\" \/>Universit\u00e9 du Qu\u00e9bec \u00e0 Chicoutimi<\/p>\n<h1>Membres du comit\u00e9 organisateur<\/h1>\n<h2><strong data-start=\"415\" data-end=\"434\">Laurie Lapointe, B. Sc., M. Sc., inf. (c)<\/strong><\/h2>\n<p>\u00c9tudiante \u00e0 la ma\u00eetrise en sciences infirmi\u00e8res, infirmi\u00e8re clinicienne<br data-start=\"508\" data-end=\"511\" \/>Universit\u00e9 du Qu\u00e9bec \u00e0 Chicoutimi<br data-start=\"544\" data-end=\"547\" \/>Centre int\u00e9gr\u00e9 universitaire de sant\u00e9 et de services sociaux du Saguenay\u2013Lac-Saint-Jean<\/p>\n<h2><strong data-start=\"415\" data-end=\"434\">Benjamin Simard, B. Sc., M. Sc., inf. (c)<\/strong><\/h2>\n<p>\u00c9tudiant \u00e0 la ma\u00eetrise en sciences infirmi\u00e8res, infirmier clinicien<br data-start=\"508\" data-end=\"511\" \/>Universit\u00e9 du Qu\u00e9bec \u00e0 Chicoutimi<br data-start=\"544\" data-end=\"547\" \/>Centre int\u00e9gr\u00e9 universitaire de sant\u00e9 et de services sociaux du Saguenay\u2013Lac-Saint-Jean<\/p>\n<h2><strong data-start=\"77\" data-end=\"109\">M\u00e9lissa Lavoie, inf., Ph. D.<\/strong><\/h2>\n<p>Directrice des programmes de cycles sup\u00e9rieurs en sciences infirmi\u00e8res<br data-start=\"182\" data-end=\"185\" data-is-only-node=\"\" \/>Directrice par int\u00e9rim des programmes IPS-PL<br data-start=\"229\" data-end=\"232\" \/>Coordonnatrice des programmes conjoints de 2\u1d49 cycle en sciences infirmi\u00e8res du R\u00e9seau de l\u2019Universit\u00e9 du Qu\u00e9bec<br data-start=\"343\" data-end=\"346\" \/>Pr\u00e9sidente du Comit\u00e9 d\u2019experts minist\u00e9riel en soins infirmiers<br data-start=\"408\" data-end=\"411\" \/>Professeure, Module des sciences infirmi\u00e8res<br data-start=\"455\" data-end=\"458\" \/>D\u00e9partement des sciences de la sant\u00e9<br data-start=\"509\" data-end=\"512\" \/>Universit\u00e9 du Qu\u00e9bec \u00e0 Chicoutimi<\/p>\n<h2><b><span class=\"outlook-search-highlight\" data-markjs=\"true\">J\u00e9r\u00e9mie<\/span> <span class=\"outlook-search-highlight\" data-markjs=\"true\">Beaudin<\/span>, inf. Ph.D.<\/b><\/h2>\n<p>Professeur, Module des sciences infirmi\u00e8res<br \/>\nD\u00e9partement des sciences de la sant\u00e9<br \/>\nUniversit\u00e9 du Qu\u00e9bec \u00e0 Chicoutimi<\/p>\n<h2>Annie Tremblay, inf. B. Sc.<\/h2>\n<p>Conseill\u00e8re cadre centre de formation int\u00e9gr\u00e9 clinique<br \/>\nGestionnaire responsable de la t\u00e9l\u00e9sant\u00e9<br \/>\nDirection des soins infirmiers, de l&rsquo;enseignement, de la recherche et l&rsquo;innovation DSIERI<\/p>\n<h2><strong data-start=\"74\" data-end=\"139\">Marie-\u00c8ve Perron, M. Sc., inf., Ph. D. (c)<\/strong><\/h2>\n<p>Conseill\u00e8re pour le conseil de section et membre de liaison aupr\u00e8s du Comit\u00e9 jeunesse de l\u2019OIIQ pour le SLJS\/Nord-du-Qu\u00e9bec<br data-start=\"265\" data-end=\"268\" data-is-only-node=\"\" \/>Ingram School of Nursing, McGill University<\/p>\n<h2><strong data-start=\"65\" data-end=\"127\">Ana\u00eblle Morin, M. Sc., inf., Ph. D. (c)<\/strong><\/h2>\n<p>Doctorante en sciences de la sant\u00e9, Universit\u00e9 de Sherbrooke<br data-start=\"190\" data-end=\"193\" data-is-only-node=\"\" \/>Charg\u00e9e de cours, Module des sciences infirmi\u00e8res, Universit\u00e9 du Qu\u00e9bec \u00e0 Chicoutimi<\/p>\n<h2><strong data-start=\"49\" data-end=\"81\">Cynthia Gravel, inf., B. Sc.<\/strong><\/h2>\n<p>Agente de stage, Module des sciences infirmi\u00e8res<br data-start=\"132\" data-end=\"135\" data-is-only-node=\"\" \/>D\u00e9partement des sciences de la sant\u00e9<br data-start=\"171\" data-end=\"174\" \/>Universit\u00e9 du Qu\u00e9bec \u00e0 Chicoutimi<\/p>\n<p>&nbsp;<\/p>\n<p>&nbsp;<\/p>\n<p>&nbsp;<\/p>\n<p>&nbsp;<\/p>\n","protected":false},"excerpt":{"rendered":"<p>Pr\u00e9sidente \u00c9milie Hudon, B. Sc. kin., inf., Ph. D. Professeure au Module des sciences infirmi\u00e8resD\u00e9partement des sciences de la sant\u00e9Universit\u00e9 du Qu\u00e9bec \u00e0 Chicoutimi Membres du comit\u00e9 organisateur Laurie Lapointe, B. Sc., M. Sc., inf. (c) \u00c9tudiante \u00e0 la ma\u00eetrise en sciences infirmi\u00e8res, infirmi\u00e8re clinicienneUniversit\u00e9 du Qu\u00e9bec \u00e0 ChicoutimiCentre int\u00e9gr\u00e9 universitaire de sant\u00e9 et de &hellip; <a href=\"https:\/\/colloques.uqac.ca\/scinf\/comite-organisateur\/\" class=\"more-link\">Continuer la lecture de <span class=\"screen-reader-text\">Comit\u00e9 organisateur<\/span>  <span class=\"meta-nav\">&rarr;<\/span><\/a><\/p>\n","protected":false},"author":121,"featured_media":0,"parent":0,"menu_order":5,"comment_status":"closed","ping_status":"closed","template":"","meta":{"footnotes":""},"_links":{"self":[{"href":"https:\/\/colloques.uqac.ca\/scinf\/wp-json\/wp\/v2\/pages\/108"}],"collection":[{"href":"https:\/\/colloques.uqac.ca\/scinf\/wp-json\/wp\/v2\/pages"}],"about":[{"href":"https:\/\/colloques.uqac.ca\/scinf\/wp-json\/wp\/v2\/types\/page"}],"author":[{"embeddable":true,"href":"https:\/\/colloques.uqac.ca\/scinf\/wp-json\/wp\/v2\/users\/121"}],"replies":[{"embeddable":true,"href":"https:\/\/colloques.uqac.ca\/scinf\/wp-json\/wp\/v2\/comments?post=108"}],"version-history":[{"count":10,"href":"https:\/\/colloques.uqac.ca\/scinf\/wp-json\/wp\/v2\/pages\/108\/revisions"}],"predecessor-version":[{"id":263,"href":"https:\/\/colloques.uqac.ca\/scinf\/wp-json\/wp\/v2\/pages\/108\/revisions\/263"}],"wp:attachment":[{"href":"https:\/\/colloques.uqac.ca\/scinf\/wp-json\/wp\/v2\/media?parent=108"}],"curies":[{"name":"wp","href":"https:\/\/api.w.org\/{rel}","templated":true}]}}