{"id":76,"date":"2021-10-26T14:06:51","date_gmt":"2021-10-26T19:06:51","guid":{"rendered":"http:\/\/colloques.uqac.ca\/sbehg\/?page_id=76"},"modified":"2021-11-15T12:24:41","modified_gmt":"2021-11-15T17:24:41","slug":"programmation-2","status":"publish","type":"page","link":"https:\/\/colloques.uqac.ca\/sbehg\/programmation-2\/","title":{"rendered":"Programmation"},"content":{"rendered":"<table style=\"border: none;margin-bottom: 5%;margin-top: 2%\">\n<tbody>\n<tr>\n<td style=\"text-align: center;border: 1px solid #e5e5e5;background-color: #121010;font-weight: bold;color: white;font-size: 17px\"><a style=\"color: white;text-decoration: none\" href=\"https:\/\/colloques.uqac.ca\/sbehg\/files\/2021\/10\/Masculinit\u00e9sSansFronti\u00e8res_ProgAbregee1.pdf\" target=\"_blank\">T\u00c9L\u00c9CHARGER<br \/>\nProgrammation abr\u00e9g\u00e9e<\/a><\/td>\n<\/tr>\n<td style=\"text-align: center;border: 1px solid #e5e5e5;background-color: #d21c1e;font-weight: bold;color: white;font-size: 17px\"><a style=\"color: white;text-decoration: none\" href=\"https:\/\/colloques.uqac.ca\/sbehg\/files\/2021\/10\/Masculinit\u00e9sSansFronti\u00e8res_ProgDetaillee2.pdf\" target=\"_blank\">T\u00c9L\u00c9CHARGER<br \/>\nProgrammation d\u00e9taill\u00e9e<\/a><\/td>\n<\/tr>\n<\/tbody>\n<\/table>\n<hr style=\"margin: 0;margin-top: 40px\" \/>\n<p><!-- EN LIGNE - EN DIRECT --><\/p>\n<h4 style=\"color: #d21c1e;margin-bottom: 0\">15 AU 19 NOVEMBRE<\/h4>\n<table style=\"border: none;margin-bottom: 5%;margin-top: 2%\">\n<tbody>\n<tr>\n<td style=\"text-align: center;border: 1px solid #e5e5e5;background-color: #121010;font-weight: bold;color: white;font-size: 15px\">EN LIGNE<\/td>\n<\/tr>\n<tr>\n<td style=\"text-align: center;border: 1px solid #e5e5e5;background-color: #d21c1e;font-weight: bold;color: white;font-size: 15px\">EN DIRECT<\/td>\n<\/tr>\n<\/tbody>\n<\/table>\n<p><!-- 15 Novembre --><\/p>\n<h5 style=\"margin: 0px;padding: 0px;color: #d21c1e;text-align: left\">Lundi 15 novembre<\/h5>\n<h5 style=\"margin: 0px;padding: 0px;color: #d21c1e;text-align: left\">11 h 30 \u00e0 13 h 30<\/h5>\n<p style=\"margin-bottom: 5px;text-align: left\"><a style=\"color: #121010;text-decoration: none;font-size: 18px\" href=\"https:\/\/colloques.uqac.ca\/sbehg\/act-ouverture\/\">Activit\u00e9 de lancement<\/a><\/p>\n<p style=\"text-align: left\"><!-- 16 Novembre --><\/p>\n<h5 style=\"margin: 0px;padding: 0px;color: #d21c1e;text-align: left\">Mardi 16 novembre<\/h5>\n<h5 style=\"margin: 0px;padding: 0px;color: #d21c1e;text-align: left\">12 h \u00e0 13 h<\/h5>\n<p style=\"margin-bottom: 5px;text-align: left\"><a style=\"color: #121010;text-decoration: none;font-size: 18px\" href=\"https:\/\/colloques.uqac.ca\/sbehg\/act-conf-lizplank\/\">Dialogue pour une masculinit\u00e9 positive avec Liz Plank, Pr\u00e9sidente d&rsquo;honneur<\/a><\/p>\n<p style=\"text-align: left\"><!-- 17 Novembre --><\/p>\n<h5 style=\"margin: 0px;padding: 0px;color: #d21c1e;text-align: left\">Mercredi 17 novembre<\/h5>\n<h5 style=\"margin: 0px;padding: 0px;color: #d21c1e;text-align: left\">11 h 30 \u00e0 13 h 30<\/h5>\n<p style=\"margin-bottom: 0px;text-align: left\"><a style=\"color: #121010;text-decoration: none;font-size: 18px\" href=\"https:\/\/colloques.uqac.ca\/sbehg\/activite-rirm\/\">Activit\u00e9 organis\u00e9e par le Regroupement intersectoriel sur les r\u00e9alit\u00e9s masculines au Saguenay\u2013Lac-Saint-Jean<\/a><\/p>\n<p style=\"margin-bottom: 5px;line-height: normal;text-align: left\"><span style=\"color: #d21c1e\">ZOOM<\/span> sur invitation<\/p>\n<p style=\"text-align: left\"><!-- 17 Novembre --><\/p>\n<h5 style=\"margin: 0px;padding: 0px;color: #d21c1e;text-align: left\">Mercredi 17 novembre<\/h5>\n<h5 style=\"margin: 0px;padding: 0px;color: #d21c1e;text-align: left\">11 h 30 \u00e0 13 h 30<\/h5>\n<p style=\"margin-bottom: 0px;text-align: left\"><a style=\"color: #121010;text-decoration: none;font-size: 18px\" href=\"https:\/\/colloques.uqac.ca\/sbehg\/activite-table-nord-cotiere\/\">Activit\u00e9 organis\u00e9e par la Table nord-c\u00f4ti\u00e8re sur les r\u00e9alit\u00e9s masculines<\/a><\/p>\n<p style=\"margin-bottom: 5px;line-height: normal;text-align: left\"><span style=\"color: #d21c1e\">ZOOM<\/span> sur invitation<\/p>\n<p style=\"text-align: left\"><!-- 18 Novembre --><\/p>\n<h5 style=\"margin: 0px;padding: 0px;color: #d21c1e;text-align: left\">Jeudi 18 novembre<\/h5>\n<h5 style=\"margin: 0px;padding: 0px;color: #d21c1e;text-align: left\">12 h \u00e0 13 h<\/h5>\n<p style=\"margin-bottom: 5px;text-align: left\"><a style=\"color: #121010;text-decoration: none;font-size: 18px\" href=\"https:\/\/colloques.uqac.ca\/sbehg\/act-panel-ssm\/\">La sant\u00e9 mentale et la demande d\u2019aide dans le sport de haut niveau avec Yanick Jean, Francis Verreault-Paul et Jacques Plouffe<\/a><\/p>\n<p style=\"text-align: left\"><!-- 19 Novembre --><\/p>\n<h5 style=\"margin: 0px;padding: 0px;color: #d21c1e;text-align: left\">Vendredi 19 novembre<\/h5>\n<h5 style=\"margin: 0px;padding: 0px;color: #d21c1e;text-align: left\">12 h \u00e0 13 h<\/h5>\n<p style=\"margin-bottom: 5px;text-align: left\"><a style=\"color: #121010;text-decoration: none;font-size: 18px\" href=\"https:\/\/colloques.uqac.ca\/sbehg\/act-fermeture\/\">Activit\u00e9 de fermeture<\/a><\/p>\n<p><!-- 25 Novembre --><\/p>\n<h5 style=\"margin: 0px;padding: 0px;color: #d21c1e;text-align: left\">Jeudi 25 novembre<\/h5>\n<h5 style=\"margin: 0px;padding: 0px;color: #d21c1e;text-align: left\">12 h  \u00e0 13 h<\/h5>\n<p style=\"margin-bottom: 5px;text-align: left\"><a style=\"color: #121010;text-decoration: none;font-size: 18px\" href=\"https:\/\/colloques.uqac.ca\/sbehg\/activite-julien-gravelle\/\">Rencontre avec Julien Gravelle, auteur du livre <em>Nos renoncements<\/em><\/a><\/p>\n<hr style=\"margin: 0;margin-top: 40px\" \/>\n<p><!-- EN LIGNE - EN DIFF\u00c9R\u00c9--><\/p>\n<h4 style=\"color: #d21c1e;margin-bottom: 0\">16 AU 18 NOVEMBRE<\/h4>\n<table style=\"border: none;margin-bottom: 5%;margin-top: 2%\">\n<tbody>\n<tr>\n<td style=\"text-align: center;border: 1px solid #e5e5e5;background-color: #121010;font-weight: bold;color: white;font-size: 15px\">EN LIGNE<\/td>\n<\/tr>\n<tr>\n<td style=\"text-align: center;border: 1px solid white;background-color: #e5e5e5;font-weight: bold;color: #121010;font-size: 15px\">EN DIFF\u00c9R\u00c9<\/td>\n<\/tr>\n<\/tbody>\n<\/table>\n<p><!-- ATELIER 1 --><\/p>\n<h5 style=\"margin: 0px;padding: 0px;color: #d21c1e;text-align: left\">Mardi 16 novembre<\/h5>\n<h5 style=\"margin: 0px;padding: 0px;color: #121010;text-align: left\">ATELIER 1<\/h5>\n<p style=\"margin-bottom: 5px;text-align: left\"><a style=\"color: #121010;text-decoration: none;font-size: 18px\" href=\"https:\/\/colloques.uqac.ca\/sbehg\/atelier-emotions\/\">Hommes, gar\u00e7ons et gestion des \u00e9motions<\/a><\/p>\n<p style=\"text-align: left\"><!-- ATELIER 2 --><\/p>\n<h5 style=\"margin: 0px;padding: 0px;color: #d21c1e;text-align: left\">Mardi 16 novembre<\/h5>\n<h5 style=\"margin: 0px;padding: 0px;color: #121010;text-align: left\">ATELIER 2<\/h5>\n<p style=\"margin-bottom: 5px;text-align: left\"><a style=\"color: #121010;text-decoration: none;font-size: 18px\" href=\"https:\/\/colloques.uqac.ca\/sbehg\/atelier-acte\/\">Hommes et passage \u00e0 l&rsquo;acte intrafamilial<\/a><\/p>\n<p style=\"text-align: left\"><!-- ATELIER 3 --><\/p>\n<h5 style=\"margin: 0px;padding: 0px;color: #d21c1e;text-align: left\">Mercredi 17 novembre<\/h5>\n<h5 style=\"margin: 0px;padding: 0px;color: #121010;text-align: left\">ATELIER 3<\/h5>\n<p style=\"margin-bottom: 5px;text-align: left\"><a style=\"color: #121010;text-decoration: none;font-size: 18px\" href=\"https:\/\/colloques.uqac.ca\/sbehg\/atelier-paternite\/\">Hommes et soutien \u00e0 la paternit\u00e9<\/a><\/p>\n<p style=\"text-align: left\"><!-- ATELIER 4 --><\/p>\n<h5 style=\"margin: 0px;padding: 0px;color: #d21c1e;text-align: left\">Mercredi 17 novembre<\/h5>\n<h5 style=\"margin: 0px;padding: 0px;color: #121010;text-align: left\">ATELIER 4<\/h5>\n<p style=\"margin-bottom: 5px;text-align: left\"><a style=\"color: #121010;text-decoration: none;font-size: 18px\" href=\"https:\/\/colloques.uqac.ca\/sbehg\/atelier-genre\/\">Hommes, gar\u00e7ons et (d\u00e9)construction de genre<\/a><\/p>\n<p style=\"text-align: left\"><!-- ATELIER 5 --><\/p>\n<h5 style=\"margin: 0px;padding: 0px;color: #d21c1e;text-align: left\">Jeudi 18 novembre<\/h5>\n<h5 style=\"margin: 0px;padding: 0px;color: #121010;text-align: left\">ATELIER 5<\/h5>\n<p style=\"margin-bottom: 5px;text-align: left\"><a style=\"color: #121010;text-decoration: none;font-size: 18px\" href=\"https:\/\/colloques.uqac.ca\/sbehg\/atelier-shed\/\">Hommes, isolement social et pratiques novatrices<\/a><\/p>\n<p style=\"text-align: left\"><!-- ATELIER 6 --><\/p>\n<h5 style=\"margin: 0px;padding: 0px;color: #d21c1e;text-align: left\">Jeudi 18 novembre<\/h5>\n<h5 style=\"margin: 0px;padding: 0px;color: #121010;text-align: left\">ATELIER 6<\/h5>\n<p style=\"margin-bottom: 5px;text-align: left\"><a style=\"color: #121010;text-decoration: none;font-size: 18px\" href=\"https:\/\/colloques.uqac.ca\/sbehg\/atelier-diversite\/\">Hommes, gar\u00e7ons et diversit\u00e9 sexuelle et de genre<\/a><\/p>\n<p style=\"text-align: left\"><!-- ATELIER 7 --><\/p>\n<h5 style=\"margin: 0px;padding: 0px;color: #d21c1e;text-align: left\">Jeudi 18 novembre<\/h5>\n<h5 style=\"margin: 0px;padding: 0px;color: #121010;text-align: left\">ATELIER 7<\/h5>\n<p style=\"margin-bottom: 5px;text-align: left\"><a style=\"color: #121010;text-decoration: none;font-size: 18px\" href=\"https:\/\/colloques.uqac.ca\/sbehg\/atelier-hommes-autochtones\/\">Hommes et gar\u00e7ons autochtones<\/a><\/p>\n<hr style=\"margin: 0;margin-top: 40px\" \/>\n<p><!-- EN LIGNE - EN DIRECT--><\/p>\n<h4 style=\"color: #d21c1e;margin-bottom: 0\">22 AU 26 NOVEMBRE<\/h4>\n<table style=\"border: none;margin-bottom: 5%;margin-top: 2%\">\n<tbody>\n<tr>\n<td style=\"text-align: center;border: 1px solid #e5e5e5;background-color: #121010;font-weight: bold;color: white;font-size: 15px\">EN LIGNE<\/td>\n<\/tr>\n<tr>\n<td style=\"text-align: center;border: 1px solid #e5e5e5;background-color: #d21c1e;font-weight: bold;color: white;font-size: 15px\">EN DIRECT<\/td>\n<\/tr>\n<\/tbody>\n<\/table>\n<p><!-- PANEL 1 --><\/p>\n<h5 style=\"margin: 0px;padding: 0px;color: #d21c1e;text-align: left\">Lundi 22 novembre<\/h5>\n<h5 style=\"margin: 0px;padding: 0px;color: #d21c1e;text-align: left\">11 h 30 \u00e0 13 h 30<\/h5>\n<h5 style=\"margin: 0px;padding: 0px;color: #121010;text-align: left\"><a style=\"color: #121010;text-decoration: none\" href=\"https:\/\/colloques.uqac.ca\/sbehg\/atelier-emotions\/\">PANEL &#8211; ATELIER 1<\/a><\/h5>\n<p style=\"margin-bottom: 5px;text-align: left\"><a style=\"color: #121010;text-decoration: none;font-size: 18px\" href=\"https:\/\/colloques.uqac.ca\/sbehg\/atelier-emotions\/\">Hommes, gar\u00e7ons et gestion des \u00e9motions<\/a><\/p>\n<p style=\"margin-bottom: 5px;line-height: normal;text-align: left\">Animation : Jenny Tremblay-Roberts (TTS) Catherine St-Laurent (ATM)<\/p>\n<p style=\"text-align: left\"><!-- PANEL 2 --><\/p>\n<h5 style=\"margin: 0px;padding: 0px;color: #d21c1e;text-align: left\">Mardi 23 novembre<\/h5>\n<h5 style=\"margin: 0px;padding: 0px;color: #d21c1e;text-align: left\">11 h 30 \u00e0 13 h 30<\/h5>\n<h5 style=\"margin: 0px;padding: 0px;color: #121010;text-align: left\"><a style=\"color: #121010;text-decoration: none\" href=\"https:\/\/colloques.uqac.ca\/sbehg\/atelier-acte\/\">PANEL &#8211; ATELIER 2<\/a><\/h5>\n<p style=\"margin-bottom: 5px;text-align: left\"><a style=\"color: #121010;text-decoration: none;font-size: 18px\" href=\"https:\/\/colloques.uqac.ca\/sbehg\/atelier-acte\/\">Hommes et passage \u00e0 l&rsquo;acte intrafamilial<\/a><\/p>\n<p style=\"margin-bottom: 5px;line-height: normal;text-align: left\">Animation : Simon Tremblay-Bouchard (TTS) Alice Trahan (ATM)<\/p>\n<p style=\"text-align: left\"><!-- PANEL 3 --><\/p>\n<h5 style=\"margin: 0px;padding: 0px;color: #d21c1e;text-align: left\">Mercredi 24 novembre<\/h5>\n<h5 style=\"margin: 0px;padding: 0px;color: #d21c1e;text-align: left\">11 h 30 \u00e0 13 h 30<\/h5>\n<h5 style=\"margin: 0px;padding: 0px;color: #121010;text-align: left\"><a style=\"color: #121010;text-decoration: none\" href=\"https:\/\/colloques.uqac.ca\/sbehg\/atelier-paternite\/\">PANEL &#8211; ATELIER 3<\/a><\/h5>\n<p style=\"margin-bottom: 5px;text-align: left\"><a style=\"color: #121010;text-decoration: none;font-size: 18px\" href=\"https:\/\/colloques.uqac.ca\/sbehg\/atelier-paternite\/\">Hommes et soutien \u00e0 la paternit\u00e9<\/a><\/p>\n<p style=\"margin-bottom: 5px;line-height: normal;text-align: left\">Animation : Bertrand Deslauriers (TTS) M\u00e9lissa Camirand (ATM)<\/p>\n<p style=\"text-align: left\"><!-- PANEL 4 --><\/p>\n<h5 style=\"margin: 0px;padding: 0px;color: #d21c1e;text-align: left\">Jeudi 25 novembre<\/h5>\n<h5 style=\"margin: 0px;padding: 0px;color: #d21c1e;text-align: left\">17 h 30 \u00e0 19 h 30<\/h5>\n<h5 style=\"margin: 0px;padding: 0px;color: #121010;text-align: left\"><a style=\"color: #121010;text-decoration: none\" href=\"https:\/\/colloques.uqac.ca\/sbehg\/atelier-genre\/\">PANEL &#8211; ATELIER 4<\/a><\/h5>\n<p style=\"margin-bottom: 5px;text-align: left\"><a style=\"color: #121010;text-decoration: none;font-size: 18px\" href=\"https:\/\/colloques.uqac.ca\/sbehg\/atelier-genre\/\">Hommes, gar\u00e7ons et (d\u00e9)construction de genre<\/a><\/p>\n<p style=\"margin-bottom: 5px;line-height: normal;text-align: left\">Animation : Alex Fortin (TTS) L\u00e9a Compartino (ATM)<\/p>\n<p style=\"text-align: left\"><!-- PANEL 5 --><\/p>\n<h5 style=\"margin: 0px;padding: 0px;color: #d21c1e;text-align: left\">Jeudi 25 novembre<\/h5>\n<h5 style=\"margin: 0px;padding: 0px;color: #d21c1e;text-align: left\">17 h 30 \u00e0 19 h 30<\/h5>\n<h5 style=\"margin: 0px;padding: 0px;color: #121010;text-align: left\"><a style=\"color: #121010;text-decoration: none\" href=\"https:\/\/colloques.uqac.ca\/sbehg\/atelier-shed\/\">PANEL &#8211; ATELIER 5<\/a><\/h5>\n<p style=\"margin-bottom: 5px;text-align: left\"><a style=\"color: #121010;text-decoration: none;font-size: 18px\" href=\"https:\/\/colloques.uqac.ca\/sbehg\/atelier-shed\/\">Hommes, isolement social et pratiques novatrices<\/a><\/p>\n<p style=\"margin-bottom: 5px;line-height: normal;text-align: left\">Animation : Erika Leclerc (UQAC) Benjamin Ducornait (ATM)<\/p>\n<p style=\"text-align: left\"><!-- PANEL 6 --><\/p>\n<h5 style=\"margin: 0px;padding: 0px;color: #d21c1e;text-align: left\">Vendredi 26 novembre<\/h5>\n<h5 style=\"margin: 0px;padding: 0px;color: #d21c1e;text-align: left\">11 h 30 \u00e0 13 h 30<\/h5>\n<h5 style=\"margin: 0px;padding: 0px;color: #121010;text-align: left\"><a style=\"color: #121010;text-decoration: none\" href=\"https:\/\/colloques.uqac.ca\/sbehg\/atelier-diversite\/\">PANEL &#8211; ATELIER 6<\/a><\/h5>\n<p style=\"margin-bottom: 5px;text-align: left\"><a style=\"color: #121010;text-decoration: none;font-size: 18px\" href=\"https:\/\/colloques.uqac.ca\/sbehg\/atelier-diversite\/\">Hommes, gar\u00e7ons et diversit\u00e9 sexuelle et de genre<\/a><\/p>\n<p style=\"margin-bottom: 5px;line-height: normal;text-align: left\">Animation : Lucas Bergeron (UQAC) Chlo\u00e9 Tremblay-Larouche (ATM)<\/p>\n<p style=\"text-align: left\"><!-- PANEL 7 --><\/p>\n<h5 style=\"margin: 0px;padding: 0px;color: #d21c1e;text-align: left\">Vendredi 26 novembre<\/h5>\n<h5 style=\"margin: 0px;padding: 0px;color: #d21c1e;text-align: left\">11 h 30 \u00e0 13 h 30<\/h5>\n<h5 style=\"margin: 0px;padding: 0px;color: #121010;text-align: left\"><a style=\"color: #121010;text-decoration: none\" href=\"https:\/\/colloques.uqac.ca\/sbehg\/atelier-hommes-autochtones\/\">PANEL &#8211; ATELIER 7<\/a><\/h5>\n<p style=\"margin-bottom: 5px;text-align: left\"><a style=\"color: #121010;text-decoration: none;font-size: 18px\" href=\"https:\/\/colloques.uqac.ca\/sbehg\/atelier-hommes-autochtones\/\">Hommes et gar\u00e7ons autochtones<\/a><\/p>\n<p style=\"margin-bottom: 5px;line-height: normal;text-align: left\">Animation : Naomie Couture (TTS) Philippe Tardif (ATM)<\/p>\n<p style=\"margin-top:30px;text-align:justify\">Techniques en travail social (TTS) \u00b7 \u00c9cole sup\u00e9rieure en Art et technologie des m\u00e9dias (ATM) du C\u00e9gep de Jonqui\u00e8re<\/p>\n","protected":false},"excerpt":{"rendered":"<p>T\u00c9L\u00c9CHARGER Programmation abr\u00e9g\u00e9e T\u00c9L\u00c9CHARGER Programmation d\u00e9taill\u00e9e 15 AU 19 NOVEMBRE EN LIGNE EN DIRECT Lundi 15 novembre 11 h 30 \u00e0 13 h 30 Activit\u00e9 de lancement Mardi 16 novembre 12 h \u00e0 13 h Dialogue pour une masculinit\u00e9 positive avec Liz Plank, Pr\u00e9sidente d&rsquo;honneur Mercredi 17 novembre 11 h 30 \u00e0 13 h 30 &hellip; <a href=\"https:\/\/colloques.uqac.ca\/sbehg\/programmation-2\/\" class=\"more-link\">Continuer la lecture de <span class=\"screen-reader-text\">Programmation<\/span>  <span class=\"meta-nav\">&rarr;<\/span><\/a><\/p>\n","protected":false},"author":63,"featured_media":0,"parent":0,"menu_order":0,"comment_status":"closed","ping_status":"closed","template":"","meta":{"footnotes":""},"_links":{"self":[{"href":"https:\/\/colloques.uqac.ca\/sbehg\/wp-json\/wp\/v2\/pages\/76"}],"collection":[{"href":"https:\/\/colloques.uqac.ca\/sbehg\/wp-json\/wp\/v2\/pages"}],"about":[{"href":"https:\/\/colloques.uqac.ca\/sbehg\/wp-json\/wp\/v2\/types\/page"}],"author":[{"embeddable":true,"href":"https:\/\/colloques.uqac.ca\/sbehg\/wp-json\/wp\/v2\/users\/63"}],"replies":[{"embeddable":true,"href":"https:\/\/colloques.uqac.ca\/sbehg\/wp-json\/wp\/v2\/comments?post=76"}],"version-history":[{"count":76,"href":"https:\/\/colloques.uqac.ca\/sbehg\/wp-json\/wp\/v2\/pages\/76\/revisions"}],"predecessor-version":[{"id":1048,"href":"https:\/\/colloques.uqac.ca\/sbehg\/wp-json\/wp\/v2\/pages\/76\/revisions\/1048"}],"wp:attachment":[{"href":"https:\/\/colloques.uqac.ca\/sbehg\/wp-json\/wp\/v2\/media?parent=76"}],"curies":[{"name":"wp","href":"https:\/\/api.w.org\/{rel}","templated":true}]}}