{"id":75,"date":"2021-10-26T14:06:56","date_gmt":"2021-10-26T19:06:56","guid":{"rendered":"http:\/\/colloques.uqac.ca\/sbehg\/?page_id=75"},"modified":"2021-11-08T18:20:57","modified_gmt":"2021-11-08T23:20:57","slug":"formulaire-dinscription","status":"publish","type":"page","link":"https:\/\/colloques.uqac.ca\/sbehg\/formulaire-dinscription\/","title":{"rendered":"Formulaire d&rsquo;Inscription"},"content":{"rendered":"<p>L&rsquo;inscription n&rsquo;est pas obligatoire, mais fortement recommand\u00e9e \u00e0 des fins de planification des activit\u00e9s de webinaires en direct et de quantification de la fr\u00e9quentation.<br \/><em>Vous recevrez un courriel de confirmation de votre inscription d\u00e8s que vous aurez compl\u00e9t\u00e9e celle-ci.<\/em><\/p>\n<div class=\"frm_forms  with_frm_style frm_style_formidable-style\" id=\"frm_form_1_container\" >\n<form enctype=\"multipart\/form-data\" method=\"post\" class=\"frm-show-form  frm_pro_form \" id=\"form_wgt8k2\" >\n<div class=\"frm_form_fields \">\n<fieldset>\n\r\n<div class=\"frm_fields_container\">\n<input type=\"hidden\" name=\"frm_action\" value=\"create\" \/>\n<input type=\"hidden\" name=\"form_id\" value=\"1\" \/>\n<input type=\"hidden\" name=\"frm_hide_fields_1\" id=\"frm_hide_fields_1\" value=\"\" \/>\n<input type=\"hidden\" name=\"form_key\" value=\"wgt8k2\" \/>\n<input type=\"hidden\" name=\"item_meta[0]\" value=\"\" \/>\n<input type=\"hidden\" id=\"frm_submit_entry_1\" name=\"frm_submit_entry_1\" value=\"75d1dc7e77\" \/><input type=\"hidden\" name=\"_wp_http_referer\" value=\"\/sbehg\/wp-json\/wp\/v2\/pages\/75\" \/><div id=\"frm_field_1_container\" class=\"frm_form_field form-field  frm_required_field frm_top_container\">\r\n    <label for=\"field_z1ryyc\" class=\"frm_primary_label\">Nom et Pr\u00e9nom\r\n        <span class=\"frm_required\">*<\/span>\r\n    <\/label>\r\n    <input  type=\"text\" id=\"field_z1ryyc\" name=\"item_meta[1]\" value=\"\"  data-reqmsg=\"Nom et Pr\u00e9nom cannot be blank.\" aria-required=\"true\" data-invmsg=\"Nom et Pr\u00e9nom est non valide\" aria-invalid=\"false\"   \/>\r\n    \r\n    \r\n<\/div>\n<div id=\"frm_field_12_container\" class=\"frm_form_field form-field  frm_required_field frm_top_container\">\r\n    <label for=\"field_p32tii\" class=\"frm_primary_label\">Adresse courriel\r\n        <span class=\"frm_required\">*<\/span>\r\n    <\/label>\r\n    <input type=\"email\" id=\"field_p32tii\" name=\"item_meta[12]\" value=\"\"  data-reqmsg=\"Adresse courriel cannot be blank.\" aria-required=\"true\" data-invmsg=\"Adresse courriel est non valide\" aria-invalid=\"false\"  \/>\r\n    \r\n    \r\n<\/div>\n<div id=\"frm_field_2_container\" class=\"frm_form_field form-field  frm_required_field frm_top_container\">\r\n    <label for=\"field_v6cm6e\" class=\"frm_primary_label\">Statut\r\n        <span class=\"frm_required\">*<\/span>\r\n    <\/label>\r\n    \t\t<select name=\"item_meta[2]\" id=\"field_v6cm6e\"  data-frmval=\"\u00c9tudiant\u00b7e\" data-reqmsg=\"Statut cannot be blank.\" aria-required=\"true\" data-invmsg=\"Statut est non valide\" aria-invalid=\"false\"  >\n\t\t<option  value=\"\u00c9tudiant\u00b7e\" selected='selected'>\u00c9tudiant\u00b7e<\/option><option  value=\"Chercheur\u00b7euse\">Chercheur\u00b7euse<\/option><option  value=\"Intervenant\u00b7e\">Intervenant\u00b7e<\/option><option  value=\"Gestionnaire\">Gestionnaire<\/option><option  value=\"Autre (Pr\u00e9ciser)\">Autre (Pr\u00e9ciser)<\/option>\t<\/select>\n\t\r\n    \r\n    \r\n<\/div>\n<div id=\"frm_field_3_container\" class=\"frm_form_field form-field  frm_required_field frm_top_container\">\r\n    <label for=\"field_bzzo3l\" class=\"frm_primary_label\">Statut - Autre\r\n        <span class=\"frm_required\">*<\/span>\r\n    <\/label>\r\n    <input  type=\"text\" id=\"field_bzzo3l\" name=\"item_meta[3]\" value=\"\"  data-reqmsg=\"Statut - Autre cannot be blank.\" aria-required=\"true\" data-invmsg=\"Statut - Autre est non valide\" aria-invalid=\"false\"   \/>\r\n    \r\n    \r\n<\/div>\n<div id=\"frm_field_4_container\" class=\"frm_form_field form-field  frm_required_field frm_top_container\">\r\n    <label for=\"field_rmpk4m\" class=\"frm_primary_label\">Provenance\r\n        <span class=\"frm_required\">*<\/span>\r\n    <\/label>\r\n    \t\t<select name=\"item_meta[4]\" id=\"field_rmpk4m\"  data-frmval=\"Saguenay-Lac-Saint-Jean\" data-reqmsg=\"Provenance cannot be blank.\" aria-required=\"true\" data-invmsg=\"Provenance est non valide\" aria-invalid=\"false\"  >\n\t\t<option  value=\"Saguenay-Lac-Saint-Jean\" selected='selected'>Saguenay-Lac-Saint-Jean<\/option><option  value=\"C\u00f4te-Nord\">C\u00f4te-Nord<\/option><option  value=\"Autre (Pr\u00e9ciser)\">Autre (Pr\u00e9ciser)<\/option>\t<\/select>\n\t\r\n    \r\n    \r\n<\/div>\n<div id=\"frm_field_5_container\" class=\"frm_form_field form-field  frm_required_field frm_top_container\">\r\n    <label for=\"field_afwzs2\" class=\"frm_primary_label\">Provenance - Autre\r\n        <span class=\"frm_required\">*<\/span>\r\n    <\/label>\r\n    <input  type=\"text\" id=\"field_afwzs2\" name=\"item_meta[5]\" value=\"\"  data-reqmsg=\"Provenance - Autre cannot be blank.\" aria-required=\"true\" data-invmsg=\"Provenance - Autre est non valide\" aria-invalid=\"false\"   \/>\r\n    \r\n    \r\n<\/div>\n<div id=\"frm_field_7_container\" class=\"frm_form_field form-field  frm_top_container vertical_radio\">\r\n    <label  class=\"frm_primary_label\">Activit\u00e9s en direct - Webinaires :\r\n        <span class=\"frm_required\"><\/span>\r\n    <\/label>\r\n    <div class=\"frm_opt_container\">\t\t<div class=\"frm_checkbox\" id=\"frm_checkbox_7-0\">\t\t\t<label  for=\"field_o0ylqm-0\">\n\t\t\t<input type=\"checkbox\" name=\"item_meta[7][]\" id=\"field_o0ylqm-0\" value=\"15 novembre de 11h30 \u00e0 13h30 \u2013 Activit\u00e9 de lancement et conf\u00e9rence de Jacques Roy\"  data-invmsg=\"Activit\u00e9s en direct - Webinaires : est non valide\" aria-invalid=\"false\"   \/> 15 novembre de 11h30 \u00e0 13h30 \u2013 Activit\u00e9 de lancement et conf\u00e9rence de Jacques Roy<\/label><\/div>\n\t\t<div class=\"frm_checkbox\" id=\"frm_checkbox_7-1\">\t\t\t<label  for=\"field_o0ylqm-1\">\n\t\t\t<input type=\"checkbox\" name=\"item_meta[7][]\" id=\"field_o0ylqm-1\" value=\"16 novembre de 12h00 \u00e0 13h00 \u2013 Dialogue sur une masculinit\u00e9 positive (Liz Plank)\"  data-invmsg=\"Activit\u00e9s en direct - Webinaires : est non valide\" aria-invalid=\"false\"   \/> 16 novembre de 12h00 \u00e0 13h00 \u2013 Dialogue sur une masculinit\u00e9 positive (Liz Plank)<\/label><\/div>\n\t\t<div class=\"frm_checkbox\" id=\"frm_checkbox_7-4\">\t\t\t<label  for=\"field_o0ylqm-4\">\n\t\t\t<input type=\"checkbox\" name=\"item_meta[7][]\" id=\"field_o0ylqm-4\" value=\"18 novembre de 12h00 \u00e0 13h00 \u2013 La sant\u00e9 mentale et la demande d\u2019aide dans le sport de haut niveau (Yanick Jean et al.)\"  data-invmsg=\"Activit\u00e9s en direct - Webinaires : est non valide\" aria-invalid=\"false\"   \/> 18 novembre de 12h00 \u00e0 13h00 \u2013 La sant\u00e9 mentale et la demande d\u2019aide dans le sport de haut niveau (Yanick Jean et al.)<\/label><\/div>\n\t\t<div class=\"frm_checkbox\" id=\"frm_checkbox_7-5\">\t\t\t<label  for=\"field_o0ylqm-5\">\n\t\t\t<input type=\"checkbox\" name=\"item_meta[7][]\" id=\"field_o0ylqm-5\" value=\"19 novembre de 11h30 \u00e0 13h30 \u2013 Activit\u00e9 de fermeture\"  data-invmsg=\"Activit\u00e9s en direct - Webinaires : est non valide\" aria-invalid=\"false\"   \/> 19 novembre de 11h30 \u00e0 13h30 \u2013 Activit\u00e9 de fermeture<\/label><\/div>\n<\/div>\r\n    \r\n    \r\n<\/div>\n<div id=\"frm_field_14_container\" class=\"frm_form_field  frm_html_container form-field\">\n<table style=\"border:1px solid #121010\">\n<tr>\n<td>\n<p style=\"font-size:12px;font-weight:bold;font-family:\"Lucida Grande\",\"Lucida Sans Unicode\",Tahoma,sans-serif\">Pour vous inscrire aux activit\u00e9s de mobilisation r\u00e9gionale du 17 Novembre, de 11h30 \u00e0 13h30 :<\/p>\n<ul>\n<li><a  style=\"font-size:12px;color:#d21c1e\" href=\"https:\/\/docs.google.com\/forms\/d\/e\/1FAIpQLSeOBf9Tu6B1FsqhAAue6wtJxAW_LEQR06F0eUhHGuRKlbAaRQ\/viewform?vc=0&c=0&w=1&flr=0\" target=\"_blank\">Activit\u00e9 organis\u00e9e par le Regroupement intersectoriel sur les r\u00e9alit\u00e9s masculines au Saguenay\u2013Lac-Saint-Jean<\/a><\/li>\n<li><a  style=\"font-size:12px;color:#d21c1e\" href=\"https:\/\/docs.google.com\/forms\/d\/e\/1FAIpQLSct2Q1nxLYrZgmQn9IghUd-QBw3PWfOVn2qvEGGT7VQxTAjlA\/viewform?vc=0&c=0&w=1&flr=0\" target=\"_blank\">Activit\u00e9 organis\u00e9e par la Table nord-c\u00f4ti\u00e8re sur les r\u00e9alit\u00e9s masculines<\/a><\/li>\n<\/ul>\n<\/td>\n<\/tr>\n<\/table>\n<\/div>\n<input type=\"hidden\" name=\"item_meta[13]\" id=\"field_tgmoo9-0\" value=\"\"     \/>\n<div id=\"frm_field_8_container\" class=\"frm_form_field form-field  frm_top_container vertical_radio\">\r\n    <label  class=\"frm_primary_label\">Activit\u00e9s en direct - Panels :\r\n        <span class=\"frm_required\"><\/span>\r\n    <\/label>\r\n    <div class=\"frm_opt_container\">\t\t<div class=\"frm_checkbox\" id=\"frm_checkbox_8-0\">\t\t\t<label  for=\"field_mtqif6-0\">\n\t\t\t<input type=\"checkbox\" name=\"item_meta[8][]\" id=\"field_mtqif6-0\" value=\"22 novembre de 11h30 \u00e0 13h30 - Atelier 1 : Hommes, gar\u00e7ons et gestion des \u00e9motions \u2013 Rappel : Mise en ligne du webinaire asynchrone le 16 novembre\"  data-invmsg=\"Activit\u00e9s en direct - Panels : est non valide\" aria-invalid=\"false\"   \/> 22 novembre de 11h30 \u00e0 13h30 - Atelier 1 : Hommes, gar\u00e7ons et gestion des \u00e9motions \u2013 Rappel : Mise en ligne du webinaire asynchrone le 16 novembre<\/label><\/div>\n\t\t<div class=\"frm_checkbox\" id=\"frm_checkbox_8-1\">\t\t\t<label  for=\"field_mtqif6-1\">\n\t\t\t<input type=\"checkbox\" name=\"item_meta[8][]\" id=\"field_mtqif6-1\" value=\"23 novembre de 11h30 \u00e0 13h30 - Atelier 2 : Hommes et passage \u00e0 l\u2019acte \u2013  Mise en ligne du webinaire asynchrone le 16 novembre\"  data-invmsg=\"Activit\u00e9s en direct - Panels : est non valide\" aria-invalid=\"false\"   \/> 23 novembre de 11h30 \u00e0 13h30 - Atelier 2 : Hommes et passage \u00e0 l\u2019acte \u2013  Mise en ligne du webinaire asynchrone le 16 novembre<\/label><\/div>\n\t\t<div class=\"frm_checkbox\" id=\"frm_checkbox_8-2\">\t\t\t<label  for=\"field_mtqif6-2\">\n\t\t\t<input type=\"checkbox\" name=\"item_meta[8][]\" id=\"field_mtqif6-2\" value=\"24 novembre de 11h30 \u00e0 13h30 - Atelier 3 : Hommes et soutien \u00e0 la paternit\u00e9 - Mise en ligne du webinaire asynchrone le 17 novembre\"  data-invmsg=\"Activit\u00e9s en direct - Panels : est non valide\" aria-invalid=\"false\"   \/> 24 novembre de 11h30 \u00e0 13h30 - Atelier 3 : Hommes et soutien \u00e0 la paternit\u00e9 - Mise en ligne du webinaire asynchrone le 17 novembre<\/label><\/div>\n<\/div>\r\n    \r\n    \r\n<\/div>\n<div id=\"frm_field_10_container\" class=\"frm_form_field form-field  frm_top_container vertical_radio\">\r\n    <label  class=\"frm_primary_label\">Activit\u00e9s en direct - Panels du 25 Novembre, de 17h30 \u00e0 19h30 :\r\n        <span class=\"frm_required\"><\/span>\r\n    <\/label>\r\n    <div class=\"frm_opt_container\">\t\t<div class=\"frm_radio\" id=\"frm_radio_10-0\">\t\t\t<label  for=\"field_zzceiq-0\">\n\t\t\t\t\t<input type=\"radio\" name=\"item_meta[10]\" id=\"field_zzceiq-0\" value=\"Atelier 4 : Hommes, gar\u00e7ons et (d\u00e9)construction du genre - Mise en ligne du webinaire asynchrone le 17 novembre\"\n\t\t   data-invmsg=\"Activit\u00e9s en direct - Panels du 25 Novembre, de 17h30 \u00e0 19h30 : est non valide\" aria-invalid=\"false\"  \/> Atelier 4 : Hommes, gar\u00e7ons et (d\u00e9)construction du genre - Mise en ligne du webinaire asynchrone le 17 novembre<\/label><\/div>\n\t\t<div class=\"frm_radio\" id=\"frm_radio_10-1\">\t\t\t<label  for=\"field_zzceiq-1\">\n\t\t\t\t\t<input type=\"radio\" name=\"item_meta[10]\" id=\"field_zzceiq-1\" value=\"Atelier 5 : Hommes, isolement social et pratique - Mise en ligne du webinaire asynchrone le 18 novembre\"\n\t\t   data-invmsg=\"Activit\u00e9s en direct - Panels du 25 Novembre, de 17h30 \u00e0 19h30 : est non valide\" aria-invalid=\"false\"  \/> Atelier 5 : Hommes, isolement social et pratique - Mise en ligne du webinaire asynchrone le 18 novembre<\/label><\/div>\n<\/div>\r\n    \r\n    \r\n<\/div>\n<div id=\"frm_field_11_container\" class=\"frm_form_field form-field  frm_top_container vertical_radio\">\r\n    <label  class=\"frm_primary_label\">Activit\u00e9s en direct - Panels du 26 Novembre, de 11h30 \u00e0 13h30 :\r\n        <span class=\"frm_required\"><\/span>\r\n    <\/label>\r\n    <div class=\"frm_opt_container\">\t\t<div class=\"frm_radio\" id=\"frm_radio_11-0\">\t\t\t<label  for=\"field_bn5mji-0\">\n\t\t\t\t\t<input type=\"radio\" name=\"item_meta[11]\" id=\"field_bn5mji-0\" value=\"Atelier 6 : Hommes et diversit\u00e9 sexuelle - Mise en ligne du webinaire asynchrone le 17 novembre\"\n\t\t   data-invmsg=\"Activit\u00e9s en direct - Panels du 26 Novembre, de 11h30 \u00e0 13h30 : est non valide\" aria-invalid=\"false\"  \/> Atelier 6 : Hommes et diversit\u00e9 sexuelle - Mise en ligne du webinaire asynchrone le 17 novembre<\/label><\/div>\n\t\t<div class=\"frm_radio\" id=\"frm_radio_11-1\">\t\t\t<label  for=\"field_bn5mji-1\">\n\t\t\t\t\t<input type=\"radio\" name=\"item_meta[11]\" id=\"field_bn5mji-1\" value=\"Atelier 7 : Hommes autochtones - Mise en ligne du webinaire asynchrone le 18 novembre\"\n\t\t   data-invmsg=\"Activit\u00e9s en direct - Panels du 26 Novembre, de 11h30 \u00e0 13h30 : est non valide\" aria-invalid=\"false\"  \/> Atelier 7 : Hommes autochtones - Mise en ligne du webinaire asynchrone le 18 novembre<\/label><\/div>\n<\/div>\r\n    \r\n    \r\n<\/div>\n<div id=\"frm_field_15_container\" class=\"frm_form_field form-field \">\n\t<div class=\"frm_submit\">\r\n\r\n<input type=\"submit\" value=\"Submit\"  class=\"frm_final_submit\" formnovalidate=\"formnovalidate\" \/>\r\n<img decoding=\"async\" class=\"frm_ajax_loading\" src=\"https:\/\/colloques.uqac.ca\/sbehg\/wp-content\/plugins\/formidable\/images\/ajax_loader.gif\" alt=\"Envoi\" style=\"visibility:hidden;\" \/>\r\n\r\n<\/div>\n<\/div>\n\t<input type=\"hidden\" name=\"item_key\" value=\"\" \/>\n\t\t\t<div id=\"frm_field_16_container\">\n\t\t\t<label for=\"field_ism0j\" >\n\t\t\t\tSi vous \u00eates un humain, ne remplissez pas ce champ.\t\t\t<\/label>\n\t\t\t<input  id=\"field_ism0j\" type=\"text\" class=\"frm_form_field form-field frm_verify\" name=\"item_meta[16]\" value=\"\"  \/>\n\t\t<\/div>\n\t\t<input name=\"frm_state\" type=\"hidden\" value=\"fjyOBzr0Yx38ZMjMI5LT6ODYeo8K59lQ\/c7Du8uOlx5MjvBg6kw88OyuQgW5tykp\" \/><\/div>\n<\/fieldset>\n<\/div>\n\n<\/form>\n<\/div>\n\n","protected":false},"excerpt":{"rendered":"<p>L&rsquo;inscription n&rsquo;est pas obligatoire, mais fortement recommand\u00e9e \u00e0 des fins de planification des activit\u00e9s de webinaires en direct et de quantification de la fr\u00e9quentation.Vous recevrez un courriel de confirmation de votre inscription d\u00e8s que vous aurez compl\u00e9t\u00e9e celle-ci.<\/p>\n","protected":false},"author":63,"featured_media":0,"parent":0,"menu_order":0,"comment_status":"closed","ping_status":"closed","template":"","meta":{"footnotes":""},"_links":{"self":[{"href":"https:\/\/colloques.uqac.ca\/sbehg\/wp-json\/wp\/v2\/pages\/75"}],"collection":[{"href":"https:\/\/colloques.uqac.ca\/sbehg\/wp-json\/wp\/v2\/pages"}],"about":[{"href":"https:\/\/colloques.uqac.ca\/sbehg\/wp-json\/wp\/v2\/types\/page"}],"author":[{"embeddable":true,"href":"https:\/\/colloques.uqac.ca\/sbehg\/wp-json\/wp\/v2\/users\/63"}],"replies":[{"embeddable":true,"href":"https:\/\/colloques.uqac.ca\/sbehg\/wp-json\/wp\/v2\/comments?post=75"}],"version-history":[{"count":7,"href":"https:\/\/colloques.uqac.ca\/sbehg\/wp-json\/wp\/v2\/pages\/75\/revisions"}],"predecessor-version":[{"id":976,"href":"https:\/\/colloques.uqac.ca\/sbehg\/wp-json\/wp\/v2\/pages\/75\/revisions\/976"}],"wp:attachment":[{"href":"https:\/\/colloques.uqac.ca\/sbehg\/wp-json\/wp\/v2\/media?parent=75"}],"curies":[{"name":"wp","href":"https:\/\/api.w.org\/{rel}","templated":true}]}}