{"id":61,"date":"2021-10-26T13:55:07","date_gmt":"2021-10-26T18:55:07","guid":{"rendered":"http:\/\/colloques.uqac.ca\/sbehg\/?page_id=61"},"modified":"2021-11-02T16:04:36","modified_gmt":"2021-11-02T21:04:36","slug":"contact","status":"publish","type":"page","link":"https:\/\/colloques.uqac.ca\/sbehg\/contact\/","title":{"rendered":"Nous joindre"},"content":{"rendered":"<h6>Adresse<\/h6>\n<p>Universit\u00e9 du Qu\u00e9bec \u00e0 Chicoutimi<br \/>\n555, boulevard de l\u2019Universit\u00e9<br \/>\nChicoutimi (Qu\u00e9bec)<br \/>\nCanada G7H 2B1<\/p>\n<h6>Contacts<\/h6>\n<p>Dominic Bizot<br \/>\n<a href=\"mailto:Dominic_Bizot@uqac.ca\"><span style=\"text-decoration: underline\">Dominic_Bizot@uqac.ca<\/span><br \/>\n<\/a> 418 545-5011, poste 4239<\/p>\n<p style=\"line-height: normal\">\u00c9ric Pilote<br \/>\n<span style=\"text-decoration: underline\"><a href=\"mailto:Eric_Pilote@uqac.ca\">Eric_Pilote@uqac.ca<\/a><\/span><\/p>\n<p style=\"line-height: normal\">Simon Riverin<br \/>\n<span style=\"text-decoration: underline\"><a href=\"mailto:simon.riverin2@etu.uqac.ca\">simon.riverin2@etu.uqac.ca<\/a><\/span><\/p>\n","protected":false},"excerpt":{"rendered":"<p>Adresse Universit\u00e9 du Qu\u00e9bec \u00e0 Chicoutimi 555, boulevard de l\u2019Universit\u00e9 Chicoutimi (Qu\u00e9bec) Canada G7H 2B1 Contacts Dominic Bizot Dominic_Bizot@uqac.ca 418 545-5011, poste 4239 \u00c9ric Pilote Eric_Pilote@uqac.ca Simon Riverin simon.riverin2@etu.uqac.ca<\/p>\n","protected":false},"author":63,"featured_media":0,"parent":0,"menu_order":0,"comment_status":"closed","ping_status":"closed","template":"","meta":{"footnotes":""},"_links":{"self":[{"href":"https:\/\/colloques.uqac.ca\/sbehg\/wp-json\/wp\/v2\/pages\/61"}],"collection":[{"href":"https:\/\/colloques.uqac.ca\/sbehg\/wp-json\/wp\/v2\/pages"}],"about":[{"href":"https:\/\/colloques.uqac.ca\/sbehg\/wp-json\/wp\/v2\/types\/page"}],"author":[{"embeddable":true,"href":"https:\/\/colloques.uqac.ca\/sbehg\/wp-json\/wp\/v2\/users\/63"}],"replies":[{"embeddable":true,"href":"https:\/\/colloques.uqac.ca\/sbehg\/wp-json\/wp\/v2\/comments?post=61"}],"version-history":[{"count":12,"href":"https:\/\/colloques.uqac.ca\/sbehg\/wp-json\/wp\/v2\/pages\/61\/revisions"}],"predecessor-version":[{"id":847,"href":"https:\/\/colloques.uqac.ca\/sbehg\/wp-json\/wp\/v2\/pages\/61\/revisions\/847"}],"wp:attachment":[{"href":"https:\/\/colloques.uqac.ca\/sbehg\/wp-json\/wp\/v2\/media?parent=61"}],"curies":[{"name":"wp","href":"https:\/\/api.w.org\/{rel}","templated":true}]}}