{"id":104,"date":"2021-10-26T14:48:10","date_gmt":"2021-10-26T19:48:10","guid":{"rendered":"http:\/\/colloques.uqac.ca\/sbehg\/?page_id=104"},"modified":"2021-11-27T02:18:08","modified_gmt":"2021-11-27T07:18:08","slug":"atelier-shed","status":"publish","type":"page","link":"https:\/\/colloques.uqac.ca\/sbehg\/atelier-shed\/","title":{"rendered":"Atelier 5 &#8211; Hommes, isolement social et pratiques novatrices"},"content":{"rendered":"<h5 style=\"color: #d21c1e\">Mise en ligne du webinaire : 18 novembre<\/h5>\n<table style=\"border: 1px solid #d21c1e\">\n<tbody>\n<tr>\n<td style=\"width: 30%;background-color: #d21c1e;color: white;font-size: 22px;text-align: center\">EN DIFF\u00c9R\u00c9<\/td>\n<td style=\"width: 70%;background-color: white;color: #d21c1e;text-align: center\"><a style=\"color: #d21c1e;text-decoration: none;font-size: 22px\" href=\"https:\/\/uqac.ca.panopto.com\/Panopto\/Pages\/Viewer.aspx?id=8c5739ad-07b3-43a5-bcb1-addc00f27043\" target=\"_blank\">LIEN VERS LA CONF\u00c9RENCE<\/a><\/td>\n<\/tr>\n<\/tbody>\n<\/table>\n<h5 style=\"color: #d21c1e;margin-top: -5px\">Panel en lien avec cet atelier : 25 novembre de 17h30 \u00e0 19h30<\/h5>\n<table style=\"border: 1px solid #121010\">\n<tbody>\n<tr>\n<td style=\"width: 30%;background-color: #121010;color: white;font-size: 22px;text-align: center\">REDIFFUSION<\/td>\n<td style=\"width: 70%;background-color: white;color: #121010;text-align: center\"><a style=\"color: #121010;text-decoration: none;font-size: 22px\" href=\"https:\/\/uqac.ca.panopto.com\/Panopto\/Pages\/Viewer.aspx?id=dd020a70-d4d0-4eea-9e1e-adec009ffd03\" target=\"_blank\">LIEN VERS LA REDIFFUSION<\/a><\/td>\n<\/tr>\n<\/tbody>\n<\/table>\n<hr style=\"margin:0\" \/>\n<h5 style=\"margin-bottom: 0;margin-top:24px\">Animatrice<\/h5>\n<ul>\n<li>Ana\u00efs G. Lapointe<\/li>\n<\/ul>\n<h5 style=\"margin-bottom: 5px\">Conf\u00e9rencier<\/h5>\n<table style=\"border:1px solid #d21c1e\">\n<tr>\n<td style=\"vertical-align:middle;background-color:#d21c1e;color:white;border:1px solid #d21c1e\">\n<h6 style=\"margin:0\">Dominic Bizot<\/h6>\n<\/td>\n<\/tr>\n<tr>\n<td>\n<div style=\"float: right;margin-left:10px;margin-top:10px\"><img loading=\"lazy\" decoding=\"async\" src=\"https:\/\/colloques.uqac.ca\/sbehg\/files\/2021\/10\/image_2021-10-31_022910-133x150.png\" alt=\"image_2021-10-31_022910\" width=\"133\" height=\"150\" class=\"alignnone size-thumbnail wp-image-491\" \/><\/div>\n<p style=\"text-align: justify;margin:3px\">Depuis une quinzaine d\u2019ann\u00e9es, Dominic Bizot poursuit ses travaux de recherche dans le domaine de l\u2019intervention psychosociale aupr\u00e8s des hommes et de la promotion de la sant\u00e9 masculine, un domaine au sein duquel il a r\u00e9alis\u00e9 depuis 2006 pas moins de huit recherches au Saguenay\u2013Lac-Saint-Jean. En 2014, la Fondation Movember a soutenu \u00e0 l\u2019\u00e9chelle pancanadienne une quinzaine de programmes visant l\u2019am\u00e9lioration de diff\u00e9rents aspects de la sant\u00e9 masculine et l\u2019avancement des connaissances dans ce domaine. Parmi ceux-ci, le projet de recherche\u00a0\u00ab\u00a0Hommes atout\u00a0: Un atelier de travail ambulant par et pour les hommes\u00a0\u00bb, d\u00e9velopp\u00e9 par Dominic Bizot est le seul qui fut financ\u00e9 au Qu\u00e9bec.<\/p>\n<\/td>\n<\/tr>\n<tr>\n<td style=\"vertical-align:middle;background-color:#d21c1e;color:white;border:1px solid #d21c1e;text-align:center\">\n<p style=\"margin:0\">Conf\u00e9rence<\/p>\n<h6 style=\"margin:0\">Les Men\u2019s Sheds pour briser l\u2019isolement chez les hommes : l\u2019exemple d\u2019Hommes atout au SLSJ et sur la C\u00f4te-Nord<\/h6>\n<\/td>\n<\/tr>\n<tr>\n<td>\n<p style=\"text-align: justify;margin:3px;line-height: normal\">De 2016 \u00e0 2018, le projet Hommes atout a permis de conjuguer au Saguenay\u2013Lac-Saint-Jean la mise en place de lieux de socialisation adapt\u00e9s pour les hommes et la n\u00e9cessit\u00e9 de d\u00e9velopper chez eux un sentiment d\u2019utilit\u00e9. Inspir\u00e9 du mouvement\u00a0Men\u2019s Sheds, le projet a consist\u00e9 \u00e0 transformer un conteneur maritime en un atelier de travail\u00a0ambulant qui permet aux hommes de rendre service aux membres de leur collectivit\u00e9 (r\u00e9parations, plomberie, peinture, menuiserie, etc.) tout en brisant l\u2019isolement de certains. La pr\u00e9sentation vise \u00e0 partager les r\u00e9sultats d\u2019une recension des \u00e9crits scientifiques sur les cons\u00e9quences des Men\u2019s Sheds sur les hommes et de faire un parall\u00e8le avec les conclusions de l\u2019\u00e9valuation du projet Hommes atout. Elle sera \u00e9galement l\u2019occasion de faire un \u00e9tat de la situation de ce mouvement au Qu\u00e9bec, notamment dans ses r\u00e9gions rurales et \u00e9loign\u00e9es des grands centres urbains.<\/p>\n<\/td>\n<\/tr>\n<\/table>\n<h5 style=\"margin-bottom: 5px\">\u00c9chos de la pratique avec trois intervenant\u00b7es<\/h5>\n<ul>\n<li>Christine Plamondon (Hommes Sept-\u00celes\/La Shed \u00e0 bois)<\/li>\n<li>Patrick Desbiens (Hommes atout Baie-Comeau\/Atelier \u00e0 bois de la Maison Oxyg\u00e8ne)<\/li>\n<li>Fanny Larouche (CRH-Optimum\/Caf\u00e9 madrier)<\/li>\n<\/ul>\n<h5 style=\"margin-bottom: 5px\">Communication Libre<\/h5>\n<table style=\"border:1px solid #d21c1e\">\n<tr>\n<td style=\"vertical-align:middle;background-color:#d21c1e;color:white;border:1px solid #d21c1e\">\n<h6 style=\"margin:0\">John MacDonald<\/h6>\n<\/td>\n<\/tr>\n<tr>\n<td>\n<div style=\"float: right;margin-left:10px;margin-top:10px\"><img loading=\"lazy\" decoding=\"async\" src=\"https:\/\/colloques.uqac.ca\/sbehg\/files\/2021\/10\/John-MacDonald1-150x150.png\" alt=\"John MacDonald\" width=\"150\" height=\"150\" class=\"alignnone size-thumbnail wp-image-495\" \/><\/div>\n<p style=\"text-align: justify;margin:3px\">John MacDonald est professeur \u00e9m\u00e9rite et pr\u00e9sident d\u2019une chaire en soins de sant\u00e9 primaire \u00e0 la Western Sydney University depuis 1996. Il y occupe \u00e9galement le r\u00f4le de directeur du Men\u2019s Health Information &amp; Resource Centre. Auparavant, il fut directeur de l\u2019Education for Primary Health Care \u00e0 Manchester et \u00e0 la Bristol University. Il a travaill\u00e9 aussi pendant 10 ann\u00e9es dans le domaine des soins primaires et de l\u2019\u00e9ducation au Zambie et est professeur invit\u00e9 \u00e0 l\u2019Institute of Community and Public Health de la Birzeit University, en Palestine, depuis 1994. John Macdonald collabore de pr\u00e8s avec l\u2019Australian Men\u2019s Shed Association et est un des plus \u00e9minents promoteurs du mouvement des Men\u2019s Shed autant en Australie qu\u2019\u00e0 l\u2019international.<\/p>\n<\/td>\n<\/tr>\n<tr>\n<td style=\"vertical-align:middle;background-color:#d21c1e;color:white;border:1px solid #d21c1e;text-align:center\">\n<p style=\"margin:0\">Conf\u00e9rence<\/p>\n<h6 style=\"margin:0\">La sant\u00e9 des hommes et le soutien au mouvement Men\u2019s Shed en Australie<\/h6>\n<\/td>\n<\/tr>\n<tr>\n<td>\n<p style=\"text-align: justify;line-height: normal;margin:3px\">Le mouvement des Men\u2019s Sheds nous offre une telle perspective qui est bas\u00e9e sur ce que l\u2019OMS appelle \u00ab\u00a0les d\u00e9terminants sociaux de la sant\u00e9\u00a0\u00bb (DSS). Un de ces DSS est le soutien social. La recherche sur ce sujet est assez vaste et indique que le fait d\u2019appartenir \u00e0 un groupe d\u2019appartenance, qu\u2019il soit religieux ou autre, peut allonger la dur\u00e9e de vie et lutter contre certaines maladies. Les Men\u2019s Sheds sont de tels groupes qui permettent aux hommes de se r\u00e9unir de fa\u00e7on bienveillante dans une atmosph\u00e8re conviviale.<\/p>\n<\/td>\n<\/tr>\n<\/table>\n<p style=\"text-align: center\"><a title=\"Atelier \u2013 D\u00e9construction du genre\" href=\"https:\/\/colloques.uqac.ca\/sbehg\/atelier-genre\/\">Atelier pr\u00e9c\u00e9dent<\/a>\u00a0&#8211;\u00a0<a title=\"Atelier \u2013 Diversit\u00e9 sexuelle et de genre\" href=\"https:\/\/colloques.uqac.ca\/sbehg\/atelier-diversite\/\">Atelier suivant<\/a><\/p>\n","protected":false},"excerpt":{"rendered":"<p>Mise en ligne du webinaire : 18 novembre EN DIFF\u00c9R\u00c9 LIEN VERS LA CONF\u00c9RENCE Panel en lien avec cet atelier : 25 novembre de 17h30 \u00e0 19h30 REDIFFUSION LIEN VERS LA REDIFFUSION Animatrice Ana\u00efs G. Lapointe Conf\u00e9rencier Dominic Bizot Depuis une quinzaine d\u2019ann\u00e9es, Dominic Bizot poursuit ses travaux de recherche dans le domaine de l\u2019intervention &hellip; <a href=\"https:\/\/colloques.uqac.ca\/sbehg\/atelier-shed\/\" class=\"more-link\">Continuer la lecture de <span class=\"screen-reader-text\">Atelier 5 &#8211; Hommes, isolement social et pratiques novatrices<\/span>  <span class=\"meta-nav\">&rarr;<\/span><\/a><\/p>\n","protected":false},"author":63,"featured_media":0,"parent":0,"menu_order":0,"comment_status":"closed","ping_status":"closed","template":"","meta":{"footnotes":""},"_links":{"self":[{"href":"https:\/\/colloques.uqac.ca\/sbehg\/wp-json\/wp\/v2\/pages\/104"}],"collection":[{"href":"https:\/\/colloques.uqac.ca\/sbehg\/wp-json\/wp\/v2\/pages"}],"about":[{"href":"https:\/\/colloques.uqac.ca\/sbehg\/wp-json\/wp\/v2\/types\/page"}],"author":[{"embeddable":true,"href":"https:\/\/colloques.uqac.ca\/sbehg\/wp-json\/wp\/v2\/users\/63"}],"replies":[{"embeddable":true,"href":"https:\/\/colloques.uqac.ca\/sbehg\/wp-json\/wp\/v2\/comments?post=104"}],"version-history":[{"count":16,"href":"https:\/\/colloques.uqac.ca\/sbehg\/wp-json\/wp\/v2\/pages\/104\/revisions"}],"predecessor-version":[{"id":1098,"href":"https:\/\/colloques.uqac.ca\/sbehg\/wp-json\/wp\/v2\/pages\/104\/revisions\/1098"}],"wp:attachment":[{"href":"https:\/\/colloques.uqac.ca\/sbehg\/wp-json\/wp\/v2\/media?parent=104"}],"curies":[{"name":"wp","href":"https:\/\/api.w.org\/{rel}","templated":true}]}}