{"id":9,"date":"2013-09-10T18:41:41","date_gmt":"2013-09-10T18:41:41","guid":{"rendered":"http:\/\/colloques.uqac.ca\/modelecolloque\/?page_id=9"},"modified":"2024-12-10T16:05:42","modified_gmt":"2024-12-10T21:05:42","slug":"programmation","status":"publish","type":"page","link":"https:\/\/colloques.uqac.ca\/medievalisme-quebec\/programmation\/","title":{"rendered":"Partenaires"},"content":{"rendered":"<p>Le comit\u00e9 organisateur remercie chaleureusement tous les partenaires qui lui ont g\u00e9n\u00e9reusement fourni un appui en esp\u00e8ces ou en nature pour ce colloque.<\/p>\n<ul>\n<li>Centre de recherche interdisciplinaire<br \/>\nsur la diversit\u00e9 et la d\u00e9mocratie (CRIDAQ)<\/li>\n<li>Centre interuniversitaire d\u2019\u00e9tudes qu\u00e9b\u00e9coises (CI\u00c9Q)<\/li>\n<li>Conseil de recherches en sciences humaines<\/li>\n<li>Institut d&rsquo;\u00e9tudes anciennes et m\u00e9di\u00e9vales<\/li>\n<li>Presses de l\u2019Universit\u00e9 Laval<\/li>\n<li>Soci\u00e9t\u00e9 des \u00e9tudes m\u00e9di\u00e9vales du Qu\u00e9bec<\/li>\n<li>Universit\u00e9 du Qu\u00e9bec \u00e0 Chicoutimi<\/li>\n<\/ul>\n<p>&nbsp;<\/p>\n<p><a href=\"https:\/\/cridaq.uqam.ca\/\"><img loading=\"lazy\" decoding=\"async\" class=\"wp-image-127 alignnone\" src=\"https:\/\/colloques.uqac.ca\/medievalisme-quebec\/files\/2024\/12\/LOGOS_COULEURS_CRIDAQ-300x112.jpg\" alt=\"\" width=\"250\" height=\"94\" srcset=\"https:\/\/colloques.uqac.ca\/medievalisme-quebec\/files\/2024\/12\/LOGOS_COULEURS_CRIDAQ-300x112.jpg 300w, https:\/\/colloques.uqac.ca\/medievalisme-quebec\/files\/2024\/12\/LOGOS_COULEURS_CRIDAQ-768x287.jpg 768w, https:\/\/colloques.uqac.ca\/medievalisme-quebec\/files\/2024\/12\/LOGOS_COULEURS_CRIDAQ.jpg 802w\" sizes=\"(max-width: 250px) 100vw, 250px\" \/><\/a><\/p>\n<p>&nbsp;<\/p>\n<p><a href=\"https:\/\/www.cieq.ca\/\"><img loading=\"lazy\" decoding=\"async\" class=\"wp-image-126 alignnone\" src=\"https:\/\/colloques.uqac.ca\/medievalisme-quebec\/files\/2024\/12\/LOGOS_COULEURS_CIEQ-300x129.jpg\" alt=\"\" width=\"200\" height=\"86\" srcset=\"https:\/\/colloques.uqac.ca\/medievalisme-quebec\/files\/2024\/12\/LOGOS_COULEURS_CIEQ-300x129.jpg 300w, https:\/\/colloques.uqac.ca\/medievalisme-quebec\/files\/2024\/12\/LOGOS_COULEURS_CIEQ.jpg 699w\" sizes=\"(max-width: 200px) 100vw, 200px\" \/><\/a><\/p>\n<p>&nbsp;<\/p>\n<p><a href=\"https:\/\/www.sshrc-crsh.gc.ca\/home-accueil-fra.aspx\"><img loading=\"lazy\" decoding=\"async\" class=\"wp-image-131 alignnone\" src=\"https:\/\/colloques.uqac.ca\/medievalisme-quebec\/files\/2024\/12\/LOGOS_COULEURS_SSHRC-300x112.jpg\" alt=\"\" width=\"200\" height=\"75\" srcset=\"https:\/\/colloques.uqac.ca\/medievalisme-quebec\/files\/2024\/12\/LOGOS_COULEURS_SSHRC-300x112.jpg 300w, https:\/\/colloques.uqac.ca\/medievalisme-quebec\/files\/2024\/12\/LOGOS_COULEURS_SSHRC-768x287.jpg 768w, https:\/\/colloques.uqac.ca\/medievalisme-quebec\/files\/2024\/12\/LOGOS_COULEURS_SSHRC.jpg 802w\" sizes=\"(max-width: 200px) 100vw, 200px\" \/><\/a><\/p>\n<p>&nbsp;<\/p>\n<p><a href=\"https:\/\/www.ulaval.ca\/la-recherche\/unites-de-recherche\/instituts\/institut-detudes-anciennes-et-medievales-ieam\"><img loading=\"lazy\" decoding=\"async\" class=\"wp-image-134 alignnone\" src=\"https:\/\/colloques.uqac.ca\/medievalisme-quebec\/files\/2024\/12\/LOGOS_COULEURS_IEAM-1-300x167.jpg\" alt=\"\" width=\"175\" height=\"97\" srcset=\"https:\/\/colloques.uqac.ca\/medievalisme-quebec\/files\/2024\/12\/LOGOS_COULEURS_IEAM-1-300x167.jpg 300w, https:\/\/colloques.uqac.ca\/medievalisme-quebec\/files\/2024\/12\/LOGOS_COULEURS_IEAM-1.jpg 540w\" sizes=\"(max-width: 175px) 100vw, 175px\" \/><\/a><\/p>\n<p>&nbsp;<\/p>\n<p><a href=\"https:\/\/www.pulaval.com\/\"><img loading=\"lazy\" decoding=\"async\" class=\"wp-image-129 alignnone\" src=\"https:\/\/colloques.uqac.ca\/medievalisme-quebec\/files\/2024\/12\/LOGOS_COULEURS_Pul.jpg\" alt=\"\" width=\"100\" height=\"100\" srcset=\"https:\/\/colloques.uqac.ca\/medievalisme-quebec\/files\/2024\/12\/LOGOS_COULEURS_Pul.jpg 300w, https:\/\/colloques.uqac.ca\/medievalisme-quebec\/files\/2024\/12\/LOGOS_COULEURS_Pul-150x150.jpg 150w, https:\/\/colloques.uqac.ca\/medievalisme-quebec\/files\/2024\/12\/LOGOS_COULEURS_Pul-100x100.jpg 100w\" sizes=\"(max-width: 100px) 100vw, 100px\" \/><\/a><\/p>\n<p>&nbsp;<\/p>\n<p><a href=\"https:\/\/www.semq.uqam.ca\/\"><img loading=\"lazy\" decoding=\"async\" class=\"wp-image-130 alignnone\" src=\"https:\/\/colloques.uqac.ca\/medievalisme-quebec\/files\/2024\/12\/LOGOS_COULEURS_SEMQ-300x167.jpg\" alt=\"\" width=\"150\" height=\"83\" srcset=\"https:\/\/colloques.uqac.ca\/medievalisme-quebec\/files\/2024\/12\/LOGOS_COULEURS_SEMQ-300x167.jpg 300w, https:\/\/colloques.uqac.ca\/medievalisme-quebec\/files\/2024\/12\/LOGOS_COULEURS_SEMQ.jpg 540w\" sizes=\"(max-width: 150px) 100vw, 150px\" \/><\/a><\/p>\n<p>&nbsp;<\/p>\n<p><a href=\"https:\/\/www.uqac.ca\/\"><img loading=\"lazy\" decoding=\"async\" class=\"alignleft wp-image-132\" src=\"https:\/\/colloques.uqac.ca\/medievalisme-quebec\/files\/2024\/12\/LOGOS_COULEURS_UQAC-300x255.jpg\" alt=\"\" width=\"135\" height=\"115\" srcset=\"https:\/\/colloques.uqac.ca\/medievalisme-quebec\/files\/2024\/12\/LOGOS_COULEURS_UQAC-300x255.jpg 300w, https:\/\/colloques.uqac.ca\/medievalisme-quebec\/files\/2024\/12\/LOGOS_COULEURS_UQAC.jpg 353w\" sizes=\"(max-width: 135px) 100vw, 135px\" \/><\/a><\/p>\n","protected":false},"excerpt":{"rendered":"<p>Le comit\u00e9 organisateur remercie chaleureusement tous les partenaires qui lui ont g\u00e9n\u00e9reusement fourni un appui en esp\u00e8ces ou en nature pour ce colloque. Centre de recherche interdisciplinaire sur la diversit\u00e9 et la d\u00e9mocratie (CRIDAQ) Centre interuniversitaire d\u2019\u00e9tudes qu\u00e9b\u00e9coises (CI\u00c9Q) Conseil de recherches en sciences humaines Institut d&rsquo;\u00e9tudes anciennes et m\u00e9di\u00e9vales Presses de l\u2019Universit\u00e9 Laval Soci\u00e9t\u00e9 &hellip; <a href=\"https:\/\/colloques.uqac.ca\/medievalisme-quebec\/programmation\/\" class=\"more-link\">Continuer la lecture de <span class=\"screen-reader-text\">Partenaires<\/span>  <span class=\"meta-nav\">&rarr;<\/span><\/a><\/p>\n","protected":false},"author":5,"featured_media":0,"parent":0,"menu_order":0,"comment_status":"closed","ping_status":"closed","template":"","meta":{"footnotes":""},"_links":{"self":[{"href":"https:\/\/colloques.uqac.ca\/medievalisme-quebec\/wp-json\/wp\/v2\/pages\/9"}],"collection":[{"href":"https:\/\/colloques.uqac.ca\/medievalisme-quebec\/wp-json\/wp\/v2\/pages"}],"about":[{"href":"https:\/\/colloques.uqac.ca\/medievalisme-quebec\/wp-json\/wp\/v2\/types\/page"}],"author":[{"embeddable":true,"href":"https:\/\/colloques.uqac.ca\/medievalisme-quebec\/wp-json\/wp\/v2\/users\/5"}],"replies":[{"embeddable":true,"href":"https:\/\/colloques.uqac.ca\/medievalisme-quebec\/wp-json\/wp\/v2\/comments?post=9"}],"version-history":[{"count":16,"href":"https:\/\/colloques.uqac.ca\/medievalisme-quebec\/wp-json\/wp\/v2\/pages\/9\/revisions"}],"predecessor-version":[{"id":139,"href":"https:\/\/colloques.uqac.ca\/medievalisme-quebec\/wp-json\/wp\/v2\/pages\/9\/revisions\/139"}],"wp:attachment":[{"href":"https:\/\/colloques.uqac.ca\/medievalisme-quebec\/wp-json\/wp\/v2\/media?parent=9"}],"curies":[{"name":"wp","href":"https:\/\/api.w.org\/{rel}","templated":true}]}}