{"id":81,"date":"2024-12-07T11:32:12","date_gmt":"2024-12-07T16:32:12","guid":{"rendered":"https:\/\/colloques.uqac.ca\/medievalisme-quebec\/?page_id=81"},"modified":"2025-02-03T11:10:21","modified_gmt":"2025-02-03T16:10:21","slug":"programme","status":"publish","type":"page","link":"https:\/\/colloques.uqac.ca\/medievalisme-quebec\/programme\/","title":{"rendered":"Programme"},"content":{"rendered":"<h1>Jeudi, 6 f\u00e9vrier 2025<\/h1>\n<table>\n<tbody>\n<tr>\n<td width=\"671\">\n<h6>13h00\u201313h30 : <em>Accueil des participants et participantes et mot de bienvenue<\/em><\/h6>\n<\/td>\n<\/tr>\n<tr>\n<td width=\"671\">\n<h6>13h30\u201315h00 : <em>Continuit\u00e9s religieuses : de l\u2019art \u00e0 la doctrine<\/em><\/h6>\n<p>Pr\u00e9sidence : Laura Moncion (U. of Notre-Dame)<\/p>\n<ul>\n<li><strong>Hugues Dupuis<\/strong> (U.\u00a0Laval)\u00a0: \u00ab\u00a0Les gisants de Mgr Fran\u00e7ois de Laval\u00a0: perp\u00e9tuelle r\u00e9affirmation d\u2019un culte \u00bb<\/li>\n<li><strong>Vincent Perras<\/strong>\u00a0(U.\u00a0de Montr\u00e9al)\u00a0: \u00ab\u00a0De la Chr\u00e9tient\u00e9 \u00e0 la Ligue des Nations\u00a0: r\u00e9f\u00e9rences au Moyen-\u00c2ge dans la doctrine sociale de l\u2019\u00c9glise catholique\u00a0\u00bb<\/li>\n<li><strong>Thomas Quintal<\/strong>\u00a0(UQAC)\u00a0: \u00ab\u00a0H\u00e9ritage de l\u2019architecture gothique au Qu\u00e9bec\u00a0: le cas de l\u2019\u00e9glise Saint-\u00c9douard\u00a0\u00bb<\/li>\n<\/ul>\n<\/td>\n<\/tr>\n<tr>\n<td width=\"671\">\n<h6>15h20\u201316h50 : <em>M\u00e9moires des noms <\/em><\/h6>\n<p>Pr\u00e9sidence : Robert Marcoux (U. Laval)<\/p>\n<ul>\n<li><strong>Rosalie Grimard-Mongrain<\/strong> (C\u00e9gep de Trois-Rivi\u00e8res) : \u00ab La m\u00e9moire des noms : regards crois\u00e9s sur des archives du Moyen \u00c2ge et du Qu\u00e9bec du XIX<sup>e<\/sup> si\u00e8cle\u00a0\u00bb<\/li>\n<li><strong>Louise Lainesse<\/strong>\u00a0(U.\u00a0de Montr\u00e9al)\u00a0: \u00ab\u00a0Communaut\u00e9s d\u2019endeuill\u00e9s, communaut\u00e9s imagin\u00e9es? La m\u00e9moire des noms (Moyen \u00c2ge et XIX<sup>e<\/sup> si\u00e8cle qu\u00e9b\u00e9cois)\u00a0\u00bb<\/li>\n<li><strong>James Couture<\/strong> (U.\u00a0de Montr\u00e9al \/ U.\u00a0Paris 8 Vincennes-Saint-Denis) et <strong>Joseph George Akl<\/strong>\u00a0(U.\u00a0de Montr\u00e9al)\u00a0: \u00ab\u00a0Des saint\u00b7e\u00b7s \u00e0 perte de vue\u00a0: analyse des hagiotoponymes m\u00e9di\u00e9vaux des municipalit\u00e9s du Qu\u00e9bec\u00a0\u00bb<\/li>\n<\/ul>\n<\/td>\n<\/tr>\n<tr>\n<td width=\"671\">\n<h6>17h10\u201318h30 : <em>Conf\u00e9rence inaugurale de <strong>Francis Gingras <\/strong>(U. de Montr\u00e9al) : <\/em><em>\u00ab <\/em><em>La couleur du Moyen \u00c2ge : r\u00e9f\u00e9rences m\u00e9di\u00e9vales dans le discours politique au Qu\u00e9bec et au Canada (1791-1960) <\/em><em>\u00bb<\/em><\/h6>\n<\/td>\n<\/tr>\n<tr>\n<td width=\"671\">\n<h6>18h30\u201320h00 : <em>Cocktail de bienvenue<\/em><\/h6>\n<\/td>\n<\/tr>\n<\/tbody>\n<\/table>\n<h1><strong>Vendredi, 7 f\u00e9vrier 2025<\/strong><\/h1>\n<table>\n<tbody>\n<tr>\n<td width=\"671\">\n<h6>9h30\u201311h00 : <em>Chevaux et chevaliers, d\u2019un m\u00e9dium \u00e0 l\u2019autre<\/em><\/h6>\n<p>Pr\u00e9sidence : Beno\u00eet Grenier (U. de Sherbrooke)<\/p>\n<ul>\n<li><strong>Adrien Savard-Arseneault<\/strong>\u00a0(U.\u00a0de Montr\u00e9al)\u00a0: \u00ab\u00a0La vertu chevaleresque comme id\u00e9al dans <em>L\u2019aval\u00e9e des aval\u00e9es <\/em>et <em>Le nez qui voque<\/em>\u00a0\u00bb<\/li>\n<li><strong>Beno\u00eet Bouzigues<\/strong>\u00a0(U.\u00a0de Montr\u00e9al)\u00a0: \u00ab\u00a0Les repr\u00e9sentations m\u00e9di\u00e9valistes des chevaux dans les contes et l\u00e9gendes qu\u00e9b\u00e9coises\u00a0: du bestiaire m\u00e9di\u00e9val \u00e0 l\u2019h\u00e9ritage du cheval-f\u00e9e Bayart\u00a0\u00bb<\/li>\n<li><strong>Elsa Guyot<\/strong>\u00a0(chercheuse ind\u00e9pendante)\u00a0: \u00ab\u00a0Un chevalier m\u00e9di\u00e9val dans le dessin de presse \u00e0 Montr\u00e9al : \u00e9tude de deux caricatures de l\u2019artiste John Collins\u00a0\u00bb<\/li>\n<\/ul>\n<\/td>\n<\/tr>\n<tr>\n<td width=\"671\">\n<h6>11h20\u201312h50 : <em>\u00ab\u00a0Faire m\u00e9di\u00e9val\u00a0\u00bb\u00a0: r\u00e9surgence par l\u2019esth\u00e9tique<\/em><\/h6>\n<p>Pr\u00e9sidence : Piroska Nagy (UQAM)<\/p>\n<ul>\n<li><strong>Christelle Chaillou<\/strong>\u00a0(CNRS\/CESCM de Poitiers) : \u00ab\u00a0Se r\u00e9approprier la musique m\u00e9di\u00e9vale\u00a0: le cas du \u201cSalon de la passion m\u00e9di\u00e9vale\u201d de Montr\u00e9al\u00a0\u00bb<\/li>\n<li><strong>Brenda Dunn-Lardeau<\/strong> (UQAM) : \u00ab Les voies de la r\u00e9surgence du Moyen Age dans un incunable de 1478 de Celse, enlumin\u00e9 au XX<sup>e<\/sup> si\u00e8cle et conserv\u00e9 \u00e0 la biblioth\u00e8que Osler de McGill\u00a0\u00bb<\/li>\n<li><strong>Helena Kogen<\/strong> (UQAM) : \u00ab Retour aux sources : l\u2019<em>Historia naturalis<\/em> de Pline (Venise, 1472), William Morris et l\u2019esth\u00e9tique du mouvement Arts and Crafts au Qu\u00e9bec\u00a0\u00bb<\/li>\n<\/ul>\n<\/td>\n<\/tr>\n<tr>\n<td width=\"671\">\n<h6>14h00\u201315h30 : <em>Visioc<\/em><em>onf\u00e9rence pl\u00e9ni\u00e8re de <strong>Vincent Ferr\u00e9 <\/strong>(Sorbonne Nouvelle)\u00a0: \u00ab Si loin, si proche\u00a0: pourquoi le Moyen \u00c2ge? \u00bb<\/em><\/h6>\n<\/td>\n<\/tr>\n<tr>\n<td width=\"671\">\n<h6>16h00\u201317h30 : <em>Repr\u00e9senter et se repr\u00e9senter le Moyen \u00c2ge<\/em><\/h6>\n<p>Pr\u00e9sidence : Myl\u00e8ne B\u00e9dard (U. Laval)<\/p>\n<ul>\n<li><strong>Micha\u00ebl Blais <\/strong>(U. de Montr\u00e9al) : \u00ab Repr\u00e9sentations du Moyen \u00c2ge dans les romans qu\u00e9b\u00e9cois contemporains\u2009: Dominique Fortier et Jean Marcel \u00bb<\/li>\n<li><strong>Marie Raulier<\/strong>\u00a0(Basel Universit\u00e4t)\u00a0: \u00ab\u00a0L\u2019insaisissable Moyen \u00c2ge de Saint-Denys Garneau\u00a0\u00bb<\/li>\n<li><strong>Guillaume Bellehumeur<\/strong> (U. McGill \/ Coll\u00e8ge Montmorency) : \u00ab La \u201cfatigue culturelle\u201d de Jeanne d&rsquo;Arc : le Moyen \u00c2ge du Grand Cirque ordinaire, entre contre-culture et nationalisme \u00bb<\/li>\n<\/ul>\n<\/td>\n<\/tr>\n<tr>\n<td width=\"671\">\n<h6>20h30 :\u00a0<em>Souper chez Nina pizza napolitaine, St-Roch (410 rue Saint-Anselme)<\/em><\/h6>\n<\/td>\n<\/tr>\n<\/tbody>\n<\/table>\n<h1><strong>Samedi, 8 f\u00e9vrier 2025<\/strong><\/h1>\n<table style=\"height: 961px\" width=\"474\">\n<tbody>\n<tr>\n<td width=\"671\">\n<h6>9h30\u201311h00 : <em>Le Moyen \u00c2ge dans le syst\u00e8me scolaire qu\u00e9b\u00e9cois, d\u2019hier \u00e0 aujourd\u2019hui<\/em><\/h6>\n<p>Pr\u00e9sidence : Louise Bienvenue (U. de Sherbrooke)<\/p>\n<ul>\n<li><strong>Johanne Charest<\/strong> (C\u00e9gep de Sept-\u00celes \/ CRILCQ) : \u00ab Les traces du Moyen \u00e2ge dans la production litt\u00e9raire d\u2019\u00e9crivains issus du cours classique \u00bb<\/li>\n<li><strong>Kim Labelle<\/strong>\u00a0(U.\u00a0Laval \/ C\u00e9gep Garneau)\u00a0: \u00ab\u00a0Pour un nouveau souffle du Moyen \u00c2ge : r\u00e9flexions sur l\u2019enseignement de la litt\u00e9rature m\u00e9di\u00e9vale au coll\u00e9gial\u00a0\u00bb<\/li>\n<li><strong>Julien Valli\u00e8res<\/strong>\u00a0(U.\u00a0McGill)\u00a0: \u00ab\u00a0\u201cEn la docte et sapiente et son quartier\u201d : appropriation de la r\u00e9f\u00e9rence m\u00e9di\u00e9vale dans trois p\u00e9riodiques du Quartier latin de Montr\u00e9al (1914-1917)\u00a0\u00bb<\/li>\n<\/ul>\n<\/td>\n<\/tr>\n<tr>\n<td width=\"671\">\n<h6>11h20\u201312h50 : <em>Le Qu\u00e9bec au miroir du Moyen \u00c2ge (1\/2)<\/em><\/h6>\n<p>Pr\u00e9sidence : Pierre-Luc Brisson (U. Laval)<\/p>\n<ul>\n<li><strong>Kouky Fianu <\/strong>(U.\u00a0d\u2019Ottawa)\u00a0et <strong>Bertrand Labasse\u00a0<\/strong>(U. d\u2019Ottawa), avec la collaboration de <strong>Julien Desautels<\/strong> (chercheur ind\u00e9pendant) : \u00ab Un Moyen \u00c2ge venu de loin : r\u00e9ception et repr\u00e9sentation du Moyen \u00c2ge dans la presse franco-canadienne \u00bb<\/li>\n<li><strong>Michel H\u00e9bert<\/strong>\u00a0(UQAM)\u00a0: \u00ab\u00a0La figure de Jeanne d\u2019Arc au Canada fran\u00e7ais (1860-1940)\u00a0: la catholique, l\u2019h\u00e9ro\u00efne, la sainte\u00a0\u00bb<\/li>\n<\/ul>\n<\/td>\n<\/tr>\n<tr>\n<td width=\"671\">\n<h6>14h00\u201315h30 : <em>Le Qu\u00e9bec au miroir du Moyen \u00c2ge (2\/2)<\/em><\/h6>\n<p>Pr\u00e9sidence : Alexandre Dub\u00e9 (UQAC)<\/p>\n<ul>\n<li><strong>Christian Jaouich<\/strong>\u00a0(Minist\u00e8re du Conseil ex\u00e9cutif)\u00a0: \u00ab\u00a0\u201cNotre soci\u00e9t\u00e9 redevenue de type m\u00e9rovingien\u201d : usages et r\u00e9f\u00e9rences au Moyen \u00c2ge dans la revue Cit\u00e9 libre (1950-1966)\u00a0\u00bb<\/li>\n<li><strong>Jonathan Livernois<\/strong> (U.\u00a0Laval)<strong>\u00a0<\/strong>: \u00ab\u00a0Vivre notre \u201cMoyen \u00c2ge avant notre antiquit\u00e9\u201d\u00a0: r\u00e9flexions \u00e0 partir d\u2019une id\u00e9e de Jacques Brault\u00a0\u00bb<\/li>\n<li><strong>Rapha\u00eblle D\u00e9clo\u00eetre <\/strong>(U.\u00a0Laval \/ Coll\u00e8ge Marianopolis) et<strong> Madeline Tessier<\/strong> (U.\u00a0McGill)\u00a0: \u00ab\u00a0\u00catre femme pendant le \u201cmoyen-\u00e2ge qu\u00e9b\u00e9cois\u201d : le m\u00e9di\u00e9valisme comme mise \u00e0 mal du patriarcat dans quelques textes f\u00e9ministes (1970-80)\u00a0\u00bb<\/li>\n<\/ul>\n<\/td>\n<\/tr>\n<tr>\n<td width=\"671\">\n<h6>16h00\u201317h00 <em>: Remarques de conclusion\u00a0: <strong>Louise Bienvenue<\/strong> (U. de Sherbrooke), <strong>Isabelle Cochelin<\/strong> (U.\u00a0de Toronto) et <strong>Elsa Guyot<\/strong> (chercheuse ind\u00e9pendante)<\/em><\/h6>\n<\/td>\n<\/tr>\n<\/tbody>\n<\/table>\n<p><img loading=\"lazy\" decoding=\"async\" class=\"attachment-twentyfourteen-full-width size-twentyfourteen-full-width wp-post-image\" src=\"https:\/\/colloques.uqac.ca\/medievalisme-quebec\/files\/2024\/12\/NUM_ColloqueMedievalisme_WebAncienUne672X372.jpg\" alt=\"\" width=\"896\" height=\"496\" \/><\/p>\n","protected":false},"excerpt":{"rendered":"<p>Jeudi, 6 f\u00e9vrier 2025 13h00\u201313h30 : Accueil des participants et participantes et mot de bienvenue 13h30\u201315h00 : Continuit\u00e9s religieuses : de l\u2019art \u00e0 la doctrine Pr\u00e9sidence : Laura Moncion (U. of Notre-Dame) Hugues Dupuis (U.\u00a0Laval)\u00a0: \u00ab\u00a0Les gisants de Mgr Fran\u00e7ois de Laval\u00a0: perp\u00e9tuelle r\u00e9affirmation d\u2019un culte \u00bb Vincent Perras\u00a0(U.\u00a0de Montr\u00e9al)\u00a0: \u00ab\u00a0De la Chr\u00e9tient\u00e9 \u00e0 la &hellip; <a href=\"https:\/\/colloques.uqac.ca\/medievalisme-quebec\/programme\/\" class=\"more-link\">Continuer la lecture de <span class=\"screen-reader-text\">Programme<\/span>  <span class=\"meta-nav\">&rarr;<\/span><\/a><\/p>\n","protected":false},"author":102,"featured_media":0,"parent":0,"menu_order":0,"comment_status":"closed","ping_status":"closed","template":"","meta":{"footnotes":""},"_links":{"self":[{"href":"https:\/\/colloques.uqac.ca\/medievalisme-quebec\/wp-json\/wp\/v2\/pages\/81"}],"collection":[{"href":"https:\/\/colloques.uqac.ca\/medievalisme-quebec\/wp-json\/wp\/v2\/pages"}],"about":[{"href":"https:\/\/colloques.uqac.ca\/medievalisme-quebec\/wp-json\/wp\/v2\/types\/page"}],"author":[{"embeddable":true,"href":"https:\/\/colloques.uqac.ca\/medievalisme-quebec\/wp-json\/wp\/v2\/users\/102"}],"replies":[{"embeddable":true,"href":"https:\/\/colloques.uqac.ca\/medievalisme-quebec\/wp-json\/wp\/v2\/comments?post=81"}],"version-history":[{"count":27,"href":"https:\/\/colloques.uqac.ca\/medievalisme-quebec\/wp-json\/wp\/v2\/pages\/81\/revisions"}],"predecessor-version":[{"id":181,"href":"https:\/\/colloques.uqac.ca\/medievalisme-quebec\/wp-json\/wp\/v2\/pages\/81\/revisions\/181"}],"wp:attachment":[{"href":"https:\/\/colloques.uqac.ca\/medievalisme-quebec\/wp-json\/wp\/v2\/media?parent=81"}],"curies":[{"name":"wp","href":"https:\/\/api.w.org\/{rel}","templated":true}]}}