{"id":7,"date":"2013-09-10T18:41:15","date_gmt":"2013-09-10T18:41:15","guid":{"rendered":"http:\/\/colloques.uqac.ca\/modelecolloque\/?page_id=7"},"modified":"2024-12-11T15:57:29","modified_gmt":"2024-12-11T20:57:29","slug":"accueil","status":"publish","type":"page","link":"https:\/\/colloques.uqac.ca\/medievalisme-quebec\/","title":{"rendered":"ACCUEIL"},"content":{"rendered":"<h1 style=\"text-align: left\">LE M\u00c9DI\u00c9VALISME AU QU\u00c9BEC<\/h1>\n<h3 style=\"text-align: left\">Colloque international<br \/>\n6, 7, 8 f\u00e9vrier 2025<br \/>\nMonast\u00e8re des Augustines, Qu\u00e9bec<\/h3>\n<p>&nbsp;<\/p>\n<p>Salutations \u00e0 toutes et \u00e0 tous,<\/p>\n<p>Le colloque \u00ab\u00a0Le m\u00e9di\u00e9valisme au Qu\u00e9bec\u00a0: \u00e9tudes, repr\u00e9sentations et usages du Moyen \u00c2ge dans la soci\u00e9t\u00e9 qu\u00e9b\u00e9coise\u00a0\u00bb r\u00e9unira pr\u00e8s d\u2019une quarantaine de chercheurs et chercheuses du Qu\u00e9bec et d\u2019ailleurs pour explorer la r\u00e9ception et l\u2019actualisation du Moyen \u00c2ge dans la soci\u00e9t\u00e9 qu\u00e9b\u00e9coise. Il a pour objectif de rep\u00e9rer et d\u2019identifier les caract\u00e8res originaux du m\u00e9di\u00e9valisme qu\u00e9b\u00e9cois, \u00e0 la fois pour comprendre les logiques sociales qui pr\u00e9sident \u00e0 leur existence et pour tenter de mettre au jour des mouvements de fond de la culture et de la soci\u00e9t\u00e9 qu\u00e9b\u00e9coises.<\/p>\n<p>Cet \u00e9v\u00e9nement est ouvert \u00e0 toutes les disciplines (histoire, litt\u00e9rature, histoire de l\u2019art, philosophie, architecture, etc.) par lesquelles on peut appr\u00e9hender la r\u00e9ception <u>mat\u00e9rielle<\/u> (collections mus\u00e9ales, fonds archivistiques, paysage seigneurial, architecture n\u00e9ogothique) et <u>id\u00e9elle<\/u> (discours litt\u00e9raire, politique, religieux) du pass\u00e9 m\u00e9di\u00e9val au Qu\u00e9bec et au Canada fran\u00e7ais depuis 1867.<\/p>\n<p>Pour nous joindre :\u00a0 <a style=\"color: #6b8915\" href=\"mailto:medievalisme.quebecois@gmail.com\"><strong>medievalisme.quebecois@gmail.com<\/strong><\/a><\/p>\n<p>&nbsp;<\/p>\n<p><a href=\"https:\/\/colloques.uqac.ca\/medievalisme-quebec\/programmation\/\"><img loading=\"lazy\" decoding=\"async\" class=\"aligncenter wp-image-140 size-full\" src=\"https:\/\/colloques.uqac.ca\/medievalisme-quebec\/files\/2024\/12\/LOGOS-1.jpg\" alt=\"\" width=\"1875\" height=\"228\" srcset=\"https:\/\/colloques.uqac.ca\/medievalisme-quebec\/files\/2024\/12\/LOGOS-1.jpg 1875w, https:\/\/colloques.uqac.ca\/medievalisme-quebec\/files\/2024\/12\/LOGOS-1-300x36.jpg 300w, https:\/\/colloques.uqac.ca\/medievalisme-quebec\/files\/2024\/12\/LOGOS-1-1024x125.jpg 1024w, https:\/\/colloques.uqac.ca\/medievalisme-quebec\/files\/2024\/12\/LOGOS-1-768x93.jpg 768w, https:\/\/colloques.uqac.ca\/medievalisme-quebec\/files\/2024\/12\/LOGOS-1-1536x187.jpg 1536w\" sizes=\"(max-width: 1875px) 100vw, 1875px\" \/><\/a><\/p>\n<p>&nbsp;<\/p>\n<p>&nbsp;<\/p>\n","protected":false},"excerpt":{"rendered":"<p>LE M\u00c9DI\u00c9VALISME AU QU\u00c9BEC Colloque international 6, 7, 8 f\u00e9vrier 2025 Monast\u00e8re des Augustines, Qu\u00e9bec &nbsp; Salutations \u00e0 toutes et \u00e0 tous, Le colloque \u00ab\u00a0Le m\u00e9di\u00e9valisme au Qu\u00e9bec\u00a0: \u00e9tudes, repr\u00e9sentations et usages du Moyen \u00c2ge dans la soci\u00e9t\u00e9 qu\u00e9b\u00e9coise\u00a0\u00bb r\u00e9unira pr\u00e8s d\u2019une quarantaine de chercheurs et chercheuses du Qu\u00e9bec et d\u2019ailleurs pour explorer la r\u00e9ception &hellip; <a href=\"https:\/\/colloques.uqac.ca\/medievalisme-quebec\/\" class=\"more-link\">Continuer la lecture de <span class=\"screen-reader-text\">ACCUEIL<\/span>  <span class=\"meta-nav\">&rarr;<\/span><\/a><\/p>\n","protected":false},"author":5,"featured_media":101,"parent":0,"menu_order":0,"comment_status":"closed","ping_status":"closed","template":"page-templates\/full-width.php","meta":{"footnotes":""},"_links":{"self":[{"href":"https:\/\/colloques.uqac.ca\/medievalisme-quebec\/wp-json\/wp\/v2\/pages\/7"}],"collection":[{"href":"https:\/\/colloques.uqac.ca\/medievalisme-quebec\/wp-json\/wp\/v2\/pages"}],"about":[{"href":"https:\/\/colloques.uqac.ca\/medievalisme-quebec\/wp-json\/wp\/v2\/types\/page"}],"author":[{"embeddable":true,"href":"https:\/\/colloques.uqac.ca\/medievalisme-quebec\/wp-json\/wp\/v2\/users\/5"}],"replies":[{"embeddable":true,"href":"https:\/\/colloques.uqac.ca\/medievalisme-quebec\/wp-json\/wp\/v2\/comments?post=7"}],"version-history":[{"count":24,"href":"https:\/\/colloques.uqac.ca\/medievalisme-quebec\/wp-json\/wp\/v2\/pages\/7\/revisions"}],"predecessor-version":[{"id":62,"href":"https:\/\/colloques.uqac.ca\/medievalisme-quebec\/wp-json\/wp\/v2\/pages\/7\/revisions\/62"}],"wp:featuredmedia":[{"embeddable":true,"href":"https:\/\/colloques.uqac.ca\/medievalisme-quebec\/wp-json\/wp\/v2\/media\/101"}],"wp:attachment":[{"href":"https:\/\/colloques.uqac.ca\/medievalisme-quebec\/wp-json\/wp\/v2\/media?parent=7"}],"curies":[{"name":"wp","href":"https:\/\/api.w.org\/{rel}","templated":true}]}}