{"id":17,"date":"2013-09-10T18:44:47","date_gmt":"2013-09-10T18:44:47","guid":{"rendered":"http:\/\/colloques.uqac.ca\/modelecolloque\/?page_id=17"},"modified":"2024-12-07T11:13:27","modified_gmt":"2024-12-07T16:13:27","slug":"inscription","status":"publish","type":"page","link":"https:\/\/colloques.uqac.ca\/medievalisme-quebec\/inscription\/","title":{"rendered":"Inscription"},"content":{"rendered":"<p>Le colloque est gratuit et ouvert \u00e0 toutes et \u00e0 tous. Celui-ci se tiendra en pr\u00e9sence seulement au Monast\u00e8re des Augustines (Qu\u00e9bec).<\/p>\n<p>Les membres du public int\u00e9ress\u00e9.e.s \u00e0 y participer sont pri\u00e9.e.s d\u2019envoyer un courriel signifiant leur pr\u00e9sence \u00e0 l\u2019adresse suivante\u00a0: <a href=\"mailto:medievalisme.quebecois@gmail.com\"><strong>medievalisme.quebecois@gmail.com<\/strong><\/a><\/p>\n<p>&nbsp;<\/p>\n","protected":false},"excerpt":{"rendered":"<p>Le colloque est gratuit et ouvert \u00e0 toutes et \u00e0 tous. Celui-ci se tiendra en pr\u00e9sence seulement au Monast\u00e8re des Augustines (Qu\u00e9bec). Les membres du public int\u00e9ress\u00e9.e.s \u00e0 y participer sont pri\u00e9.e.s d\u2019envoyer un courriel signifiant leur pr\u00e9sence \u00e0 l\u2019adresse suivante\u00a0: medievalisme.quebecois@gmail.com &nbsp;<\/p>\n","protected":false},"author":5,"featured_media":0,"parent":0,"menu_order":0,"comment_status":"closed","ping_status":"closed","template":"","meta":{"footnotes":""},"_links":{"self":[{"href":"https:\/\/colloques.uqac.ca\/medievalisme-quebec\/wp-json\/wp\/v2\/pages\/17"}],"collection":[{"href":"https:\/\/colloques.uqac.ca\/medievalisme-quebec\/wp-json\/wp\/v2\/pages"}],"about":[{"href":"https:\/\/colloques.uqac.ca\/medievalisme-quebec\/wp-json\/wp\/v2\/types\/page"}],"author":[{"embeddable":true,"href":"https:\/\/colloques.uqac.ca\/medievalisme-quebec\/wp-json\/wp\/v2\/users\/5"}],"replies":[{"embeddable":true,"href":"https:\/\/colloques.uqac.ca\/medievalisme-quebec\/wp-json\/wp\/v2\/comments?post=17"}],"version-history":[{"count":3,"href":"https:\/\/colloques.uqac.ca\/medievalisme-quebec\/wp-json\/wp\/v2\/pages\/17\/revisions"}],"predecessor-version":[{"id":79,"href":"https:\/\/colloques.uqac.ca\/medievalisme-quebec\/wp-json\/wp\/v2\/pages\/17\/revisions\/79"}],"wp:attachment":[{"href":"https:\/\/colloques.uqac.ca\/medievalisme-quebec\/wp-json\/wp\/v2\/media?parent=17"}],"curies":[{"name":"wp","href":"https:\/\/api.w.org\/{rel}","templated":true}]}}