{"id":13,"date":"2013-09-10T18:42:30","date_gmt":"2013-09-10T18:42:30","guid":{"rendered":"http:\/\/colloques.uqac.ca\/modelecolloque\/?page_id=13"},"modified":"2024-12-13T11:47:31","modified_gmt":"2024-12-13T16:47:31","slug":"comite","status":"publish","type":"page","link":"https:\/\/colloques.uqac.ca\/medievalisme-quebec\/comite\/","title":{"rendered":"Comit\u00e9 organisateur"},"content":{"rendered":"<h2><u>Rapha\u00eblle D\u00e9clo\u00eetre<\/u><\/h2>\n<p><a href=\"https:\/\/colloques.uqac.ca\/medievalisme-quebec\/files\/2024\/12\/DSC_0154-scaled.jpeg\"><img loading=\"lazy\" decoding=\"async\" class=\"size-medium wp-image-159 alignright\" src=\"https:\/\/colloques.uqac.ca\/medievalisme-quebec\/files\/2024\/12\/DSC_0154-205x300.jpeg\" alt=\"\" width=\"205\" height=\"300\" srcset=\"https:\/\/colloques.uqac.ca\/medievalisme-quebec\/files\/2024\/12\/DSC_0154-205x300.jpeg 205w, https:\/\/colloques.uqac.ca\/medievalisme-quebec\/files\/2024\/12\/DSC_0154-700x1024.jpeg 700w, https:\/\/colloques.uqac.ca\/medievalisme-quebec\/files\/2024\/12\/DSC_0154-768x1123.jpeg 768w, https:\/\/colloques.uqac.ca\/medievalisme-quebec\/files\/2024\/12\/DSC_0154-1050x1536.jpeg 1050w, https:\/\/colloques.uqac.ca\/medievalisme-quebec\/files\/2024\/12\/DSC_0154-1401x2048.jpeg 1401w, https:\/\/colloques.uqac.ca\/medievalisme-quebec\/files\/2024\/12\/DSC_0154-300x439.jpeg 300w, https:\/\/colloques.uqac.ca\/medievalisme-quebec\/files\/2024\/12\/DSC_0154-scaled.jpeg 1751w\" sizes=\"(max-width: 205px) 100vw, 205px\" \/><\/a>Rapha\u00eblle D\u00e9clo\u00eetre est professeure de litt\u00e9rature au coll\u00e8ge Marianopolis et stagiaire postdoctorale \u00e0 l\u2019Universit\u00e9 Laval. En 2022, elle a soutenu une th\u00e8se de doctorat en litt\u00e9rature fran\u00e7aise du Moyen \u00c2ge (Universit\u00e9 McGill \/ Universit\u00e9 Grenoble Alpes), dans le cadre de laquelle elle s&rsquo;est int\u00e9ress\u00e9e aux \u00e9critures all\u00e9goriques de la fin du Moyen \u00c2ge et au rapport que ces \u00e9critures tardives entretiennent vis-\u00e0-vis leur filiation po\u00e9tique. Ses recherches postdoctorales ont quant \u00e0 elles entrepris de d\u00e9placer les questions de r\u00e9ception et de filiation dans le temps long, pour \u00e9tudier le r\u00f4le des r\u00e9f\u00e9rences m\u00e9di\u00e9vales dans le projet de \u00ab fondation \u00bb de la litt\u00e9rature qu\u00e9b\u00e9coise (1950-1960).<\/p>\n<h2><u>Fran\u00e7ois-Olivier Dorais\u00a0<\/u><\/h2>\n<p><a href=\"https:\/\/colloques.uqac.ca\/medievalisme-quebec\/files\/2024\/12\/19052022-Francois-Olivier-Dorais-2_BR.jpeg\"><img loading=\"lazy\" decoding=\"async\" class=\"size-medium wp-image-94 alignright\" src=\"https:\/\/colloques.uqac.ca\/medievalisme-quebec\/files\/2024\/12\/19052022-Francois-Olivier-Dorais-2_BR-200x300.jpeg\" alt=\"\" width=\"200\" height=\"300\" srcset=\"https:\/\/colloques.uqac.ca\/medievalisme-quebec\/files\/2024\/12\/19052022-Francois-Olivier-Dorais-2_BR-200x300.jpeg 200w, https:\/\/colloques.uqac.ca\/medievalisme-quebec\/files\/2024\/12\/19052022-Francois-Olivier-Dorais-2_BR-683x1024.jpeg 683w, https:\/\/colloques.uqac.ca\/medievalisme-quebec\/files\/2024\/12\/19052022-Francois-Olivier-Dorais-2_BR-768x1152.jpeg 768w, https:\/\/colloques.uqac.ca\/medievalisme-quebec\/files\/2024\/12\/19052022-Francois-Olivier-Dorais-2_BR-1024x1536.jpeg 1024w, https:\/\/colloques.uqac.ca\/medievalisme-quebec\/files\/2024\/12\/19052022-Francois-Olivier-Dorais-2_BR-300x450.jpeg 300w, https:\/\/colloques.uqac.ca\/medievalisme-quebec\/files\/2024\/12\/19052022-Francois-Olivier-Dorais-2_BR.jpeg 1346w\" sizes=\"(max-width: 200px) 100vw, 200px\" \/><\/a>Professeur agr\u00e9g\u00e9 \u00e0 l\u2019Universit\u00e9 du Qu\u00e9bec \u00e0 Chicoutimi, Fran\u00e7ois-Olivier Dorais enseigne l\u2019histoire du Qu\u00e9bec et du Canada aux XIX<sup>e <\/sup>et\u00a0XX<sup>e<\/sup> si\u00e8cles, l\u2019histoire r\u00e9gionale et l\u2019initiation \u00e0 la d\u00e9marche historienne. Ses recherches se partagent entre l\u2019histoire culturelle et intellectuelle au Qu\u00e9bec, l\u2019historiographie, l\u2019histoire de la culture savante et\u00a0l\u2019histoire des francophonies minoritaires au Canada.<\/p>\n<p>Membres des comit\u00e9s de r\u00e9daction des revues Mens et <em>Recherches sociographiques<\/em> et co-directeur de la collection \u00ab Fabrique d\u2019histoire \u00bb aux Presses de l\u2019Universit\u00e9 Laval, il est notamment l\u2019auteur de <em>L\u2019\u00e9cole historique de Qu\u00e9bec. Une histoire intellectuelle<\/em> (Bor\u00e9al, 2022) et co-auteur (avec Louise Bienvenue) de <em>Profession historienne? Les femmes dans la production et la diffusion des sciences historiques, XIX<sup>e<\/sup>-XX<sup>e<\/sup> si\u00e8cles<\/em> (PUL, 2023).<\/p>\n<h2><u>Arnaud Montreuil <\/u><\/h2>\n<p><a href=\"https:\/\/colloques.uqac.ca\/medievalisme-quebec\/files\/2024\/12\/thumbnail_Arnaud-Montreuil_staillo_RDM.jpg\"><img loading=\"lazy\" decoding=\"async\" class=\"size-full wp-image-93 alignright\" src=\"https:\/\/colloques.uqac.ca\/medievalisme-quebec\/files\/2024\/12\/thumbnail_Arnaud-Montreuil_staillo_RDM.jpg\" alt=\"\" width=\"225\" height=\"300\" \/><\/a>Professeur adjoint en histoire \u00e0 l\u2019Universit\u00e9 du Qu\u00e9bec \u00e0 Chicoutimi, Arnaud Montreuil est titulaire d\u2019un doctorat en histoire de Paris 1 Panth\u00e9on-Sorbonne et de l\u2019Universit\u00e9 d\u2019Ottawa. Ses recherches portent principalement sur la sociologie historique de la chevalerie et des groupes dominants dans l\u2019Europe m\u00e9di\u00e9vale. Il s\u2019int\u00e9resse aussi \u00e0 l\u2019histoire seigneuriale dans la longue dur\u00e9e, aux caract\u00e8res m\u00e9di\u00e9vaux des soci\u00e9t\u00e9s coloniales nord-am\u00e9ricaines, aux usages sociaux du pass\u00e9 m\u00e9di\u00e9val par les soci\u00e9t\u00e9s contemporaines (m\u00e9di\u00e9valisme), ainsi qu\u2019\u00e0 la communication politique qu\u00e9b\u00e9coise.<\/p>\n<p>Sa th\u00e8se, soutenue en septembre 2022 et intitul\u00e9e\u00a0<em>\u00c9crire, d\u00e9crire et saisir l\u2019adoubement chevaleresque : une histoire de l\u2019hippotogen\u00e8se dans l\u2019Europe du Nord-Ouest, le Midi de la France et l\u2019Italie centro-septentrionale (v.1175 \u2013 v.1300)<\/em>, a \u00e9t\u00e9 r\u00e9compens\u00e9e du prix Boyle 2023 pour la meilleure th\u00e8se de la Soci\u00e9t\u00e9 canadienne des m\u00e9di\u00e9vistes.<\/p>\n<p>Il est \u00e9galement membre du comit\u00e9 directeur du fichier BALSAC, une infrastructure de recherche intersectorielle majeure situ\u00e9e \u00e0 l\u2019UQAC qui contribue au rayonnement scientifique du Qu\u00e9bec, et membre du comit\u00e9 de r\u00e9daction de la revue scientifique\u00a0<em>Memini. Travaux et documents<\/em>.<\/p>\n","protected":false},"excerpt":{"rendered":"<p>Rapha\u00eblle D\u00e9clo\u00eetre Rapha\u00eblle D\u00e9clo\u00eetre est professeure de litt\u00e9rature au coll\u00e8ge Marianopolis et stagiaire postdoctorale \u00e0 l\u2019Universit\u00e9 Laval. En 2022, elle a soutenu une th\u00e8se de doctorat en litt\u00e9rature fran\u00e7aise du Moyen \u00c2ge (Universit\u00e9 McGill \/ Universit\u00e9 Grenoble Alpes), dans le cadre de laquelle elle s&rsquo;est int\u00e9ress\u00e9e aux \u00e9critures all\u00e9goriques de la fin du Moyen \u00c2ge &hellip; <a href=\"https:\/\/colloques.uqac.ca\/medievalisme-quebec\/comite\/\" class=\"more-link\">Continuer la lecture de <span class=\"screen-reader-text\">Comit\u00e9 organisateur<\/span>  <span class=\"meta-nav\">&rarr;<\/span><\/a><\/p>\n","protected":false},"author":5,"featured_media":0,"parent":0,"menu_order":0,"comment_status":"closed","ping_status":"closed","template":"","meta":{"footnotes":""},"_links":{"self":[{"href":"https:\/\/colloques.uqac.ca\/medievalisme-quebec\/wp-json\/wp\/v2\/pages\/13"}],"collection":[{"href":"https:\/\/colloques.uqac.ca\/medievalisme-quebec\/wp-json\/wp\/v2\/pages"}],"about":[{"href":"https:\/\/colloques.uqac.ca\/medievalisme-quebec\/wp-json\/wp\/v2\/types\/page"}],"author":[{"embeddable":true,"href":"https:\/\/colloques.uqac.ca\/medievalisme-quebec\/wp-json\/wp\/v2\/users\/5"}],"replies":[{"embeddable":true,"href":"https:\/\/colloques.uqac.ca\/medievalisme-quebec\/wp-json\/wp\/v2\/comments?post=13"}],"version-history":[{"count":7,"href":"https:\/\/colloques.uqac.ca\/medievalisme-quebec\/wp-json\/wp\/v2\/pages\/13\/revisions"}],"predecessor-version":[{"id":161,"href":"https:\/\/colloques.uqac.ca\/medievalisme-quebec\/wp-json\/wp\/v2\/pages\/13\/revisions\/161"}],"wp:attachment":[{"href":"https:\/\/colloques.uqac.ca\/medievalisme-quebec\/wp-json\/wp\/v2\/media?parent=13"}],"curies":[{"name":"wp","href":"https:\/\/api.w.org\/{rel}","templated":true}]}}