{"id":11,"date":"2013-09-10T18:42:10","date_gmt":"2013-09-10T18:42:10","guid":{"rendered":"http:\/\/colloques.uqac.ca\/modelecolloque\/?page_id=11"},"modified":"2024-12-07T11:14:16","modified_gmt":"2024-12-07T16:14:16","slug":"hebergement","status":"publish","type":"page","link":"https:\/\/colloques.uqac.ca\/medievalisme-quebec\/hebergement\/","title":{"rendered":"Info pratiques"},"content":{"rendered":"<p>Le colloque se tiendra les 6, 7 et 8 f\u00e9vrier 2025 au <a href=\"https:\/\/monastere.ca\/\">Monast\u00e8re des Augustines<\/a>, dans la ville de Qu\u00e9bec (77, rue des Remparts).<\/p>\n<p>Pour toutes questions relatives \u00e0 l\u2019acc\u00e8s au lieu, veuillez vous rendre \u00e0 <a href=\"https:\/\/monastere.ca\/foire-aux-questions\/\">cette page<\/a>.<\/p>\n","protected":false},"excerpt":{"rendered":"<p>Le colloque se tiendra les 6, 7 et 8 f\u00e9vrier 2025 au Monast\u00e8re des Augustines, dans la ville de Qu\u00e9bec (77, rue des Remparts). Pour toutes questions relatives \u00e0 l\u2019acc\u00e8s au lieu, veuillez vous rendre \u00e0 cette page.<\/p>\n","protected":false},"author":5,"featured_media":0,"parent":0,"menu_order":0,"comment_status":"closed","ping_status":"closed","template":"","meta":{"footnotes":""},"_links":{"self":[{"href":"https:\/\/colloques.uqac.ca\/medievalisme-quebec\/wp-json\/wp\/v2\/pages\/11"}],"collection":[{"href":"https:\/\/colloques.uqac.ca\/medievalisme-quebec\/wp-json\/wp\/v2\/pages"}],"about":[{"href":"https:\/\/colloques.uqac.ca\/medievalisme-quebec\/wp-json\/wp\/v2\/types\/page"}],"author":[{"embeddable":true,"href":"https:\/\/colloques.uqac.ca\/medievalisme-quebec\/wp-json\/wp\/v2\/users\/5"}],"replies":[{"embeddable":true,"href":"https:\/\/colloques.uqac.ca\/medievalisme-quebec\/wp-json\/wp\/v2\/comments?post=11"}],"version-history":[{"count":2,"href":"https:\/\/colloques.uqac.ca\/medievalisme-quebec\/wp-json\/wp\/v2\/pages\/11\/revisions"}],"predecessor-version":[{"id":80,"href":"https:\/\/colloques.uqac.ca\/medievalisme-quebec\/wp-json\/wp\/v2\/pages\/11\/revisions\/80"}],"wp:attachment":[{"href":"https:\/\/colloques.uqac.ca\/medievalisme-quebec\/wp-json\/wp\/v2\/media?parent=11"}],"curies":[{"name":"wp","href":"https:\/\/api.w.org\/{rel}","templated":true}]}}