{"id":7,"date":"2013-09-10T18:41:15","date_gmt":"2013-09-10T18:41:15","guid":{"rendered":"http:\/\/colloques.uqac.ca\/modelecolloque\/?page_id=7"},"modified":"2023-10-03T12:38:03","modified_gmt":"2023-10-03T17:38:03","slug":"accueil","status":"publish","type":"page","link":"https:\/\/colloques.uqac.ca\/libobs\/","title":{"rendered":"Symposium"},"content":{"rendered":"<h1>La libert\u00e9 d\u2019expression en question\u00a0: gouvernance, rapports de pouvoir et in\u00e9galit\u00e9s sociales<\/h1>\n<h4><strong>Th\u00e9matique<\/strong><\/h4>\n<p>La d\u00e9fense de la libert\u00e9 d\u2019expression et les r\u00e9flexions sur les mani\u00e8res de la justifier ont historiquement \u00e9t\u00e9 li\u00e9es \u00e0 diff\u00e9rentes controverses concernant sa nature et ses limites. On s\u2019est donc souvent pench\u00e9 sur la question des modes de r\u00e9gulation. Mais en amont de ces derniers, et tout aussi importants, se dressent une s\u00e9rie d\u2019enjeux relatifs aux in\u00e9galit\u00e9s sociales. En effet, ces derni\u00e8res limitent de mani\u00e8re asym\u00e9trique les capacit\u00e9s expressives, restreignant la possibilit\u00e9 pour certaines personnes de se pr\u00e9valoir de ce droit fondamental. Ces questions surgissent avec d\u2019autant plus d\u2019acuit\u00e9 que l\u2019espace public des soci\u00e9t\u00e9s d\u00e9mocratiques se transforme actuellement sous l\u2019effet d\u2019une s\u00e9rie de ph\u00e9nom\u00e8nes, dont certains ont des impacts importants sur ces derni\u00e8res.<\/p>\n<p>Comment s\u2019arriment croyances et connaissances dans la conversation d\u00e9mocratique, et quel r\u00f4le joue la libert\u00e9 d\u2019expression dans la vis\u00e9e publique de l\u2019exercice? Quels sont les enjeux que soul\u00e8ve l\u2019encadrement des capacit\u00e9s expressives dans les environnements num\u00e9riques, et les cons\u00e9quences des diff\u00e9rentes visions de cet encadrement sur l\u2019espace public d\u00e9mocratique? O\u00f9 en est l\u2019autonomie de l\u2019art et de la litt\u00e9rature, aujourd\u2019hui? Quel sens, et quelle importance les jeunes attribuent-ils \u00e0 la libert\u00e9 d\u2019expression? L\u2019institution judiciaire se pr\u00e9sente-t-elle comme un nouvel espace public? Comment traiter la rh\u00e9torique \u00e9laborant une d\u00e9fense anti-pluraliste de la libert\u00e9 d\u2019expression? Que peut-on invoquer, dans l\u2019espace public, pour justifier certaines restrictions \u00e0 l\u2019expression ou appuyer la neutralit\u00e9 de l\u2019\u00c9tat, et comment comprendre les enjeux politiques et juridiques de la neutralit\u00e9?\u00a0 Une conception n\u00e9gative de la libert\u00e9 d\u2019expression participe-t-elle en r\u00e9alit\u00e9 \u00e0 la reproduction des in\u00e9galit\u00e9s expressives? Voil\u00e0 quelques-unes des questions qui sont au c\u0153ur de ce symposium.<\/p>\n<p>&nbsp;<\/p>\n<p><span class=\"TextRun SCXW122071988 BCX2\" lang=\"FR-CA\" xml:lang=\"FR-CA\"><span class=\"NormalTextRun SCXW122071988 BCX2\">Inscription obligatoire:\u00a0<a href=\"https:\/\/colloques.uqac.ca\/libobs\/inscription\/\">https:\/\/colloques.uqac.ca\/libobs\/inscription<\/a><\/span><\/span><\/p>\n<p>&nbsp;<\/p>\n<p>&nbsp;<\/p>\n<p>&nbsp;<\/p>\n","protected":false},"excerpt":{"rendered":"<p>La libert\u00e9 d\u2019expression en question\u00a0: gouvernance, rapports de pouvoir et in\u00e9galit\u00e9s sociales Th\u00e9matique La d\u00e9fense de la libert\u00e9 d\u2019expression et les r\u00e9flexions sur les mani\u00e8res de la justifier ont historiquement \u00e9t\u00e9 li\u00e9es \u00e0 diff\u00e9rentes controverses concernant sa nature et ses limites. On s\u2019est donc souvent pench\u00e9 sur la question des modes de r\u00e9gulation. Mais en &hellip; <a href=\"https:\/\/colloques.uqac.ca\/libobs\/\" class=\"more-link\">Continuer la lecture de <span class=\"screen-reader-text\">Symposium<\/span>  <span class=\"meta-nav\">&rarr;<\/span><\/a><\/p>\n","protected":false},"author":5,"featured_media":138,"parent":0,"menu_order":0,"comment_status":"closed","ping_status":"closed","template":"","meta":{"footnotes":""},"_links":{"self":[{"href":"https:\/\/colloques.uqac.ca\/libobs\/wp-json\/wp\/v2\/pages\/7"}],"collection":[{"href":"https:\/\/colloques.uqac.ca\/libobs\/wp-json\/wp\/v2\/pages"}],"about":[{"href":"https:\/\/colloques.uqac.ca\/libobs\/wp-json\/wp\/v2\/types\/page"}],"author":[{"embeddable":true,"href":"https:\/\/colloques.uqac.ca\/libobs\/wp-json\/wp\/v2\/users\/5"}],"replies":[{"embeddable":true,"href":"https:\/\/colloques.uqac.ca\/libobs\/wp-json\/wp\/v2\/comments?post=7"}],"version-history":[{"count":20,"href":"https:\/\/colloques.uqac.ca\/libobs\/wp-json\/wp\/v2\/pages\/7\/revisions"}],"predecessor-version":[{"id":226,"href":"https:\/\/colloques.uqac.ca\/libobs\/wp-json\/wp\/v2\/pages\/7\/revisions\/226"}],"wp:featuredmedia":[{"embeddable":true,"href":"https:\/\/colloques.uqac.ca\/libobs\/wp-json\/wp\/v2\/media\/138"}],"wp:attachment":[{"href":"https:\/\/colloques.uqac.ca\/libobs\/wp-json\/wp\/v2\/media?parent=7"}],"curies":[{"name":"wp","href":"https:\/\/api.w.org\/{rel}","templated":true}]}}