{"id":60,"date":"2023-03-07T11:28:44","date_gmt":"2023-03-07T16:28:44","guid":{"rendered":"http:\/\/colloques.uqac.ca\/libobs\/?page_id=60"},"modified":"2023-10-04T12:52:41","modified_gmt":"2023-10-04T17:52:41","slug":"partenaires","status":"publish","type":"page","link":"https:\/\/colloques.uqac.ca\/libobs\/partenaires\/","title":{"rendered":"Partenaires"},"content":{"rendered":"<ul>\n<li>Conseil de recherches en sciences humaines du Canada<\/li>\n<li>Consulat g\u00e9n\u00e9ral de France \u00e0 Qu\u00e9bec<\/li>\n<li>Gouvernement du Qu\u00e9bec<\/li>\n<li>Universit\u00e9 du Qu\u00e9bec \u00e0 Chicoutimi<\/li>\n<li>Centre de recherche interuniversitaire sur la diversit\u00e9 et la d\u00e9mocratie (CRIDAQ)<\/li>\n<li>Laboratoire <em>L\u2019art en proc\u00e8s<\/em><\/li>\n<li>Observatoire sur les enjeux contemporains de la libert\u00e9 d&rsquo;expression &#8211; UQAC<\/li>\n<\/ul>\n<p>&nbsp;<\/p>\n<p>Avec l&rsquo;appui financier de :<\/p>\n<p><a href=\"https:\/\/colloques.uqac.ca\/libobs\/files\/2023\/03\/MicrosoftTeams-image.jpg\"><img loading=\"lazy\" decoding=\"async\" class=\"alignnone size-full wp-image-231\" src=\"https:\/\/colloques.uqac.ca\/libobs\/files\/2023\/03\/MicrosoftTeams-image.jpg\" alt=\"MicrosoftTeams-image\" width=\"672\" height=\"363\" srcset=\"https:\/\/colloques.uqac.ca\/libobs\/files\/2023\/03\/MicrosoftTeams-image.jpg 672w, https:\/\/colloques.uqac.ca\/libobs\/files\/2023\/03\/MicrosoftTeams-image-300x162.jpg 300w\" sizes=\"(max-width: 672px) 100vw, 672px\" \/><\/a><\/p>\n","protected":false},"excerpt":{"rendered":"<p>Conseil de recherches en sciences humaines du Canada Consulat g\u00e9n\u00e9ral de France \u00e0 Qu\u00e9bec Gouvernement du Qu\u00e9bec Universit\u00e9 du Qu\u00e9bec \u00e0 Chicoutimi Centre de recherche interuniversitaire sur la diversit\u00e9 et la d\u00e9mocratie (CRIDAQ) Laboratoire L\u2019art en proc\u00e8s Observatoire sur les enjeux contemporains de la libert\u00e9 d&rsquo;expression &#8211; UQAC &nbsp; Avec l&rsquo;appui financier de :<\/p>\n","protected":false},"author":75,"featured_media":0,"parent":0,"menu_order":0,"comment_status":"closed","ping_status":"closed","template":"page-templates\/full-width.php","meta":{"footnotes":""},"_links":{"self":[{"href":"https:\/\/colloques.uqac.ca\/libobs\/wp-json\/wp\/v2\/pages\/60"}],"collection":[{"href":"https:\/\/colloques.uqac.ca\/libobs\/wp-json\/wp\/v2\/pages"}],"about":[{"href":"https:\/\/colloques.uqac.ca\/libobs\/wp-json\/wp\/v2\/types\/page"}],"author":[{"embeddable":true,"href":"https:\/\/colloques.uqac.ca\/libobs\/wp-json\/wp\/v2\/users\/75"}],"replies":[{"embeddable":true,"href":"https:\/\/colloques.uqac.ca\/libobs\/wp-json\/wp\/v2\/comments?post=60"}],"version-history":[{"count":19,"href":"https:\/\/colloques.uqac.ca\/libobs\/wp-json\/wp\/v2\/pages\/60\/revisions"}],"predecessor-version":[{"id":232,"href":"https:\/\/colloques.uqac.ca\/libobs\/wp-json\/wp\/v2\/pages\/60\/revisions\/232"}],"wp:attachment":[{"href":"https:\/\/colloques.uqac.ca\/libobs\/wp-json\/wp\/v2\/media?parent=60"}],"curies":[{"name":"wp","href":"https:\/\/api.w.org\/{rel}","templated":true}]}}