{"id":17,"date":"2013-09-10T18:44:47","date_gmt":"2013-09-10T18:44:47","guid":{"rendered":"http:\/\/colloques.uqac.ca\/modelecolloque\/?page_id=17"},"modified":"2023-06-06T07:43:22","modified_gmt":"2023-06-06T12:43:22","slug":"inscription","status":"publish","type":"page","link":"https:\/\/colloques.uqac.ca\/libobs\/inscription\/","title":{"rendered":"Inscription"},"content":{"rendered":"<div class=\"frm_forms  with_frm_style frm_style_formidable-style\" id=\"frm_form_1_container\" >\n<form enctype=\"multipart\/form-data\" method=\"post\" class=\"frm-show-form  frm_pro_form \" id=\"form_ahbuqt\" >\n<div class=\"frm_form_fields \">\n<fieldset>\n\r\n<div class=\"frm_fields_container\">\n<input type=\"hidden\" name=\"frm_action\" value=\"create\" \/>\n<input type=\"hidden\" name=\"form_id\" value=\"1\" \/>\n<input type=\"hidden\" name=\"frm_hide_fields_1\" id=\"frm_hide_fields_1\" value=\"\" \/>\n<input type=\"hidden\" name=\"form_key\" value=\"ahbuqt\" \/>\n<input type=\"hidden\" name=\"item_meta[0]\" value=\"\" \/>\n<input type=\"hidden\" id=\"frm_submit_entry_1\" name=\"frm_submit_entry_1\" value=\"ff3e83c2a5\" \/><input type=\"hidden\" name=\"_wp_http_referer\" value=\"\/libobs\/wp-json\/wp\/v2\/pages\/17\" \/><div id=\"frm_field_1_container\" class=\"frm_form_field form-field  frm_required_field frm_top_container frm_first_half\">\r\n    <label for=\"field_3483tg\" class=\"frm_primary_label\">Pr\u00e9nom\r\n        <span class=\"frm_required\">*<\/span>\r\n    <\/label>\r\n    <input  type=\"text\" id=\"field_3483tg\" name=\"item_meta[1]\" value=\"\"  data-reqmsg=\"Pr\u00e9nom cannot be blank.\" aria-required=\"true\" data-invmsg=\"Pr\u00e9nom est non valide\" aria-invalid=\"false\"   \/>\r\n    \r\n    \r\n<\/div>\n<div id=\"frm_field_2_container\" class=\"frm_form_field form-field  frm_required_field frm_top_container frm_last_half\">\r\n    <label for=\"field_590w0\" class=\"frm_primary_label\">Nom\r\n        <span class=\"frm_required\">*<\/span>\r\n    <\/label>\r\n    <input  type=\"text\" id=\"field_590w0\" name=\"item_meta[2]\" value=\"\"  data-reqmsg=\"Nom cannot be blank.\" aria-required=\"true\" data-invmsg=\"Nom est non valide\" aria-invalid=\"false\"   \/>\r\n    \r\n    \r\n<\/div>\n<div id=\"frm_field_3_container\" class=\"frm_form_field form-field  frm_required_field frm_top_container\">\r\n    <label for=\"field_mxnrek\" class=\"frm_primary_label\">Adresse courriel\r\n        <span class=\"frm_required\">*<\/span>\r\n    <\/label>\r\n    <input type=\"email\" id=\"field_mxnrek\" name=\"item_meta[3]\" value=\"\"  data-reqmsg=\"Adresse courriel cannot be blank.\" aria-required=\"true\" data-invmsg=\"Adresse courriel est non valide\" aria-invalid=\"false\"  \/>\r\n    \r\n    \r\n<\/div>\n<div id=\"frm_field_12_container\" class=\"frm_form_field form-field  frm_required_field frm_top_container\">\r\n    <label for=\"field_ztv4bg\" class=\"frm_primary_label\">Organisme\r\n        <span class=\"frm_required\">*<\/span>\r\n    <\/label>\r\n    <input  type=\"text\" id=\"field_ztv4bg\" name=\"item_meta[12]\" value=\"\"  data-reqmsg=\"Organisme cannot be blank.\" aria-required=\"true\" data-invmsg=\"Organisme est non valide\" aria-invalid=\"false\"   \/>\r\n    \r\n    \r\n<\/div>\n<div id=\"frm_field_8_container\" class=\"frm_form_field frm_section_heading form-field \">\r\n<h3 class=\"frm_pos_top frm_section_spacing\">Plages d'inscription<\/h3>\r\n\r\n\r\n<div id=\"frm_field_4_container\" class=\"frm_form_field form-field  frm_required_field frm_top_container vertical_radio\">\r\n    <label class=\"frm_primary_label\">Jeudi 19 octobre 2023\r\n        <span class=\"frm_required\">*<\/span>\r\n    <\/label>\r\n    <div class=\"frm_opt_container\">\t\t<div class=\"frm_checkbox\" id=\"frm_checkbox_4-8-0\">\t\t\t<label  for=\"field_wvmdh7-0\">\n\t\t\t<input type=\"checkbox\" name=\"item_meta[4][]\" id=\"field_wvmdh7-0\" value=\"Atelier 1 | 8 h 30 \u00e0 10 h 15\"  data-sectionid=\"8\"  data-reqmsg=\"Jeudi 19 octobre 2023 cannot be blank.\" data-invmsg=\"Jeudi 19 octobre 2023 est non valide\" aria-invalid=\"false\"   aria-required=\"true\"  \/> Atelier 1 | 8 h 30 \u00e0 10 h 15<\/label><\/div>\n\t\t<div class=\"frm_checkbox\" id=\"frm_checkbox_4-8-1\">\t\t\t<label  for=\"field_wvmdh7-1\">\n\t\t\t<input type=\"checkbox\" name=\"item_meta[4][]\" id=\"field_wvmdh7-1\" value=\"Atelier 2 | 10 h 30 \u00e0 12 h 15\"  data-sectionid=\"8\"  data-reqmsg=\"Jeudi 19 octobre 2023 cannot be blank.\" data-invmsg=\"Jeudi 19 octobre 2023 est non valide\" aria-invalid=\"false\"   \/> Atelier 2 | 10 h 30 \u00e0 12 h 15<\/label><\/div>\n\t\t<div class=\"frm_checkbox\" id=\"frm_checkbox_4-8-2\">\t\t\t<label  for=\"field_wvmdh7-2\">\n\t\t\t<input type=\"checkbox\" name=\"item_meta[4][]\" id=\"field_wvmdh7-2\" value=\"Atelier 3 | 13 h 30 \u00e0 15 h 15\"  data-sectionid=\"8\"  data-reqmsg=\"Jeudi 19 octobre 2023 cannot be blank.\" data-invmsg=\"Jeudi 19 octobre 2023 est non valide\" aria-invalid=\"false\"   \/> Atelier 3 | 13 h 30 \u00e0 15 h 15<\/label><\/div>\n\t\t<div class=\"frm_checkbox\" id=\"frm_checkbox_4-8-3\">\t\t\t<label  for=\"field_wvmdh7-3\">\n\t\t\t<input type=\"checkbox\" name=\"item_meta[4][]\" id=\"field_wvmdh7-3\" value=\"Atelier 4 | 15 h 30 \u00e0 17 h 15\"  data-sectionid=\"8\"  data-reqmsg=\"Jeudi 19 octobre 2023 cannot be blank.\" data-invmsg=\"Jeudi 19 octobre 2023 est non valide\" aria-invalid=\"false\"   \/> Atelier 4 | 15 h 30 \u00e0 17 h 15<\/label><\/div>\n<\/div>\r\n    \r\n    \r\n<\/div>\n<div id=\"frm_field_9_container\" class=\"frm_form_field form-field  frm_top_container vertical_radio\">\r\n    <label class=\"frm_primary_label\">Vendredi 20 octobre 2023\r\n        <span class=\"frm_required\"><\/span>\r\n    <\/label>\r\n    <div class=\"frm_opt_container\">\t\t<div class=\"frm_checkbox\" id=\"frm_checkbox_9-8-4\">\t\t\t<label  for=\"field_ug64fj-4\">\n\t\t\t<input type=\"checkbox\" name=\"item_meta[9][]\" id=\"field_ug64fj-4\" value=\"Atelier 1 | 8 h 30 \u00e0 10 h 15\"  data-sectionid=\"8\"  data-invmsg=\"Vendredi 20 octobre 2023 est non valide\" aria-invalid=\"false\"   \/> Atelier 1 | 8 h 30 \u00e0 10 h 15<\/label><\/div>\n\t\t<div class=\"frm_checkbox\" id=\"frm_checkbox_9-8-5\">\t\t\t<label  for=\"field_ug64fj-5\">\n\t\t\t<input type=\"checkbox\" name=\"item_meta[9][]\" id=\"field_ug64fj-5\" value=\"Atelier 2 | 10 h 30 \u00e0 12 h 15\"  data-sectionid=\"8\"  data-invmsg=\"Vendredi 20 octobre 2023 est non valide\" aria-invalid=\"false\"   \/> Atelier 2 | 10 h 30 \u00e0 12 h 15<\/label><\/div>\n\t\t<div class=\"frm_checkbox\" id=\"frm_checkbox_9-8-6\">\t\t\t<label  for=\"field_ug64fj-6\">\n\t\t\t<input type=\"checkbox\" name=\"item_meta[9][]\" id=\"field_ug64fj-6\" value=\"Atelier 3 | 13 h 30 \u00e0 15 h 15\"  data-sectionid=\"8\"  data-invmsg=\"Vendredi 20 octobre 2023 est non valide\" aria-invalid=\"false\"   \/> Atelier 3 | 13 h 30 \u00e0 15 h 15<\/label><\/div>\n\t\t<div class=\"frm_checkbox\" id=\"frm_checkbox_9-8-7\">\t\t\t<label  for=\"field_ug64fj-7\">\n\t\t\t<input type=\"checkbox\" name=\"item_meta[9][]\" id=\"field_ug64fj-7\" value=\"Atelier 4 | 15 h 30 \u00e0 17 h 15\"  data-sectionid=\"8\"  data-invmsg=\"Vendredi 20 octobre 2023 est non valide\" aria-invalid=\"false\"   \/> Atelier 4 | 15 h 30 \u00e0 17 h 15<\/label><\/div>\n<\/div>\r\n    \r\n    \r\n<\/div>\n<div id=\"frm_field_5_container\" class=\"frm_form_field form-field  frm_top_container\">\r\n    <label for=\"field_ahp9k3\" class=\"frm_primary_label\">IMPORTANT\r\n        <span class=\"frm_required\"><\/span>\r\n    <\/label>\r\n    <input  type=\"text\" id=\"field_ahp9k3\" name=\"item_meta[5]\" value=\"En participant aux conf\u00e9rences, vous consentez \u00e0 \u00eatre enregistr\u00e9(e) et \u00e0 ce que les images ou le son qui en sont issus soient diffus\u00e9s sur notre site Web, celui de MaTv et nos r\u00e9seaux sociaux.\"  data-sectionid=\"8\"  data-frmval=\"En participant aux conf\u00e9rences, vous consentez \u00e0 \u00eatre enregistr\u00e9(e) et \u00e0 ce que les images ou le son qui en sont issus soient diffus\u00e9s sur notre site Web, celui de MaTv et nos r\u00e9seaux sociaux.\" data-invmsg=\"IMPORTANT est non valide\" aria-invalid=\"false\"   \/>\r\n    \r\n    \r\n<\/div>\n<\/div>\n<div id=\"frm_field_14_container\" class=\"frm_form_field form-field \">\n\t<div class=\"frm_submit\">\r\n\r\n<input type=\"submit\" value=\"Envoyer\"  class=\"frm_final_submit\" formnovalidate=\"formnovalidate\" \/>\r\n<img decoding=\"async\" class=\"frm_ajax_loading\" src=\"https:\/\/colloques.uqac.ca\/libobs\/wp-content\/plugins\/formidable\/images\/ajax_loader.gif\" alt=\"Envoi\" style=\"visibility:hidden\" \/>\r\n\r\n<\/div>\n<\/div>\n\t<input type=\"hidden\" name=\"item_key\" value=\"\" \/>\n\t\t\t<div id=\"frm_field_15_container\">\n\t\t\t<label for=\"field_ujyr9\" >\n\t\t\t\tSi vous \u00eates un humain, ne remplissez pas ce champ.\t\t\t<\/label>\n\t\t\t<input  id=\"field_ujyr9\" type=\"text\" class=\"frm_form_field form-field frm_verify\" name=\"item_meta[15]\" value=\"\"  \/>\n\t\t<\/div>\n\t\t<input name=\"frm_state\" type=\"hidden\" value=\"1DxMzNjfR2c6\/G1JCmTf3pOHMWGM0e3qBOymX+\/\/lINTv4LY6X6GybY4Zl50WUDK\" \/><\/div>\n<\/fieldset>\n<\/div>\n\n<\/form>\n<\/div>\n\n","protected":false},"excerpt":{"rendered":"","protected":false},"author":5,"featured_media":0,"parent":0,"menu_order":0,"comment_status":"closed","ping_status":"closed","template":"","meta":{"footnotes":""},"_links":{"self":[{"href":"https:\/\/colloques.uqac.ca\/libobs\/wp-json\/wp\/v2\/pages\/17"}],"collection":[{"href":"https:\/\/colloques.uqac.ca\/libobs\/wp-json\/wp\/v2\/pages"}],"about":[{"href":"https:\/\/colloques.uqac.ca\/libobs\/wp-json\/wp\/v2\/types\/page"}],"author":[{"embeddable":true,"href":"https:\/\/colloques.uqac.ca\/libobs\/wp-json\/wp\/v2\/users\/5"}],"replies":[{"embeddable":true,"href":"https:\/\/colloques.uqac.ca\/libobs\/wp-json\/wp\/v2\/comments?post=17"}],"version-history":[{"count":3,"href":"https:\/\/colloques.uqac.ca\/libobs\/wp-json\/wp\/v2\/pages\/17\/revisions"}],"predecessor-version":[{"id":142,"href":"https:\/\/colloques.uqac.ca\/libobs\/wp-json\/wp\/v2\/pages\/17\/revisions\/142"}],"wp:attachment":[{"href":"https:\/\/colloques.uqac.ca\/libobs\/wp-json\/wp\/v2\/media?parent=17"}],"curies":[{"name":"wp","href":"https:\/\/api.w.org\/{rel}","templated":true}]}}