{"id":9,"date":"2013-09-10T18:41:41","date_gmt":"2013-09-10T18:41:41","guid":{"rendered":"http:\/\/colloques.uqac.ca\/modelecolloque\/?page_id=9"},"modified":"2024-04-03T19:45:21","modified_gmt":"2024-04-04T00:45:21","slug":"programmation","status":"publish","type":"page","link":"https:\/\/colloques.uqac.ca\/forumcrdt\/programmation\/","title":{"rendered":"Programmation"},"content":{"rendered":"<p style=\"text-align: center\"><em>Le programme final (3 avril 2024) est \u00e9galement disponible en fichier PDF. <\/em><em><a href=\"https:\/\/colloques.uqac.ca\/forumcrdt\/files\/2024\/04\/profin_compressed.pdf\">CLIQUEZ ICI<\/a>pour acc\u00e9der au fichier.<\/em><\/p>\n<p><a href=\"https:\/\/colloques.uqac.ca\/forumcrdt\/inscription\/\" rel=\"https:\/\/colloques.uqac.ca\/forumcrdt\/inscription\/\"><img loading=\"lazy\" decoding=\"async\" class=\"aligncenter wp-image-440 size-full\" src=\"https:\/\/colloques.uqac.ca\/forumcrdt\/files\/2024\/03\/button_inscription.png\" alt=\"\" width=\"227\" height=\"66\" \/><\/a><\/p>\n<p><strong>8h30-9h00 : Accueil \u00e0 la salle P0-5000<\/strong><\/p>\n<p><strong>9h00 : Mots de bienvenue<\/strong><\/p>\n<ul>\n<li>Andr\u00e9e Laforest, Ministre des affaires municipales et de l\u2019habitation<\/li>\n<li>Marie-Jos\u00e9 Fortin, Directrice des affaires institutionnelles, UQ<\/li>\n<li>Kevin Armstrong, Conseiller Ville de Saguenay<\/li>\n<li>Louis Ouellet, Pr\u00e9sident de la Table r\u00e9gionale des pr\u00e9fets du SLSJ<\/li>\n<li>Michel Lagac\u00e9, Pr\u00e9fet de la MRC de Rivi\u00e8re-du-Loup<\/li>\n<\/ul>\n<p><strong>9h30 : Conf\u00e9rences d\u2019ouverture :<\/strong><\/p>\n<ul>\n<li>Yann Fournis, professeur-chercheur, UQAR : <a href=\"https:\/\/ruemorin.com\/wp-content\/uploads\/2024\/04\/founisy05042024.pdf\"><em>La part des \u00e9lus municipaux : intelligence territoriale et m\u00e9tier municipal (format PDF)<\/em><\/a><\/li>\n<li>Marc-Urbain Proulx, professeur-chercheur, UQAC : \u00ab \u00c0 propos de coh\u00e9rence globale en r\u00e9gions \u00bb\u00a0<a href=\"https:\/\/ruemorin.com\/wp-content\/uploads\/2024\/04\/proulxmu05042024.pdf\"><em>\u00ab \u00c0 propos de coh\u00e9rence globale en r\u00e9gions \u00bb &#8211; <\/em><\/a><a href=\"https:\/\/ruemorin.com\/wp-content\/uploads\/2024\/04\/proulxmu05042024.pdf\"><em>Cadre global de la politique publique |\u00a0<\/em><\/a><a href=\"https:\/\/ruemorin.com\/wp-content\/uploads\/2024\/04\/proulxmu05042024.pdf\"><em>R\u00f4le de la planification territoriale<\/em> (Format PDF)<\/a><\/li>\n<\/ul>\n<p>10h30 : Cheminement vers le local de votre cercle<\/p>\n<p>10h45 : Cercles d\u2019interaction simultan\u00e9s<\/p>\n<p style=\"text-align: center\"><span style=\"color: #ff0000\"><strong>Diagnostic collectif<\/strong><\/span><\/p>\n<table width=\"469\">\n<tbody>\n<tr>\n<td>\n<h6 style=\"text-align: center\"><strong>Municipalit\u00e9s<\/strong><\/h6>\n<ol>\n<li>Pratique de dialogue;<\/li>\n<li>M\u00e9tier de maire;<\/li>\n<li>Habiter le territoire.<\/li>\n<\/ol>\n<h6 style=\"text-align: center\"><strong>Zones<\/strong><\/h6>\n<ol>\n<li>Fili\u00e8res de l\u2019alumunium;<\/li>\n<li>Comp\u00e9tences num\u00e9riques;<\/li>\n<li>\u00c9nergie renouvelable.<\/li>\n<\/ol>\n<\/td>\n<td>\n<h6 style=\"text-align: center\"><strong>MRC<\/strong><\/h6>\n<ol>\n<li>Am\u00e9nagement;<\/li>\n<li>\u00a0Vitalit\u00e9 rurale;<\/li>\n<li>Le vivre-ensemble.<\/li>\n<\/ol>\n<h6 style=\"text-align: center\">R\u00e9gions<\/h6>\n<ol>\n<li>Priorit\u00e9s r\u00e9gionales;<\/li>\n<li>\u00a0Attractivit\u00e9 r\u00e9gionale;<\/li>\n<li>\u00c9conomie circulaire.<\/li>\n<\/ol>\n<\/td>\n<\/tr>\n<\/tbody>\n<\/table>\n<p><strong>12h00 : Pause d\u00eener<\/strong><\/p>\n<p><strong>13h00 : Conf\u00e9rence (\u00e0 confirmer)<\/strong><\/p>\n<p><strong>13h20 : Cheminement vers le local choisi pour votre cercle<\/strong><\/p>\n<p><strong>13h30 : Cercles d\u2019interaction simultan\u00e9s<\/strong><\/p>\n<p style=\"text-align: center\"><span style=\"color: #ff0000\"><strong>Th\u00e9rapeutique collective<br \/>\n<\/strong><\/span><\/p>\n<table width=\"469\">\n<tbody>\n<tr>\n<td>\n<h6 style=\"text-align: center\"><strong>Municipalit\u00e9s<\/strong><\/h6>\n<ol>\n<li>Pratique de dialogue;<\/li>\n<li>M\u00e9tier de maire;<\/li>\n<li>Habiter le territoire.<\/li>\n<\/ol>\n<h6 style=\"text-align: center\"><strong>Zones<\/strong><\/h6>\n<ol>\n<li>Fili\u00e8res de l\u2019alumunium;<\/li>\n<li>Comp\u00e9tences num\u00e9riques;<\/li>\n<li>\u00c9nergie renouvelable.<\/li>\n<\/ol>\n<\/td>\n<td>\n<h6 style=\"text-align: center\"><strong>MRC<\/strong><\/h6>\n<ol>\n<li>Am\u00e9nagement;<\/li>\n<li>\u00a0Vitalit\u00e9 rurale;<\/li>\n<li>Le vivre-ensemble.<\/li>\n<\/ol>\n<h6 style=\"text-align: center\">R\u00e9gions<\/h6>\n<ol>\n<li>Priorit\u00e9s r\u00e9gionales;<\/li>\n<li>\u00a0Attractivit\u00e9 r\u00e9gionale;<\/li>\n<li>\u00c9conomie circulaire.<\/li>\n<\/ol>\n<\/td>\n<\/tr>\n<\/tbody>\n<\/table>\n<p><strong>15h00 : Pause, retour \u00e0 la salle P0-5000<\/strong><\/p>\n<p><strong>15h15 : Pl\u00e9ni\u00e8re anim\u00e9e par Sabrina Tremblay, professeure,<\/strong><br \/>\n<strong>UQAC<\/strong><\/p>\n<ul>\n<li>\u00c9l\u00e9ments de diagnostic<\/li>\n<li>\u00c9l\u00e9ments de th\u00e9rapeutique<\/li>\n<li>Commentaires et questions<\/li>\n<\/ul>\n<p><strong>16h15 :<\/strong> Mot de fermeture<\/p>\n<p><a href=\"https:\/\/colloques.uqac.ca\/forumcrdt\/inscription\/\" rel=\"https:\/\/colloques.uqac.ca\/forumcrdt\/inscription\/\"><img loading=\"lazy\" decoding=\"async\" class=\"aligncenter wp-image-440 size-full\" src=\"https:\/\/colloques.uqac.ca\/forumcrdt\/files\/2024\/03\/button_inscription.png\" alt=\"\" width=\"227\" height=\"66\" \/><\/a><\/p>\n","protected":false},"excerpt":{"rendered":"<p>Le programme final (3 avril 2024) est \u00e9galement disponible en fichier PDF. CLIQUEZ ICIpour acc\u00e9der au fichier. 8h30-9h00 : Accueil \u00e0 la salle P0-5000 9h00 : Mots de bienvenue Andr\u00e9e Laforest, Ministre des affaires municipales et de l\u2019habitation Marie-Jos\u00e9 Fortin, Directrice des affaires institutionnelles, UQ Kevin Armstrong, Conseiller Ville de Saguenay Louis Ouellet, Pr\u00e9sident de &hellip; <a href=\"https:\/\/colloques.uqac.ca\/forumcrdt\/programmation\/\" class=\"more-link\">Continuer la lecture de <span class=\"screen-reader-text\">Programmation<\/span>  <span class=\"meta-nav\">&rarr;<\/span><\/a><\/p>\n","protected":false},"author":5,"featured_media":0,"parent":0,"menu_order":0,"comment_status":"closed","ping_status":"closed","template":"","meta":{"footnotes":""},"_links":{"self":[{"href":"https:\/\/colloques.uqac.ca\/forumcrdt\/wp-json\/wp\/v2\/pages\/9"}],"collection":[{"href":"https:\/\/colloques.uqac.ca\/forumcrdt\/wp-json\/wp\/v2\/pages"}],"about":[{"href":"https:\/\/colloques.uqac.ca\/forumcrdt\/wp-json\/wp\/v2\/types\/page"}],"author":[{"embeddable":true,"href":"https:\/\/colloques.uqac.ca\/forumcrdt\/wp-json\/wp\/v2\/users\/5"}],"replies":[{"embeddable":true,"href":"https:\/\/colloques.uqac.ca\/forumcrdt\/wp-json\/wp\/v2\/comments?post=9"}],"version-history":[{"count":34,"href":"https:\/\/colloques.uqac.ca\/forumcrdt\/wp-json\/wp\/v2\/pages\/9\/revisions"}],"predecessor-version":[{"id":515,"href":"https:\/\/colloques.uqac.ca\/forumcrdt\/wp-json\/wp\/v2\/pages\/9\/revisions\/515"}],"wp:attachment":[{"href":"https:\/\/colloques.uqac.ca\/forumcrdt\/wp-json\/wp\/v2\/media?parent=9"}],"curies":[{"name":"wp","href":"https:\/\/api.w.org\/{rel}","templated":true}]}}