{"id":7,"date":"2013-09-10T18:41:15","date_gmt":"2013-09-10T18:41:15","guid":{"rendered":"http:\/\/colloques.uqac.ca\/modelecolloque\/?page_id=7"},"modified":"2024-09-27T13:19:31","modified_gmt":"2024-09-27T18:19:31","slug":"accueil","status":"publish","type":"page","link":"https:\/\/colloques.uqac.ca\/forumcrdt\/","title":{"rendered":"Forum r\u00e9gional"},"content":{"rendered":"<h3 style=\"text-align: center\">Intelligence collective territoriale<br \/>\nL&rsquo;innovation par l&rsquo;interaction cognitive<\/h3>\n<p style=\"text-align: center\">Vendredi 5 avril 2024<br \/>\nAuditorium, P0-5000<br \/>\nUniversit\u00e9 du Qu\u00e9bec \u00e0 Chicoutimi<\/p>\n<p><strong>Rapport final maintenant disponible<\/strong><\/p>\n<ul>\n<li style=\"text-align: left\"><em>Le rapport final du Forum sur l&rsquo;Intelligence collective territoriale tenue le vendredi 5 avril 2024 est maintenant disponible en ligne (en format PDF). <\/em><em><strong><a href=\"https:\/\/colloques.uqac.ca\/forumcrdt\/files\/2024\/09\/rapportfinal-forum5avril2024.pdf\">Cliquez ICI<\/a><\/strong> pour acc\u00e9der au fichier.<\/em><\/li>\n<\/ul>\n","protected":false},"excerpt":{"rendered":"<p>Intelligence collective territoriale L&rsquo;innovation par l&rsquo;interaction cognitive Vendredi 5 avril 2024 Auditorium, P0-5000 Universit\u00e9 du Qu\u00e9bec \u00e0 Chicoutimi Rapport final maintenant disponible Le rapport final du Forum sur l&rsquo;Intelligence collective territoriale tenue le vendredi 5 avril 2024 est maintenant disponible en ligne (en format PDF). Cliquez ICI pour acc\u00e9der au fichier.<\/p>\n","protected":false},"author":5,"featured_media":165,"parent":0,"menu_order":0,"comment_status":"closed","ping_status":"closed","template":"","meta":{"footnotes":""},"_links":{"self":[{"href":"https:\/\/colloques.uqac.ca\/forumcrdt\/wp-json\/wp\/v2\/pages\/7"}],"collection":[{"href":"https:\/\/colloques.uqac.ca\/forumcrdt\/wp-json\/wp\/v2\/pages"}],"about":[{"href":"https:\/\/colloques.uqac.ca\/forumcrdt\/wp-json\/wp\/v2\/types\/page"}],"author":[{"embeddable":true,"href":"https:\/\/colloques.uqac.ca\/forumcrdt\/wp-json\/wp\/v2\/users\/5"}],"replies":[{"embeddable":true,"href":"https:\/\/colloques.uqac.ca\/forumcrdt\/wp-json\/wp\/v2\/comments?post=7"}],"version-history":[{"count":45,"href":"https:\/\/colloques.uqac.ca\/forumcrdt\/wp-json\/wp\/v2\/pages\/7\/revisions"}],"predecessor-version":[{"id":548,"href":"https:\/\/colloques.uqac.ca\/forumcrdt\/wp-json\/wp\/v2\/pages\/7\/revisions\/548"}],"wp:featuredmedia":[{"embeddable":true,"href":"https:\/\/colloques.uqac.ca\/forumcrdt\/wp-json\/wp\/v2\/media\/165"}],"wp:attachment":[{"href":"https:\/\/colloques.uqac.ca\/forumcrdt\/wp-json\/wp\/v2\/media?parent=7"}],"curies":[{"name":"wp","href":"https:\/\/api.w.org\/{rel}","templated":true}]}}