{"id":61,"date":"2024-01-12T14:29:45","date_gmt":"2024-01-12T19:29:45","guid":{"rendered":"http:\/\/colloques.uqac.ca\/forumcrdt\/?page_id=61"},"modified":"2024-04-01T14:25:09","modified_gmt":"2024-04-01T19:25:09","slug":"conferenciers-conferencieres","status":"publish","type":"page","link":"https:\/\/colloques.uqac.ca\/forumcrdt\/conferenciers-conferencieres\/","title":{"rendered":"Conf\u00e9renciers | Conf\u00e9renci\u00e8res"},"content":{"rendered":"<p style=\"text-align: justify\"><strong>Marc-Urbain Proulx, CRDT, GRIR et UQAC<\/strong><\/p>\n<ul style=\"text-align: justify\">\n<li><a href=\"https:\/\/ruemorin.com\/wp-content\/uploads\/2024\/04\/proulxmu05042024.pdf\"><em>\u00ab \u00c0 propos de coh\u00e9rence globale en r\u00e9gions \u00bb &#8211; <\/em><\/a><a href=\"https:\/\/ruemorin.com\/wp-content\/uploads\/2024\/04\/proulxmu05042024.pdf\"><em>Cadre global de la politique publique |\u00a0<\/em><\/a><a href=\"https:\/\/ruemorin.com\/wp-content\/uploads\/2024\/04\/proulxmu05042024.pdf\"><em>R\u00f4le de la planification territoriale<\/em> (Format PDF)<\/a><\/li>\n<\/ul>\n<p style=\"text-align: justify\"><strong>Yann Fournis, CRDT et UQAR<\/strong><\/p>\n<ul>\n<li style=\"text-align: justify\"><a href=\"https:\/\/ruemorin.com\/wp-content\/uploads\/2024\/04\/founisy05042024.pdf\"><em>La part des \u00e9lus municipaux : intelligence territoriale et m\u00e9tier municipal (format PDF)<\/em><\/a><\/li>\n<\/ul>\n","protected":false},"excerpt":{"rendered":"<p>Marc-Urbain Proulx, CRDT, GRIR et UQAC \u00ab \u00c0 propos de coh\u00e9rence globale en r\u00e9gions \u00bb &#8211; Cadre global de la politique publique |\u00a0R\u00f4le de la planification territoriale (Format PDF) Yann Fournis, CRDT et UQAR La part des \u00e9lus municipaux : intelligence territoriale et m\u00e9tier municipal (format PDF)<\/p>\n","protected":false},"author":78,"featured_media":0,"parent":0,"menu_order":0,"comment_status":"open","ping_status":"open","template":"","meta":{"footnotes":""},"_links":{"self":[{"href":"https:\/\/colloques.uqac.ca\/forumcrdt\/wp-json\/wp\/v2\/pages\/61"}],"collection":[{"href":"https:\/\/colloques.uqac.ca\/forumcrdt\/wp-json\/wp\/v2\/pages"}],"about":[{"href":"https:\/\/colloques.uqac.ca\/forumcrdt\/wp-json\/wp\/v2\/types\/page"}],"author":[{"embeddable":true,"href":"https:\/\/colloques.uqac.ca\/forumcrdt\/wp-json\/wp\/v2\/users\/78"}],"replies":[{"embeddable":true,"href":"https:\/\/colloques.uqac.ca\/forumcrdt\/wp-json\/wp\/v2\/comments?post=61"}],"version-history":[{"count":4,"href":"https:\/\/colloques.uqac.ca\/forumcrdt\/wp-json\/wp\/v2\/pages\/61\/revisions"}],"predecessor-version":[{"id":501,"href":"https:\/\/colloques.uqac.ca\/forumcrdt\/wp-json\/wp\/v2\/pages\/61\/revisions\/501"}],"wp:attachment":[{"href":"https:\/\/colloques.uqac.ca\/forumcrdt\/wp-json\/wp\/v2\/media?parent=61"}],"curies":[{"name":"wp","href":"https:\/\/api.w.org\/{rel}","templated":true}]}}