{"id":58,"date":"2024-01-12T14:28:29","date_gmt":"2024-01-12T19:28:29","guid":{"rendered":"http:\/\/colloques.uqac.ca\/forumcrdt\/?page_id=58"},"modified":"2024-04-03T12:21:14","modified_gmt":"2024-04-03T17:21:14","slug":"cercles-dinteraction","status":"publish","type":"page","link":"https:\/\/colloques.uqac.ca\/forumcrdt\/cercles-dinteraction\/","title":{"rendered":"Cercles d&rsquo;interaction"},"content":{"rendered":"<p class=\"has-text-align-justify\" style=\"text-align: center\"><strong>Liste des cercles d\u2019interaction cognitive du Forum r\u00e9gional du 5 avril 2024<br \/><\/strong><\/p>\r\n<ul>\r\n<li style=\"list-style-type: none\">\r\n<ul>\r\n<li>\r\n<p><a href=\"https:\/\/colloques.uqac.ca\/forumcrdt\/2024\/02\/10\/cercle-dinteraction-services-de-proximite\/\">Accessibilit\u00e9 des services de proximit\u00e9<\/a><\/p>\r\n<\/li>\r\n<li>\r\n<p><a href=\"https:\/\/colloques.uqac.ca\/forumcrdt\/2024\/02\/12\/cercle-dinteraction-aluminium\/\">Am\u00e9nagement du territoire<\/a><\/p>\r\n<\/li>\r\n<li>\r\n<p><a href=\"https:\/\/colloques.uqac.ca\/forumcrdt\/2024\/02\/10\/cercle-dinteraction-attractivite-et-hospitalite-regionale\/\">Attractivit\u00e9 r\u00e9gionale et ses d\u00e9fis<\/a><\/p>\r\n<\/li>\r\n<li>\r\n<p><a href=\"https:\/\/colloques.uqac.ca\/forumcrdt\/2024\/03\/04\/cercle-dinteraction-les-competences-du-numerique\/\">Comp\u00e9tences du num\u00e9rique<\/a><\/p>\r\n<\/li>\r\n<li>\r\n<p><a href=\"https:\/\/colloques.uqac.ca\/forumcrdt\/2024\/03\/30\/cercle-dinteraction-defis-de-leconomie-circulaire\/\">D\u00e9fis de l&rsquo;\u00e9conomie circulaire<\/a><\/p>\r\n<\/li>\r\n<li>\r\n<p><a href=\"https:\/\/colloques.uqac.ca\/forumcrdt\/2024\/02\/11\/cercle-dinteraction-energie-renouvelable\/\">\u00c9nergie renouvelable<\/a><\/p>\r\n<\/li>\r\n<li>\r\n<p><a href=\"https:\/\/colloques.uqac.ca\/forumcrdt\/2024\/02\/12\/cercle-dinteraction-aluminium\/\">Fili\u00e8re de l&rsquo;aluminium<\/a><\/p>\r\n<\/li>\r\n<li>\r\n<p><a href=\"https:\/\/colloques.uqac.ca\/forumcrdt\/2024\/02\/10\/cercle-dinteraction-habiter-en-peripherie\/\">Habiter le territoire<\/a><\/p>\r\n<\/li>\r\n<li>\r\n<p><a href=\"https:\/\/colloques.uqac.ca\/forumcrdt\/2024\/02\/23\/cercle-dinteraction-le-metier-de-maire-en-crise\/\">Le m\u00e9tier de maire en crise<\/a><\/p>\r\n<\/li>\r\n<li>\r\n<p><a href=\"https:\/\/colloques.uqac.ca\/forumcrdt\/2024\/02\/17\/cercle-dinteraction-injustices-et-inequites-climatiques-en-regions\/\">Petits p\u00f4les<\/a><\/p>\r\n<\/li>\r\n<li>\r\n<p><a href=\"https:\/\/colloques.uqac.ca\/forumcrdt\/2024\/03\/10\/cercle-dinteraction-espaces-de-dialogue\/\">Espaces de dialogue<\/a><\/p>\r\n<\/li>\r\n<li>\r\n<p><a href=\"https:\/\/colloques.uqac.ca\/forumcrdt\/2024\/02\/10\/priorites-regionales\/\">Priorit\u00e9s r\u00e9gionales<\/a><\/p>\r\n<\/li>\r\n<li>\r\n<p><a href=\"https:\/\/colloques.uqac.ca\/forumcrdt\/2024\/02\/17\/cercle-dinteraction-perennite-des-pme-et-la-sortie-entrepreneuriale\/\">P\u00e9rennit\u00e9 des PME et la sortie entrepreneuriale<\/a><\/p>\r\n<\/li>\r\n<li>\r\n<p><a href=\"https:\/\/colloques.uqac.ca\/forumcrdt\/2024\/03\/10\/cercle-dinteraction-revitalisation-rurale\/\">Revitalisation rurale<\/a><\/p>\r\n<\/li>\r\n<li>\r\n<p><a href=\"https:\/\/colloques.uqac.ca\/forumcrdt\/2024\/03\/06\/cercle-dinteraction-vivre-ensemble\/\">Vivre-ensemble au Saguenay-Lac-Saint-Jean<\/a><\/p>\r\n<\/li>\r\n<\/ul>\r\n<\/li>\r\n<\/ul>\r\n<!-- \/wp:paragraph -->\r\n\r\n<!-- wp:paragraph {\"align\":\"justify\"} -->\r\n<p>&nbsp;<\/p>","protected":false},"excerpt":{"rendered":"<p>Liste des cercles d\u2019interaction cognitive du Forum r\u00e9gional du 5 avril 2024 Accessibilit\u00e9 des services de proximit\u00e9 Am\u00e9nagement du territoire Attractivit\u00e9 r\u00e9gionale et ses d\u00e9fis Comp\u00e9tences du num\u00e9rique D\u00e9fis de l&rsquo;\u00e9conomie circulaire \u00c9nergie renouvelable Fili\u00e8re de l&rsquo;aluminium Habiter le territoire Le m\u00e9tier de maire en crise Petits p\u00f4les Espaces de dialogue Priorit\u00e9s r\u00e9gionales P\u00e9rennit\u00e9 des &hellip; <a href=\"https:\/\/colloques.uqac.ca\/forumcrdt\/cercles-dinteraction\/\" class=\"more-link\">Continuer la lecture de <span class=\"screen-reader-text\">Cercles d&rsquo;interaction<\/span>  <span class=\"meta-nav\">&rarr;<\/span><\/a><\/p>\n","protected":false},"author":78,"featured_media":0,"parent":0,"menu_order":0,"comment_status":"open","ping_status":"open","template":"","meta":{"footnotes":""},"_links":{"self":[{"href":"https:\/\/colloques.uqac.ca\/forumcrdt\/wp-json\/wp\/v2\/pages\/58"}],"collection":[{"href":"https:\/\/colloques.uqac.ca\/forumcrdt\/wp-json\/wp\/v2\/pages"}],"about":[{"href":"https:\/\/colloques.uqac.ca\/forumcrdt\/wp-json\/wp\/v2\/types\/page"}],"author":[{"embeddable":true,"href":"https:\/\/colloques.uqac.ca\/forumcrdt\/wp-json\/wp\/v2\/users\/78"}],"replies":[{"embeddable":true,"href":"https:\/\/colloques.uqac.ca\/forumcrdt\/wp-json\/wp\/v2\/comments?post=58"}],"version-history":[{"count":22,"href":"https:\/\/colloques.uqac.ca\/forumcrdt\/wp-json\/wp\/v2\/pages\/58\/revisions"}],"predecessor-version":[{"id":509,"href":"https:\/\/colloques.uqac.ca\/forumcrdt\/wp-json\/wp\/v2\/pages\/58\/revisions\/509"}],"wp:attachment":[{"href":"https:\/\/colloques.uqac.ca\/forumcrdt\/wp-json\/wp\/v2\/media?parent=58"}],"curies":[{"name":"wp","href":"https:\/\/api.w.org\/{rel}","templated":true}]}}