{"id":424,"date":"2024-03-13T10:22:48","date_gmt":"2024-03-13T15:22:48","guid":{"rendered":"https:\/\/colloques.uqac.ca\/forumcrdt\/?page_id=424"},"modified":"2024-03-26T14:19:15","modified_gmt":"2024-03-26T19:19:15","slug":"documentation","status":"publish","type":"page","link":"https:\/\/colloques.uqac.ca\/forumcrdt\/documentation\/","title":{"rendered":"Documentation"},"content":{"rendered":"<ul>\n<li><em>Bourbonnais, M. (2023). Les 12 travaux de la transition \u00e9nerg\u00e9tique<\/em>. M\u00e9moire soutenant l\u2019audition aux Plans du Canada en mati\u00e8re d\u2019\u00e9nergie propre dans le contexte de la transformation de l\u2019\u00e9nergie en Am\u00e9rique du Nord. <strong><a href=\"https:\/\/ruemorin.com\/wp-content\/uploads\/2024\/03\/2023-10-25_Cegep-de-Jonquiere_Memoire_Plan-du-Canada-transition-energetique-1.pdf\">Cliquez ICI pour acc\u00e9der au document (Format PDF)<\/a><\/strong><\/li>\n<li><em>Proulx, M.-U. &amp; Pr\u00e9mont, M.-C. (2021). P\u00e9riph\u00e9ries du XXIe si\u00e8cle. Cahiers de g\u00e9ographie du Qu\u00e9bec, 66(186), 199\u2013203.<\/em>\u00a0 <strong><a href=\"https:\/\/id.erudit.org\/iderudit\/1106864ar\">https:\/\/id.erudit.org\/iderudit\/1106864ar<\/a><\/strong><\/li>\n<\/ul>\n","protected":false},"excerpt":{"rendered":"<p>Bourbonnais, M. (2023). Les 12 travaux de la transition \u00e9nerg\u00e9tique. M\u00e9moire soutenant l\u2019audition aux Plans du Canada en mati\u00e8re d\u2019\u00e9nergie propre dans le contexte de la transformation de l\u2019\u00e9nergie en Am\u00e9rique du Nord. Cliquez ICI pour acc\u00e9der au document (Format PDF) Proulx, M.-U. &amp; Pr\u00e9mont, M.-C. (2021). P\u00e9riph\u00e9ries du XXIe si\u00e8cle. Cahiers de g\u00e9ographie du &hellip; <a href=\"https:\/\/colloques.uqac.ca\/forumcrdt\/documentation\/\" class=\"more-link\">Continuer la lecture de <span class=\"screen-reader-text\">Documentation<\/span>  <span class=\"meta-nav\">&rarr;<\/span><\/a><\/p>\n","protected":false},"author":78,"featured_media":0,"parent":0,"menu_order":0,"comment_status":"closed","ping_status":"closed","template":"","meta":{"footnotes":""},"_links":{"self":[{"href":"https:\/\/colloques.uqac.ca\/forumcrdt\/wp-json\/wp\/v2\/pages\/424"}],"collection":[{"href":"https:\/\/colloques.uqac.ca\/forumcrdt\/wp-json\/wp\/v2\/pages"}],"about":[{"href":"https:\/\/colloques.uqac.ca\/forumcrdt\/wp-json\/wp\/v2\/types\/page"}],"author":[{"embeddable":true,"href":"https:\/\/colloques.uqac.ca\/forumcrdt\/wp-json\/wp\/v2\/users\/78"}],"replies":[{"embeddable":true,"href":"https:\/\/colloques.uqac.ca\/forumcrdt\/wp-json\/wp\/v2\/comments?post=424"}],"version-history":[{"count":4,"href":"https:\/\/colloques.uqac.ca\/forumcrdt\/wp-json\/wp\/v2\/pages\/424\/revisions"}],"predecessor-version":[{"id":462,"href":"https:\/\/colloques.uqac.ca\/forumcrdt\/wp-json\/wp\/v2\/pages\/424\/revisions\/462"}],"wp:attachment":[{"href":"https:\/\/colloques.uqac.ca\/forumcrdt\/wp-json\/wp\/v2\/media?parent=424"}],"curies":[{"name":"wp","href":"https:\/\/api.w.org\/{rel}","templated":true}]}}