{"id":279,"date":"2024-02-10T16:54:58","date_gmt":"2024-02-10T21:54:58","guid":{"rendered":"https:\/\/colloques.uqac.ca\/forumcrdt\/?page_id=279"},"modified":"2024-02-10T17:29:09","modified_gmt":"2024-02-10T22:29:09","slug":"infos-generales","status":"publish","type":"page","link":"https:\/\/colloques.uqac.ca\/forumcrdt\/infos-generales\/","title":{"rendered":"Infos g\u00e9n\u00e9rales"},"content":{"rendered":"<h2 style=\"text-align: center\"><strong>Cercles d\u2019interaction<\/strong><\/h2>\n<p style=\"text-align: justify\"><strong>Description<\/strong><\/p>\n<ul style=\"text-align: justify\">\n<li>Rencontres ponctuelles de 4 \u00e0 7 experts dans un esprit de diagnostic commun et de fertilisation d\u2019id\u00e9es cr\u00e9atrices pour de nouvelles initiatives et actions. <strong>Plus de d\u00e9tails:<\/strong><a href=\"https:\/\/colloques.uqac.ca\/forumcrdt\/files\/2024\/02\/cicdes.pdf\"><strong>Cliquez ICI<\/strong><\/a><\/li>\n<\/ul>\n<p style=\"text-align: justify\"><strong>R\u00f4le des responsables<\/strong><\/p>\n<ul style=\"text-align: justify\">\n<li>Description de la dynamique d\u2019animation de l\u2019activit\u00e9. <strong>Plus de d\u00e9tails: <\/strong><a href=\"https:\/\/colloques.uqac.ca\/forumcrdt\/files\/2024\/01\/2.Role-des-responsable-dun-Cercle-.pdf\"><strong>Cliquez ICI<\/strong><\/a><\/li>\n<\/ul>\n<p style=\"text-align: justify\"><strong>R\u00f4le des invit\u00e9s \/ invit\u00e9es<\/strong><\/p>\n<ul style=\"text-align: justify\">\n<li>Description de la dynamique pour les invit\u00e9s.es \u00e0 l\u2019activit\u00e9. <strong>Plus de d\u00e9tails: <a href=\"https:\/\/colloques.uqac.ca\/forumcrdt\/files\/2024\/02\/cicroleinviteses.pdf\">Cliquez ICI<\/a><\/strong><\/li>\n<\/ul>\n<p style=\"text-align: justify\"><strong>R\u00f4le des participants \/ participantes<\/strong><\/p>\n<ul style=\"text-align: justify\">\n<li>Description de la dynamique de participation \u00e0 l\u2019activit\u00e9. <strong>Plus de d\u00e9tails: <\/strong><a href=\"https:\/\/colloques.uqac.ca\/forumcrdt\/files\/2024\/02\/cicrparts.pdf\"><strong>Cliquez ICI<\/strong><\/a><\/li>\n<\/ul>\n","protected":false},"excerpt":{"rendered":"<p>Cercles d\u2019interaction Description Rencontres ponctuelles de 4 \u00e0 7 experts dans un esprit de diagnostic commun et de fertilisation d\u2019id\u00e9es cr\u00e9atrices pour de nouvelles initiatives et actions. Plus de d\u00e9tails:Cliquez ICI R\u00f4le des responsables Description de la dynamique d\u2019animation de l\u2019activit\u00e9. Plus de d\u00e9tails: Cliquez ICI R\u00f4le des invit\u00e9s \/ invit\u00e9es Description de la dynamique &hellip; <a href=\"https:\/\/colloques.uqac.ca\/forumcrdt\/infos-generales\/\" class=\"more-link\">Continuer la lecture de <span class=\"screen-reader-text\">Infos g\u00e9n\u00e9rales<\/span>  <span class=\"meta-nav\">&rarr;<\/span><\/a><\/p>\n","protected":false},"author":78,"featured_media":0,"parent":0,"menu_order":0,"comment_status":"closed","ping_status":"closed","template":"","meta":{"footnotes":""},"_links":{"self":[{"href":"https:\/\/colloques.uqac.ca\/forumcrdt\/wp-json\/wp\/v2\/pages\/279"}],"collection":[{"href":"https:\/\/colloques.uqac.ca\/forumcrdt\/wp-json\/wp\/v2\/pages"}],"about":[{"href":"https:\/\/colloques.uqac.ca\/forumcrdt\/wp-json\/wp\/v2\/types\/page"}],"author":[{"embeddable":true,"href":"https:\/\/colloques.uqac.ca\/forumcrdt\/wp-json\/wp\/v2\/users\/78"}],"replies":[{"embeddable":true,"href":"https:\/\/colloques.uqac.ca\/forumcrdt\/wp-json\/wp\/v2\/comments?post=279"}],"version-history":[{"count":10,"href":"https:\/\/colloques.uqac.ca\/forumcrdt\/wp-json\/wp\/v2\/pages\/279\/revisions"}],"predecessor-version":[{"id":294,"href":"https:\/\/colloques.uqac.ca\/forumcrdt\/wp-json\/wp\/v2\/pages\/279\/revisions\/294"}],"wp:attachment":[{"href":"https:\/\/colloques.uqac.ca\/forumcrdt\/wp-json\/wp\/v2\/media?parent=279"}],"curies":[{"name":"wp","href":"https:\/\/api.w.org\/{rel}","templated":true}]}}