{"id":17,"date":"2013-09-10T18:44:47","date_gmt":"2013-09-10T18:44:47","guid":{"rendered":"http:\/\/colloques.uqac.ca\/modelecolloque\/?page_id=17"},"modified":"2024-07-25T12:57:15","modified_gmt":"2024-07-25T17:57:15","slug":"inscription","status":"publish","type":"page","link":"https:\/\/colloques.uqac.ca\/forumcrdt\/inscription\/","title":{"rendered":"Inscription"},"content":{"rendered":"<p>L&rsquo;inscription doit \u00eatre r\u00e9vis\u00e9e afin de fonctionner dans le nouvel environnement d&rsquo;h\u00e9bergement. Veuillez contacter le STI<\/p>\n","protected":false},"excerpt":{"rendered":"<p>L&rsquo;inscription doit \u00eatre r\u00e9vis\u00e9e afin de fonctionner dans le nouvel environnement d&rsquo;h\u00e9bergement. Veuillez contacter le STI<\/p>\n","protected":false},"author":5,"featured_media":0,"parent":0,"menu_order":0,"comment_status":"closed","ping_status":"closed","template":"page-templates\/full-width.php","meta":{"footnotes":""},"_links":{"self":[{"href":"https:\/\/colloques.uqac.ca\/forumcrdt\/wp-json\/wp\/v2\/pages\/17"}],"collection":[{"href":"https:\/\/colloques.uqac.ca\/forumcrdt\/wp-json\/wp\/v2\/pages"}],"about":[{"href":"https:\/\/colloques.uqac.ca\/forumcrdt\/wp-json\/wp\/v2\/types\/page"}],"author":[{"embeddable":true,"href":"https:\/\/colloques.uqac.ca\/forumcrdt\/wp-json\/wp\/v2\/users\/5"}],"replies":[{"embeddable":true,"href":"https:\/\/colloques.uqac.ca\/forumcrdt\/wp-json\/wp\/v2\/comments?post=17"}],"version-history":[{"count":12,"href":"https:\/\/colloques.uqac.ca\/forumcrdt\/wp-json\/wp\/v2\/pages\/17\/revisions"}],"predecessor-version":[{"id":543,"href":"https:\/\/colloques.uqac.ca\/forumcrdt\/wp-json\/wp\/v2\/pages\/17\/revisions\/543"}],"wp:attachment":[{"href":"https:\/\/colloques.uqac.ca\/forumcrdt\/wp-json\/wp\/v2\/media?parent=17"}],"curies":[{"name":"wp","href":"https:\/\/api.w.org\/{rel}","templated":true}]}}