{"id":9,"date":"2013-09-10T18:41:41","date_gmt":"2013-09-10T18:41:41","guid":{"rendered":"http:\/\/colloques.uqac.ca\/fipsta\/?page_id=9"},"modified":"2024-11-17T13:11:05","modified_gmt":"2024-11-17T18:11:05","slug":"programme","status":"publish","type":"page","link":"https:\/\/colloques.uqac.ca\/fipsta\/programme\/","title":{"rendered":"Programme"},"content":{"rendered":"<p>Vous pouvez t\u00e9l\u00e9charger le programme d\u00e9taill\u00e9 du FIPSTA 2024<\/p>\n<p><strong><a href=\"https:\/\/colloques.uqac.ca\/fipsta\/files\/2024\/11\/FIPSTA_PROGRAMME_FINAL.pdf\" rel=\"noopener\" target=\"_blank\">Format PDF &#8211; Programme du FIPSTA 2024<\/a><\/strong><\/p>\n<p><strong>Programme FIPSTA en image<\/strong><br \/>\n<em><strong>Cliquez sur l&rsquo;image pour agrandir<\/strong><\/em><\/p>\n<p><a href=\"https:\/\/colloques.uqac.ca\/fipsta\/files\/2024\/11\/1.png\"><img loading=\"lazy\" decoding=\"async\" src=\"https:\/\/colloques.uqac.ca\/fipsta\/files\/2024\/11\/1-212x300.png\" alt=\"\" width=\"212\" height=\"300\" class=\"alignnone size-medium wp-image-204\" srcset=\"https:\/\/colloques.uqac.ca\/fipsta\/files\/2024\/11\/1-212x300.png 212w, https:\/\/colloques.uqac.ca\/fipsta\/files\/2024\/11\/1-724x1024.png 724w, https:\/\/colloques.uqac.ca\/fipsta\/files\/2024\/11\/1-768x1086.png 768w, https:\/\/colloques.uqac.ca\/fipsta\/files\/2024\/11\/1-1086x1536.png 1086w, https:\/\/colloques.uqac.ca\/fipsta\/files\/2024\/11\/1-1448x2048.png 1448w, https:\/\/colloques.uqac.ca\/fipsta\/files\/2024\/11\/1-300x424.png 300w\" sizes=\"(max-width: 212px) 100vw, 212px\" \/><\/a><\/p>\n<p><a href=\"https:\/\/colloques.uqac.ca\/fipsta\/files\/2024\/11\/2.png\"><img loading=\"lazy\" decoding=\"async\" src=\"https:\/\/colloques.uqac.ca\/fipsta\/files\/2024\/11\/2-212x300.png\" alt=\"\" width=\"212\" height=\"300\" class=\"alignnone size-medium wp-image-205\" srcset=\"https:\/\/colloques.uqac.ca\/fipsta\/files\/2024\/11\/2-212x300.png 212w, https:\/\/colloques.uqac.ca\/fipsta\/files\/2024\/11\/2-724x1024.png 724w, https:\/\/colloques.uqac.ca\/fipsta\/files\/2024\/11\/2-768x1086.png 768w, https:\/\/colloques.uqac.ca\/fipsta\/files\/2024\/11\/2-1086x1536.png 1086w, https:\/\/colloques.uqac.ca\/fipsta\/files\/2024\/11\/2-1448x2048.png 1448w, https:\/\/colloques.uqac.ca\/fipsta\/files\/2024\/11\/2-300x424.png 300w\" sizes=\"(max-width: 212px) 100vw, 212px\" \/><\/a><\/p>\n<p><a href=\"https:\/\/colloques.uqac.ca\/fipsta\/files\/2024\/11\/3.png\"><img loading=\"lazy\" decoding=\"async\" src=\"https:\/\/colloques.uqac.ca\/fipsta\/files\/2024\/11\/3-212x300.png\" alt=\"\" width=\"212\" height=\"300\" class=\"alignnone size-medium wp-image-206\" srcset=\"https:\/\/colloques.uqac.ca\/fipsta\/files\/2024\/11\/3-212x300.png 212w, https:\/\/colloques.uqac.ca\/fipsta\/files\/2024\/11\/3-724x1024.png 724w, https:\/\/colloques.uqac.ca\/fipsta\/files\/2024\/11\/3-768x1086.png 768w, https:\/\/colloques.uqac.ca\/fipsta\/files\/2024\/11\/3-1086x1536.png 1086w, https:\/\/colloques.uqac.ca\/fipsta\/files\/2024\/11\/3-1448x2048.png 1448w, https:\/\/colloques.uqac.ca\/fipsta\/files\/2024\/11\/3-300x424.png 300w\" sizes=\"(max-width: 212px) 100vw, 212px\" \/><\/a><\/p>\n<p><a href=\"https:\/\/colloques.uqac.ca\/fipsta\/files\/2024\/11\/4.png\"><img loading=\"lazy\" decoding=\"async\" src=\"https:\/\/colloques.uqac.ca\/fipsta\/files\/2024\/11\/4-212x300.png\" alt=\"\" width=\"212\" height=\"300\" class=\"alignnone size-medium wp-image-207\" srcset=\"https:\/\/colloques.uqac.ca\/fipsta\/files\/2024\/11\/4-212x300.png 212w, https:\/\/colloques.uqac.ca\/fipsta\/files\/2024\/11\/4-724x1024.png 724w, https:\/\/colloques.uqac.ca\/fipsta\/files\/2024\/11\/4-768x1086.png 768w, https:\/\/colloques.uqac.ca\/fipsta\/files\/2024\/11\/4-1086x1536.png 1086w, https:\/\/colloques.uqac.ca\/fipsta\/files\/2024\/11\/4-1448x2048.png 1448w, https:\/\/colloques.uqac.ca\/fipsta\/files\/2024\/11\/4-300x424.png 300w\" sizes=\"(max-width: 212px) 100vw, 212px\" \/><\/a><\/p>\n<p><a href=\"https:\/\/colloques.uqac.ca\/fipsta\/files\/2024\/11\/5.png\"><img loading=\"lazy\" decoding=\"async\" src=\"https:\/\/colloques.uqac.ca\/fipsta\/files\/2024\/11\/5-212x300.png\" alt=\"\" width=\"212\" height=\"300\" class=\"alignnone size-medium wp-image-208\" srcset=\"https:\/\/colloques.uqac.ca\/fipsta\/files\/2024\/11\/5-212x300.png 212w, https:\/\/colloques.uqac.ca\/fipsta\/files\/2024\/11\/5-724x1024.png 724w, https:\/\/colloques.uqac.ca\/fipsta\/files\/2024\/11\/5-768x1086.png 768w, https:\/\/colloques.uqac.ca\/fipsta\/files\/2024\/11\/5-1086x1536.png 1086w, https:\/\/colloques.uqac.ca\/fipsta\/files\/2024\/11\/5-1448x2048.png 1448w, https:\/\/colloques.uqac.ca\/fipsta\/files\/2024\/11\/5-300x424.png 300w\" sizes=\"(max-width: 212px) 100vw, 212px\" \/><\/a><\/p>\n<p><a href=\"https:\/\/colloques.uqac.ca\/fipsta\/files\/2024\/11\/6.png\"><img loading=\"lazy\" decoding=\"async\" src=\"https:\/\/colloques.uqac.ca\/fipsta\/files\/2024\/11\/6-212x300.png\" alt=\"\" width=\"212\" height=\"300\" class=\"alignnone size-medium wp-image-209\" srcset=\"https:\/\/colloques.uqac.ca\/fipsta\/files\/2024\/11\/6-212x300.png 212w, https:\/\/colloques.uqac.ca\/fipsta\/files\/2024\/11\/6-724x1024.png 724w, https:\/\/colloques.uqac.ca\/fipsta\/files\/2024\/11\/6-768x1086.png 768w, https:\/\/colloques.uqac.ca\/fipsta\/files\/2024\/11\/6-1086x1536.png 1086w, https:\/\/colloques.uqac.ca\/fipsta\/files\/2024\/11\/6-1448x2048.png 1448w, https:\/\/colloques.uqac.ca\/fipsta\/files\/2024\/11\/6-300x424.png 300w\" sizes=\"(max-width: 212px) 100vw, 212px\" \/><\/a><\/p>\n<p><a href=\"https:\/\/colloques.uqac.ca\/fipsta\/files\/2024\/11\/7.png\"><img loading=\"lazy\" decoding=\"async\" src=\"https:\/\/colloques.uqac.ca\/fipsta\/files\/2024\/11\/7-212x300.png\" alt=\"\" width=\"212\" height=\"300\" class=\"alignnone size-medium wp-image-210\" srcset=\"https:\/\/colloques.uqac.ca\/fipsta\/files\/2024\/11\/7-212x300.png 212w, https:\/\/colloques.uqac.ca\/fipsta\/files\/2024\/11\/7-724x1024.png 724w, https:\/\/colloques.uqac.ca\/fipsta\/files\/2024\/11\/7-768x1086.png 768w, https:\/\/colloques.uqac.ca\/fipsta\/files\/2024\/11\/7-1086x1536.png 1086w, https:\/\/colloques.uqac.ca\/fipsta\/files\/2024\/11\/7-1448x2048.png 1448w, https:\/\/colloques.uqac.ca\/fipsta\/files\/2024\/11\/7-300x424.png 300w\" sizes=\"(max-width: 212px) 100vw, 212px\" \/><\/a><\/p>\n<p><a href=\"https:\/\/colloques.uqac.ca\/fipsta\/files\/2024\/11\/8.png\"><img loading=\"lazy\" decoding=\"async\" src=\"https:\/\/colloques.uqac.ca\/fipsta\/files\/2024\/11\/8-212x300.png\" alt=\"\" width=\"212\" height=\"300\" class=\"alignnone size-medium wp-image-211\" srcset=\"https:\/\/colloques.uqac.ca\/fipsta\/files\/2024\/11\/8-212x300.png 212w, https:\/\/colloques.uqac.ca\/fipsta\/files\/2024\/11\/8-724x1024.png 724w, https:\/\/colloques.uqac.ca\/fipsta\/files\/2024\/11\/8-768x1086.png 768w, https:\/\/colloques.uqac.ca\/fipsta\/files\/2024\/11\/8-1086x1536.png 1086w, https:\/\/colloques.uqac.ca\/fipsta\/files\/2024\/11\/8-1448x2048.png 1448w, https:\/\/colloques.uqac.ca\/fipsta\/files\/2024\/11\/8-300x424.png 300w\" sizes=\"(max-width: 212px) 100vw, 212px\" \/><\/a><\/p>\n<p><a href=\"https:\/\/colloques.uqac.ca\/fipsta\/files\/2024\/11\/9.png\"><img loading=\"lazy\" decoding=\"async\" src=\"https:\/\/colloques.uqac.ca\/fipsta\/files\/2024\/11\/9-212x300.png\" alt=\"\" width=\"212\" height=\"300\" class=\"alignnone size-medium wp-image-212\" srcset=\"https:\/\/colloques.uqac.ca\/fipsta\/files\/2024\/11\/9-212x300.png 212w, https:\/\/colloques.uqac.ca\/fipsta\/files\/2024\/11\/9-724x1024.png 724w, https:\/\/colloques.uqac.ca\/fipsta\/files\/2024\/11\/9-768x1086.png 768w, https:\/\/colloques.uqac.ca\/fipsta\/files\/2024\/11\/9-1086x1536.png 1086w, https:\/\/colloques.uqac.ca\/fipsta\/files\/2024\/11\/9-1448x2048.png 1448w, https:\/\/colloques.uqac.ca\/fipsta\/files\/2024\/11\/9-300x424.png 300w\" sizes=\"(max-width: 212px) 100vw, 212px\" \/><\/a><\/p>\n<p><a href=\"https:\/\/colloques.uqac.ca\/fipsta\/files\/2024\/11\/10.png\"><img loading=\"lazy\" decoding=\"async\" src=\"https:\/\/colloques.uqac.ca\/fipsta\/files\/2024\/11\/10-212x300.png\" alt=\"\" width=\"212\" height=\"300\" class=\"alignnone size-medium wp-image-213\" srcset=\"https:\/\/colloques.uqac.ca\/fipsta\/files\/2024\/11\/10-212x300.png 212w, https:\/\/colloques.uqac.ca\/fipsta\/files\/2024\/11\/10-724x1024.png 724w, https:\/\/colloques.uqac.ca\/fipsta\/files\/2024\/11\/10-768x1086.png 768w, https:\/\/colloques.uqac.ca\/fipsta\/files\/2024\/11\/10-1086x1536.png 1086w, https:\/\/colloques.uqac.ca\/fipsta\/files\/2024\/11\/10-1448x2048.png 1448w, https:\/\/colloques.uqac.ca\/fipsta\/files\/2024\/11\/10-300x424.png 300w\" sizes=\"(max-width: 212px) 100vw, 212px\" \/><\/a><\/p>\n<p><a href=\"https:\/\/colloques.uqac.ca\/fipsta\/files\/2024\/11\/11.png\"><img loading=\"lazy\" decoding=\"async\" src=\"https:\/\/colloques.uqac.ca\/fipsta\/files\/2024\/11\/11-212x300.png\" alt=\"\" width=\"212\" height=\"300\" class=\"alignnone size-medium wp-image-214\" srcset=\"https:\/\/colloques.uqac.ca\/fipsta\/files\/2024\/11\/11-212x300.png 212w, https:\/\/colloques.uqac.ca\/fipsta\/files\/2024\/11\/11-724x1024.png 724w, https:\/\/colloques.uqac.ca\/fipsta\/files\/2024\/11\/11-768x1086.png 768w, https:\/\/colloques.uqac.ca\/fipsta\/files\/2024\/11\/11-1086x1536.png 1086w, https:\/\/colloques.uqac.ca\/fipsta\/files\/2024\/11\/11-1448x2048.png 1448w, https:\/\/colloques.uqac.ca\/fipsta\/files\/2024\/11\/11-300x424.png 300w\" sizes=\"(max-width: 212px) 100vw, 212px\" \/><\/a><\/p>\n","protected":false},"excerpt":{"rendered":"<p>Vous pouvez t\u00e9l\u00e9charger le programme d\u00e9taill\u00e9 du FIPSTA 2024 Format PDF &#8211; Programme du FIPSTA 2024 Programme FIPSTA en image Cliquez sur l&rsquo;image pour agrandir<\/p>\n","protected":false},"author":5,"featured_media":0,"parent":0,"menu_order":0,"comment_status":"closed","ping_status":"closed","template":"","meta":{"footnotes":""},"_links":{"self":[{"href":"https:\/\/colloques.uqac.ca\/fipsta\/wp-json\/wp\/v2\/pages\/9"}],"collection":[{"href":"https:\/\/colloques.uqac.ca\/fipsta\/wp-json\/wp\/v2\/pages"}],"about":[{"href":"https:\/\/colloques.uqac.ca\/fipsta\/wp-json\/wp\/v2\/types\/page"}],"author":[{"embeddable":true,"href":"https:\/\/colloques.uqac.ca\/fipsta\/wp-json\/wp\/v2\/users\/5"}],"replies":[{"embeddable":true,"href":"https:\/\/colloques.uqac.ca\/fipsta\/wp-json\/wp\/v2\/comments?post=9"}],"version-history":[{"count":20,"href":"https:\/\/colloques.uqac.ca\/fipsta\/wp-json\/wp\/v2\/pages\/9\/revisions"}],"predecessor-version":[{"id":382,"href":"https:\/\/colloques.uqac.ca\/fipsta\/wp-json\/wp\/v2\/pages\/9\/revisions\/382"}],"wp:attachment":[{"href":"https:\/\/colloques.uqac.ca\/fipsta\/wp-json\/wp\/v2\/media?parent=9"}],"curies":[{"name":"wp","href":"https:\/\/api.w.org\/{rel}","templated":true}]}}