{"id":7,"date":"2013-09-10T18:41:15","date_gmt":"2013-09-10T18:41:15","guid":{"rendered":"http:\/\/colloques.uqac.ca\/fipsta\/?page_id=7"},"modified":"2024-11-15T09:36:11","modified_gmt":"2024-11-15T14:36:11","slug":"accueil","status":"publish","type":"page","link":"https:\/\/colloques.uqac.ca\/fipsta\/","title":{"rendered":""},"content":{"rendered":"<p style=\"text-align: justify\">\ud83d\udce2 Acc\u00e9dez au <strong>lien Zoom<\/strong> pour suivre l\u2019\u00e9v\u00e9nement \u00e0 distance, en compl\u00e9tant le <strong>formulaire d\u2019inscription<\/strong> d\u00e8s maintenant ! \ud83d\udc49 <a href=\"https:\/\/colloques.uqac.ca\/fipsta\/inscription\/\" style=\"color: #5B7411;text-decoration: underline\"><strong>Cliquez ici pour vous inscrire<\/strong><\/a><\/p>\n<p style=\"text-align: justify\">\n<h1 style=\"color: #5B7411\">Forum International sur les Politiques Sociales Transformatrices en Afrique<\/h1>\n<p><strong>H\u00f4tel Ngor Diarama, Dakar, S\u00e9n\u00e9gal<\/strong><br \/>\nDu 19 au 21 novembre 2024<\/p>\n<p><strong>PR\u00c9SENTATION DU FORUM<\/strong><\/p>\n<p style=\"text-align: justify\">Le Forum international sur les politiques sociales transformatrices en Afrique (FIPSTA) est organis\u00e9 dans le cadre du projet panafricain <em><a href=\"https:\/\/getspa.ug.edu.gh\/about-project\">Gender Equitable and Transformative Social Policy for Post-COVID-19 Africa<\/a><\/em> (GETSPA) &#8211; Politique Sociale Genr\u00e9e et Transformatrice en Afrique Post-COVID-19 &#8211; financ\u00e9 par Open Society Initiatives of Africa et dirig\u00e9 par l&rsquo;Universit\u00e9 du Ghana. \u00c0 ce jour, le GESTPA est le seul projet \u00e0 avoir initi\u00e9 \u00e0 l&rsquo;\u00e9chelle du continent un programme de recherche pour documenter les trajectoires historiques des politiques sociales des \u00c9tats africains et les postulats qui les sous-tendent. En effet, 33 \u00e9quipes de chercheurs et chercheuses universitaires, constitu\u00e9es sur la base principalement de crit\u00e8res g\u00e9ographiques et linguistiques, ont effectu\u00e9 des recherches sur les trajectoires des politiques sociales depuis l&rsquo;\u00e9poque coloniale jusqu&rsquo;\u00e0 la p\u00e9riode Post-COVID-19. Les r\u00e9sultats de cette importante recherche constituent des sources in\u00e9dites de connaissances sur la question des politiques sociales en Afrique.<br \/>\nR\u00e9sultat de 10 mois de pr\u00e9paration avec l\u2019engagement de chercheurs et chercheuses universitaires, les communications s\u00e9lectionn\u00e9es repr\u00e9sentent 23 pays africains, le Canada et plusieurs pays europ\u00e9ens ; ce qui implique 70 chercheurs et chercheuses de 32 universit\u00e9s africaines, canadiennes et europ\u00e9ennes et 8 centres et institutions de recherche.<br \/>\nLe Forum est organis\u00e9 en collaboration avec le projet GETSPA, le Conseil de recherches en sciences humaines du Canada, l\u2019Universit\u00e9 du Qu\u00e9bec \u00e0 Chicoutimi (Canada), l\u2019Observatoire Francophone pour le D\u00e9veloppement Inclusif par le Genre (Canada), l\u2019Universit\u00e9 Cheikh Anta Diop de Dakar (S\u00e9n\u00e9gal) et l\u2019Association Nouvelle Afrique Contemporaine.<br \/>\nLe Forum d\u2019envergure internationale se tient sous format hybride (en pr\u00e9sentiel et en distanciel) pour permettre une participation des personnes aux quatre coins du monde. Le programme de l\u2019\u00e9v\u00e9nement comprend une conf\u00e9rence d\u2019ouverture, des conf\u00e9rences pl\u00e9ni\u00e8res, des panels anim\u00e9s par des chercheurs, des chercheuses et des praticiens, praticiennes de renom.<\/p>\n<p style=\"text-align: justify\">\n<p><strong>LA POPULATION CIBLE<\/strong> <\/p>\n<p style=\"text-align: justify\">Dans le prolongement du projet GETSPA, ce Forum est un cadre d\u2019\u00e9changes et d\u2019interactions avec diff\u00e9rents acteurs et diff\u00e9rentes actrices impliqu\u00e9.es dans la recherche, le plaidoyer et la planification des politiques sociales (gouvernements, soci\u00e9t\u00e9s civiles, experts, chercheurs, chercheuses, activistes, etc.).<\/p>\n<p style=\"text-align: justify\">\n<p><strong>LES RETOMB\u00c9ES DE L&rsquo;\u00c9V\u00c8NEMENT<\/strong><\/p>\n<p style=\"text-align: justify\">L&rsquo;\u00e9v\u00e8nement vise \u00e0 tirer des enseignements et des exp\u00e9riences du plus grand nombre possible de pays en mati\u00e8re de politiques sociales afin de permettre une analyse comparative. Les conclusions issues des pr\u00e9sentations sur des \u00e9tudes de cas de pays ou d&rsquo;associations serviront de base \u00e0 partir desquelles des le\u00e7ons et des recommandations \u00e0 la fois globales et sp\u00e9cifiques au contexte africain pourront \u00eatre \u00e9labor\u00e9es. L&rsquo;\u00e9v\u00e9nement met en r\u00e9seau des chercheurs et des chercheuses sur les probl\u00e9matiques des politiques sociales. Il est pr\u00e9vu la publication des actes du Forum et d\u2019un num\u00e9ro sp\u00e9cial dans la Revue Afrique contemporaine. D\u00e9j\u00e0, <strong>un glossaire de 135 mots-clefs<\/strong> sur les politiques sociales est \u00e9labor\u00e9 par l\u2019\u00e9quipe au c\u0153ur de l\u2019organisation de ce Forum.<\/p>\n<p style=\"text-align: justify\">\n","protected":false},"excerpt":{"rendered":"<p>\ud83d\udce2 Acc\u00e9dez au lien Zoom pour suivre l\u2019\u00e9v\u00e9nement \u00e0 distance, en compl\u00e9tant le formulaire d\u2019inscription d\u00e8s maintenant ! \ud83d\udc49 Cliquez ici pour vous inscrire Forum International sur les Politiques Sociales Transformatrices en Afrique H\u00f4tel Ngor Diarama, Dakar, S\u00e9n\u00e9gal Du 19 au 21 novembre 2024 PR\u00c9SENTATION DU FORUM Le Forum international sur les politiques sociales transformatrices &hellip; <a href=\"https:\/\/colloques.uqac.ca\/fipsta\/\" class=\"more-link\">Continuer la lecture de <span class=\"screen-reader-text\"><\/span>  <span class=\"meta-nav\">&rarr;<\/span><\/a><\/p>\n","protected":false},"author":5,"featured_media":0,"parent":0,"menu_order":0,"comment_status":"closed","ping_status":"closed","template":"","meta":{"footnotes":""},"_links":{"self":[{"href":"https:\/\/colloques.uqac.ca\/fipsta\/wp-json\/wp\/v2\/pages\/7"}],"collection":[{"href":"https:\/\/colloques.uqac.ca\/fipsta\/wp-json\/wp\/v2\/pages"}],"about":[{"href":"https:\/\/colloques.uqac.ca\/fipsta\/wp-json\/wp\/v2\/types\/page"}],"author":[{"embeddable":true,"href":"https:\/\/colloques.uqac.ca\/fipsta\/wp-json\/wp\/v2\/users\/5"}],"replies":[{"embeddable":true,"href":"https:\/\/colloques.uqac.ca\/fipsta\/wp-json\/wp\/v2\/comments?post=7"}],"version-history":[{"count":40,"href":"https:\/\/colloques.uqac.ca\/fipsta\/wp-json\/wp\/v2\/pages\/7\/revisions"}],"predecessor-version":[{"id":379,"href":"https:\/\/colloques.uqac.ca\/fipsta\/wp-json\/wp\/v2\/pages\/7\/revisions\/379"}],"wp:attachment":[{"href":"https:\/\/colloques.uqac.ca\/fipsta\/wp-json\/wp\/v2\/media?parent=7"}],"curies":[{"name":"wp","href":"https:\/\/api.w.org\/{rel}","templated":true}]}}