{"id":269,"date":"2024-11-12T11:25:04","date_gmt":"2024-11-12T16:25:04","guid":{"rendered":"https:\/\/colloques.uqac.ca\/fipsta\/?page_id=269"},"modified":"2024-11-13T10:39:35","modified_gmt":"2024-11-13T15:39:35","slug":"responsable-du-forum","status":"publish","type":"page","link":"https:\/\/colloques.uqac.ca\/fipsta\/responsable-du-forum\/","title":{"rendered":"Responsables du Forum"},"content":{"rendered":"<p><strong><a href=\"http:\/\/Nd\u00e8ye Faty Sarr, Ph.D\" rel=\"noopener\" target=\"_blank\">Nd\u00e8ye Faty Sarr, Ph.D<\/a><\/strong><br \/>\n<img loading=\"lazy\" decoding=\"async\" src=\"https:\/\/colloques.uqac.ca\/fipsta\/files\/2024\/11\/ID_Ndeye-Faty-Sarr.jpg\" alt=\"\" width=\"250\" height=\"300\" class=\"alignnone size-full wp-image-310\" \/><br \/>\n<strong><em>Professeure associ\u00e9e,<\/em><\/strong><br \/>\n<a href=\"https:\/\/www.uqac.ca\/departements\/dsh\/\">D\u00e9partement des sciences humaines et sociales<\/a><br \/>\n<a href=\"https:\/\/www.uqac.ca\/\">Universit\u00e9 du Qu\u00e9bec \u00e0 Chicoutimi<\/a><\/p>\n<p><strong><a href=\"http:\/\/Marie Fall, Ph.D\" rel=\"noopener\" target=\"_blank\">Marie Fall, Ph.D<\/a><\/strong><br \/>\n<img loading=\"lazy\" decoding=\"async\" src=\"https:\/\/colloques.uqac.ca\/fipsta\/files\/2024\/11\/ID_MARIE-FALL-1.jpg\" alt=\"\" width=\"250\" height=\"300\" class=\"alignnone size-full wp-image-329\" \/><br \/>\n<strong><em>Professeure de g\u00e9ographie et coop\u00e9ration internationale,<\/em><\/strong><br \/>\n<a href=\"https:\/\/www.uqac.ca\/departements\/dsh\/\" rel=\"noopener\" target=\"_blank\">D\u00e9partement des sciences humaines et sociales<\/a><br \/>\n<a href=\"https:\/\/www.uqac.ca\/\" rel=\"noopener\" target=\"_blank\">Universit\u00e9 du Qu\u00e9bec \u00e0 Chicoutimi<\/a><\/p>\n<p><strong><a href=\"http:\/\/Louise Carignan, Ph.D\" rel=\"noopener\" target=\"_blank\">Louise Carignan, Ph.D<\/a><\/strong><br \/>\n<img loading=\"lazy\" decoding=\"async\" src=\"https:\/\/colloques.uqac.ca\/fipsta\/files\/2024\/11\/ID_Louise-Carignan.jpg\" alt=\"\" width=\"250\" height=\"300\" class=\"alignnone size-full wp-image-308\" \/><br \/>\n<strong><em>Professeure agr\u00e9g\u00e9e et chercheure,<\/em><\/strong><br \/>\n<a href=\"https:\/\/www.uqac.ca\/departements\/dsh\/\" rel=\"noopener\" target=\"_blank\">D\u00e9partement des sciences humaines et sociales<\/a><br \/>\n<a href=\"https:\/\/www.uqac.ca\/\" rel=\"noopener\" target=\"_blank\">Universit\u00e9 du Qu\u00e9bec \u00e0 Chicoutimi<\/a><\/p>\n<p><a href=\"http:\/\/Pierre Jacquemot\" rel=\"noopener\" target=\"_blank\"><strong>Pierre Jacquemot<\/strong><\/a><br \/>\n<img loading=\"lazy\" decoding=\"async\" src=\"https:\/\/colloques.uqac.ca\/fipsta\/files\/2024\/11\/ID_Pierre-Jacquemot-.jpg\" alt=\"\" width=\"250\" height=\"300\" class=\"alignnone size-full wp-image-311\" \/><br \/>\n<strong><em>Ancien ambassadeur<\/em><\/strong><br \/>\n<strong><em>Pr\u00e9sident d&rsquo;honneur du Groupe initiatives<\/em><\/strong><br \/>\n<a href=\"http:\/\/Universitaire &amp; conf\u00e9rencier international\">Universitaire &amp; conf\u00e9rencier international<\/a><\/p>\n","protected":false},"excerpt":{"rendered":"<p>Nd\u00e8ye Faty Sarr, Ph.D Professeure associ\u00e9e, D\u00e9partement des sciences humaines et sociales Universit\u00e9 du Qu\u00e9bec \u00e0 Chicoutimi Marie Fall, Ph.D Professeure de g\u00e9ographie et coop\u00e9ration internationale, D\u00e9partement des sciences humaines et sociales Universit\u00e9 du Qu\u00e9bec \u00e0 Chicoutimi Louise Carignan, Ph.D Professeure agr\u00e9g\u00e9e et chercheure, D\u00e9partement des sciences humaines et sociales Universit\u00e9 du Qu\u00e9bec \u00e0 Chicoutimi &hellip; <a href=\"https:\/\/colloques.uqac.ca\/fipsta\/responsable-du-forum\/\" class=\"more-link\">Continuer la lecture de <span class=\"screen-reader-text\">Responsables du Forum<\/span>  <span class=\"meta-nav\">&rarr;<\/span><\/a><\/p>\n","protected":false},"author":99,"featured_media":0,"parent":0,"menu_order":0,"comment_status":"closed","ping_status":"closed","template":"","meta":{"footnotes":""},"_links":{"self":[{"href":"https:\/\/colloques.uqac.ca\/fipsta\/wp-json\/wp\/v2\/pages\/269"}],"collection":[{"href":"https:\/\/colloques.uqac.ca\/fipsta\/wp-json\/wp\/v2\/pages"}],"about":[{"href":"https:\/\/colloques.uqac.ca\/fipsta\/wp-json\/wp\/v2\/types\/page"}],"author":[{"embeddable":true,"href":"https:\/\/colloques.uqac.ca\/fipsta\/wp-json\/wp\/v2\/users\/99"}],"replies":[{"embeddable":true,"href":"https:\/\/colloques.uqac.ca\/fipsta\/wp-json\/wp\/v2\/comments?post=269"}],"version-history":[{"count":12,"href":"https:\/\/colloques.uqac.ca\/fipsta\/wp-json\/wp\/v2\/pages\/269\/revisions"}],"predecessor-version":[{"id":330,"href":"https:\/\/colloques.uqac.ca\/fipsta\/wp-json\/wp\/v2\/pages\/269\/revisions\/330"}],"wp:attachment":[{"href":"https:\/\/colloques.uqac.ca\/fipsta\/wp-json\/wp\/v2\/media?parent=269"}],"curies":[{"name":"wp","href":"https:\/\/api.w.org\/{rel}","templated":true}]}}