{"id":120,"date":"2024-11-05T15:57:06","date_gmt":"2024-11-05T20:57:06","guid":{"rendered":"https:\/\/colloques.uqac.ca\/fipsta\/?page_id=120"},"modified":"2024-11-12T14:15:02","modified_gmt":"2024-11-12T19:15:02","slug":"contact","status":"publish","type":"page","link":"https:\/\/colloques.uqac.ca\/fipsta\/contact\/","title":{"rendered":"Contact"},"content":{"rendered":"<p>Pour toute demande d\u2019informations suppl\u00e9mentaires, veuillez contacter :<\/p>\n<p><strong>Nd\u00e8ye Faty Sarr, Ph.D,<\/strong><br \/>\nProfesseure associ\u00e9e,<br \/>\n<a href=\"https:\/\/www.uqac.ca\/departements\/dsh\/\">D\u00e9partement des sciences humaines et sociales<\/a><br \/>\n<a href=\"https:\/\/www.uqac.ca\/\">Universit\u00e9 du Qu\u00e9bec \u00e0 Chicoutimi<\/a><\/p>\n<p><a href=\"mailto:fipstadakar24@gmail.com\">fipstadakar24@gmail.com<\/a><\/p>\n","protected":false},"excerpt":{"rendered":"<p>Pour toute demande d\u2019informations suppl\u00e9mentaires, veuillez contacter : Nd\u00e8ye Faty Sarr, Ph.D, Professeure associ\u00e9e, D\u00e9partement des sciences humaines et sociales Universit\u00e9 du Qu\u00e9bec \u00e0 Chicoutimi fipstadakar24@gmail.com<\/p>\n","protected":false},"author":99,"featured_media":0,"parent":0,"menu_order":0,"comment_status":"closed","ping_status":"closed","template":"","meta":{"footnotes":""},"_links":{"self":[{"href":"https:\/\/colloques.uqac.ca\/fipsta\/wp-json\/wp\/v2\/pages\/120"}],"collection":[{"href":"https:\/\/colloques.uqac.ca\/fipsta\/wp-json\/wp\/v2\/pages"}],"about":[{"href":"https:\/\/colloques.uqac.ca\/fipsta\/wp-json\/wp\/v2\/types\/page"}],"author":[{"embeddable":true,"href":"https:\/\/colloques.uqac.ca\/fipsta\/wp-json\/wp\/v2\/users\/99"}],"replies":[{"embeddable":true,"href":"https:\/\/colloques.uqac.ca\/fipsta\/wp-json\/wp\/v2\/comments?post=120"}],"version-history":[{"count":13,"href":"https:\/\/colloques.uqac.ca\/fipsta\/wp-json\/wp\/v2\/pages\/120\/revisions"}],"predecessor-version":[{"id":305,"href":"https:\/\/colloques.uqac.ca\/fipsta\/wp-json\/wp\/v2\/pages\/120\/revisions\/305"}],"wp:attachment":[{"href":"https:\/\/colloques.uqac.ca\/fipsta\/wp-json\/wp\/v2\/media?parent=120"}],"curies":[{"name":"wp","href":"https:\/\/api.w.org\/{rel}","templated":true}]}}