{"id":116,"date":"2024-11-05T15:53:53","date_gmt":"2024-11-05T20:53:53","guid":{"rendered":"https:\/\/colloques.uqac.ca\/fipsta\/?page_id=116"},"modified":"2024-11-17T13:03:44","modified_gmt":"2024-11-17T18:03:44","slug":"comite-scientifique","status":"publish","type":"page","link":"https:\/\/colloques.uqac.ca\/fipsta\/comite-scientifique\/","title":{"rendered":"Comit\u00e9s scientifique et organisateur"},"content":{"rendered":"<p><strong>Marie Fall<\/strong><br \/>\n<em><strong>Comit\u00e9 scientifique et organisateur<\/strong><\/em><\/p>\n<p style=\"text-align: justify\">Professeure de g\u00e9ographie et coop\u00e9ration internationale au D\u00e9partement des sciences humaines et sociales de l\u2019Universit\u00e9 du Qu\u00e9bec \u00e0 Chicoutimi. Elle a \u00e9t\u00e9 coresponsable de l\u2019\u00e9quipe Mali, Mauritanie et S\u00e9n\u00e9gal et membre du Comit\u00e9 technique du projet panafricain sur les politiques sociales transformatrices et genr\u00e9es en Afrique (GETSPA). Elle est membre de plusieurs r\u00e9seaux de chercheurs et chercheuses au Qu\u00e9bec, en France et en Afrique de l\u2019Ouest.  Membre du Comit\u00e9 de r\u00e9daction de la revue Afrique contemporaine et la revue de l\u2019Organisation responsable.<\/p>\n<p style=\"text-align: justify\">\n<p><strong>Ndeye Faty Sarr<\/strong><br \/>\n<em><strong>Comit\u00e9 scientifique et organisateur<\/strong><\/em> <\/p>\n<p style=\"text-align: justify\">Titulaire d\u2019un doctorat en sociologie de l\u2019Universit\u00e9 Laval. Elle est professeure associ\u00e9e au D\u00e9partement des sciences humaines et sociales \u00e0 l\u2019Universit\u00e9 du Qu\u00e9bec \u00e0 Chicoutimi. Ses travaux de recherche portent sur les th\u00e9matiques li\u00e9es au d\u00e9veloppement, aux politiques sociales transformatrices et genr\u00e9es en Afrique, \u00e0 l\u2019\u00e9quit\u00e9 de genre. Elle enseigne la sociologie du d\u00e9veloppement, la sociologie environnementale. Elle fait partie de plusieurs r\u00e9seaux de recherche en Afrique, au Canada.<\/p>\n<p style=\"text-align: justify\">\n<p><strong>Louise Carignan<\/strong><br \/>\n<em><strong>Comit\u00e9 scientifique et organisateur<\/strong><\/em> <\/p>\n<p style=\"text-align: justify\">Professeure au D\u00e9partement des sciences humaines et sociales de l\u2019Universit\u00e9 du Qu\u00e9bec \u00e0 Chicoutimi. Elle a publi\u00e9 : Vivre en famille d\u2019accueil jusqu\u2019\u00e0 mes 18 ans : voir ou ne pas voir mes parents ? (2008) et codirig\u00e9 le livre : Pratiques r\u00e9flexives et r\u00e9f\u00e9rentiels de comp\u00e9tences dans les formations sociales (2013). Elle a contribu\u00e9 aux livres : M\u00e9thodologie de l\u2019intervention personnelle et sociale (2011, 2017, en r\u00e9\u00e9dition pour 2025) ; La violence \u00e0 l\u2019\u00e9gard des enfants en milieu familial (2010, 2019).<\/p>\n<p style=\"text-align: justify\">\n<p><strong>Pierre Jacquemot<\/strong><br \/>\n<em><strong>Comit\u00e9 scientifique et organisateur<\/strong><\/em>  <\/p>\n<p style=\"text-align: justify\">Diplomate et universitaire. Actuellement expert \u00e0 la Fondation Jean-Jaur\u00e8s.  Conf\u00e9rencier \u00e0 Sciences Po-Paris. Pr\u00e9sident d\u2019honneur du Groupe initiatives. Membre du comit\u00e9 directeur du Conseil fran\u00e7ais des investisseurs en Afrique (CIAN). Membre du Comit\u00e9 de r\u00e9daction de la revue Afrique contemporaine. Membre de l\u2019Acad\u00e9mie des sciences d\u2019outre-mer (France). Derniers ouvrages : Le Dictionnaire encyclop\u00e9dique du d\u00e9veloppement durable (2021) ; Afrique. La d\u00e9mocratie \u00e0 l\u2019\u00e9preuve (2022), Se nourrir, le d\u00e9fi de l\u2019Afrique, (Karthala, 2024).<\/p>\n<p style=\"text-align: justify\">\n<p><strong>Kadidiatou Kadio<\/strong><br \/>\n<em><strong>Comit\u00e9 scientifique<\/strong><\/em> <\/p>\n<p style=\"text-align: justify\">Chercheuse sciences sociales \u00e0 l&rsquo;Institut de Recherche en Sciences de la Sant\u00e9 du Centre National de la Recherche Scientifique et Technologique (IRSS\/CNRST) \u00e0 Ouagadougou, elle est \u00e9galement chercheuse post-doctorante \u00e0 la Chaire de recherche du Canada sur les services sociaux et la sant\u00e9 adaptative \u00e0 l&rsquo;\u00c9cole nationale d&rsquo;administration publique, Montr\u00e9al, Canada. Ses recherches portent sur les politiques sociales, les politiques et syst\u00e8mes de sant\u00e9, l&rsquo;\u00e9quit\u00e9, l&rsquo;autonomisation des communaut\u00e9s et le changement climatique.<\/p>\n<p style=\"text-align: justify\">\n<p><strong>Yvette Onibon Doubogan<\/strong><br \/>\n<em><strong>Comit\u00e9 scientifique<\/strong><\/em> <\/p>\n<p style=\"text-align: justify\">Professeure de sociologie du d\u00e9veloppement \u00e0 l\u2019Universit\u00e9 de Parakou au B\u00e9nin. Elle est enseignante invit\u00e9e dans plusieurs universit\u00e9s et enseignante associ\u00e9e \u00e0 l\u2019Universit\u00e9 Laval. Elle appartient \u00e0 plusieurs r\u00e9seaux de recherche sur les probl\u00e9matiques du genre et de l\u2019inclusion sociale au B\u00e9nin, en C\u00f4te d\u2019Ivoire, au S\u00e9n\u00e9gal, en France, en Suisse et au Canada. Elle est le point focal du programme de recherche th\u00e9matique Langues, Soci\u00e9t\u00e9s, Cultures et Communication du CAMES au B\u00e9nin.<\/p>\n<p style=\"text-align: justify\">\n<p><strong>Christophe N\u2019doly<\/strong><br \/>\n<em><strong>Comit\u00e9 scientifique<\/strong><\/em> <\/p>\n<p style=\"text-align: justify\">Titulaire d\u2019un doctorat unique en sociologie de l\u2019\u00e9conomie et de l\u2019emploi.  Adouobo Christophe N\u2019doly est actuellement Ma\u00eetre de conf\u00e9rences \u00e0 l\u2019Institut d\u2019ethnosociologie de l\u2019Universit\u00e9 F\u00e9lix Houphou\u00ebt-Boigny d\u2019Abidjan depuis 2021. Il est affili\u00e9 \u00e0 l\u2019\u00c9cole Doctorale &#8211; Soci\u00e9t\u00e9, Arts, Communications, Lettres et Langues (ED &#8211; SCALL). Ses recherches s\u2019int\u00e9ressent aux th\u00e9matiques d\u2019\u00e9conomie sociale et solidaire, d\u2019entrepreneuriat social et solidaire, d\u2019\u00e9conomie informelle, d\u2019\u00e9conomie rurale et d\u2019\u00e9conomie des migrations Sud-Sud \/ Sud- Nord.<\/p>\n<p style=\"text-align: justify\">\n<p><strong>Paul Mayoka<\/strong><br \/>\n<em><strong>Comit\u00e9 scientifique<\/strong><\/em> <\/p>\n<p style=\"text-align: justify\">Sociologue et anthropologue (Ph.D), directeur de l\u2019IFFAC Social -Institut de Formation de Formateurs Accompagnement Comp\u00e9tences (\u00e0 Strasbourg). Il est cadre p\u00e9dagogique des \u00e9coles sociales, politiques sociales. Il pr\u00e9side le SocioAnthropoesis Institute, organisme international de recherche et de formation. Ses recherches portent sur les \u00ab figures de l\u2019Humain \u00bb dans les exp\u00e9riences individuelles et collectives et sur le \u00ab processus d\u2019internationalisation \u00bb des \u00e9tablissements d\u2019enseignement sup\u00e9rieur en Europe et \u00e0 l\u2019international.<\/p>\n<p style=\"text-align: justify\">\n<p><strong>A\u00efcha Bara<\/strong><br \/>\n<em><strong>Comit\u00e9 organisateur<\/strong><\/em><\/p>\n<p style=\"text-align: justify\">Professeure de l\u2019enseignement sup\u00e9rieur habilit\u00e9 \u00e0 la Facult\u00e9 des Langues, des Arts et des Sciences humaines de Universit\u00e9 Ibnou Zohr \u00e0 Agadir au Maroc. Ses axes de recherches sont le discours humoristique, l\u2019oralit\u00e9 et le cin\u00e9ma.<\/p>\n<p style=\"text-align: justify\">\n<p><strong>Ibrahima Dia<\/strong><br \/>\n<em><strong>Comit\u00e9 organisateur<\/strong><\/em><\/p>\n<p style=\"text-align: justify\">Enseignant-chercheur au d\u00e9partement de Sociologie, Dr Ibrahima DIA est ruraliste, sp\u00e9cialiste des questions environnementales et sociales. Ses recherches et publications portent sur le foncier, les conflits et coop\u00e9rations autour des ressources naturelles, la gestion environnementale et sociale des relations entre les communaut\u00e9s, les milieux et les installations class\u00e9es. Il dispose de plus de 24 ann\u00e9es d\u2019exp\u00e9riences dans l\u2019appui et le conseil aux \u00c9tats, aux bailleurs et aux particuliers sur plusieurs secteurs de d\u00e9veloppement.<\/p>\n<p style=\"text-align: justify\">\n","protected":false},"excerpt":{"rendered":"<p>Marie Fall Comit\u00e9 scientifique et organisateur Professeure de g\u00e9ographie et coop\u00e9ration internationale au D\u00e9partement des sciences humaines et sociales de l\u2019Universit\u00e9 du Qu\u00e9bec \u00e0 Chicoutimi. Elle a \u00e9t\u00e9 coresponsable de l\u2019\u00e9quipe Mali, Mauritanie et S\u00e9n\u00e9gal et membre du Comit\u00e9 technique du projet panafricain sur les politiques sociales transformatrices et genr\u00e9es en Afrique (GETSPA). Elle est &hellip; <a href=\"https:\/\/colloques.uqac.ca\/fipsta\/comite-scientifique\/\" class=\"more-link\">Continuer la lecture de <span class=\"screen-reader-text\">Comit\u00e9s scientifique et organisateur<\/span>  <span class=\"meta-nav\">&rarr;<\/span><\/a><\/p>\n","protected":false},"author":99,"featured_media":0,"parent":0,"menu_order":0,"comment_status":"closed","ping_status":"closed","template":"","meta":{"footnotes":""},"_links":{"self":[{"href":"https:\/\/colloques.uqac.ca\/fipsta\/wp-json\/wp\/v2\/pages\/116"}],"collection":[{"href":"https:\/\/colloques.uqac.ca\/fipsta\/wp-json\/wp\/v2\/pages"}],"about":[{"href":"https:\/\/colloques.uqac.ca\/fipsta\/wp-json\/wp\/v2\/types\/page"}],"author":[{"embeddable":true,"href":"https:\/\/colloques.uqac.ca\/fipsta\/wp-json\/wp\/v2\/users\/99"}],"replies":[{"embeddable":true,"href":"https:\/\/colloques.uqac.ca\/fipsta\/wp-json\/wp\/v2\/comments?post=116"}],"version-history":[{"count":15,"href":"https:\/\/colloques.uqac.ca\/fipsta\/wp-json\/wp\/v2\/pages\/116\/revisions"}],"predecessor-version":[{"id":380,"href":"https:\/\/colloques.uqac.ca\/fipsta\/wp-json\/wp\/v2\/pages\/116\/revisions\/380"}],"wp:attachment":[{"href":"https:\/\/colloques.uqac.ca\/fipsta\/wp-json\/wp\/v2\/media?parent=116"}],"curies":[{"name":"wp","href":"https:\/\/api.w.org\/{rel}","templated":true}]}}