{"id":3654,"date":"2025-01-21T11:42:30","date_gmt":"2025-01-21T16:42:30","guid":{"rendered":"https:\/\/colloques.uqac.ca\/ecoconseil\/?page_id=3654"},"modified":"2025-02-12T16:55:06","modified_gmt":"2025-02-12T21:55:06","slug":"mobilite","status":"publish","type":"page","link":"https:\/\/colloques.uqac.ca\/ecoconseil\/mobilite\/","title":{"rendered":"Mobilit\u00e9"},"content":{"rendered":"<h3><strong>Covoiturage :<\/strong><\/h3>\n<p>Nous avons ouvert une plateforme de covoiturage pour que vous puissiez vous rendre \u00e0 l&rsquo;\u00e9v\u00e8nement de mani\u00e8re plus responsable :<\/p>\n<p><a href=\"https:\/\/togetzer.com\/covoiturage-evenement\/sf66uy\">https:\/\/togetzer.com\/covoiturage-evenement\/sf66uy<\/a><\/p>\n","protected":false},"excerpt":{"rendered":"<p>Covoiturage : Nous avons ouvert une plateforme de covoiturage pour que vous puissiez vous rendre \u00e0 l&rsquo;\u00e9v\u00e8nement de mani\u00e8re plus responsable : https:\/\/togetzer.com\/covoiturage-evenement\/sf66uy<\/p>\n","protected":false},"author":101,"featured_media":0,"parent":0,"menu_order":0,"comment_status":"closed","ping_status":"closed","template":"","meta":{"footnotes":""},"_links":{"self":[{"href":"https:\/\/colloques.uqac.ca\/ecoconseil\/wp-json\/wp\/v2\/pages\/3654"}],"collection":[{"href":"https:\/\/colloques.uqac.ca\/ecoconseil\/wp-json\/wp\/v2\/pages"}],"about":[{"href":"https:\/\/colloques.uqac.ca\/ecoconseil\/wp-json\/wp\/v2\/types\/page"}],"author":[{"embeddable":true,"href":"https:\/\/colloques.uqac.ca\/ecoconseil\/wp-json\/wp\/v2\/users\/101"}],"replies":[{"embeddable":true,"href":"https:\/\/colloques.uqac.ca\/ecoconseil\/wp-json\/wp\/v2\/comments?post=3654"}],"version-history":[{"count":6,"href":"https:\/\/colloques.uqac.ca\/ecoconseil\/wp-json\/wp\/v2\/pages\/3654\/revisions"}],"predecessor-version":[{"id":3702,"href":"https:\/\/colloques.uqac.ca\/ecoconseil\/wp-json\/wp\/v2\/pages\/3654\/revisions\/3702"}],"wp:attachment":[{"href":"https:\/\/colloques.uqac.ca\/ecoconseil\/wp-json\/wp\/v2\/media?parent=3654"}],"curies":[{"name":"wp","href":"https:\/\/api.w.org\/{rel}","templated":true}]}}