{"id":3615,"date":"2024-12-10T07:04:35","date_gmt":"2024-12-10T12:04:35","guid":{"rendered":"https:\/\/colloques.uqac.ca\/ecoconseil\/?page_id=3615"},"modified":"2024-12-10T07:12:52","modified_gmt":"2024-12-10T12:12:52","slug":"annonces","status":"publish","type":"page","link":"https:\/\/colloques.uqac.ca\/ecoconseil\/annonces\/","title":{"rendered":"Annonces"},"content":{"rendered":"<p><strong>L&rsquo;\u00c9v\u00e9nement \u00c9co-Conseil en d\u00e9tail !<\/strong><\/p>\n<p>Voici l&rsquo;ensemble des activit\u00e9s de l&rsquo;\u00c9v\u00e8nement \u00c9co-conseil \u00ab\u00a0<strong>Villes cr\u00e9atrices de sant\u00e9<\/strong>\u00a0\u00bb qui se d\u00e9rouleront du 18 au 26 janvier 2024. L&rsquo;ensemble des activit\u00e9s ont lieu au pavillon principal de l&rsquo;UQAC.<\/p>\n<ul>\n<li><em>Conf\u00e9rence de presse<\/em> &#8211; <strong>Jeudi 18 janvier<\/strong>, 11h \u00e0 midi Lieu : Salon vert, c\u00f4t\u00e9 ouest (P1)<\/li>\n<\/ul>\n<ul>\n<li>Des <em>kiosques d&rsquo;information et d&rsquo;inscription<\/em> seront tenus \u00e0 l&rsquo;entr\u00e9e principale (c\u00f4t\u00e9 Est) du <strong>22 au 24 janvier<\/strong>, de 7h30 \u00e0 13h30.<\/li>\n<\/ul>\n<ul>\n<li><em>Fresque du climat<\/em> &#8211; <strong>Jeudi 25 janvier<\/strong>, 9h \u00e0 midi Lieu\u00a0au Centre social de l&rsquo;UQAC<br \/>\nPour davantage d&rsquo;informations : <a href=\"https:\/\/colloques.uqac.ca\/ecoconseil\/atelier-fresque-du-climat\/\" target=\"_blank\" rel=\"noopener\">Fresque du Climat<\/a><br \/>\nInscription : <a href=\"https:\/\/www.zeffy.com\/fr-CA\/ticketing\/ccf1e6d5-b8a8-417f-939e-75ec76fde82c?fbclid=IwAR0KP1HiOLiWU-nfeOFuXfV2hTyCA570ANGWOMBtxwUBNF4gR8DOQL1_LC8\" target=\"_blank\" rel=\"noopener\">Billetterie Zeffy<\/a><br \/>\n\u00c0 noter que <span style=\"text-decoration: underline\">les places pour cette activit\u00e9s sont limit\u00e9es<\/span>!<\/li>\n<\/ul>\n<ul>\n<li><em>Bar des sciences<\/em> &#8211; <strong>Jeudi 25 janvier<\/strong>, 18h30 \u00e0 21h\u00a0 au Centre social de l&rsquo;UQAC<br \/>\nPour davantage d&rsquo;informations : <a href=\"https:\/\/colloques.uqac.ca\/ecoconseil\/bar-des-sciences-2\/\" target=\"_blank\" rel=\"noopener\">Bar des Sciences<\/a><br \/>\nInscription : <a href=\"https:\/\/www.zeffy.com\/fr-CA\/ticketing\/44eb6698-da6b-4bdf-8005-996cc30ff1bb?fbclid=IwAR2qnir9RDdImqnyV_kDEY109lqEp485GvmswEEObrPudntbS4L9amr_96c\" target=\"_blank\" rel=\"noopener\">Billetterie Zeffy<\/a><\/li>\n<\/ul>\n<ul>\n<li><em>Colloque Villes cr\u00e9atrices de sant\u00e9<\/em> &#8211; <strong>Vendredi 26 janvier<\/strong>, 8h30 \u00e0 16h30\u00a0 \u00a0dans l&rsquo;auditorium (P0-5000). Il sera suivi d&rsquo;un 5@7 au BARUQAC<br \/>\nPour davantage d&rsquo;informations : <a href=\"https:\/\/colloques.uqac.ca\/ecoconseil\/programme-de-levenement\/\" target=\"_blank\" rel=\"noopener\">Colloque\u00a0<\/a><br \/>\nInscription : <a href=\"https:\/\/www.zeffy.com\/fr-CA\/ticketing\/6564c4f6-f440-4e68-a638-ff1e57c0ec95?fbclid=IwAR11zBOzcmBVk57dUuT7W-HbYeXmla0qzUYT4Y5dMcPA4zieVnjMEYc9kHg\" target=\"_blank\" rel=\"noopener\">Billetterie Zeffy<\/a><\/p>\n<div class=\"contents_f9f2ca\">\n<div><\/div>\n<div><\/div>\n<div id=\"message-content-1316014323050614825\" class=\"markup_f8f345 messageContent_f9f2ca\"><strong>Programmation de l&rsquo;\u00e9v\u00e9nement<\/strong><\/div>\n<\/div>\n<\/li>\n<\/ul>\n<div class=\"x9f619 x1n2onr6 x1ja2u2z __fb-light-mode\">\n<p style=\"text-align: justify\">Le programme complet de l&rsquo;\u00c9v\u00e9nement \u00c9co-Conseil 2024, qui aura lieu le 26 janvier 2024 et s&rsquo;int\u00e9ressera aux <em>Villes Cr\u00e9atrices de Sant\u00e9<\/em>, a \u00e9t\u00e9 d\u00e9voil\u00e9 ! Vous pouvez le retrouver directement en cliquant <a href=\"https:\/\/colloques.uqac.ca\/ecoconseil\/programme-de-levenement\/\" target=\"_blank\" rel=\"noopener\">ici<\/a>.<\/p>\n<p style=\"text-align: justify\">En esp\u00e9rant vous y voir nombreux !<\/p>\n<div class=\"x1cy8zhl x78zum5 xdt5ytf x193iq5w x1n2onr6 x1kxipp6\">\n<div class=\"x78zum5 xh8yej3\">\n<div class=\"html-div xe8uvvx xdj266r x11i5rnm xat24cr x1mh8g0r x1tlxs6b x1g8br2z x1gn5b1j x230xth x14ctfv x1okitfd x6ikm8r x10wlt62 x1y1aw1k xwib8y2 x1ye3gou xn6708d x1n2onr6 x1vjfegm x1mzt3pk x13faqbe\">\n<div class=\"x9f619 x1n2onr6 x1ja2u2z __fb-light-mode\">\n<div class=\"x1gslohp x11i5rnm x12nagc x1mh8g0r x1yc453h x126k92a\" dir=\"auto\" style=\"text-align: center\"><strong>Annonce Sp\u00e9ciale!\u00a0<\/strong><\/div>\n<div class=\"x1gslohp x11i5rnm x12nagc x1mh8g0r x1yc453h x126k92a\" dir=\"auto\" style=\"text-align: center\"><\/div>\n<div class=\"x1gslohp x11i5rnm x12nagc x1mh8g0r x1yc453h x126k92a\" dir=\"auto\" style=\"text-align: center\"><\/div>\n<div class=\"x1gslohp x11i5rnm x12nagc x1mh8g0r x1yc453h x126k92a\" dir=\"auto\" style=\"text-align: justify\">Nous avons le plaisir de vous informer que nous avons d\u00e9sormais un compte Instagram d\u00e9di\u00e9 \u00e0 notre \u00e9v\u00e9nement \u00e9co-conseil ! \u00a0Suivez-nous sur @eco_conseil_uqac pour des contenus in\u00e9dits, des coulisses de l&rsquo;\u00e9v\u00e9nement, et bien plus encore. Soyez au c\u0153ur de l&rsquo;action et ne manquez aucune mise \u00e0 jour !<\/div>\n<\/div>\n<\/div>\n<div class=\"x1h91t0o xkh2ocl x78zum5 xdt5ytf x13a6bvl x193iq5w x1iyjqo2 xcrg951\"><\/div>\n<div class=\"x1h91t0o xkh2ocl x78zum5 xdt5ytf x13a6bvl x193iq5w x1iyjqo2 xcrg951\" style=\"text-align: justify\">Vous pouvez acc\u00e9der \u00e0 notre page en cliquant sur <a href=\"https:\/\/www.instagram.com\/eco_conseil_uqac?igshid=ZGNjOWZkYTE3MQ==\" target=\"_blank\" rel=\"noopener\">ce lien<\/a>.<\/div>\n<div class=\"x1h91t0o xkh2ocl x78zum5 xdt5ytf x13a6bvl x193iq5w x1iyjqo2 xcrg951\" style=\"text-align: justify\">Pour rappel, nous avons aussi une <a href=\"https:\/\/www.facebook.com\/ecoconseiluqac\" target=\"_blank\" rel=\"noopener\">page Facebook<\/a>.<\/div>\n<\/div>\n<\/div>\n<div class=\"x1h91t0o xkh2ocl x78zum5 xdt5ytf x13a6bvl x193iq5w x1iyjqo2 xcrg951\" style=\"text-align: justify\"><\/div>\n<\/div>\n","protected":false},"excerpt":{"rendered":"<p>L&rsquo;\u00c9v\u00e9nement \u00c9co-Conseil en d\u00e9tail ! Voici l&rsquo;ensemble des activit\u00e9s de l&rsquo;\u00c9v\u00e8nement \u00c9co-conseil \u00ab\u00a0Villes cr\u00e9atrices de sant\u00e9\u00a0\u00bb qui se d\u00e9rouleront du 18 au 26 janvier 2024. L&rsquo;ensemble des activit\u00e9s ont lieu au pavillon principal de l&rsquo;UQAC. Conf\u00e9rence de presse &#8211; Jeudi 18 janvier, 11h \u00e0 midi Lieu : Salon vert, c\u00f4t\u00e9 ouest (P1) Des kiosques d&rsquo;information &hellip; <a href=\"https:\/\/colloques.uqac.ca\/ecoconseil\/annonces\/\" class=\"more-link\">Continuer la lecture de <span class=\"screen-reader-text\">Annonces<\/span>  <span class=\"meta-nav\">&rarr;<\/span><\/a><\/p>\n","protected":false},"author":101,"featured_media":0,"parent":0,"menu_order":0,"comment_status":"closed","ping_status":"closed","template":"","meta":{"footnotes":""},"_links":{"self":[{"href":"https:\/\/colloques.uqac.ca\/ecoconseil\/wp-json\/wp\/v2\/pages\/3615"}],"collection":[{"href":"https:\/\/colloques.uqac.ca\/ecoconseil\/wp-json\/wp\/v2\/pages"}],"about":[{"href":"https:\/\/colloques.uqac.ca\/ecoconseil\/wp-json\/wp\/v2\/types\/page"}],"author":[{"embeddable":true,"href":"https:\/\/colloques.uqac.ca\/ecoconseil\/wp-json\/wp\/v2\/users\/101"}],"replies":[{"embeddable":true,"href":"https:\/\/colloques.uqac.ca\/ecoconseil\/wp-json\/wp\/v2\/comments?post=3615"}],"version-history":[{"count":4,"href":"https:\/\/colloques.uqac.ca\/ecoconseil\/wp-json\/wp\/v2\/pages\/3615\/revisions"}],"predecessor-version":[{"id":3624,"href":"https:\/\/colloques.uqac.ca\/ecoconseil\/wp-json\/wp\/v2\/pages\/3615\/revisions\/3624"}],"wp:attachment":[{"href":"https:\/\/colloques.uqac.ca\/ecoconseil\/wp-json\/wp\/v2\/media?parent=3615"}],"curies":[{"name":"wp","href":"https:\/\/api.w.org\/{rel}","templated":true}]}}