{"id":3595,"date":"2024-12-10T06:43:56","date_gmt":"2024-12-10T11:43:56","guid":{"rendered":"https:\/\/colloques.uqac.ca\/ecoconseil\/?page_id=3595"},"modified":"2024-12-10T06:54:43","modified_gmt":"2024-12-10T11:54:43","slug":"conferencier-ere-s-2","status":"publish","type":"page","link":"https:\/\/colloques.uqac.ca\/ecoconseil\/conferencier-ere-s-2\/","title":{"rendered":"Conf\u00e9rencier.\u00e8re.s"},"content":{"rendered":"<p>Pr\u00e9sentation d&rsquo;un conf\u00e9rencier : Olivier Niquet<\/p>\n<p style=\"text-align: justify\">Olivier Niquet participera \u00e0 notre \u00c9v\u00e9nement \u00c9co-Conseil ! Vous pourrez le retrouver le <strong>25 janvier<\/strong>, d\u00e8s 18h30 lors du Bar des Sciences qu&rsquo;il animera. Lors de notre colloque du\u00a0<strong>26 janvier<\/strong>, il sera en charge de la conf\u00e9rence de cl\u00f4ture intitul\u00e9e : \u00ab\u00a0<em>Le traitement m\u00e9diatique des enjeux d\u2019am\u00e9nagement urbain est-il bon pour la sant\u00e9 ?\u00a0\u00bb.<\/em><\/p>\n<p><a href=\"https:\/\/colloques.uqac.ca\/ecoconseil\/files\/2024\/01\/OlivierNiquet.jpg\"><img loading=\"lazy\" decoding=\"async\" class=\"alignnone size-full wp-image-3481\" src=\"https:\/\/colloques.uqac.ca\/ecoconseil\/files\/2024\/01\/OlivierNiquet.jpg\" alt=\"OlivierNiquet\" width=\"400\" height=\"363\" srcset=\"https:\/\/colloques.uqac.ca\/ecoconseil\/files\/2024\/01\/OlivierNiquet.jpg 400w, https:\/\/colloques.uqac.ca\/ecoconseil\/files\/2024\/01\/OlivierNiquet-300x272.jpg 300w\" sizes=\"(max-width: 400px) 100vw, 400px\" \/><\/a><\/p>\n<p>&nbsp;<\/p>\n<p style=\"text-align: justify\"><span style=\"color: #000000\">Olivier Niquet\u00a0est maintenant chroniqueur et coanimateur de l\u2019\u00e9mission quotidienne <em>La journ\u00e9e (est encore jeune)<\/em> sur ICI Premi\u00e8re. Il est aussi chroniqueur,\u00a0<a style=\"color: #000000\" title=\"URL d'origine: https:\/\/olivierniquet.com\/livres\/. Cliquez ou appuyez si vous faites confiance \u00e0 ce lien.\" href=\"https:\/\/can01.safelinks.protection.outlook.com\/?url=https%3A%2F%2Folivierniquet.com%2Flivres%2F&amp;data=05%7C02%7Ccbouzin%40etu.uqac.ca%7C682495e668d24d35fa8f08dc12dfc2a8%7Cc97978b1bd4c44b59bbb20215efdf611%7C0%7C0%7C638405999465602466%7CUnknown%7CTWFpbGZsb3d8eyJWIjoiMC4wLjAwMDAiLCJQIjoiV2luMzIiLCJBTiI6Ik1haWwiLCJXVCI6Mn0%3D%7C3000%7C%7C%7C&amp;sdata=1qN9UBdwi%2BkXf1EQQrAYsJrYJgmWBB2oVaYvHLyhRi8%3D&amp;reserved=0\" target=\"_blank\" rel=\"noopener noreferrer\">auteur<\/a>,\u00a0<a style=\"color: #000000\" title=\"URL d'origine: https:\/\/olivierniquet.com\/conferences\/. Cliquez ou appuyez si vous faites confiance \u00e0 ce lien.\" href=\"https:\/\/can01.safelinks.protection.outlook.com\/?url=https%3A%2F%2Folivierniquet.com%2Fconferences%2F&amp;data=05%7C02%7Ccbouzin%40etu.uqac.ca%7C682495e668d24d35fa8f08dc12dfc2a8%7Cc97978b1bd4c44b59bbb20215efdf611%7C0%7C0%7C638405999465602466%7CUnknown%7CTWFpbGZsb3d8eyJWIjoiMC4wLjAwMDAiLCJQIjoiV2luMzIiLCJBTiI6Ik1haWwiLCJXVCI6Mn0%3D%7C3000%7C%7C%7C&amp;sdata=%2FXTmNjnGb2MjXEbtySOs3z8z1c0uJiD4J%2BzzdPhozaI%3D&amp;reserved=0\" target=\"_blank\" rel=\"noopener noreferrer\">conf\u00e9rencier<\/a>, sc\u00e9nariste et toutes sortes d\u2019autres choses. Il s\u2019int\u00e9resse particuli\u00e8rement aux m\u00e9dias, \u00e0 l\u2019urbanisme et au sport, mais se d\u00e9finit comme un expert en polyvalence.<\/span><\/p>\n<p style=\"text-align: justify\"><span style=\"color: #000000\">Olivier est d\u00e9tenteur d\u2019un certificat en administration des affaires de l\u2019UQAM, d\u2019un baccalaur\u00e9at en urbanisme de l\u2019UQAM et d\u2019une ma\u00eetrise en \u00e9tudes urbaines de l\u2019INRS. Son m\u00e9moire de ma\u00eetrise portait sur \u201c<em><a style=\"color: #000000\" title=\"URL d'origine: http:\/\/espace.inrs.ca\/93\/. Cliquez ou appuyez si vous faites confiance \u00e0 ce lien.\" href=\"https:\/\/can01.safelinks.protection.outlook.com\/?url=http%3A%2F%2Fespace.inrs.ca%2F93%2F&amp;data=05%7C02%7Ccbouzin%40etu.uqac.ca%7C682495e668d24d35fa8f08dc12dfc2a8%7Cc97978b1bd4c44b59bbb20215efdf611%7C0%7C0%7C638405999465602466%7CUnknown%7CTWFpbGZsb3d8eyJWIjoiMC4wLjAwMDAiLCJQIjoiV2luMzIiLCJBTiI6Ik1haWwiLCJXVCI6Mn0%3D%7C3000%7C%7C%7C&amp;sdata=M2pWsrHVNxZONsZg1x1MUEx4CAXPq098F%2BgydTeQZUE%3D&amp;reserved=0\" target=\"_blank\" rel=\"noopener noreferrer\">La participation citoyenne au d\u00e9bat public sur l\u2019am\u00e9nagement urbain par l\u2019entremise des blogues<\/a><\/em>\u201d.<\/span><\/p>\n<p style=\"text-align: justify\">Pour davantage d&rsquo;informations sur le\u00a0<em>Bar des Sciences,\u00a0<\/em>c&rsquo;est <a href=\"https:\/\/colloques.uqac.ca\/ecoconseil\/bar-des-sciences-2\/\" target=\"_blank\" rel=\"noopener\">ici<\/a>.<\/p>\n<p style=\"text-align: justify\">Vous pouvez vous inscrire \u00e0 notre colloque et assister \u00e0 la pr\u00e9sentation de Olivier Niquet juste <a href=\"https:\/\/colloques.uqac.ca\/ecoconseil\/cohorte-23-inscription\/\" target=\"_blank\" rel=\"noopener\">ici<\/a>.<\/p>\n<div class=\"message_d5deea cozyMessage_d5deea wrapper_f9f2ca cozy_f9f2ca zalgo_f9f2ca\" role=\"article\" data-list-item-id=\"chat-messages___chat-messages-740977418143269055-1316008316090191892\" aria-labelledby=\"message-username-1316007785586102345 uid_1 message-content-1316008316090191892 uid_2 message-timestamp-1316008316090191892\">\n<div class=\"contents_f9f2ca\">\n<div id=\"message-content-1316008316090191892\" class=\"markup_f8f345 messageContent_f9f2ca\">Pr\u00e9sentation d&rsquo;une conf\u00e9renci\u00e8re : \u00c9milie Lapointe<\/div>\n<div><\/div>\n<\/div>\n<\/div>\n<p style=\"text-align: justify\">C&rsquo;est avec une grande joie que nous vous annon\u00e7ons la venue de Emilie Lapointe lors de notre colloque du 26 janvier. Elle participera au panel, qui aura lieu d\u00e8s 10h15, o\u00f9 elle discutera des enjeux de verdissement, notamment en lien avec le projet\u00a0<em>Canop\u00e9e et Biodiversit\u00e9 Saguenay<\/em>.<\/p>\n<p><a href=\"https:\/\/colloques.uqac.ca\/ecoconseil\/files\/2024\/01\/\u00c9milie-lapointe_EUREKO.jpg\"><img loading=\"lazy\" decoding=\"async\" class=\"alignnone size-full wp-image-3478\" src=\"https:\/\/colloques.uqac.ca\/ecoconseil\/files\/2024\/01\/\u00c9milie-lapointe_EUREKO.jpg\" alt=\"\u00c9milie lapointe_EUREKO\" width=\"400\" height=\"548\" srcset=\"https:\/\/colloques.uqac.ca\/ecoconseil\/files\/2024\/01\/\u00c9milie-lapointe_EUREKO.jpg 400w, https:\/\/colloques.uqac.ca\/ecoconseil\/files\/2024\/01\/\u00c9milie-lapointe_EUREKO-219x300.jpg 219w\" sizes=\"(max-width: 400px) 100vw, 400px\" \/><\/a><\/p>\n<p style=\"text-align: justify\">Biologiste et charg\u00e9e de projet depuis 15 ans dans des organismes environnementaux, elle cumule de nombreuses exp\u00e9riences en gestion de projet en lien avec la conservation, l\u2019am\u00e9nagement, le verdissement, l\u2019agriculture urbaine et la mise en valeur de milieux naturels. Elle a mis de l\u2019avant les projets d\u2019am\u00e9nagement paysager comestible et de for\u00eat nourrici\u00e8re communautaire dans la r\u00e9gion. Depuis 2020 elle coordonne le projet <em>Canop\u00e9e et biodiversit\u00e9 Saguenay<\/em>\u00a0qui vise \u00e0 poser des actions concr\u00e8tes pour cr\u00e9er des milieux de vie favorables \u00e0 la sant\u00e9 des citoyens et augmenter leur r\u00e9silience face aux impacts des changements climatiques.\u00a0L\u2019\u00e9ducation, l\u2019implication citoyenne et la pr\u00e9servation de la biodiversit\u00e9 urbaine sont toujours au c\u0153ur de ses projets.<\/p>\n<p style=\"text-align: justify\">Pour assister \u00e0 sa pr\u00e9sentation, n&rsquo;h\u00e9sitez pas \u00e0 vous inscrire <a href=\"https:\/\/colloques.uqac.ca\/ecoconseil\/cohorte-23-inscription\/\" target=\"_blank\" rel=\"noopener\">ici <\/a>!<\/p>\n<div class=\"message_d5deea cozyMessage_d5deea wrapper_f9f2ca cozy_f9f2ca zalgo_f9f2ca\" role=\"article\" data-list-item-id=\"chat-messages___chat-messages-740977418143269055-1316009259137499158\" aria-labelledby=\"message-username-1316007785586102345 uid_1 message-content-1316009259137499158 uid_2 message-timestamp-1316009259137499158\">\n<div class=\"contents_f9f2ca\">\n<div id=\"message-content-1316009259137499158\" class=\"markup_f8f345 messageContent_f9f2ca\">Pr\u00e9sentation d&rsquo;un conf\u00e9rencier : Martin Lavalli\u00e8re<\/div>\n<div><\/div>\n<\/div>\n<\/div>\n<p style=\"text-align: justify\">Nous avons le plaisir de vous annoncer la participation de\u00a0<strong>Martin Lavalli\u00e8re\u00a0<\/strong>durant notre colloque du 26 janvier. Vous pourrez l&rsquo;entendre d\u00e8s 10h15 lors du panel, lors de sa pr\u00e9sentation intitul\u00e9e \u00ab\u00a0<em><span class=\"x_TextRun x_SCXW163515902 x_BCX4\" lang=\"FR-CA\"><span class=\"x_BCX4 x_NormalTextRun x_SCXW163515902\">Marchera,\u00a0<\/span><span class=\"x_NormalTextRun x_BCX4 x_ContextualSpellingAndGrammarErrorV2Themed x_SCXW163515902\">marchera pas<\/span><span class=\"x_BCX4 x_NormalTextRun x_SCXW163515902\">\u00a0:\u00a0<\/span><\/span><span class=\"x_TextRun x_SCXW163515902 x_BCX4\" lang=\"FR-CA\">comment encourager les d\u00e9placements actifs pour favoriser la sant\u00e9 \u00e0 travers les \u00e2ges\u00a0\u00bb.<\/span><\/em><\/p>\n<p style=\"text-align: justify\"><a href=\"https:\/\/colloques.uqac.ca\/ecoconseil\/files\/2024\/01\/Martin-Lavalliere.jpg\"><img loading=\"lazy\" decoding=\"async\" class=\"alignnone size-full wp-image-3467\" src=\"https:\/\/colloques.uqac.ca\/ecoconseil\/files\/2024\/01\/Martin-Lavalliere.jpg\" alt=\"Martin-Lavalliere\" width=\"400\" height=\"444\" srcset=\"https:\/\/colloques.uqac.ca\/ecoconseil\/files\/2024\/01\/Martin-Lavalliere.jpg 400w, https:\/\/colloques.uqac.ca\/ecoconseil\/files\/2024\/01\/Martin-Lavalliere-270x300.jpg 270w\" sizes=\"(max-width: 400px) 100vw, 400px\" \/><\/a><\/p>\n<p style=\"text-align: justify\">D\u00e9tenteur d\u2019un baccalaur\u00e9at (2002-05), d\u2019une ma\u00eetrise (2005-07) et d\u2019un doctorat en kin\u00e9siologie (2007-2013), Martin Lavalli\u00e8re a aussi compl\u00e9t\u00e9 un post-doctorat de 2 ans au <em>MIT AgeLab<\/em> et un deuxi\u00e8me post-doctorat aux <em>HEC Montr\u00e9al<\/em> avant d\u2019\u00eatre embauch\u00e9 comme professeur-chercheur au D\u00e9partement des sciences de la sant\u00e9 de l\u2019<em>Universit\u00e9 du Qu\u00e9bec \u00e0 Chicoutimi<\/em> en ao\u00fbt 2016. Ses travaux visent l\u2019\u00e9valuation et le d\u00e9veloppement de programme de formation afin de permettre un maintien de la mobilit\u00e9 au fil des \u00e2ges. Il est membre du <em>R\u00e9seau de recherche en s\u00e9curit\u00e9 routi\u00e8re<\/em> du Qu\u00e9bec (RRSR), a si\u00e9g\u00e9 durant plusieurs ann\u00e9es sur le comit\u00e9 directeur de l<em>\u2019Association canadienne des professionnels de la s\u00e9curit\u00e9 routi\u00e8re<\/em> (ACRSP)) et si\u00e8ge \u00e0 diff\u00e9rents comit\u00e9s ISO en mati\u00e8re de conduite et d&rsquo;interface personne-machine (\u00ab\u00a0human-machine interface\u00a0\u00bb).<\/p>\n<p style=\"text-align: justify\">Pour participer \u00e0 notre colloque et assister \u00e0 la conf\u00e9rence de Martin Lavalli\u00e8re, c&rsquo;est <a href=\"https:\/\/www.zeffy.com\/fr-CA\/ticketing\/6564c4f6-f440-4e68-a638-ff1e57c0ec95?fbclid=IwAR11zBOzcmBVk57dUuT7W-HbYeXmla0qzUYT4Y5dMcPA4zieVnjMEYc9kHg\" target=\"_blank\" rel=\"noopener\">ici<\/a> !<\/p>\n<p>Pr\u00e9sentation d&rsquo;un conf\u00e9rencier : Louis Mazerolle<\/p>\n<p style=\"text-align: justify\">Nous sommes honor\u00e9s de vous annoncer que Louis Mazerolle sera pr\u00e9sent \u00e0 notre \u00e9v\u00e9nement. D\u00e8s 10h15, il participera au panel en nous pr\u00e9sentant l&rsquo;<i>Am\u00e9nagement urbain aux services des saines\u00a0 habitudes de vie.<\/i><\/p>\n<p style=\"text-align: justify\"><i><a href=\"https:\/\/colloques.uqac.ca\/ecoconseil\/files\/2023\/12\/lmazerolle1.jpg\"><img loading=\"lazy\" decoding=\"async\" class=\"alignnone size-full wp-image-3429\" src=\"https:\/\/colloques.uqac.ca\/ecoconseil\/files\/2023\/12\/lmazerolle1.jpg\" alt=\"lmazerolle1\" width=\"400\" height=\"600\" srcset=\"https:\/\/colloques.uqac.ca\/ecoconseil\/files\/2023\/12\/lmazerolle1.jpg 400w, https:\/\/colloques.uqac.ca\/ecoconseil\/files\/2023\/12\/lmazerolle1-200x300.jpg 200w\" sizes=\"(max-width: 400px) 100vw, 400px\" \/><\/a><\/i><\/p>\n<p style=\"text-align: justify\">Louis Mazerolle est un urbaniste sp\u00e9cialis\u00e9 en design urbain cumulant plus de 10 ans d\u2019exp\u00e9rience. Il est l\u2019un des principaux contributeurs au <em>Code de l\u2019urbanisme<\/em> de la Ville de Laval, premier r\u00e8glement Form-Based Code pour une grande ville au Canada. Il a remport\u00e9 un Prix du m\u00e9rite de l\u2019Institut canadien des urbanistes pour le PPU du noyau villageois de Petite-Rivi\u00e8re-Saint-Fran\u00e7ois. Il d\u00e9tient une ma\u00eetrise en design urbain de l\u2019Universit\u00e9 Laval et un baccalaur\u00e9at en urbanisme de l\u2019Universit\u00e9 de Montr\u00e9al.<\/p>\n<p style=\"text-align: justify\">Les principaux domaines d\u2019expertise de Louis sont le design urbain, la mobilit\u00e9 active, les strat\u00e9gies urbaines et immobili\u00e8res. Son \u00e9chelle de pr\u00e9dilection est celle allant de l\u2019\u00eelot au quartier, permettant de modeler la forme urbaine d\u2019un milieu de vie. Rigoureux et dot\u00e9 d\u2019un esprit critique, Louis poss\u00e8de une curiosit\u00e9 qui l\u2019am\u00e8ne \u00e0 \u00eatre constamment \u00e0 l\u2019affut des meilleures pratiques.<\/p>\n<p style=\"text-align: justify\">Pour participer \u00e0 notre \u00e9v\u00e9nement et assister \u00e0 la conf\u00e9rence de Louis Mazerolle, c&rsquo;est <a href=\"https:\/\/www.zeffy.com\/fr-CA\/ticketing\/6564c4f6-f440-4e68-a638-ff1e57c0ec95?fbclid=IwAR11zBOzcmBVk57dUuT7W-HbYeXmla0qzUYT4Y5dMcPA4zieVnjMEYc9kHg\" target=\"_blank\" rel=\"noopener\">ici<\/a> !<\/p>\n<div class=\"message_d5deea cozyMessage_d5deea wrapper_f9f2ca cozy_f9f2ca zalgo_f9f2ca\" role=\"article\" data-list-item-id=\"chat-messages___chat-messages-740977418143269055-1316009996860915713\" aria-labelledby=\"message-username-1316009644992364565 uid_1 message-content-1316009996860915713 uid_2 message-timestamp-1316009996860915713\">\n<div class=\"contents_f9f2ca\">\n<div id=\"message-content-1316009996860915713\" class=\"markup_f8f345 messageContent_f9f2ca\">Pr\u00e9sentation d&rsquo;une conf\u00e9renci\u00e8re : Johanne Elsener<\/div>\n<\/div>\n<\/div>\n<p style=\"text-align: center\"><b>Dre Johanne Elsener MV, MSc, C.Q.<\/b><\/p>\n<p style=\"text-align: justify\">\u00a0Lors de notre \u00e9v\u00e9nement, nous aurons la chance d&rsquo;accueillir Johanne Elsener. Elle ouvrira le colloque d\u00e8s 8h55 avec sa conf\u00e9rence\u00a0<em>:<\/em><\/p>\n<p><em>\u00ab\u00a0Villes Cr\u00e9atrices de Sant\u00e9 en contexte de changements climatiques\u00a0\u00bb<img loading=\"lazy\" decoding=\"async\" class=\" size-full wp-image-3421 aligncenter\" src=\"https:\/\/colloques.uqac.ca\/ecoconseil\/files\/2023\/12\/JohanneElsener.jpeg\" alt=\"JohanneElsener\" width=\"400\" height=\"532\" srcset=\"https:\/\/colloques.uqac.ca\/ecoconseil\/files\/2023\/12\/JohanneElsener.jpeg 400w, https:\/\/colloques.uqac.ca\/ecoconseil\/files\/2023\/12\/JohanneElsener-226x300.jpeg 226w\" sizes=\"(max-width: 400px) 100vw, 400px\" \/><\/em><\/p>\n<p style=\"text-align: justify\">Johanne Elsener est m\u00e9decin v\u00e9t\u00e9rinaire avec une ma\u00eetrise en \u00e9pid\u00e9miologie.<\/p>\n<p style=\"text-align: justify\">En parall\u00e8le de sa carri\u00e8re, elle a su rallier de multiples partenaires autour de <em>\u00c7a marche Doc!<\/em>, une initiative \u00e9labor\u00e9e avec des ressources professionnelles de la sant\u00e9 qui vise \u00e0 sensibiliser la population quant aux b\u00e9n\u00e9fices d\u2019un am\u00e9nagement urbain orient\u00e9 vers la pr\u00e9vention.\u00a0<em>\u00c7a marche Doc!<\/em> s\u2019est m\u00e9rit\u00e9 le Prix d\u2019Excellence du r\u00e9seau de la sant\u00e9 et des services sociaux \u2013 Volet partenariat en 2019.<\/p>\n<p style=\"text-align: justify\">Johanne Elsener a co-fond\u00e9 et pr\u00e9side l\u2019organisme <em>Sant\u00e9 Urbanit\u00e9<\/em> afin de soutenir la transition vers la mobilit\u00e9 durable, le\u00a0verdissement urbain et la lutte aux changements climatiques pour la sant\u00e9 de tous. \u202fSon implication sociale lui a valu d\u2019\u00eatre nomm\u00e9e Chevali\u00e8re de l\u2019Ordre national du Qu\u00e9bec en 2020 et de recevoir le titre de membre honoraire d\u2019\u00c9quiterre en 2022.<\/p>\n<p style=\"text-align: justify\">Elle est membre de l\u2019<em>Association qu\u00e9b\u00e9coise des m\u00e9decins pour l\u2019environnement<\/em> qu\u2019elle repr\u00e9sente avec fiert\u00e9 dans certains dossiers de sant\u00e9 environnementale. Cofondatrice du <em>Collectif Prescri-Nature<\/em>, elle a contribu\u00e9 au lancement de l\u2019initiative <em>Prescri-Nature en 2022<\/em>.<\/p>\n","protected":false},"excerpt":{"rendered":"<p>Pr\u00e9sentation d&rsquo;un conf\u00e9rencier : Olivier Niquet Olivier Niquet participera \u00e0 notre \u00c9v\u00e9nement \u00c9co-Conseil ! Vous pourrez le retrouver le 25 janvier, d\u00e8s 18h30 lors du Bar des Sciences qu&rsquo;il animera. Lors de notre colloque du\u00a026 janvier, il sera en charge de la conf\u00e9rence de cl\u00f4ture intitul\u00e9e : \u00ab\u00a0Le traitement m\u00e9diatique des enjeux d\u2019am\u00e9nagement urbain est-il &hellip; <a href=\"https:\/\/colloques.uqac.ca\/ecoconseil\/conferencier-ere-s-2\/\" class=\"more-link\">Continuer la lecture de <span class=\"screen-reader-text\">Conf\u00e9rencier.\u00e8re.s<\/span>  <span class=\"meta-nav\">&rarr;<\/span><\/a><\/p>\n","protected":false},"author":101,"featured_media":0,"parent":0,"menu_order":0,"comment_status":"closed","ping_status":"closed","template":"","meta":{"footnotes":""},"_links":{"self":[{"href":"https:\/\/colloques.uqac.ca\/ecoconseil\/wp-json\/wp\/v2\/pages\/3595"}],"collection":[{"href":"https:\/\/colloques.uqac.ca\/ecoconseil\/wp-json\/wp\/v2\/pages"}],"about":[{"href":"https:\/\/colloques.uqac.ca\/ecoconseil\/wp-json\/wp\/v2\/types\/page"}],"author":[{"embeddable":true,"href":"https:\/\/colloques.uqac.ca\/ecoconseil\/wp-json\/wp\/v2\/users\/101"}],"replies":[{"embeddable":true,"href":"https:\/\/colloques.uqac.ca\/ecoconseil\/wp-json\/wp\/v2\/comments?post=3595"}],"version-history":[{"count":7,"href":"https:\/\/colloques.uqac.ca\/ecoconseil\/wp-json\/wp\/v2\/pages\/3595\/revisions"}],"predecessor-version":[{"id":3605,"href":"https:\/\/colloques.uqac.ca\/ecoconseil\/wp-json\/wp\/v2\/pages\/3595\/revisions\/3605"}],"wp:attachment":[{"href":"https:\/\/colloques.uqac.ca\/ecoconseil\/wp-json\/wp\/v2\/media?parent=3595"}],"curies":[{"name":"wp","href":"https:\/\/api.w.org\/{rel}","templated":true}]}}