{"id":3572,"date":"2024-12-04T21:01:27","date_gmt":"2024-12-05T02:01:27","guid":{"rendered":"https:\/\/colloques.uqac.ca\/ecoconseil\/?page_id=3572"},"modified":"2024-12-04T21:14:12","modified_gmt":"2024-12-05T02:14:12","slug":"qui-sommes-nous","status":"publish","type":"page","link":"https:\/\/colloques.uqac.ca\/ecoconseil\/qui-sommes-nous\/","title":{"rendered":"Qui sommes-nous ?"},"content":{"rendered":"<p>L\u2019\u00e9v\u00e8nement \u00e9co-conseil est organis\u00e9 cette ann\u00e9e par notre cohorte comptant cinq personnes. Nous sommes toutes et tous issues d\u2019\u00e9tudes de g\u00e9nies dans des domaines biens diff\u00e9rents, mais ralli\u00e9es et motiv\u00e9es \u00e0 l\u2019id\u00e9e d\u2019int\u00e9grer des pratiques \u00e9cologiques et durables dans nos vies professionnelles. Nous avons h\u00e2te de vous retrouver et de discuter avec vous lors de notre \u00e9v\u00e8nement, tout en vous faisant vivre une journ\u00e9e unique poussant \u00e0 la r\u00e9flexion collective.<\/p>\n<p>Vous \u00eates curieux concernant notre formation ? Vous retrouverez plus de d\u00e9tail ici : https:\/\/programmes.uqac.ca\/3598<a href=\"https:\/\/colloques.uqac.ca\/ecoconseil\/files\/2024\/12\/cohorte.jpg\"><img loading=\"lazy\" decoding=\"async\" class=\"wp-image-3580 aligncenter\" src=\"https:\/\/colloques.uqac.ca\/ecoconseil\/files\/2024\/12\/cohorte-300x184.jpg\" alt=\"\" width=\"359\" height=\"220\" srcset=\"https:\/\/colloques.uqac.ca\/ecoconseil\/files\/2024\/12\/cohorte-300x184.jpg 300w, https:\/\/colloques.uqac.ca\/ecoconseil\/files\/2024\/12\/cohorte-1024x630.jpg 1024w, https:\/\/colloques.uqac.ca\/ecoconseil\/files\/2024\/12\/cohorte-768x472.jpg 768w, https:\/\/colloques.uqac.ca\/ecoconseil\/files\/2024\/12\/cohorte.jpg 1111w\" sizes=\"(max-width: 359px) 100vw, 359px\" \/><\/a><\/p>\n<p>Vous trouverez ci-dessous chacun de nos profils respectifs, nous restons \u00e0 l\u2019\u00e9coute et ouvert \u00e0 tous vos questionnements et remarques !<\/p>\n<p>Ma\u00efwenn Gasnier : <a href=\"mailto:mgasnier@etu.uqac.ca\">mgasnier@etu.uqac.ca<\/a><\/p>\n<p>Eve Tison : <a href=\"mailto:etison@etu.uqac.ca\">etison@etu.uqac.ca<\/a><\/p>\n<p>Vincent Thibault : <a href=\"mailto:vthibault4@etu.uqac.ca\">vthibault4@etu.uqac.ca<\/a><\/p>\n<p>Shahnaze Kassar : <a href=\"mailto:skassar@etu.uqac.ca\">skassar@etu.uqac.ca<\/a><\/p>\n<p>Nicolas Guillon : <a href=\"mailto:nguillon1@etu.uqac.ca\">nguillon1@etu.uqac.ca<\/a><\/p>\n<p><a href=\"https:\/\/colloques.uqac.ca\/ecoconseil\/files\/2024\/12\/cohorte.jpg\"><!-- notionvc: 92ac2a85-f812-4c64-ba57-38bb77168da8 --><\/a><\/p>\n<p>&nbsp;<\/p>\n","protected":false},"excerpt":{"rendered":"<p>L\u2019\u00e9v\u00e8nement \u00e9co-conseil est organis\u00e9 cette ann\u00e9e par notre cohorte comptant cinq personnes. Nous sommes toutes et tous issues d\u2019\u00e9tudes de g\u00e9nies dans des domaines biens diff\u00e9rents, mais ralli\u00e9es et motiv\u00e9es \u00e0 l\u2019id\u00e9e d\u2019int\u00e9grer des pratiques \u00e9cologiques et durables dans nos vies professionnelles. Nous avons h\u00e2te de vous retrouver et de discuter avec vous lors de &hellip; <a href=\"https:\/\/colloques.uqac.ca\/ecoconseil\/qui-sommes-nous\/\" class=\"more-link\">Continuer la lecture de <span class=\"screen-reader-text\">Qui sommes-nous ?<\/span>  <span class=\"meta-nav\">&rarr;<\/span><\/a><\/p>\n","protected":false},"author":101,"featured_media":0,"parent":0,"menu_order":0,"comment_status":"open","ping_status":"closed","template":"","meta":{"footnotes":""},"_links":{"self":[{"href":"https:\/\/colloques.uqac.ca\/ecoconseil\/wp-json\/wp\/v2\/pages\/3572"}],"collection":[{"href":"https:\/\/colloques.uqac.ca\/ecoconseil\/wp-json\/wp\/v2\/pages"}],"about":[{"href":"https:\/\/colloques.uqac.ca\/ecoconseil\/wp-json\/wp\/v2\/types\/page"}],"author":[{"embeddable":true,"href":"https:\/\/colloques.uqac.ca\/ecoconseil\/wp-json\/wp\/v2\/users\/101"}],"replies":[{"embeddable":true,"href":"https:\/\/colloques.uqac.ca\/ecoconseil\/wp-json\/wp\/v2\/comments?post=3572"}],"version-history":[{"count":3,"href":"https:\/\/colloques.uqac.ca\/ecoconseil\/wp-json\/wp\/v2\/pages\/3572\/revisions"}],"predecessor-version":[{"id":3581,"href":"https:\/\/colloques.uqac.ca\/ecoconseil\/wp-json\/wp\/v2\/pages\/3572\/revisions\/3581"}],"wp:attachment":[{"href":"https:\/\/colloques.uqac.ca\/ecoconseil\/wp-json\/wp\/v2\/media?parent=3572"}],"curies":[{"name":"wp","href":"https:\/\/api.w.org\/{rel}","templated":true}]}}