{"id":3547,"date":"2024-12-04T20:35:04","date_gmt":"2024-12-05T01:35:04","guid":{"rendered":"https:\/\/colloques.uqac.ca\/ecoconseil\/?page_id=3547"},"modified":"2025-01-26T14:39:04","modified_gmt":"2025-01-26T19:39:04","slug":"inscription-2","status":"publish","type":"page","link":"https:\/\/colloques.uqac.ca\/ecoconseil\/inscription-2\/","title":{"rendered":"Inscription"},"content":{"rendered":"<p>Commencez votre inscription en cliquant sur le lien suivant :<br \/>\n<a href=\"https:\/\/www.zeffy.com\/ticketing\/colloque-eco-conseil--2025\">https:\/\/www.zeffy.com\/ticketing\/colloque-eco-conseil&#8211;2025<\/a><\/p>\n<p><strong>Concernant l&rsquo;inscription :<\/strong><\/p>\n<p>Tous les types de billets donnent acc\u00e8s aux m\u00eames activit\u00e9s et services, \u00e0 savoir : le colloque, le repas du midi ainsi que deux pauses caf\u00e9.<\/p>\n","protected":false},"excerpt":{"rendered":"<p>Commencez votre inscription en cliquant sur le lien suivant : https:\/\/www.zeffy.com\/ticketing\/colloque-eco-conseil&#8211;2025 Concernant l&rsquo;inscription : Tous les types de billets donnent acc\u00e8s aux m\u00eames activit\u00e9s et services, \u00e0 savoir : le colloque, le repas du midi ainsi que deux pauses caf\u00e9.<\/p>\n","protected":false},"author":101,"featured_media":0,"parent":0,"menu_order":0,"comment_status":"closed","ping_status":"closed","template":"","meta":{"footnotes":""},"_links":{"self":[{"href":"https:\/\/colloques.uqac.ca\/ecoconseil\/wp-json\/wp\/v2\/pages\/3547"}],"collection":[{"href":"https:\/\/colloques.uqac.ca\/ecoconseil\/wp-json\/wp\/v2\/pages"}],"about":[{"href":"https:\/\/colloques.uqac.ca\/ecoconseil\/wp-json\/wp\/v2\/types\/page"}],"author":[{"embeddable":true,"href":"https:\/\/colloques.uqac.ca\/ecoconseil\/wp-json\/wp\/v2\/users\/101"}],"replies":[{"embeddable":true,"href":"https:\/\/colloques.uqac.ca\/ecoconseil\/wp-json\/wp\/v2\/comments?post=3547"}],"version-history":[{"count":5,"href":"https:\/\/colloques.uqac.ca\/ecoconseil\/wp-json\/wp\/v2\/pages\/3547\/revisions"}],"predecessor-version":[{"id":3663,"href":"https:\/\/colloques.uqac.ca\/ecoconseil\/wp-json\/wp\/v2\/pages\/3547\/revisions\/3663"}],"wp:attachment":[{"href":"https:\/\/colloques.uqac.ca\/ecoconseil\/wp-json\/wp\/v2\/media?parent=3547"}],"curies":[{"name":"wp","href":"https:\/\/api.w.org\/{rel}","templated":true}]}}