{"id":3545,"date":"2024-12-04T20:35:03","date_gmt":"2024-12-05T01:35:03","guid":{"rendered":"https:\/\/colloques.uqac.ca\/ecoconseil\/?page_id=3545"},"modified":"2025-02-18T10:47:09","modified_gmt":"2025-02-18T15:47:09","slug":"programme-du-colloque","status":"publish","type":"page","link":"https:\/\/colloques.uqac.ca\/ecoconseil\/programme-du-colloque\/","title":{"rendered":"Programme du colloque"},"content":{"rendered":"<p>&nbsp;<\/p>\n<p><a href=\"https:\/\/colloques.uqac.ca\/ecoconseil\/files\/2025\/02\/Planning-update-d.jpg\"><img loading=\"lazy\" decoding=\"async\" class=\"alignnone wp-image-3711\" src=\"https:\/\/colloques.uqac.ca\/ecoconseil\/files\/2025\/02\/Planning-update-d.jpg\" alt=\"\" width=\"627\" height=\"589\" srcset=\"https:\/\/colloques.uqac.ca\/ecoconseil\/files\/2025\/02\/Planning-update-d.jpg 1142w, https:\/\/colloques.uqac.ca\/ecoconseil\/files\/2025\/02\/Planning-update-d-300x282.jpg 300w, https:\/\/colloques.uqac.ca\/ecoconseil\/files\/2025\/02\/Planning-update-d-1024x961.jpg 1024w, https:\/\/colloques.uqac.ca\/ecoconseil\/files\/2025\/02\/Planning-update-d-768x721.jpg 768w\" sizes=\"(max-width: 627px) 100vw, 627px\" \/><\/a><\/p>\n<p>&nbsp;<\/p>\n<h1><strong>Les conf\u00e9renciers et pan\u00e9listes :<\/strong><\/h1>\n<h3>H\u00e9l\u00e8ne Boivin<\/h3>\n<p><a href=\"https:\/\/colloques.uqac.ca\/ecoconseil\/files\/2025\/01\/hb.png\"><img loading=\"lazy\" decoding=\"async\" class=\"alignnone size-medium wp-image-3666\" src=\"https:\/\/colloques.uqac.ca\/ecoconseil\/files\/2025\/01\/hb-300x300.png\" alt=\"\" width=\"300\" height=\"300\" srcset=\"https:\/\/colloques.uqac.ca\/ecoconseil\/files\/2025\/01\/hb-300x299.png 300w, https:\/\/colloques.uqac.ca\/ecoconseil\/files\/2025\/01\/hb-150x150.png 150w, https:\/\/colloques.uqac.ca\/ecoconseil\/files\/2025\/01\/hb-100x100.png 100w, https:\/\/colloques.uqac.ca\/ecoconseil\/files\/2025\/01\/hb.png 417w\" sizes=\"(max-width: 300px) 100vw, 300px\" \/><\/a><\/p>\n<p><span data-olk-copy-source=\"MessageBody\">Experte dans les domaines de la politique, le social ainsi que les milieux artistiques et \u00e9conomiques, H\u00e9l\u00e8ne Boivin consacre \u00e9galement une partie de sa vie dans la recherche et le d\u00e9veloppement. Elle s\u2019investit plus particuli\u00e8rement dans la d\u00e9fense, la promotion et l\u2019affirmation des droits de sa Nation et des peuples autochtones en g\u00e9n\u00e9ral. Ainsi, elle souhaite \u00e9tablir une nouvelle gouvernance selon les r\u00e8gles et les valeurs de son peuple loin de la tutelle gouvernementale.<\/span><\/p>\n<h3>Jonathan Durand Folco<\/h3>\n<p><a href=\"https:\/\/colloques.uqac.ca\/ecoconseil\/files\/2025\/01\/jdf.png\"><img loading=\"lazy\" decoding=\"async\" class=\"alignnone size-medium wp-image-3667\" src=\"https:\/\/colloques.uqac.ca\/ecoconseil\/files\/2025\/01\/jdf-300x267.png\" alt=\"\" width=\"300\" height=\"267\" srcset=\"https:\/\/colloques.uqac.ca\/ecoconseil\/files\/2025\/01\/jdf-300x267.png 300w, https:\/\/colloques.uqac.ca\/ecoconseil\/files\/2025\/01\/jdf.png 422w\" sizes=\"(max-width: 300px) 100vw, 300px\" \/><\/a><\/p>\n<p>Chercheur et auteur qu\u00e9b\u00e9cois, Jonathan Durand Folco est professeur agr\u00e9g\u00e9 en innovation sociale \u00e0 l\u2019universit\u00e9 Saint-Paul \u00e0 Ottawa, ainsi que membre du Centre de Recherche sur les Innovations Sociales (CRISES) et du Centre de Recherche sur les Innovations et les Transformations Sociales (CRITS). Il est docteur en philosophie et \u00e9tudie plus particuli\u00e8rement l\u2019innovation sociale, le capitalisme, la participation citoyenne et la d\u00e9mocratie. Il est notamment l\u2019auteur de <span class=\"notion-enable-hover\" data-token-index=\"1\">\u00c0 nous la ville\u00a0!\u00a0: Trait\u00e9 de municipalisme <\/span>et de <span class=\"notion-enable-hover\" data-token-index=\"3\">R\u00e9inventer la d\u00e9mocratie. De la participation \u00e0 l\u2019intelligence collective.<\/span><!-- notionvc: 63603cbd-6b44-466f-b973-9da7af3f5402 --><\/p>\n<h3>Adrien Guibert-Barthez<a href=\"https:\/\/colloques.uqac.ca\/ecoconseil\/files\/2025\/01\/agb.png\"><img loading=\"lazy\" decoding=\"async\" class=\"alignnone size-medium wp-image-3668\" src=\"https:\/\/colloques.uqac.ca\/ecoconseil\/files\/2025\/01\/agb-300x271.png\" alt=\"\" width=\"300\" height=\"271\" srcset=\"https:\/\/colloques.uqac.ca\/ecoconseil\/files\/2025\/01\/agb-300x271.png 300w, https:\/\/colloques.uqac.ca\/ecoconseil\/files\/2025\/01\/agb.png 416w\" sizes=\"(max-width: 300px) 100vw, 300px\" \/><\/a><\/h3>\n<div dir=\"auto\"><span data-olk-copy-source=\"MessageBody\">Ancien co-porte-parole de la Coalition Fjord et candidat de Qu\u00e9bec Solidaire aux derni\u00e8res \u00e9lections, Adrien Guibert-Barthez est un \u00e9cologiste bien connu au Saguenay\u2014Lac-Saint-Jean. R\u00e9cipiendaire de nombreux prix reconnaissant son implication citoyenne, il est aujourd\u2019hui agent de d\u00e9veloppement pour la table intersectorielle r\u00e9gionale des saines habitudes de vie et commentateur politique au t\u00e9l\u00e9journal d\u2019ICI Saguenay\u2014Lac-Saint-Jean.<\/span><\/div>\n<h3 dir=\"auto\">Phil\u00f4me La France<\/h3>\n<p><a href=\"https:\/\/colloques.uqac.ca\/ecoconseil\/files\/2025\/01\/plf.png\"><img loading=\"lazy\" decoding=\"async\" class=\"alignnone size-medium wp-image-3669\" src=\"https:\/\/colloques.uqac.ca\/ecoconseil\/files\/2025\/01\/plf-300x298.png\" alt=\"\" width=\"300\" height=\"298\" srcset=\"https:\/\/colloques.uqac.ca\/ecoconseil\/files\/2025\/01\/plf-300x298.png 300w, https:\/\/colloques.uqac.ca\/ecoconseil\/files\/2025\/01\/plf-150x150.png 150w, https:\/\/colloques.uqac.ca\/ecoconseil\/files\/2025\/01\/plf-100x100.png 100w, https:\/\/colloques.uqac.ca\/ecoconseil\/files\/2025\/01\/plf.png 416w\" sizes=\"(max-width: 300px) 100vw, 300px\" \/><\/a><\/p>\n<p><span data-olk-copy-source=\"MessageBody\">Phil\u00f4me La France est n\u00e9 \u00e0 L\u2019Anse-Saint-Jean en 1982 et s\u2019est int\u00e9ress\u00e9 tr\u00e8s t\u00f4t aux questions politiques, sociales et\u00a0environnementales. Il a fait ses classes dans les mouvements \u00e9tudiant, altermondialiste et \u00e9cologiste dans les 1990 et 2000.\u00a0\u00c0 son retour dans la r\u00e9gion apr\u00e8s des \u00e9tudes en environnement \u00e0 l\u2019Universit\u00e9 McGill, il s\u2019implique dans le d\u00e9veloppement\u00a0d\u2019entreprises d\u2019\u00e9conomie sociale puis est embauch\u00e9 comme agent de d\u00e9veloppement par la municipalit\u00e9 de Petit-Saguenay.\u00a0\u00a0Maire de Petit-Saguenay depuis 2017, il est toujours administrateur de plusieurs entreprises d\u2019\u00e9conomie sociale et est\u00a0particuli\u00e8rement actif au niveau politique pour la transition socio-\u00e9cologique de son milieu.<\/span><\/p>\n<h3>Johanne Morin<\/h3>\n<p><a href=\"https:\/\/colloques.uqac.ca\/ecoconseil\/files\/2025\/01\/jm.png\"><img loading=\"lazy\" decoding=\"async\" class=\"alignnone wp-image-3670\" src=\"https:\/\/colloques.uqac.ca\/ecoconseil\/files\/2025\/01\/jm-285x300.png\" alt=\"\" width=\"296\" height=\"312\" srcset=\"https:\/\/colloques.uqac.ca\/ecoconseil\/files\/2025\/01\/jm-285x300.png 285w, https:\/\/colloques.uqac.ca\/ecoconseil\/files\/2025\/01\/jm-300x316.png 300w, https:\/\/colloques.uqac.ca\/ecoconseil\/files\/2025\/01\/jm.png 518w\" sizes=\"(max-width: 296px) 100vw, 296px\" \/><\/a><\/p>\n<p>Charg\u00e9e de projet pour l\u2019organisme ESSOR 02, Johanne Morin souhaite valoriser et soutenir le d\u00e9veloppement de l\u2019\u00e9conomie sociale au Saguenay-Lac-Saint-Jean dans le but de favoriser l\u2019entreprenariat collectif et le bien-\u00eatre des communaut\u00e9s en g\u00e9n\u00e9ral.\u00a0Par la\u00a0concertation\u00a0entre\u00a0les diff\u00e9rents acteurs du milieu\u00a0et l\u2019accompagnement des entrepreneurs \u00e0 la construction et au renforcement de projets collectifs, elle tente de faciliter le d\u00e9ploiement et l\u2019enracinement d\u2019un\u00a0mod\u00e8le de d\u00e9veloppement socio-\u00e9conomique durable.<\/p>\n<h3>Alain Deneault<\/h3>\n<p><a href=\"https:\/\/colloques.uqac.ca\/ecoconseil\/files\/2025\/01\/ad.png\"><img loading=\"lazy\" decoding=\"async\" class=\"alignnone size-medium wp-image-3671\" src=\"https:\/\/colloques.uqac.ca\/ecoconseil\/files\/2025\/01\/ad-300x270.png\" alt=\"\" width=\"300\" height=\"270\" srcset=\"https:\/\/colloques.uqac.ca\/ecoconseil\/files\/2025\/01\/ad-300x270.png 300w, https:\/\/colloques.uqac.ca\/ecoconseil\/files\/2025\/01\/ad.png 415w\" sizes=\"(max-width: 300px) 100vw, 300px\" \/><\/a><\/p>\n<p>Essayiste qu\u00e9b\u00e9cois et docteur en philosophie de l\u2019universit\u00e9 Paris-VIII, Alain Deneault enseigne la philosophie \u00e0 l\u2019universit\u00e9 de Moncton au Nouveau-Brunswick. Il s\u2019int\u00e9resse plus particuli\u00e8rement aux domaines de la philosophie de l\u2019\u00e9conomie mais \u00e9galement de la soci\u00e9t\u00e9 en g\u00e9n\u00e9ral. Auteur de multiples livres et essais, ces sujets profonds et complexes, on peut citer <span class=\"notion-enable-hover\" data-token-index=\"1\"><em>Noir Canada<\/em>,\u00a0<\/span>son feuilleton sur les \u00c9conomies<span class=\"notion-enable-hover\" data-token-index=\"3\">, <em>Paradis sous terre<\/em><\/span>\u00a0ou encore <em>\u201c<\/em><span class=\"notion-enable-hover\" data-token-index=\"5\"><em>Gouvernance\u201d<\/em>.<\/span><!-- notionvc: 5ba25f5a-561b-4042-94f6-6541302aa0bf --><\/p>\n<h3>\u00c9milie Simard<\/h3>\n<p><a href=\"https:\/\/colloques.uqac.ca\/ecoconseil\/files\/2025\/02\/es.jpg\"><img loading=\"lazy\" decoding=\"async\" class=\"alignnone wp-image-3707\" src=\"https:\/\/colloques.uqac.ca\/ecoconseil\/files\/2025\/02\/es.jpg\" alt=\"\" width=\"300\" height=\"271\" srcset=\"https:\/\/colloques.uqac.ca\/ecoconseil\/files\/2025\/02\/es.jpg 847w, https:\/\/colloques.uqac.ca\/ecoconseil\/files\/2025\/02\/es-300x271.jpg 300w, https:\/\/colloques.uqac.ca\/ecoconseil\/files\/2025\/02\/es-768x694.jpg 768w\" sizes=\"(max-width: 300px) 100vw, 300px\" \/><\/a><\/p>\n<p>\u00c9milie Simard est celle \u00e0 qui on pense quand on imagine une citoyenne impliqu\u00e9e dans son milieu : apr\u00e8s un baccalaur\u00e9at en travail social \u00e0 l\u2019UQAC, elle oeuvre dans le milieu communautaire depuis plus de 20 ans d\u00e9j\u00e0 comme intervenante de milieu, \u00e9ducatrice et animatrice sociale. Militante dans plusieurs groupes \u00e9cologistes de la r\u00e9gion, elle contribue depuis 2009 \u00e0 la gen\u00e8se et au fleurissement de l\u2019\u00c9co-Kartier du centre-ville de Chicoutimi, un collectif dynamique qui permet aux r\u00e9sidents du coin d\u2019organiser et de participer \u00e0 une grande vari\u00e9t\u00e9 d\u2019activit\u00e9s en lien avec le vivre ensemble et l\u2019environnement.<\/p>\n<p><!-- notionvc: 31d5dfc0-5c98-4df0-8e03-70a57348814a --><\/p>\n","protected":false},"excerpt":{"rendered":"<p>&nbsp; &nbsp; Les conf\u00e9renciers et pan\u00e9listes : H\u00e9l\u00e8ne Boivin Experte dans les domaines de la politique, le social ainsi que les milieux artistiques et \u00e9conomiques, H\u00e9l\u00e8ne Boivin consacre \u00e9galement une partie de sa vie dans la recherche et le d\u00e9veloppement. Elle s\u2019investit plus particuli\u00e8rement dans la d\u00e9fense, la promotion et l\u2019affirmation des droits de sa &hellip; <a href=\"https:\/\/colloques.uqac.ca\/ecoconseil\/programme-du-colloque\/\" class=\"more-link\">Continuer la lecture de <span class=\"screen-reader-text\">Programme du colloque<\/span>  <span class=\"meta-nav\">&rarr;<\/span><\/a><\/p>\n","protected":false},"author":101,"featured_media":0,"parent":0,"menu_order":0,"comment_status":"closed","ping_status":"closed","template":"","meta":{"footnotes":""},"_links":{"self":[{"href":"https:\/\/colloques.uqac.ca\/ecoconseil\/wp-json\/wp\/v2\/pages\/3545"}],"collection":[{"href":"https:\/\/colloques.uqac.ca\/ecoconseil\/wp-json\/wp\/v2\/pages"}],"about":[{"href":"https:\/\/colloques.uqac.ca\/ecoconseil\/wp-json\/wp\/v2\/types\/page"}],"author":[{"embeddable":true,"href":"https:\/\/colloques.uqac.ca\/ecoconseil\/wp-json\/wp\/v2\/users\/101"}],"replies":[{"embeddable":true,"href":"https:\/\/colloques.uqac.ca\/ecoconseil\/wp-json\/wp\/v2\/comments?post=3545"}],"version-history":[{"count":11,"href":"https:\/\/colloques.uqac.ca\/ecoconseil\/wp-json\/wp\/v2\/pages\/3545\/revisions"}],"predecessor-version":[{"id":3712,"href":"https:\/\/colloques.uqac.ca\/ecoconseil\/wp-json\/wp\/v2\/pages\/3545\/revisions\/3712"}],"wp:attachment":[{"href":"https:\/\/colloques.uqac.ca\/ecoconseil\/wp-json\/wp\/v2\/media?parent=3545"}],"curies":[{"name":"wp","href":"https:\/\/api.w.org\/{rel}","templated":true}]}}