{"id":3448,"date":"2024-01-10T18:01:31","date_gmt":"2024-01-10T23:01:31","guid":{"rendered":"http:\/\/colloques.uqac.ca\/ecoconseil\/?page_id=3448"},"modified":"2024-01-25T13:55:11","modified_gmt":"2024-01-25T18:55:11","slug":"bar-des-sciences-2","status":"publish","type":"page","link":"https:\/\/colloques.uqac.ca\/ecoconseil\/bar-des-sciences-2\/","title":{"rendered":"Bar des Sciences"},"content":{"rendered":"<div class=\"xdj266r x11i5rnm xat24cr x1mh8g0r x1vvkbs\" style=\"text-align: justify\">En lien avec la th\u00e9matique de l&rsquo;\u00e9v\u00e8nement \u00e9co-conseil 2024 \u00ab\u00a0Villes Cr\u00e9atrices de Sant\u00e9\u00a0\u00bb et en collaboration avec le CISD, nous vous invitions \u00e0 venir assister au Bar des Sciences : <em>L\u2019\u00e9talement urbain, nous rend-il malades ?\u00a0<\/em><\/div>\n<div class=\"xdj266r x11i5rnm xat24cr x1mh8g0r x1vvkbs\" style=\"text-align: justify\"><\/div>\n<div class=\"xdj266r x11i5rnm xat24cr x1mh8g0r x1vvkbs\" style=\"text-align: justify\"><\/div>\n<div class=\"xdj266r x11i5rnm xat24cr x1mh8g0r x1vvkbs\" style=\"text-align: justify\">Cette activit\u00e9, gratuite, aura lieu le\u00a0<strong>25 janvier 2024<\/strong> d\u00e8s 18h30 au Centre Social de l&rsquo;UQAC.<\/div>\n<div class=\"xdj266r x11i5rnm xat24cr x1mh8g0r x1vvkbs\" style=\"text-align: justify\"><\/div>\n<div class=\"xdj266r x11i5rnm xat24cr x1mh8g0r x1vvkbs\" style=\"text-align: justify\"><\/div>\n<div class=\"x11i5rnm xat24cr x1mh8g0r x1vvkbs xtlvy1s\" style=\"text-align: justify\">Initialement, l\u2019\u00e9talement urbain a \u00e9t\u00e9 instaur\u00e9 avec des dessins positifs, mais de nouveaux enjeux sociaux et environnementaux \u00e9mergent.<br \/>\nDes crises voient le jour : crises climatiques, crises du logement, enjeux alimentaires ainsi que des probl\u00e8mes de sant\u00e9 publique. La s\u00e9dentarit\u00e9 touche 30 % de la population au Qu\u00e9bec. Le nombre croissant de voitures et les grands espaces de stationnement contribuent \u00e0 la pollution sonore, \u00e0 la d\u00e9t\u00e9rioration de la qualit\u00e9 de l\u2019air et \u00e9met des gaz \u00e0 effet de serre (GES). Cela contribue aux \u00eelots de chaleur urbaine, cause de mortalit\u00e9 et de morbidit\u00e9.<\/div>\n<div class=\"x11i5rnm xat24cr x1mh8g0r x1vvkbs xtlvy1s\" style=\"text-align: justify\"><\/div>\n<div class=\"x11i5rnm xat24cr x1mh8g0r x1vvkbs xtlvy1s\" style=\"text-align: justify\"><\/div>\n<div class=\"x11i5rnm xat24cr x1mh8g0r x1vvkbs xtlvy1s\" style=\"text-align: justify\">Se pourrait-il que nous soyons \u00e0 un point de bascule, o\u00f9 l\u2019\u00e9talement nous rend malade?<\/div>\n<div class=\"x11i5rnm xat24cr x1mh8g0r x1vvkbs xtlvy1s\" style=\"text-align: justify\"><\/div>\n<div class=\"x11i5rnm xat24cr x1mh8g0r x1vvkbs xtlvy1s\" style=\"text-align: justify\"><\/div>\n<div class=\"x11i5rnm xat24cr x1mh8g0r x1vvkbs xtlvy1s\" style=\"text-align: justify\">Nous explorerons cette question, ainsi que celles qui en d\u00e9coulent dans notre activit\u00e9 ludique du <em>Bar des sciences, a<\/em>vec des invit\u00e9s de divers horizons, un animateur chevronn\u00e9 et int\u00e9ress\u00e9 sur le sujet et vous le public.<\/div>\n<div class=\"x11i5rnm xat24cr x1mh8g0r x1vvkbs xtlvy1s\" style=\"text-align: justify\"><\/div>\n<div class=\"x11i5rnm xat24cr x1mh8g0r x1vvkbs xtlvy1s\" style=\"text-align: justify\"><\/div>\n<div class=\"x11i5rnm xat24cr x1mh8g0r x1vvkbs xtlvy1s\" style=\"text-align: justify\"><strong>Pr\u00e9sentateur<\/strong> :<em> Olivier Niquet<\/em>, urbaniste de formation, animateur \u00e0 Radio-Canada<\/div>\n<div class=\"x11i5rnm xat24cr x1mh8g0r x1vvkbs xtlvy1s\" style=\"text-align: justify\"><\/div>\n<div class=\"x11i5rnm xat24cr x1mh8g0r x1vvkbs xtlvy1s\" style=\"text-align: justify\"><\/div>\n<div class=\"x11i5rnm xat24cr x1mh8g0r x1vvkbs xtlvy1s\" style=\"text-align: justify\"><strong>4 Intervenants :<\/strong><br \/>\n\u2022 <em>Jimmy Bouchard<\/em>, conseiller municipal \u00e0 Ville Saguenay ;<br \/>\n\u2022 <em>Dre Johanne Elsener<\/em>, m\u00e9decin v\u00e9t\u00e9rinaire, co-fond\u00e9 et pr\u00e9side l\u2019organisme Sant\u00e9 Urbaniste, cofondatrice du Collectif Prescri-Nature, partie prenante de \u00c7a Marche Doc ;<br \/>\n\u2022 <em>Salmata Ouedraogo<\/em>, professeur titulaire au d\u00e9partement des sciences \u00e9conomiques et administratives \u00e0 l&rsquo;UQAC ;<br \/>\n\u2022 <em>Jean-Guillaume Simard<\/em>, enseignant au D\u00e9partement des techniques d\u2019am\u00e9nagement et d\u2019urbanisme du C\u00e9gep de Jonqui\u00e8re.<\/div>\n<div class=\"x11i5rnm xat24cr x1mh8g0r x1vvkbs xtlvy1s\" style=\"text-align: justify\"><\/div>\n<div class=\"x11i5rnm xat24cr x1mh8g0r x1vvkbs xtlvy1s\" style=\"text-align: justify\"><\/div>\n<div class=\"x11i5rnm xat24cr x1mh8g0r x1vvkbs xtlvy1s\" style=\"text-align: justify\">Vous pouvez vous inscrire maintenant <a href=\"https:\/\/www.zeffy.com\/fr-CA\/ticketing\/44eb6698-da6b-4bdf-8005-996cc30ff1bb?fbclid=IwAR0aWKjefdPaPqMucRpL_CXIDu96ZZl-GPOMCc7t9wTHIMmBbxToB8D4rsg\" target=\"_blank\" rel=\"noopener\">ici <\/a>! Nous vous attendons nombreux pour ce bar des sciences \u00e0 l&rsquo;UQAC au niveau du Centre Social.<\/div>\n","protected":false},"excerpt":{"rendered":"<p>En lien avec la th\u00e9matique de l&rsquo;\u00e9v\u00e8nement \u00e9co-conseil 2024 \u00ab\u00a0Villes Cr\u00e9atrices de Sant\u00e9\u00a0\u00bb et en collaboration avec le CISD, nous vous invitions \u00e0 venir assister au Bar des Sciences : L\u2019\u00e9talement urbain, nous rend-il malades ?\u00a0 Cette activit\u00e9, gratuite, aura lieu le\u00a025 janvier 2024 d\u00e8s 18h30 au Centre Social de l&rsquo;UQAC. Initialement, l\u2019\u00e9talement urbain a &hellip; <a href=\"https:\/\/colloques.uqac.ca\/ecoconseil\/bar-des-sciences-2\/\" class=\"more-link\">Continuer la lecture de <span class=\"screen-reader-text\">Bar des Sciences<\/span>  <span class=\"meta-nav\">&rarr;<\/span><\/a><\/p>\n","protected":false},"author":44,"featured_media":0,"parent":0,"menu_order":0,"comment_status":"open","ping_status":"open","template":"","meta":{"footnotes":""},"_links":{"self":[{"href":"https:\/\/colloques.uqac.ca\/ecoconseil\/wp-json\/wp\/v2\/pages\/3448"}],"collection":[{"href":"https:\/\/colloques.uqac.ca\/ecoconseil\/wp-json\/wp\/v2\/pages"}],"about":[{"href":"https:\/\/colloques.uqac.ca\/ecoconseil\/wp-json\/wp\/v2\/types\/page"}],"author":[{"embeddable":true,"href":"https:\/\/colloques.uqac.ca\/ecoconseil\/wp-json\/wp\/v2\/users\/44"}],"replies":[{"embeddable":true,"href":"https:\/\/colloques.uqac.ca\/ecoconseil\/wp-json\/wp\/v2\/comments?post=3448"}],"version-history":[{"count":6,"href":"https:\/\/colloques.uqac.ca\/ecoconseil\/wp-json\/wp\/v2\/pages\/3448\/revisions"}],"predecessor-version":[{"id":3503,"href":"https:\/\/colloques.uqac.ca\/ecoconseil\/wp-json\/wp\/v2\/pages\/3448\/revisions\/3503"}],"wp:attachment":[{"href":"https:\/\/colloques.uqac.ca\/ecoconseil\/wp-json\/wp\/v2\/media?parent=3448"}],"curies":[{"name":"wp","href":"https:\/\/api.w.org\/{rel}","templated":true}]}}