{"id":3379,"date":"2023-11-08T23:32:45","date_gmt":"2023-11-09T04:32:45","guid":{"rendered":"http:\/\/colloques.uqac.ca\/ecoconseil\/?page_id=3379"},"modified":"2024-01-23T10:43:23","modified_gmt":"2024-01-23T15:43:23","slug":"cohorte-23-nos-partenaires","status":"publish","type":"page","link":"https:\/\/colloques.uqac.ca\/ecoconseil\/cohorte-23-nos-partenaires\/","title":{"rendered":"Cohorte 23 &#8211; Nos partenaires"},"content":{"rendered":"<p><span style=\"text-decoration: underline\"><strong>Nos partenaires<\/strong><\/span><\/p>\n<p>Ils nous ont soutenu dans la r\u00e9alisation de l&rsquo;\u00c9v\u00e9nement \u00c9co-Conseil, que ce soit par une aide financi\u00e8re, ou bien par diff\u00e9rents services.<\/p>\n<p>&nbsp;<\/p>\n<p><strong>Centre Intersectoriel en Sant\u00e9 Durable<\/strong><\/p>\n<p><span style=\"color: #ffffff\">espace<\/span><\/p>\n<div>\n<div><a href=\"https:\/\/colloques.uqac.ca\/ecoconseil\/files\/2024\/01\/CISD.png\"><img loading=\"lazy\" decoding=\"async\" class=\"size-full wp-image-3489 aligncenter\" src=\"https:\/\/colloques.uqac.ca\/ecoconseil\/files\/2024\/01\/CISD.png\" alt=\"\" width=\"400\" height=\"133\" srcset=\"https:\/\/colloques.uqac.ca\/ecoconseil\/files\/2024\/01\/CISD.png 400w, https:\/\/colloques.uqac.ca\/ecoconseil\/files\/2024\/01\/CISD-300x100.png 300w\" sizes=\"(max-width: 400px) 100vw, 400px\" \/><\/a><\/div>\n<div>Le <em>Centre Intersectoriel en Sant\u00e9 Durable<\/em> de l&rsquo;UQAC a pour mission de contribuer \u00e0 b\u00e2tir la sant\u00e9 durable d&rsquo;aujourd&rsquo;hui et de demain en s&rsquo;engageant notamment pour les collectivit\u00e9s.<\/div>\n<\/div>\n<div><\/div>\n<div><span style=\"color: #ffffff\">espace<\/span><\/div>\n<div><span style=\"color: #ffffff\">espace<\/span><\/div>\n<div><\/div>\n<div><\/div>\n<div><strong>MAGE-UQAC<\/strong><\/div>\n<div><span style=\"color: #ffffff\">espace<\/span><\/div>\n<div><\/div>\n<div><strong><a href=\"https:\/\/colloques.uqac.ca\/ecoconseil\/files\/2024\/01\/Mage-UQAC.png\"><img loading=\"lazy\" decoding=\"async\" class=\"size-full wp-image-3493 aligncenter\" src=\"https:\/\/colloques.uqac.ca\/ecoconseil\/files\/2024\/01\/Mage-UQAC.png\" alt=\"\" width=\"170\" height=\"157\" \/><\/a><\/strong>Le <em>MAGE-UQAC<\/em> est l&rsquo;association repr\u00e9sentant les \u00e9tudiants de l&rsquo;Universit\u00e9 du Qu\u00e9bec \u00e0 Chicoutimi. Elle offre plusieurs services sur le campus tels que le\u00a0<strong>Baruqac<\/strong>,\u00a0<strong>l&rsquo;Escale<\/strong>, ou encore la\u00a0<strong>Coopsco<\/strong>.<\/div>\n<div><\/div>\n<div><span style=\"color: #ffffff\">espace<\/span><\/div>\n<div><span style=\"color: #ffffff\">espace<\/span><\/div>\n<div><\/div>\n<div><strong>LAGORA<\/strong><\/div>\n<div><span style=\"color: #ffffff\">espace<\/span><\/div>\n<div><\/div>\n<div><a href=\"https:\/\/colloques.uqac.ca\/ecoconseil\/files\/2024\/01\/LAGORA.png\"><img loading=\"lazy\" decoding=\"async\" class=\"size-full wp-image-3492 aligncenter\" src=\"https:\/\/colloques.uqac.ca\/ecoconseil\/files\/2024\/01\/LAGORA.png\" alt=\"\" width=\"400\" height=\"135\" srcset=\"https:\/\/colloques.uqac.ca\/ecoconseil\/files\/2024\/01\/LAGORA.png 400w, https:\/\/colloques.uqac.ca\/ecoconseil\/files\/2024\/01\/LAGORA-300x101.png 300w\" sizes=\"(max-width: 400px) 100vw, 400px\" \/><\/a><\/div>\n<div><\/div>\n<div><em>LAGORA<\/em>, le laboratoire de gouvernances alternatives, est un \u00e9quipe qui exp\u00e9rimente, recherche et analyse de nouvelles formes de gestion d&rsquo;un projet ou d&rsquo;un territoire. Leur travail est r\u00e9alis\u00e9 quotidiennement au Saguenay-Lac-Saint-Jean et dans l&rsquo;ensemble du Qu\u00e9bec.<\/div>\n<div><span style=\"color: #ffffff\">espace<\/span><\/div>\n<div><span style=\"color: #ffffff\">espace<\/span><\/div>\n<div><\/div>\n<div><strong>APECQ<\/strong><\/div>\n<div><span style=\"color: #ffffff\">espace<\/span><\/div>\n<div><\/div>\n<div><a href=\"https:\/\/colloques.uqac.ca\/ecoconseil\/files\/2024\/01\/APECQ.png\"><img loading=\"lazy\" decoding=\"async\" class=\"size-full wp-image-3488 aligncenter\" src=\"https:\/\/colloques.uqac.ca\/ecoconseil\/files\/2024\/01\/APECQ.png\" alt=\"\" width=\"400\" height=\"173\" srcset=\"https:\/\/colloques.uqac.ca\/ecoconseil\/files\/2024\/01\/APECQ.png 400w, https:\/\/colloques.uqac.ca\/ecoconseil\/files\/2024\/01\/APECQ-300x130.png 300w\" sizes=\"(max-width: 400px) 100vw, 400px\" \/><\/a><\/div>\n<div>L&rsquo;<em>Association Professionnelle des \u00c9co-Conseillers du Qu\u00e9bec\u00a0<\/em>(APECQ) a pour but de promouvoir la formation et la profession d&rsquo;\u00e9co-conseiller au Qu\u00e9bec et dans le monde.<\/div>\n<div><span style=\"color: #ffffff\">espace<\/span><\/div>\n<div><span style=\"color: #ffffff\">espace<\/span><\/div>\n<div><\/div>\n<div><\/div>\n<div><strong>Ville de Saguenay<\/strong><\/div>\n<div><span style=\"color: #ffffff\">espace<\/span><\/div>\n<div><\/div>\n<div><a href=\"https:\/\/colloques.uqac.ca\/ecoconseil\/files\/2024\/01\/VilleSaguenay.png\"><img loading=\"lazy\" decoding=\"async\" class=\"size-full wp-image-3496 aligncenter\" src=\"https:\/\/colloques.uqac.ca\/ecoconseil\/files\/2024\/01\/VilleSaguenay.png\" alt=\"\" width=\"400\" height=\"160\" srcset=\"https:\/\/colloques.uqac.ca\/ecoconseil\/files\/2024\/01\/VilleSaguenay.png 400w, https:\/\/colloques.uqac.ca\/ecoconseil\/files\/2024\/01\/VilleSaguenay-300x120.png 300w\" sizes=\"(max-width: 400px) 100vw, 400px\" \/><\/a><\/div>\n<div>La\u00a0<em>Ville de Saguenay<\/em> se situe sur un territoire de plus de 1000 km\u00b2, et sa population d\u00e9passe les 140 000 habitants. Cela en fait la 8\u00e8me ville la plus peupl\u00e9e au Qu\u00e9bec.<\/div>\n<div><span style=\"color: #ffffff\">espace<\/span><\/div>\n<div><span style=\"color: #ffffff\">espace<\/span><\/div>\n<div><\/div>\n<div><strong>RESSER<\/strong><\/div>\n<div><span style=\"color: #ffffff\">espace<\/span><\/div>\n<div><a href=\"https:\/\/colloques.uqac.ca\/ecoconseil\/files\/2024\/01\/RESSER.png\"><img loading=\"lazy\" decoding=\"async\" class=\"size-full wp-image-3495 aligncenter\" src=\"https:\/\/colloques.uqac.ca\/ecoconseil\/files\/2024\/01\/RESSER.png\" alt=\"\" width=\"400\" height=\"190\" srcset=\"https:\/\/colloques.uqac.ca\/ecoconseil\/files\/2024\/01\/RESSER.png 400w, https:\/\/colloques.uqac.ca\/ecoconseil\/files\/2024\/01\/RESSER-300x143.png 300w\" sizes=\"(max-width: 400px) 100vw, 400px\" \/><\/a><\/div>\n<div>Le\u00a0<em>Regroupement des \u00c9tudiants en Sciences de l&rsquo;Environnement et Ressources Renouvelables\u00a0 <\/em>agit \u00e0 titre de ressources pour les \u00e9tudiants et promeut des activit\u00e9s. Cela concerne notamment les ma\u00eetrises en ressources renouvelables, en sciences cliniques et biom\u00e9dicales, les DESS en \u00c9co-Conseil et en cosm\u00e9tologie ainsi que les doctorats en sciences de l&rsquo;environnement et en biologie. L&rsquo;ensemble de ces programmes est donn\u00e9 \u00e0 l&rsquo;UQAC.<\/div>\n<div><span style=\"color: #ffffff\">espace<\/span><\/div>\n<div><span style=\"color: #ffffff\">espace<\/span><\/div>\n<div><\/div>\n<div><\/div>\n<div><strong>D\u00e9partement des Sciences Fondamentales<\/strong><\/div>\n<div><span style=\"color: #ffffff\">espace<\/span><\/div>\n<div><\/div>\n<div><strong><a href=\"https:\/\/colloques.uqac.ca\/ecoconseil\/files\/2024\/01\/DSF.png\"><img loading=\"lazy\" decoding=\"async\" class=\"size-full wp-image-3490 aligncenter\" src=\"https:\/\/colloques.uqac.ca\/ecoconseil\/files\/2024\/01\/DSF.png\" alt=\"\" width=\"400\" height=\"173\" srcset=\"https:\/\/colloques.uqac.ca\/ecoconseil\/files\/2024\/01\/DSF.png 400w, https:\/\/colloques.uqac.ca\/ecoconseil\/files\/2024\/01\/DSF-300x130.png 300w\" sizes=\"(max-width: 400px) 100vw, 400px\" \/><\/a><\/strong><\/div>\n<div>Le d\u00e9partement des sciences fondamentales de l&rsquo;UQAC offre des programmes universitaires de premier, deuxi\u00e8me et troisi\u00e8me cycle. Cela concerne notamment les domaines de la biologie, la chimie, la cosm\u00e9tologie, mais aussi le d\u00e9veloppement durable dont l&rsquo;\u00e9co-conseil.<\/div>\n<div><span style=\"color: #ffffff\">espace<\/span><\/div>\n<div><span style=\"color: #ffffff\">espace<\/span><\/div>\n<div><\/div>\n<div><\/div>\n<div><strong>H\u00f4tel Chicoutimi<\/strong><\/div>\n<div><span style=\"color: #ffffff\">espace<\/span><\/div>\n<div><\/div>\n<p><img loading=\"lazy\" decoding=\"async\" class=\"size-full wp-image-3491 aligncenter\" style=\"color: #41a62a\" src=\"https:\/\/colloques.uqac.ca\/ecoconseil\/files\/2024\/01\/HotelChicoutimi.png\" alt=\"\" width=\"400\" height=\"120\" srcset=\"https:\/\/colloques.uqac.ca\/ecoconseil\/files\/2024\/01\/HotelChicoutimi.png 400w, https:\/\/colloques.uqac.ca\/ecoconseil\/files\/2024\/01\/HotelChicoutimi-300x90.png 300w\" sizes=\"(max-width: 400px) 100vw, 400px\" \/><\/p>\n<p>Depuis pr\u00e8s de 120 ans, l&rsquo;<em>H\u00f4tel Chicoutimi<\/em> est un symbole du centre-ville de Chicoutimi. Situ\u00e9 en plein centre-ville, sur la rue Racine, l&rsquo;\u00e9tablissement est reconnu pour son ambiance moderne et sa d\u00e9marche \u00e9co-responsable. L&rsquo;h\u00f4tel a notamment obtenu 4 \u00e9toiles de la certification environnementale internationale <em>Green Key Global<\/em>.<\/p>\n<p><span style=\"color: #ffffff\">espace<\/span><\/p>\n<p><strong>Pie Braque<\/strong><\/p>\n<p><span style=\"color: #ffffff\">espace<\/span><a href=\"https:\/\/colloques.uqac.ca\/ecoconseil\/files\/2024\/01\/Pie-Braque.png\"><img loading=\"lazy\" decoding=\"async\" class=\" wp-image-3494 aligncenter\" src=\"https:\/\/colloques.uqac.ca\/ecoconseil\/files\/2024\/01\/Pie-Braque.png\" alt=\"\" width=\"226\" height=\"226\" srcset=\"https:\/\/colloques.uqac.ca\/ecoconseil\/files\/2024\/01\/Pie-Braque.png 400w, https:\/\/colloques.uqac.ca\/ecoconseil\/files\/2024\/01\/Pie-Braque-300x300.png 300w, https:\/\/colloques.uqac.ca\/ecoconseil\/files\/2024\/01\/Pie-Braque-150x150.png 150w\" sizes=\"(max-width: 226px) 100vw, 226px\" \/><\/a><\/p>\n<p>La microbrasserie\u00a0<em>Pie braque<\/em> s&rsquo;est donn\u00e9e pour mission de cr\u00e9er des bi\u00e8res de la plus haute qualit\u00e9 possible en rendant hommage\u00a0 au lac K\u00e9nogami, espace important du Saguenay. Les principales valeurs de cette coop\u00e9rative sont la coop\u00e9ration, l&rsquo;amour du travail bien fait, le d\u00e9veloppement durable, le d\u00e9veloppement r\u00e9gional l&rsquo;\u00e9quit\u00e9 et la mod\u00e9ration!<\/p>\n","protected":false},"excerpt":{"rendered":"<p>Nos partenaires Ils nous ont soutenu dans la r\u00e9alisation de l&rsquo;\u00c9v\u00e9nement \u00c9co-Conseil, que ce soit par une aide financi\u00e8re, ou bien par diff\u00e9rents services. &nbsp; Centre Intersectoriel en Sant\u00e9 Durable espace Le Centre Intersectoriel en Sant\u00e9 Durable de l&rsquo;UQAC a pour mission de contribuer \u00e0 b\u00e2tir la sant\u00e9 durable d&rsquo;aujourd&rsquo;hui et de demain en s&rsquo;engageant &hellip; <a href=\"https:\/\/colloques.uqac.ca\/ecoconseil\/cohorte-23-nos-partenaires\/\" class=\"more-link\">Continuer la lecture de <span class=\"screen-reader-text\">Cohorte 23 &#8211; Nos partenaires<\/span>  <span class=\"meta-nav\">&rarr;<\/span><\/a><\/p>\n","protected":false},"author":44,"featured_media":0,"parent":0,"menu_order":0,"comment_status":"open","ping_status":"open","template":"","meta":{"footnotes":""},"_links":{"self":[{"href":"https:\/\/colloques.uqac.ca\/ecoconseil\/wp-json\/wp\/v2\/pages\/3379"}],"collection":[{"href":"https:\/\/colloques.uqac.ca\/ecoconseil\/wp-json\/wp\/v2\/pages"}],"about":[{"href":"https:\/\/colloques.uqac.ca\/ecoconseil\/wp-json\/wp\/v2\/types\/page"}],"author":[{"embeddable":true,"href":"https:\/\/colloques.uqac.ca\/ecoconseil\/wp-json\/wp\/v2\/users\/44"}],"replies":[{"embeddable":true,"href":"https:\/\/colloques.uqac.ca\/ecoconseil\/wp-json\/wp\/v2\/comments?post=3379"}],"version-history":[{"count":6,"href":"https:\/\/colloques.uqac.ca\/ecoconseil\/wp-json\/wp\/v2\/pages\/3379\/revisions"}],"predecessor-version":[{"id":3500,"href":"https:\/\/colloques.uqac.ca\/ecoconseil\/wp-json\/wp\/v2\/pages\/3379\/revisions\/3500"}],"wp:attachment":[{"href":"https:\/\/colloques.uqac.ca\/ecoconseil\/wp-json\/wp\/v2\/media?parent=3379"}],"curies":[{"name":"wp","href":"https:\/\/api.w.org\/{rel}","templated":true}]}}