{"id":3370,"date":"2023-11-08T23:12:29","date_gmt":"2023-11-09T04:12:29","guid":{"rendered":"http:\/\/colloques.uqac.ca\/ecoconseil\/?page_id=3370"},"modified":"2024-01-14T13:51:28","modified_gmt":"2024-01-14T18:51:28","slug":"programme-de-levenement","status":"publish","type":"page","link":"https:\/\/colloques.uqac.ca\/ecoconseil\/programme-de-levenement\/","title":{"rendered":"Programme du colloque"},"content":{"rendered":"<div class=\"x_BCX4 x_Ltr x_SCXW82003731 x_OutlineElement\">\n<div class=\"x_BCX4 x_Ltr x_OutlineElement x_SCXW163515902\">\n<p class=\"x_Paragraph x_SCXW163515902 x_BCX4\" style=\"text-align: justify\"><span class=\"x_TextRun x_SCXW163515902 x_BCX4\" lang=\"FR-CA\"><span class=\"x_BCX4 x_NormalTextRun x_SCXW163515902\">Nous sommes fiers de vous pr\u00e9senter la programmation du colloque qui se tiendra le 26 janvier 2024 de <strong>8h30 \u00e0 1<\/strong><\/span><strong><span class=\"x_BCX4 x_NormalTextRun x_SCXW163515902\">6<\/span><span class=\"x_BCX4 x_NormalTextRun x_SCXW163515902\">h<\/span><span class=\"x_BCX4 x_NormalTextRun x_SCXW163515902\">30<\/span><\/strong><span class=\"x_BCX4 x_NormalTextRun x_SCXW163515902\"> \u00e0 l\u2019UQAC.\u00a0<\/span><\/span><span class=\"x_EOP x_SCXW163515902 x_BCX4\">\u00a0<\/span><\/p>\n<\/div>\n<div class=\"x_BCX4 x_Ltr x_OutlineElement x_SCXW163515902\" style=\"text-align: justify\">\n<p class=\"x_Paragraph x_SCXW163515902 x_BCX4\" lang=\"FR-CA\"><span class=\"x_TextRun x_SCXW163515902 x_BCX4\" lang=\"FR-CA\">Vous y trouverez des conf\u00e9rences, des panels, des moments de r\u00e9flexion collaborative.<\/span><span class=\"x_EOP x_SCXW163515902 x_BCX4\">\u00a0<\/span><\/p>\n<\/div>\n<div class=\"x_BCX4 x_Ltr x_OutlineElement x_SCXW163515902\" style=\"text-align: justify\">\n<p class=\"x_Paragraph x_SCXW163515902 x_BCX4\" lang=\"FR-CA\"><span class=\"x_TextRun x_SCXW163515902 x_BCX4\" lang=\"FR-CA\"><span class=\"x_BCX4 x_NormalTextRun x_SCXW163515902\">Le colloque d\u00e9butera \u00e0 l&rsquo;auditorium de l&rsquo;<\/span><span class=\"x_BCX4 x_NormalTextRun x_SCXW163515902\">UQAC,\u00a0local P0-5000 au niveau 0. Pour vous y rendre, prenez les escaliers, l&rsquo;auditorium se trouve en face de la cage d&rsquo;escalier ouest (c\u00f4t\u00e9 caf\u00e9-d\u00e9panneur <em>L&rsquo;ESCALE<\/em>).<\/span><\/span><span class=\"x_EOP x_SCXW163515902 x_BCX4\">\u00a0<\/span><\/p>\n<\/div>\n<div class=\"x_BCX4 x_Ltr x_OutlineElement x_SCXW163515902\" style=\"text-align: justify\">\n<div class=\"\"><span class=\"x_EOP x_SCXW163515902 x_BCX4\">\u00a0<\/span><\/div>\n<\/div>\n<div class=\"x_BCX4 x_Ltr x_OutlineElement x_SCXW163515902\" style=\"text-align: justify\">\n<div class=\"x_BCX4 x_Ltr x_SCXW202022999 x_OutlineElement\">\n<p class=\"x_Paragraph x_BCX4 x_SCXW202022999\"><span class=\"x_TextRun x_BCX4 x_SCXW202022999\" lang=\"FR-CA\"><strong><span class=\"x_BCX4 x_NormalTextRun x_SCXW202022999\">08h<\/span><span class=\"x_BCX4 x_NormalTextRun x_SCXW202022999\">00<\/span><\/strong><span class=\"x_BCX4 x_NormalTextRun x_SCXW202022999\"><strong> :<\/strong> Accueil <\/span><span class=\"x_BCX4 x_NormalTextRun x_SCXW202022999\">et inscription<\/span><\/span><span class=\"x_EOP x_BCX4 x_SCXW202022999\">\u00a0<\/span><\/p>\n<\/div>\n<div class=\"x_BCX4 x_Ltr x_SCXW202022999 x_OutlineElement\">\n<p class=\"x_Paragraph x_BCX4 x_SCXW202022999\"><span class=\"x_TextRun x_BCX4 x_SCXW202022999\" lang=\"FR-CA\"><strong><span class=\"x_BCX4 x_NormalTextRun x_SCXW202022999\">08h<\/span><span class=\"x_BCX4 x_NormalTextRun x_SCXW202022999\">30<\/span><\/strong><span class=\"x_BCX4 x_NormalTextRun x_SCXW202022999\"><strong> :<\/strong> Mot de bienvenue<\/span><\/span><span class=\"x_EOP x_BCX4 x_SCXW202022999\">\u00a0<\/span><\/p>\n<\/div>\n<div class=\"x_BCX4 x_Ltr x_SCXW202022999 x_OutlineElement\">\n<p class=\"x_Paragraph x_BCX4 x_SCXW202022999\"><span class=\"x_TextRun x_BCX4 x_SCXW202022999\" lang=\"FR-CA\"><strong>08h55 :<\/strong> Conf\u00e9rence d\u2019ouverture<\/span><span class=\"x_EOP x_BCX4 x_SCXW202022999\">\u00a0<\/span><\/p>\n<\/div>\n<div class=\"x_BCX4 x_Ltr x_SCXW202022999 x_OutlineElement\">\n<p class=\"x_Paragraph x_BCX4 x_SCXW202022999\"><span class=\"x_TextRun x_BCX4 x_SCXW202022999\" lang=\"FR-CA\"><em><span class=\"x_BCX4 x_NormalTextRun x_SCXW202022999\">Villes cr\u00e9atrices d<\/span><\/em><span class=\"x_BCX4 x_NormalTextRun x_SCXW202022999\"><em>e sant\u00e9 en contexte de changements climatiques<\/em> &#8211; Johanne <\/span><span class=\"x_NormalTextRun x_BCX4 x_SpellingErrorV2Themed x_SCXW202022999\">Elsener<\/span><span class=\"x_BCX4 x_NormalTextRun x_SCXW202022999\">, pr\u00e9sidente \u00e0 Sant\u00e9 Urbanit\u00e9<\/span><\/span><span class=\"x_EOP x_BCX4 x_SCXW202022999\">\u00a0<\/span><\/p>\n<\/div>\n<div class=\"x_BCX4 x_Ltr x_SCXW202022999 x_OutlineElement\">\n<p class=\"x_Paragraph x_BCX4 x_SCXW202022999\"><span class=\"x_TextRun x_BCX4 x_SCXW202022999\" lang=\"FR-CA\"><strong><span class=\"x_BCX4 x_NormalTextRun x_SCXW202022999\">09h35 : <\/span><\/strong><span class=\"x_BCX4 x_NormalTextRun x_SCXW202022999\">L\u2019angle mort des vuln\u00e9rabilit\u00e9s<\/span><\/span><span class=\"x_EOP x_BCX4 x_SCXW202022999\">\u00a0<\/span><\/p>\n<\/div>\n<div class=\"x_BCX4 x_Ltr x_SCXW202022999 x_OutlineElement\">\n<p class=\"x_Paragraph x_BCX4 x_SCXW202022999\"><span class=\"x_TextRun x_BCX4 x_SCXW202022999\" lang=\"FR-CA\"><em>Villes cr\u00e9atrices de sant\u00e9 pour tous<\/em> &#8211; J\u00e9r\u00f4me Martinez, coordinateur professionnel de l&rsquo;\u00e9quipe du Centre de r\u00e9f\u00e9rence sur l&rsquo;environnement b\u00e2ti et la sant\u00e9 (CREBS) \u00e0 Institut national de sant\u00e9 publique du Qu\u00e9bec (INSPQ)<\/span><span class=\"x_EOP x_BCX4 x_SCXW202022999\">\u00a0<\/span><\/p>\n<\/div>\n<div class=\"x_BCX4 x_Ltr x_SCXW202022999 x_OutlineElement\">\n<p class=\"x_Paragraph x_BCX4 x_SCXW202022999\"><span class=\"x_TextRun x_BCX4 x_SCXW202022999\" lang=\"FR-CA\"><strong><span class=\"x_BCX4 x_NormalTextRun x_SCXW202022999\">10h00<\/span><span class=\"x_BCX4 x_NormalTextRun x_SCXW202022999\"> : <\/span><\/strong><span class=\"x_BCX4 x_NormalTextRun x_SCXW202022999\">Pause-caf\u00e9<\/span><\/span><span class=\"x_EOP x_BCX4 x_SCXW202022999\">\u00a0<\/span><\/p>\n<\/div>\n<div class=\"x_BCX4 x_Ltr x_SCXW202022999 x_OutlineElement\">\n<p class=\"x_Paragraph x_BCX4 x_SCXW202022999\"><span class=\"x_TextRun x_BCX4 x_SCXW202022999\" lang=\"FR-CA\"><strong><span class=\"x_BCX4 x_NormalTextRun x_SCXW202022999\">10h15<\/span><\/strong><span class=\"x_BCX4 x_NormalTextRun x_SCXW202022999\"><strong> :<\/strong> Pan<\/span><span class=\"x_BCX4 x_NormalTextRun x_SCXW202022999\">el &#8211; <\/span><span class=\"x_BCX4 x_NormalTextRun x_SCXW202022999\">Regard crois\u00e9 sur des enjeux d\u2019urbanisme<\/span><\/span><span class=\"x_EOP x_BCX4 x_SCXW202022999\">\u00a0<\/span><\/p>\n<\/div>\n<div class=\"x_BCX4 x_Ltr x_SCXW202022999 x_OutlineElement\">\n<p class=\"x_Paragraph x_BCX4 x_SCXW202022999\"><span class=\"x_TextRun x_BCX4 x_SCXW202022999\" lang=\"FR-CA\"><em>Am\u00e9nagement urbain aux services des saines habitudes de vie<\/em> &#8211; Louis Mazerolle, urbaniste et directeur de projet \u00e0 Atelier Urbain<\/span><span class=\"x_EOP x_BCX4 x_SCXW202022999\">\u00a0<\/span><\/p>\n<\/div>\n<div class=\"x_BCX4 x_Ltr x_SCXW202022999 x_OutlineElement\">\n<p class=\"x_Paragraph x_BCX4 x_SCXW202022999\"><em><span class=\"x_TextRun x_BCX4 x_SCXW202022999\" lang=\"FR-CA\"><span class=\"x_BCX4 x_NormalTextRun x_SCXW202022999\">Marchera, <\/span><span class=\"x_NormalTextRun x_BCX4 x_ContextualSpellingAndGrammarErrorV2Themed x_SCXW202022999\">marchera pas<\/span><span class=\"x_BCX4 x_NormalTextRun x_SCXW202022999\"> : <\/span><\/span><span class=\"x_TextRun x_BCX4 x_SCXW202022999\" lang=\"FR-CA\">comment encourager les d\u00e9placements actifs pour favoriser la sant\u00e9 \u00e0 travers les \u00e2ges<\/span><\/em><span class=\"x_TextRun x_BCX4 x_SCXW202022999\" lang=\"FR-CA\"> &#8211; Martin Lavalli\u00e8re, professeur et chercheur en kin\u00e9siologie \u00e0 l\u2019UQAC<\/span><span class=\"x_EOP x_BCX4 x_SCXW202022999\">\u00a0<\/span><\/p>\n<\/div>\n<div class=\"x_BCX4 x_Ltr x_SCXW202022999 x_OutlineElement\">\n<p class=\"x_Paragraph x_BCX4 x_SCXW202022999\"><span class=\"x_TextRun x_BCX4 x_SCXW202022999\" lang=\"FR-CA\"><span class=\"x_BCX4 x_NormalTextRun x_SCXW202022999\"><em>Canop\u00e9e et biodiversit\u00e9 Saguenay<\/em> &#8211; <\/span><span class=\"x_BCX4 x_NormalTextRun x_SCXW202022999\">\u00c9milie<\/span><span class=\"x_BCX4 x_NormalTextRun x_SCXW202022999\"> Lapointe, charg\u00e9e de projet en agriculture urbaine et verdissement urbain \u00e0 <\/span><span class=\"x_NormalTextRun x_BCX4 x_SpellingErrorV2Themed x_SCXW202022999\">Eur\u00eak<\/span><span class=\"x_NormalTextRun x_BCX4 x_SpellingErrorV2Themed x_SCXW202022999\">o<\/span><\/span><span class=\"x_EOP x_BCX4 x_SCXW202022999\">\u00a0<\/span><\/p>\n<\/div>\n<div class=\"x_BCX4 x_Ltr x_SCXW202022999 x_OutlineElement\">\n<p class=\"x_Paragraph x_BCX4 x_SCXW202022999\"><span class=\"x_TextRun x_BCX4 x_SCXW202022999\" lang=\"FR-CA\"><strong><span class=\"x_BCX4 x_NormalTextRun x_SCXW202022999\">12h<\/span><span class=\"x_BCX4 x_NormalTextRun x_SCXW202022999\"> : <\/span><\/strong><span class=\"x_BCX4 x_NormalTextRun x_SCXW202022999\">D\u00eener convivial<\/span><\/span><span class=\"x_EOP x_BCX4 x_SCXW202022999\">\u00a0<\/span><\/p>\n<\/div>\n<div class=\"x_BCX4 x_Ltr x_SCXW202022999 x_OutlineElement\">\n<p class=\"x_Paragraph x_BCX4 x_SCXW202022999\"><span class=\"x_TextRun x_BCX4 x_SCXW202022999\" lang=\"FR-CA\"><strong><span class=\"x_BCX4 x_NormalTextRun x_SCXW202022999\">13<\/span><span class=\"x_BCX4 x_NormalTextRun x_SCXW202022999\">h<\/span><span class=\"x_BCX4 x_NormalTextRun x_SCXW202022999\"> : <\/span><\/strong><span class=\"x_BCX4 x_NormalTextRun x_SCXW202022999\">Le cadre d\u2019am\u00e9nagement du territoire<\/span><\/span><span class=\"x_EOP x_BCX4 x_SCXW202022999\">\u00a0<\/span><\/p>\n<\/div>\n<div class=\"x_BCX4 x_Ltr x_SCXW202022999 x_OutlineElement\">\n<p class=\"x_Paragraph x_BCX4 x_SCXW202022999\" lang=\"FR-CA\"><em><span class=\"x_TextRun x_BCX4 x_SCXW202022999\" lang=\"FR-CA\"><span class=\"x_BCX4 x_NormalTextRun x_SCXW202022999\">Modernisation du cadre d\u2019am\u00e9nagement du territoire\u00a0: des opportunit\u00e9s pour cr\u00e9er des environnements favorables \u00e0 la sant\u00e9 et adapter les<\/span><\/span><\/em><span class=\"x_TextRun x_BCX4 x_SCXW202022999\" lang=\"FR-CA\"><span class=\"x_BCX4 x_NormalTextRun x_SCXW202022999\"><em> milieux de vie aux changements climatiques<\/em> &#8211; <\/span><span class=\"x_BCX4 x_NormalTextRun x_SCXW202022999\">St\u00e9phanie Vigneault et Jonathan Gagnon, conseillers en am\u00e9nagement du territoire au\u00a0Minist\u00e8re des Affaires municipales et de l\u2019Habitation (MAMH), <\/span><span class=\"x_NormalTextRun x_BCX4 x_SpellingErrorV2Themed x_SCXW202022999\">Katerine<\/span><span class=\"x_BCX4 x_NormalTextRun x_SCXW202022999\"> Girard, conseill\u00e8re scientifique et urbaniste \u00e0 l\u2019Institut national de sant\u00e9 publique du Qu\u00e9bec (INSPQ)\u00a0et\u00a0Jean-Maxime Archambault, M. <\/span><span class=\"x_NormalTextRun x_BCX4 x_SpellingErrorV2Themed x_SCXW202022999\">Urb<\/span><span class=\"x_BCX4 x_NormalTextRun x_SCXW202022999\">., urbaniste, agent de planification, direction de sant\u00e9 publique du Saguenay-Lac-St-Jean<\/span><\/span><span class=\"x_EOP x_BCX4 x_SCXW202022999\">\u00a0<\/span><\/p>\n<\/div>\n<div class=\"x_BCX4 x_Ltr x_SCXW202022999 x_OutlineElement\">\n<p class=\"x_Paragraph x_BCX4 x_SCXW202022999\"><span class=\"x_TextRun x_BCX4 x_SCXW202022999\" lang=\"FR-CA\"><strong><span class=\"x_BCX4 x_NormalTextRun x_SCXW202022999\">13h45<\/span><\/strong><span class=\"x_BCX4 x_NormalTextRun x_SCXW202022999\"><strong> :<\/strong> Atelier participatif<\/span><\/span><span class=\"x_EOP x_BCX4 x_SCXW202022999\">\u00a0<\/span><\/p>\n<\/div>\n<div class=\"x_BCX4 x_Ltr x_SCXW202022999 x_OutlineElement\">\n<p class=\"x_Paragraph x_BCX4 x_SCXW202022999\"><span class=\"x_TextRun x_BCX4 x_SCXW202022999\" lang=\"FR-CA\"><span class=\"x_BCX4 x_NormalTextRun x_SCXW202022999\"><em>Marche exploratoire<\/em> &#8211; Patrick Nade<\/span><span class=\"x_BCX4 x_NormalTextRun x_SCXW202022999\">au<\/span><span class=\"x_BCX4 x_NormalTextRun x_SCXW202022999\">, superviseur gestion et am\u00e9nagement des for\u00eats et des espaces \u00e0 l\u2019UQAC,<\/span><span class=\"x_BCX4 x_NormalTextRun x_SCXW202022999\"> et Johanne <\/span><span class=\"x_NormalTextRun x_BCX4 x_SpellingErrorV2Themed x_SCXW202022999\">Elsener<\/span><\/span><span class=\"x_EOP x_BCX4 x_SCXW202022999\">\u00a0<\/span><\/p>\n<\/div>\n<div class=\"x_BCX4 x_Ltr x_SCXW202022999 x_OutlineElement\">\n<p class=\"x_Paragraph x_BCX4 x_SCXW202022999\"><span class=\"x_TextRun x_BCX4 x_SCXW202022999\" lang=\"FR-CA\"><span class=\"x_BCX4 x_NormalTextRun x_SCXW202022999\"><em>Cartographie sensible<\/em> &#8211;<\/span> <span class=\"x_BCX4 x_NormalTextRun x_SCXW202022999\">anim\u00e9e par <\/span><span class=\"x_NormalTextRun x_BCX4 x_SpellingErrorV2Themed x_SCXW202022999\">Lagora<\/span><\/span><span class=\"x_EOP x_BCX4 x_SCXW202022999\">\u00a0<\/span><\/p>\n<\/div>\n<div class=\"x_BCX4 x_Ltr x_SCXW202022999 x_OutlineElement\">\n<p class=\"x_Paragraph x_BCX4 x_SCXW202022999\"><span class=\"x_TextRun x_BCX4 x_SCXW202022999\" lang=\"FR-CA\"><strong><span class=\"x_BCX4 x_NormalTextRun x_SCXW202022999\">14h45<\/span><span class=\"x_BCX4 x_NormalTextRun x_SCXW202022999\"> : <\/span><\/strong><span class=\"x_BCX4 x_NormalTextRun x_SCXW202022999\">Pause-caf\u00e9<\/span><\/span><span class=\"x_EOP x_BCX4 x_SCXW202022999\">\u00a0<\/span><\/p>\n<\/div>\n<div class=\"x_BCX4 x_Ltr x_SCXW202022999 x_OutlineElement\">\n<p class=\"x_Paragraph x_BCX4 x_SCXW202022999\"><span class=\"x_TextRun x_BCX4 x_SCXW202022999\" lang=\"FR-CA\"><strong><span class=\"x_BCX4 x_NormalTextRun x_SCXW202022999\">15h<\/span><span class=\"x_BCX4 x_NormalTextRun x_SCXW202022999\">00<\/span><span class=\"x_BCX4 x_NormalTextRun x_SCXW202022999\"> : <\/span><\/strong><span class=\"x_BCX4 x_NormalTextRun x_SCXW202022999\">Restitution de l\u2019atelier<\/span><\/span><span class=\"x_EOP x_BCX4 x_SCXW202022999\">\u00a0<\/span><\/p>\n<\/div>\n<div class=\"x_BCX4 x_Ltr x_SCXW202022999 x_OutlineElement\">\n<p class=\"x_Paragraph x_BCX4 x_SCXW202022999\"><span class=\"x_TextRun x_BCX4 x_SCXW202022999\" lang=\"FR-CA\"><strong><span class=\"x_BCX4 x_NormalTextRun x_SCXW202022999\">15h<\/span><span class=\"x_BCX4 x_NormalTextRun x_SCXW202022999\">30<\/span><span class=\"x_BCX4 x_NormalTextRun x_SCXW202022999\"> : <\/span><\/strong><span class=\"x_BCX4 x_NormalTextRun x_SCXW202022999\">Co<\/span><span class=\"x_BCX4 x_NormalTextRun x_SCXW202022999\">nf\u00e9rence de cl\u00f4ture<\/span><\/span><span class=\"x_EOP x_BCX4 x_SCXW202022999\">\u00a0<\/span><\/p>\n<\/div>\n<div class=\"x_BCX4 x_Ltr x_SCXW202022999 x_OutlineElement\">\n<p class=\"x_Paragraph x_BCX4 x_SCXW202022999\"><span class=\"x_TextRun x_BCX4 x_SCXW202022999\" lang=\"FR-CA\"><em>Le traitement m\u00e9diatique des enjeux d\u2019am\u00e9nagement urbain est-il bon pour la sant\u00e9 ?<\/em> &#8211; Olivier Niquet, animateur \u00e0 Radio Canada<\/span><span class=\"x_EOP x_BCX4 x_SCXW202022999\">\u00a0<\/span><\/p>\n<\/div>\n<div class=\"x_BCX4 x_Ltr x_SCXW202022999 x_OutlineElement\">\n<p class=\"x_Paragraph x_BCX4 x_SCXW202022999\"><span class=\"x_TextRun x_BCX4 x_SCXW202022999\" lang=\"FR-CA\"><strong><span class=\"x_BCX4 x_NormalTextRun x_SCXW202022999\">16h<\/span><span class=\"x_BCX4 x_NormalTextRun x_SCXW202022999\">25<\/span><span class=\"x_BCX4 x_NormalTextRun x_SCXW202022999\"> : <\/span><\/strong><span class=\"x_BCX4 x_NormalTextRun x_SCXW202022999\">Re<\/span><span class=\"x_BCX4 x_NormalTextRun x_SCXW202022999\">merciements et mot de la fin<\/span><\/span><span class=\"x_EOP x_BCX4 x_SCXW202022999\">\u00a0<\/span><\/p>\n<\/div>\n<div class=\"x_BCX4 x_Ltr x_SCXW202022999 x_OutlineElement\">\n<p class=\"x_Paragraph x_BCX4 x_SCXW202022999\"><span class=\"x_TextRun x_BCX4 x_SCXW202022999\" lang=\"FR-CA\"><strong>17h :<\/strong> 5 \u00e0 7<\/span><span class=\"x_EOP x_BCX4 x_SCXW202022999\">\u00a0<\/span><\/p>\n<\/div>\n<div class=\"x_BCX4 x_Ltr x_SCXW202022999 x_OutlineElement\">\n<p class=\"x_Paragraph x_BCX4 x_SCXW202022999\"><span class=\"x_TextRun x_BCX4 x_SCXW202022999\" lang=\"FR-CA\"><strong>19h :<\/strong> Fin du colloque<\/span><span class=\"x_EOP x_BCX4 x_SCXW202022999\">\u00a0<\/span><\/p>\n<\/div>\n<\/div>\n<\/div>\n","protected":false},"excerpt":{"rendered":"<p>Nous sommes fiers de vous pr\u00e9senter la programmation du colloque qui se tiendra le 26 janvier 2024 de 8h30 \u00e0 16h30 \u00e0 l\u2019UQAC.\u00a0\u00a0 Vous y trouverez des conf\u00e9rences, des panels, des moments de r\u00e9flexion collaborative.\u00a0 Le colloque d\u00e9butera \u00e0 l&rsquo;auditorium de l&rsquo;UQAC,\u00a0local P0-5000 au niveau 0. Pour vous y rendre, prenez les escaliers, l&rsquo;auditorium se &hellip; <a href=\"https:\/\/colloques.uqac.ca\/ecoconseil\/programme-de-levenement\/\" class=\"more-link\">Continuer la lecture de <span class=\"screen-reader-text\">Programme du colloque<\/span>  <span class=\"meta-nav\">&rarr;<\/span><\/a><\/p>\n","protected":false},"author":44,"featured_media":0,"parent":0,"menu_order":0,"comment_status":"open","ping_status":"open","template":"","meta":{"footnotes":""},"_links":{"self":[{"href":"https:\/\/colloques.uqac.ca\/ecoconseil\/wp-json\/wp\/v2\/pages\/3370"}],"collection":[{"href":"https:\/\/colloques.uqac.ca\/ecoconseil\/wp-json\/wp\/v2\/pages"}],"about":[{"href":"https:\/\/colloques.uqac.ca\/ecoconseil\/wp-json\/wp\/v2\/types\/page"}],"author":[{"embeddable":true,"href":"https:\/\/colloques.uqac.ca\/ecoconseil\/wp-json\/wp\/v2\/users\/44"}],"replies":[{"embeddable":true,"href":"https:\/\/colloques.uqac.ca\/ecoconseil\/wp-json\/wp\/v2\/comments?post=3370"}],"version-history":[{"count":10,"href":"https:\/\/colloques.uqac.ca\/ecoconseil\/wp-json\/wp\/v2\/pages\/3370\/revisions"}],"predecessor-version":[{"id":3473,"href":"https:\/\/colloques.uqac.ca\/ecoconseil\/wp-json\/wp\/v2\/pages\/3370\/revisions\/3473"}],"wp:attachment":[{"href":"https:\/\/colloques.uqac.ca\/ecoconseil\/wp-json\/wp\/v2\/media?parent=3370"}],"curies":[{"name":"wp","href":"https:\/\/api.w.org\/{rel}","templated":true}]}}