{"id":3357,"date":"2023-11-08T22:14:26","date_gmt":"2023-11-09T03:14:26","guid":{"rendered":"http:\/\/colloques.uqac.ca\/ecoconseil\/?page_id=3357"},"modified":"2024-12-04T19:41:17","modified_gmt":"2024-12-05T00:41:17","slug":"cohorte-24-presentation-de-levenement","status":"publish","type":"page","link":"https:\/\/colloques.uqac.ca\/ecoconseil\/cohorte-24-presentation-de-levenement\/","title":{"rendered":"Cohorte 23 &#8211; Pr\u00e9sentation de l&rsquo;\u00e9v\u00e9nement"},"content":{"rendered":"<div class=\"\" style=\"text-align: justify\"><span class=\"x_TextRun x_BCX4 x_SCXW140195858\" lang=\"FR-CA\">C\u2019est avec plaisir que nous vous invitons \u00e0 participer \u00e0 notre \u00e9v\u00e8nement \u00e9co-conseil \u00ab <strong>Villes cr\u00e9atrices de sant\u00e9<\/strong> \u00bb qui se tiendra \u00e0 l\u2019Universit\u00e9 du Qu\u00e9bec \u00e0 Chicoutimi les <strong>25 et 26 janvier 2024<\/strong>.<\/span><span class=\"x_EOP x_BCX4 x_SCXW140195858\">\u00a0<\/span><\/div>\n<div class=\"x_BCX4 x_SCXW140195858 x_Ltr x_OutlineElement\" style=\"text-align: justify\">\n<p class=\"x_Paragraph x_BCX4 x_SCXW140195858\"><span class=\"x_TextRun x_BCX4 x_SCXW140195858\" lang=\"FR-CA\">Cette ann\u00e9e, l\u2019\u00e9v\u00e8nement \u00e9co-conseil porte sur la th\u00e9matique\u00a0 \u00a0 \u00a0 \u00a0 \u00a0 \u00a0 \u00a0 \u00ab <strong>Urbanisme et Sant\u00e9 Collective<\/strong> \u00bb. La conception d\u2019un tel \u00e9v\u00e8nement \u00e0 tendance \u00e9co-responsable offre l\u2019opportunit\u00e9 de r\u00e9unir divers acteurs autour d\u2019un sujet commun li\u00e9 au d\u00e9veloppement durable.<\/span><span class=\"x_EOP x_BCX4 x_SCXW140195858\">\u00a0<\/span><\/p>\n<\/div>\n<div class=\"x_BCX4 x_SCXW140195858 x_Ltr x_OutlineElement\" style=\"text-align: justify\">\n<p class=\"x_Paragraph x_BCX4 x_SCXW140195858\"><span class=\"x_TextRun x_BCX4 x_SCXW140195858\" lang=\"FR-CA\">L\u2019id\u00e9e est d\u2019explorer ensemble, au travers de rencontres et ateliers, la mani\u00e8re dont une ville p\u00e9riph\u00e9rique peut am\u00e9nager son espace pour promouvoir une meilleure sant\u00e9 collective dans le contexte des changements climatiques.<\/span><span class=\"x_EOP x_BCX4 x_SCXW140195858\">\u00a0<\/span><\/p>\n<\/div>\n<div class=\"x_BCX4 x_SCXW140195858 x_Ltr x_OutlineElement\" style=\"text-align: justify\">\n<p class=\"x_Paragraph x_BCX4 x_SCXW140195858\"><span class=\"x_TextRun x_BCX4 x_SCXW140195858\" lang=\"FR-CA\"><span class=\"x_BCX4 x_NormalTextRun x_SCXW140195858\">L&rsquo;\u00e9v\u00e9nement \u00e9co-conseil s&rsquo;articule en deux temps forts : tout d&rsquo;abord, la journ\u00e9e du\u00a0<strong>25 janvier\u00a0<\/strong>sera d\u00e9di\u00e9e \u00e0 une s\u00e9rie d&rsquo;activit\u00e9s mettant en lumi\u00e8re des initiatives. Une\u00a0<em>Fresque du Climat<\/em> et un\u00a0<em>Bar des Sciences<\/em> (en collaboration avec le CISD de l&rsquo;UQAC) seront organis\u00e9s.<\/span><\/span><\/p>\n<p class=\"x_Paragraph x_BCX4 x_SCXW140195858\">Le\u00a0<strong>26 janvier<\/strong> sera le moment phare de notre \u00e9v\u00e9nement, puisque ce sera la journ\u00e9e du colloque o\u00f9 vous pourrez suivre plusieurs conf\u00e9rences riches et int\u00e9ressantes.<\/p>\n<\/div>\n<div class=\"x_BCX4 x_SCXW140195858 x_Ltr x_OutlineElement\" style=\"text-align: justify\">\n<p class=\"x_Paragraph x_BCX4 x_SCXW140195858\"><span class=\"x_TextRun x_BCX4 x_SCXW140195858\" lang=\"FR-CA\">Au programme, des conf\u00e9rences, partages d\u2019exp\u00e9riences et ateliers pratiques vous attendent ! Ces activit\u00e9s constituent une excellente opportunit\u00e9 de se mobiliser pour am\u00e9nager des villes cr\u00e9atrices de sant\u00e9.<\/span><span class=\"x_EOP x_BCX4 x_SCXW140195858\">\u00a0<\/span><\/p>\n<\/div>\n<div class=\"x_BCX4 x_SCXW140195858 x_Ltr x_OutlineElement\">\n<p class=\"x_Paragraph x_BCX4 x_SCXW140195858\" style=\"text-align: justify\"><span class=\"x_TextRun x_BCX4 x_SCXW140195858\" lang=\"FR-CA\">Soyez des n\u00f4tres !<\/span><\/p>\n<\/div>\n","protected":false},"excerpt":{"rendered":"<p>C\u2019est avec plaisir que nous vous invitons \u00e0 participer \u00e0 notre \u00e9v\u00e8nement \u00e9co-conseil \u00ab Villes cr\u00e9atrices de sant\u00e9 \u00bb qui se tiendra \u00e0 l\u2019Universit\u00e9 du Qu\u00e9bec \u00e0 Chicoutimi les 25 et 26 janvier 2024.\u00a0 Cette ann\u00e9e, l\u2019\u00e9v\u00e8nement \u00e9co-conseil porte sur la th\u00e9matique\u00a0 \u00a0 \u00a0 \u00a0 \u00a0 \u00a0 \u00a0 \u00ab Urbanisme et Sant\u00e9 Collective \u00bb. La &hellip; <a href=\"https:\/\/colloques.uqac.ca\/ecoconseil\/cohorte-24-presentation-de-levenement\/\" class=\"more-link\">Continuer la lecture de <span class=\"screen-reader-text\">Cohorte 23 &#8211; Pr\u00e9sentation de l&rsquo;\u00e9v\u00e9nement<\/span>  <span class=\"meta-nav\">&rarr;<\/span><\/a><\/p>\n","protected":false},"author":44,"featured_media":0,"parent":0,"menu_order":0,"comment_status":"open","ping_status":"open","template":"","meta":{"footnotes":""},"_links":{"self":[{"href":"https:\/\/colloques.uqac.ca\/ecoconseil\/wp-json\/wp\/v2\/pages\/3357"}],"collection":[{"href":"https:\/\/colloques.uqac.ca\/ecoconseil\/wp-json\/wp\/v2\/pages"}],"about":[{"href":"https:\/\/colloques.uqac.ca\/ecoconseil\/wp-json\/wp\/v2\/types\/page"}],"author":[{"embeddable":true,"href":"https:\/\/colloques.uqac.ca\/ecoconseil\/wp-json\/wp\/v2\/users\/44"}],"replies":[{"embeddable":true,"href":"https:\/\/colloques.uqac.ca\/ecoconseil\/wp-json\/wp\/v2\/comments?post=3357"}],"version-history":[{"count":10,"href":"https:\/\/colloques.uqac.ca\/ecoconseil\/wp-json\/wp\/v2\/pages\/3357\/revisions"}],"predecessor-version":[{"id":3528,"href":"https:\/\/colloques.uqac.ca\/ecoconseil\/wp-json\/wp\/v2\/pages\/3357\/revisions\/3528"}],"wp:attachment":[{"href":"https:\/\/colloques.uqac.ca\/ecoconseil\/wp-json\/wp\/v2\/media?parent=3357"}],"curies":[{"name":"wp","href":"https:\/\/api.w.org\/{rel}","templated":true}]}}