{"id":3353,"date":"2023-11-08T22:05:12","date_gmt":"2023-11-09T03:05:12","guid":{"rendered":"http:\/\/colloques.uqac.ca\/ecoconseil\/?page_id=3353"},"modified":"2023-11-08T22:05:12","modified_gmt":"2023-11-09T03:05:12","slug":"cohorte-22-qui-sommes-nous","status":"publish","type":"page","link":"https:\/\/colloques.uqac.ca\/ecoconseil\/cohorte-22-qui-sommes-nous\/","title":{"rendered":"Cohorte 22 &#8211; Qui sommes nous?"},"content":{"rendered":"<p>Cette ann\u00e9e, l\u2019\u00e9v\u00e8nement \u00e9co-conseil est organis\u00e9 par une cohorte de quatre personnes motiv\u00e9es !\u00a0Comme vous le constaterez, nous sommes des \u00e9tudiants d\u2019horizons bien diff\u00e9rents, mais nous sommes tout de m\u00eame un beau noyau motiv\u00e9 par la transition sociale et \u00e9cologique. Notre \u00e9quipe est ravie de travailler \u00e0 vous faire vivre\u00a0une journ\u00e9e alliant art et transition !<\/p>\n<p>Pour plus de d\u00e9tail sur le programme si vous \u00eates curieux :\u00a0<a href=\"https:\/\/www.uqac.ca\/programme\/3598-dess-en-eco-conseil\/\">DESS en \u00e9co-conseil<\/a><\/p>\n<p>&nbsp;<\/p>\n<p>Voici chacun de nos profils respectifs.<br \/>\nAu plaisir de discuter avec vous!<\/p>\n<p>CINDY CHRISTELLE PASCALE KADJE DJEUTCHOUANG<br \/>\nVous pouvez me contacter ici\u00a0:\u00a0<a href=\"mailto:cckdjeutch@etu.uqac.ca\">cckdjeutch@etu.uqac.ca<\/a><\/p>\n<p>PAULINE DE LAET<br \/>\nVous pouvez me contacter ici\u00a0:\u00a0<a href=\"mailto:pdlaet@etu.uqac.ca\">pdlaet@etu.uqac.ca<\/a><\/p>\n<p>LALO GRANDJACQUET<br \/>\nVous pouvez me contacter ici\u00a0:\u00a0<a href=\"mailto:lgrandjacq@etu.uqac.ca\">lgrandjacq@etu.uqac.ca<\/a><\/p>\n<p>JEAN-BENOIT ROUSSEL<br \/>\nVous pouvez me contacter ici\u00a0:\u00a0<a href=\"mailto:jbroussel@etu.uqac.ca\">jbroussel@etu.uqac.ca<\/a><\/p>\n","protected":false},"excerpt":{"rendered":"<p>Cette ann\u00e9e, l\u2019\u00e9v\u00e8nement \u00e9co-conseil est organis\u00e9 par une cohorte de quatre personnes motiv\u00e9es !\u00a0Comme vous le constaterez, nous sommes des \u00e9tudiants d\u2019horizons bien diff\u00e9rents, mais nous sommes tout de m\u00eame un beau noyau motiv\u00e9 par la transition sociale et \u00e9cologique. Notre \u00e9quipe est ravie de travailler \u00e0 vous faire vivre\u00a0une journ\u00e9e alliant art et transition &hellip; <a href=\"https:\/\/colloques.uqac.ca\/ecoconseil\/cohorte-22-qui-sommes-nous\/\" class=\"more-link\">Continuer la lecture de <span class=\"screen-reader-text\">Cohorte 22 &#8211; Qui sommes nous?<\/span>  <span class=\"meta-nav\">&rarr;<\/span><\/a><\/p>\n","protected":false},"author":44,"featured_media":0,"parent":0,"menu_order":0,"comment_status":"open","ping_status":"open","template":"","meta":{"footnotes":""},"_links":{"self":[{"href":"https:\/\/colloques.uqac.ca\/ecoconseil\/wp-json\/wp\/v2\/pages\/3353"}],"collection":[{"href":"https:\/\/colloques.uqac.ca\/ecoconseil\/wp-json\/wp\/v2\/pages"}],"about":[{"href":"https:\/\/colloques.uqac.ca\/ecoconseil\/wp-json\/wp\/v2\/types\/page"}],"author":[{"embeddable":true,"href":"https:\/\/colloques.uqac.ca\/ecoconseil\/wp-json\/wp\/v2\/users\/44"}],"replies":[{"embeddable":true,"href":"https:\/\/colloques.uqac.ca\/ecoconseil\/wp-json\/wp\/v2\/comments?post=3353"}],"version-history":[{"count":1,"href":"https:\/\/colloques.uqac.ca\/ecoconseil\/wp-json\/wp\/v2\/pages\/3353\/revisions"}],"predecessor-version":[{"id":3355,"href":"https:\/\/colloques.uqac.ca\/ecoconseil\/wp-json\/wp\/v2\/pages\/3353\/revisions\/3355"}],"wp:attachment":[{"href":"https:\/\/colloques.uqac.ca\/ecoconseil\/wp-json\/wp\/v2\/media?parent=3353"}],"curies":[{"name":"wp","href":"https:\/\/api.w.org\/{rel}","templated":true}]}}