{"id":3311,"date":"2023-01-24T13:14:42","date_gmt":"2023-01-24T18:14:42","guid":{"rendered":"http:\/\/colloques.uqac.ca\/ecoconseil\/?page_id=3311"},"modified":"2023-11-07T16:52:32","modified_gmt":"2023-11-07T21:52:32","slug":"se-rendre","status":"publish","type":"page","link":"https:\/\/colloques.uqac.ca\/ecoconseil\/se-rendre\/","title":{"rendered":"Cohorte 23 &#8211; Se rendre au colloque"},"content":{"rendered":"<p>Le colloque se d\u00e9roulera au niveau z\u00e9ro du pavillon principal de l&rsquo;UQAC.<\/p>\n<p>Sur ce plan, vous pouvez voir o\u00f9 se situe le pavillon principal ainsi que les diff\u00e9rents stationnements. \u00a0\u00a0<a href=\"https:\/\/www.uqac.ca\/wp-content\/uploads\/2021\/08\/PlanCampusE21.pdf\">Plan du site de l&rsquo;UQAC<\/a><\/p>\n<p>&nbsp;<\/p>\n","protected":false},"excerpt":{"rendered":"<p>Le colloque se d\u00e9roulera au niveau z\u00e9ro du pavillon principal de l&rsquo;UQAC. Sur ce plan, vous pouvez voir o\u00f9 se situe le pavillon principal ainsi que les diff\u00e9rents stationnements. \u00a0\u00a0Plan du site de l&rsquo;UQAC &nbsp;<\/p>\n","protected":false},"author":44,"featured_media":0,"parent":0,"menu_order":0,"comment_status":"open","ping_status":"open","template":"","meta":{"footnotes":""},"_links":{"self":[{"href":"https:\/\/colloques.uqac.ca\/ecoconseil\/wp-json\/wp\/v2\/pages\/3311"}],"collection":[{"href":"https:\/\/colloques.uqac.ca\/ecoconseil\/wp-json\/wp\/v2\/pages"}],"about":[{"href":"https:\/\/colloques.uqac.ca\/ecoconseil\/wp-json\/wp\/v2\/types\/page"}],"author":[{"embeddable":true,"href":"https:\/\/colloques.uqac.ca\/ecoconseil\/wp-json\/wp\/v2\/users\/44"}],"replies":[{"embeddable":true,"href":"https:\/\/colloques.uqac.ca\/ecoconseil\/wp-json\/wp\/v2\/comments?post=3311"}],"version-history":[{"count":3,"href":"https:\/\/colloques.uqac.ca\/ecoconseil\/wp-json\/wp\/v2\/pages\/3311\/revisions"}],"predecessor-version":[{"id":3345,"href":"https:\/\/colloques.uqac.ca\/ecoconseil\/wp-json\/wp\/v2\/pages\/3311\/revisions\/3345"}],"wp:attachment":[{"href":"https:\/\/colloques.uqac.ca\/ecoconseil\/wp-json\/wp\/v2\/media?parent=3311"}],"curies":[{"name":"wp","href":"https:\/\/api.w.org\/{rel}","templated":true}]}}