{"id":3274,"date":"2023-01-16T21:47:22","date_gmt":"2023-01-17T02:47:22","guid":{"rendered":"http:\/\/colloques.uqac.ca\/ecoconseil\/?page_id=3274"},"modified":"2023-11-07T02:05:34","modified_gmt":"2023-11-07T07:05:34","slug":"president-dhonneur","status":"publish","type":"page","link":"https:\/\/colloques.uqac.ca\/ecoconseil\/president-dhonneur\/","title":{"rendered":"Cohorte 22 &#8211; Pr\u00e9sident d&rsquo;honneur"},"content":{"rendered":"<p>&nbsp;<\/p>\n<p>Martin Bureau a accept\u00e9 avec grand plaisir de participer \u00e0 votre \u00e9v\u00e9nement en tant que pr\u00e9sident d&rsquo;honneur. Il dira quelques mots au d\u00e9but de notre conf\u00e9rence de presse sur sa participation \u00e0 notre colloque, ainsi que sur son exposition en cours \u00e0 l\u2019UQAC sur le th\u00e8me de l\u2019anthropoc\u00e8ne.<\/p>\n<p style=\"text-align: left\"><a href=\"https:\/\/colloques.uqac.ca\/ecoconseil\/files\/2021\/01\/Profil-Martin-Bureau.jpg\"><img loading=\"lazy\" decoding=\"async\" class=\"alignnone size-large wp-image-3267\" src=\"https:\/\/colloques.uqac.ca\/ecoconseil\/files\/2021\/01\/Profil-Martin-Bureau-819x1024.jpg\" alt=\"Profil Martin Bureau\" width=\"474\" height=\"593\" srcset=\"https:\/\/colloques.uqac.ca\/ecoconseil\/files\/2021\/01\/Profil-Martin-Bureau-819x1024.jpg 819w, https:\/\/colloques.uqac.ca\/ecoconseil\/files\/2021\/01\/Profil-Martin-Bureau-240x300.jpg 240w\" sizes=\"(max-width: 474px) 100vw, 474px\" \/><\/a><\/p>\n<p>Martin Bureau est artiste en arts visuels, dont les m\u00e9diums de pr\u00e9dilections sont la peinture, l&rsquo;installation vid\u00e9o et le cin\u00e9ma documentaire. Depuis plus de 25 ans, il s&rsquo;affaire \u00e0 r\u00e9fl\u00e9chir l&rsquo;\u00e9tat du monde en m\u00e9taphorisant des enjeux relatifs \u00e0 l&rsquo;environnement, la g\u00e9opolitique et le capitalisme. Son m\u00e9moire de ma\u00eetrise portait sur les th\u00e9ories de la catastrophe (temp\u00eate parfaite, entropie, eschatologie&#8230;), ce qui l&rsquo;amena naturellement \u00e0 r\u00e9fl\u00e9chir sur la notion d&rsquo;anthropoc\u00e8ne, f\u00e9d\u00e9ratrice de toutes ces th\u00e9ories. D\u00e8s lors, l&rsquo;anthropoc\u00e8ne est devenue pour lui un moteur de cr\u00e9ation intarissable. Charg\u00e9 de cours \u00e0 l&rsquo;UQTR en vid\u00e9o et en installation vid\u00e9o, il fut professeur invit\u00e9 \u00e0 l&rsquo;UQAC \u00e0 l&rsquo;automne 2022 en peinture.<\/p>\n<p>Pour plus de d\u00e9tail sur l&rsquo;exposition en cours au centre d&rsquo;exposition l&rsquo;\u0153uvre de l&rsquo;autre :\u00a0<a href=\"http:\/\/www.uqac.ca\/galerie\/\">http:\/\/www.uqac.ca\/galerie\/<\/a><\/p>\n<p><a href=\"https:\/\/colloques.uqac.ca\/ecoconseil\/files\/2023\/01\/expo.jpg\"><img loading=\"lazy\" decoding=\"async\" class=\"alignnone size-large wp-image-3283\" src=\"https:\/\/colloques.uqac.ca\/ecoconseil\/files\/2023\/01\/expo-956x1024.jpg\" alt=\"expo\" width=\"474\" height=\"508\" srcset=\"https:\/\/colloques.uqac.ca\/ecoconseil\/files\/2023\/01\/expo-956x1024.jpg 956w, https:\/\/colloques.uqac.ca\/ecoconseil\/files\/2023\/01\/expo-280x300.jpg 280w, https:\/\/colloques.uqac.ca\/ecoconseil\/files\/2023\/01\/expo.jpg 1678w\" sizes=\"(max-width: 474px) 100vw, 474px\" \/><\/a><\/p>\n","protected":false},"excerpt":{"rendered":"<p>&nbsp; Martin Bureau a accept\u00e9 avec grand plaisir de participer \u00e0 votre \u00e9v\u00e9nement en tant que pr\u00e9sident d&rsquo;honneur. Il dira quelques mots au d\u00e9but de notre conf\u00e9rence de presse sur sa participation \u00e0 notre colloque, ainsi que sur son exposition en cours \u00e0 l\u2019UQAC sur le th\u00e8me de l\u2019anthropoc\u00e8ne. Martin Bureau est artiste en arts &hellip; <a href=\"https:\/\/colloques.uqac.ca\/ecoconseil\/president-dhonneur\/\" class=\"more-link\">Continuer la lecture de <span class=\"screen-reader-text\">Cohorte 22 &#8211; Pr\u00e9sident d&rsquo;honneur<\/span>  <span class=\"meta-nav\">&rarr;<\/span><\/a><\/p>\n","protected":false},"author":44,"featured_media":0,"parent":0,"menu_order":0,"comment_status":"open","ping_status":"open","template":"","meta":{"footnotes":""},"_links":{"self":[{"href":"https:\/\/colloques.uqac.ca\/ecoconseil\/wp-json\/wp\/v2\/pages\/3274"}],"collection":[{"href":"https:\/\/colloques.uqac.ca\/ecoconseil\/wp-json\/wp\/v2\/pages"}],"about":[{"href":"https:\/\/colloques.uqac.ca\/ecoconseil\/wp-json\/wp\/v2\/types\/page"}],"author":[{"embeddable":true,"href":"https:\/\/colloques.uqac.ca\/ecoconseil\/wp-json\/wp\/v2\/users\/44"}],"replies":[{"embeddable":true,"href":"https:\/\/colloques.uqac.ca\/ecoconseil\/wp-json\/wp\/v2\/comments?post=3274"}],"version-history":[{"count":5,"href":"https:\/\/colloques.uqac.ca\/ecoconseil\/wp-json\/wp\/v2\/pages\/3274\/revisions"}],"predecessor-version":[{"id":3334,"href":"https:\/\/colloques.uqac.ca\/ecoconseil\/wp-json\/wp\/v2\/pages\/3274\/revisions\/3334"}],"wp:attachment":[{"href":"https:\/\/colloques.uqac.ca\/ecoconseil\/wp-json\/wp\/v2\/media?parent=3274"}],"curies":[{"name":"wp","href":"https:\/\/api.w.org\/{rel}","templated":true}]}}