{"id":3012,"date":"2022-01-17T10:40:33","date_gmt":"2022-01-17T15:40:33","guid":{"rendered":"http:\/\/colloques.uqac.ca\/ecoconseil\/?page_id=3012"},"modified":"2023-11-07T02:05:15","modified_gmt":"2023-11-07T07:05:15","slug":"inscription","status":"publish","type":"page","link":"https:\/\/colloques.uqac.ca\/ecoconseil\/inscription\/","title":{"rendered":"Cohorte 22 &#8211; Inscription"},"content":{"rendered":"<p style=\"text-align: center\">Vous pouvez acheter votre billet ici:\u00a0<a title=\"Inscription au colloque sur Zeffy\" href=\"https:\/\/www.zeffy.com\/fr-CA\/ticketing\/cf990bd7-08ef-49be-85b9-2a6895b1c7db\">Billetterie Zeffy<\/a><\/p>\n<p style=\"text-align: center\">Le prix du billet inclus le d\u00eener.<\/p>\n<p style=\"text-align: center\">D\u00e9tails de la <a title=\"Horaire du colloque \u2013 27 janvier\" href=\"https:\/\/colloques.uqac.ca\/ecoconseil\/horaire-du-colloque\/\">programmation<\/a>.<\/p>\n<p style=\"text-align: center\"><a href=\"https:\/\/colloques.uqac.ca\/ecoconseil\/files\/2022\/01\/affiche-\u00e9v\u00e8nement-\u00e9co-conseil-billeterie-version-qrcode-fb.png\"><img loading=\"lazy\" decoding=\"async\" class=\"alignnone size-large wp-image-3262\" src=\"https:\/\/colloques.uqac.ca\/ecoconseil\/files\/2022\/01\/affiche-\u00e9v\u00e8nement-\u00e9co-conseil-billeterie-version-qrcode-fb-769x1024.png\" alt=\"affiche \u00e9v\u00e8nement \u00e9co-conseil - billeterie version qrcode fb\" width=\"474\" height=\"631\" srcset=\"https:\/\/colloques.uqac.ca\/ecoconseil\/files\/2022\/01\/affiche-\u00e9v\u00e8nement-\u00e9co-conseil-billeterie-version-qrcode-fb-769x1024.png 769w, https:\/\/colloques.uqac.ca\/ecoconseil\/files\/2022\/01\/affiche-\u00e9v\u00e8nement-\u00e9co-conseil-billeterie-version-qrcode-fb-225x300.png 225w, https:\/\/colloques.uqac.ca\/ecoconseil\/files\/2022\/01\/affiche-\u00e9v\u00e8nement-\u00e9co-conseil-billeterie-version-qrcode-fb.png 991w\" sizes=\"(max-width: 474px) 100vw, 474px\" \/><\/a><\/p>\n","protected":false},"excerpt":{"rendered":"<p>Vous pouvez acheter votre billet ici:\u00a0Billetterie Zeffy Le prix du billet inclus le d\u00eener. D\u00e9tails de la programmation.<\/p>\n","protected":false},"author":44,"featured_media":0,"parent":0,"menu_order":0,"comment_status":"open","ping_status":"open","template":"","meta":{"footnotes":""},"_links":{"self":[{"href":"https:\/\/colloques.uqac.ca\/ecoconseil\/wp-json\/wp\/v2\/pages\/3012"}],"collection":[{"href":"https:\/\/colloques.uqac.ca\/ecoconseil\/wp-json\/wp\/v2\/pages"}],"about":[{"href":"https:\/\/colloques.uqac.ca\/ecoconseil\/wp-json\/wp\/v2\/types\/page"}],"author":[{"embeddable":true,"href":"https:\/\/colloques.uqac.ca\/ecoconseil\/wp-json\/wp\/v2\/users\/44"}],"replies":[{"embeddable":true,"href":"https:\/\/colloques.uqac.ca\/ecoconseil\/wp-json\/wp\/v2\/comments?post=3012"}],"version-history":[{"count":24,"href":"https:\/\/colloques.uqac.ca\/ecoconseil\/wp-json\/wp\/v2\/pages\/3012\/revisions"}],"predecessor-version":[{"id":3332,"href":"https:\/\/colloques.uqac.ca\/ecoconseil\/wp-json\/wp\/v2\/pages\/3012\/revisions\/3332"}],"wp:attachment":[{"href":"https:\/\/colloques.uqac.ca\/ecoconseil\/wp-json\/wp\/v2\/media?parent=3012"}],"curies":[{"name":"wp","href":"https:\/\/api.w.org\/{rel}","templated":true}]}}