{"id":2758,"date":"2021-01-13T18:36:23","date_gmt":"2021-01-13T23:36:23","guid":{"rendered":"http:\/\/colloques.uqac.ca\/ecoconseil\/?page_id=2758"},"modified":"2023-11-07T02:05:05","modified_gmt":"2023-11-07T07:05:05","slug":"horaire-du-colloque","status":"publish","type":"page","link":"https:\/\/colloques.uqac.ca\/ecoconseil\/horaire-du-colloque\/","title":{"rendered":"Cohorte 22 &#8211; Horaire du colloque &#8211; 27 janvier"},"content":{"rendered":"<p style=\"text-align: center\">Voici la <strong>programmation du colloque<\/strong> qui se tiendra de <strong>9h00\u00a0\u00e0 16h00 \u00e0 l&rsquo;UQAC\u00a0<\/strong>le vendredi 27 janvier 2023 !<\/p>\n<p><span style=\"font-weight: 400\">8h30\u00a0: Accueil des participant.es dans l&rsquo;auditorium au P0-5000<\/span><\/p>\n<p><span style=\"font-weight: 400\">9h\u00a0: clin d\u2019\u0153il d\u2019ouverture surprise<\/span><\/p>\n<p><span style=\"font-weight: 400\">9h30\u00a0: <\/span><b>Pourquoi la m\u00e9diation culturelle au Saguenay Lac Saint Jean.\u00a0<\/b><\/p>\n<p><span style=\"font-weight: 400\">Conf\u00e9rence de Marcelle Dub\u00e9 \u2013 Professeure associ\u00e9e au d\u00e9partement des sciences humaines de l\u2019UQAC<\/span><\/p>\n<p><span style=\"font-weight: 400\">10h15\u00a0: Pause-caf\u00e9 de r\u00e9seautage<\/span><\/p>\n<p><span style=\"font-weight: 400\">10h30\u00a0: <\/span><b>Des approches artistiques qui \u00e9veillent, \u00e9merveillent et confrontent les consciences sur les enjeux de soci\u00e9t\u00e9.<\/b><span style=\"font-weight: 400\">\u00a0<\/span><\/p>\n<p><span style=\"font-weight: 400\">Nos pan\u00e9listes\u00a0:<\/span><\/p>\n<p><b>Annie Perron<\/b><span style=\"font-weight: 400\"> \u2013 Directrice g\u00e9n\u00e9rale et artistique de Lum Design<\/span><\/p>\n<p><b>Olivier C\u00f4t\u00e9 Brodeur<\/b><span style=\"font-weight: 400\"> \u2013 Artiste de la cr\u00e9ation parl\u00e9e<\/span><\/p>\n<p><b>Catherine Gagnon<\/b><span style=\"font-weight: 400\"> \u2013 Directrice de Langage Plus<\/span><\/p>\n<p><b>Sylvie Morais<\/b><span style=\"font-weight: 400\"> \u2013 Professeure th\u00e9orique de la formation artistique au d\u00e9partement des Arts et des Lettres de l\u2019UQAC<\/span><\/p>\n<p><b>Micha\u00ebl La Chance<\/b><span style=\"font-weight: 400\"> \u2013 Professeur au d\u00e9partement des arts et des lettres et du langage de l\u2019UQAC<\/span><\/p>\n<p><strong><strong>\u00a0<\/strong><\/strong><\/p>\n<p><span style=\"font-weight: 400\">12h15\u00a0: Diner \u2013 Cap gourmand v\u00e9g\u00e9tarien\u00a0au centre social de\u00a0\u00a0l&rsquo;UQAC au P0-6000<\/span><\/p>\n<p><span style=\"font-weight: 400\">13h\u00a0: <\/span><b>La Galerie l\u2019\u0153uvre de l\u2019Autre\u00a0: Le confort de nos s\u00e9diments<\/b><span style=\"font-weight: 400\"> \u2013 Martin Bureau un laboratoire d\u2019expression artistique engag\u00e9e\u00a0<\/span><\/p>\n<p><span style=\"font-weight: 400\">13h30\u00a0: <\/span><b>L\u2019art de la transition citoyenne au Saguenay Lac Saint-Jean<\/b><span style=\"font-weight: 400\">. Groupe de r\u00e9flexion\u00a0: les intervenants sont en voie d\u2019\u00eatre confirm\u00e9s<br \/>\nPr\u00e9sentation des intervenants dans l&rsquo;auditorium P0-5000<br \/>\nActivit\u00e9 de discussion dans le centre social P0-6000<\/span><\/p>\n<p><span style=\"font-weight: 400\">15h30\u00a0: Conf\u00e9rence de fermeture\u00a0: Jacques Blanchet<\/span><\/p>\n<p><span style=\"font-weight: 400\">16h\u00a0: 4@6 verre de l\u2019amiti\u00e9 et c\u00e9l\u00e9bration \u00e0 l\u2019aquarium UQAC<\/span><\/p>\n<p>&nbsp;<\/p>\n<p>&nbsp;<\/p>\n<p style=\"text-align: center\">\n","protected":false},"excerpt":{"rendered":"<p>Voici la programmation du colloque qui se tiendra de 9h00\u00a0\u00e0 16h00 \u00e0 l&rsquo;UQAC\u00a0le vendredi 27 janvier 2023 ! 8h30\u00a0: Accueil des participant.es dans l&rsquo;auditorium au P0-5000 9h\u00a0: clin d\u2019\u0153il d\u2019ouverture surprise 9h30\u00a0: Pourquoi la m\u00e9diation culturelle au Saguenay Lac Saint Jean.\u00a0 Conf\u00e9rence de Marcelle Dub\u00e9 \u2013 Professeure associ\u00e9e au d\u00e9partement des sciences humaines de l\u2019UQAC &hellip; <a href=\"https:\/\/colloques.uqac.ca\/ecoconseil\/horaire-du-colloque\/\" class=\"more-link\">Continuer la lecture de <span class=\"screen-reader-text\">Cohorte 22 &#8211; Horaire du colloque &#8211; 27 janvier<\/span>  <span class=\"meta-nav\">&rarr;<\/span><\/a><\/p>\n","protected":false},"author":44,"featured_media":0,"parent":0,"menu_order":0,"comment_status":"open","ping_status":"open","template":"","meta":{"footnotes":""},"_links":{"self":[{"href":"https:\/\/colloques.uqac.ca\/ecoconseil\/wp-json\/wp\/v2\/pages\/2758"}],"collection":[{"href":"https:\/\/colloques.uqac.ca\/ecoconseil\/wp-json\/wp\/v2\/pages"}],"about":[{"href":"https:\/\/colloques.uqac.ca\/ecoconseil\/wp-json\/wp\/v2\/types\/page"}],"author":[{"embeddable":true,"href":"https:\/\/colloques.uqac.ca\/ecoconseil\/wp-json\/wp\/v2\/users\/44"}],"replies":[{"embeddable":true,"href":"https:\/\/colloques.uqac.ca\/ecoconseil\/wp-json\/wp\/v2\/comments?post=2758"}],"version-history":[{"count":38,"href":"https:\/\/colloques.uqac.ca\/ecoconseil\/wp-json\/wp\/v2\/pages\/2758\/revisions"}],"predecessor-version":[{"id":3331,"href":"https:\/\/colloques.uqac.ca\/ecoconseil\/wp-json\/wp\/v2\/pages\/2758\/revisions\/3331"}],"wp:attachment":[{"href":"https:\/\/colloques.uqac.ca\/ecoconseil\/wp-json\/wp\/v2\/media?parent=2758"}],"curies":[{"name":"wp","href":"https:\/\/api.w.org\/{rel}","templated":true}]}}