{"id":2752,"date":"2021-01-13T17:06:16","date_gmt":"2021-01-13T22:06:16","guid":{"rendered":"http:\/\/colloques.uqac.ca\/ecoconseil\/?page_id=2752"},"modified":"2023-11-07T02:05:25","modified_gmt":"2023-11-07T07:05:25","slug":"conferenciers","status":"publish","type":"page","link":"https:\/\/colloques.uqac.ca\/ecoconseil\/conferenciers\/","title":{"rendered":"Cohorte 22 &#8211; Les intervenant.e.s"},"content":{"rendered":"<p style=\"text-align: left\">Il nous fait plaisir de vous pr\u00e9senter les intervenant.e.s qui ont accept\u00e9.e de participer \u00e0 notre \u00e9v\u00e8nement.<\/p>\n<p style=\"text-align: left\"><strong>Marcelle Dub\u00e9<span style=\"font-weight: 400\">\u00a0\u2013 Professeure associ\u00e9e au d\u00e9partement des sciences humaines de l\u2019UQAC<\/span><\/strong><\/p>\n<p style=\"text-align: center\"><a href=\"https:\/\/colloques.uqac.ca\/ecoconseil\/files\/2021\/01\/M-Dub\u00e9-1-17-nov-2022-.jpg\"><img loading=\"lazy\" decoding=\"async\" class=\"alignnone size-large wp-image-3226\" src=\"https:\/\/colloques.uqac.ca\/ecoconseil\/files\/2021\/01\/M-Dub\u00e9-1-17-nov-2022--1024x683.jpg\" alt=\"M Dub\u00e9 1 17 nov 2022\" width=\"474\" height=\"316\" srcset=\"https:\/\/colloques.uqac.ca\/ecoconseil\/files\/2021\/01\/M-Dub\u00e9-1-17-nov-2022--1024x683.jpg 1024w, https:\/\/colloques.uqac.ca\/ecoconseil\/files\/2021\/01\/M-Dub\u00e9-1-17-nov-2022--300x200.jpg 300w\" sizes=\"(max-width: 474px) 100vw, 474px\" \/><\/a><\/p>\n<p>Marcelle Dub\u00e9 est professeure associ\u00e9e du d\u00e9partement des sciences humaines et sociales de l\u2019Universit\u00e9 du Qu\u00e9bec \u00e0 Chicoutimi (UQAC). Chercheure \u00e0 l\u2019Observatoire des m\u00e9diations culturelles (OMEC) et membre de la Cellule r\u00e9gionale d\u2019innovation en M\u00e9diation culturelle du Saguenay\u2013Lac-Saint-Jean (CRIMC), ses int\u00e9r\u00eats pour les arts, la culture et l\u2019intervention sociale l\u2019ont amen\u00e9e \u00e0 d\u00e9velopper des recherches abordant plus sp\u00e9cifiquement les pratiques de m\u00e9diation culturelle sous l&rsquo;angle de\u00a0l\u2019inclusion sociale et de\u00a0la diversit\u00e9. Elle a codirig\u00e9 l\u2019ouvrage \u00ab Exp\u00e9riences critiques de la m\u00e9diation culturelle \u00bb (PUL, 2017).<\/p>\n<p>&nbsp;<\/p>\n<p><strong>Catherine Gagnon<span style=\"font-weight: 400\">\u00a0\u2013 Directrice de Langage Plus<\/span><\/strong><\/p>\n<p><a href=\"https:\/\/colloques.uqac.ca\/ecoconseil\/files\/2021\/01\/Profil-Catherine-Gagnon.jpg\"><img loading=\"lazy\" decoding=\"async\" class=\"alignnone size-full wp-image-3227\" src=\"https:\/\/colloques.uqac.ca\/ecoconseil\/files\/2021\/01\/Profil-Catherine-Gagnon.jpg\" alt=\"Profil Catherine Gagnon\" width=\"876\" height=\"876\" srcset=\"https:\/\/colloques.uqac.ca\/ecoconseil\/files\/2021\/01\/Profil-Catherine-Gagnon.jpg 876w, https:\/\/colloques.uqac.ca\/ecoconseil\/files\/2021\/01\/Profil-Catherine-Gagnon-150x150.jpg 150w, https:\/\/colloques.uqac.ca\/ecoconseil\/files\/2021\/01\/Profil-Catherine-Gagnon-300x300.jpg 300w\" sizes=\"(max-width: 876px) 100vw, 876px\" \/><\/a><\/p>\n<p>Depuis 2013, je contribue, m&rsquo;implique et travaille en gestion dans le milieu des arts et de la culture en occupant plusieurs fonctions dont principalement tr\u00e9sori\u00e8re, charg\u00e9e de projets, coordination artistique et g\u00e9n\u00e9rale et gestionnaire d\u2019\u00e9v\u00e9nements. Ces exp\u00e9riences ont \u00e9t\u00e9 mon banc d\u2019\u00e9cole. Je me suis entour\u00e9e des meilleurs de la r\u00e9gion et d\u2019ailleurs pour peaufiner mes connaissances en d\u00e9veloppement, en collaboration et en mutualisation. Mes lectures en gestion et des cours suivis en perfectionnement m\u2019ont \u00e9t\u00e9 utiles pour aiguiser cet int\u00e9r\u00eat entrepreneurial. Maintenant, je suis \u00e0 la direction administrative du centre d&rsquo;art actuel Langage Plus. J&rsquo;adore mon travail.<\/p>\n<p>En 2020, je suis retourn\u00e9e aux \u00e9tudes \u00e0 la ma\u00eetrise en art de l&rsquo;UQAC pour me rapprocher de ma pratique artistique de mani\u00e8re p\u00e9renne. Mon sujet de recherche se base sur le concept du really made (Denys Tremblay) qui m\u00e9lange art-vie. Ma codirection se partage entre Michael LaChance (UQAC) et Katharina Niemeyer (UQAM).<\/p>\n<p>&nbsp;<\/p>\n<p><strong>\u00a0Annie Perron<span style=\"font-weight: 400\">\u00a0\u2013 Directrice g\u00e9n\u00e9rale et artistique de Lum Design<\/span><\/strong><\/p>\n<p><a href=\"https:\/\/colloques.uqac.ca\/ecoconseil\/files\/2021\/01\/Profil-Annie-Perron.jpg\"><img loading=\"lazy\" decoding=\"async\" class=\"alignnone size-large wp-image-3229\" src=\"https:\/\/colloques.uqac.ca\/ecoconseil\/files\/2021\/01\/Profil-Annie-Perron-1024x1024.jpg\" alt=\"Profil Annie Perron\" width=\"474\" height=\"474\" srcset=\"https:\/\/colloques.uqac.ca\/ecoconseil\/files\/2021\/01\/Profil-Annie-Perron-1024x1024.jpg 1024w, https:\/\/colloques.uqac.ca\/ecoconseil\/files\/2021\/01\/Profil-Annie-Perron-150x150.jpg 150w, https:\/\/colloques.uqac.ca\/ecoconseil\/files\/2021\/01\/Profil-Annie-Perron-300x300.jpg 300w\" sizes=\"(max-width: 474px) 100vw, 474px\" \/><\/a><\/p>\n<p>S\u2019appuyant sur un parcours professionnel de 25 ans en tant que designer graphique, photographe et illustratrice, Annie Perron est fondatrice et directrice de LUM DESIGN. \u00c9galement candidate au doctorat en sociologie \u00e0 l\u2019Universit\u00e9 du Qu\u00e9bec \u00e0 Montr\u00e9al (UQAM), elle s\u2019int\u00e9resse aux nouvelles formes de relations entre les domaines de l\u2019art et de la science afin de contribuer aux transformations socio-\u00e9cologiques.\u00a0(Cr\u00e9dits photo : LUM design)<\/p>\n<p><strong><b>Olivier C\u00f4t\u00e9 Brodeur<\/b><span style=\"font-weight: 400\"> \u2013 Artiste de la cr\u00e9ation parl\u00e9e<\/span><\/strong><\/p>\n<p><a href=\"https:\/\/colloques.uqac.ca\/ecoconseil\/files\/2021\/01\/Profil-Olivier-C\u00f4t\u00e9.jpg\"><img loading=\"lazy\" decoding=\"async\" class=\"alignnone size-large wp-image-3288\" src=\"https:\/\/colloques.uqac.ca\/ecoconseil\/files\/2021\/01\/Profil-Olivier-C\u00f4t\u00e9-665x1024.jpg\" alt=\"Profil Olivier C\u00f4t\u00e9\" width=\"474\" height=\"730\" srcset=\"https:\/\/colloques.uqac.ca\/ecoconseil\/files\/2021\/01\/Profil-Olivier-C\u00f4t\u00e9-665x1024.jpg 665w, https:\/\/colloques.uqac.ca\/ecoconseil\/files\/2021\/01\/Profil-Olivier-C\u00f4t\u00e9-195x300.jpg 195w, https:\/\/colloques.uqac.ca\/ecoconseil\/files\/2021\/01\/Profil-Olivier-C\u00f4t\u00e9.jpg 2047w\" sizes=\"(max-width: 474px) 100vw, 474px\" \/><\/a><\/p>\n<p>Au fil de mes rencontres avec d&rsquo;autres artistes oeuvrant dans l&rsquo;univers du conte depuis 2017, j&rsquo;ai \u00e9crit et interpr\u00e9t\u00e9 plusieurs r\u00e9cits inspir\u00e9s de l\u00e9gendes autochtones et mettant en vedette la nature et le territoire du magnifique Lac-Saint-Jean. J\u2019utilise le corps et les tissus biologiques pour pr\u00e9senter ma vision du monde \u00e0 la rencontre de la science, de l\u2019histoire et du mythe.<\/p>\n<p>J\u2019ai particip\u00e9 aux \u00e9ditions 2018 et 2019 du Festival Atalukan comme conteur de la rel\u00e8ve. J\u2019ai \u00e9galement particip\u00e9 au Festival Tam Tam Macadam pour les ann\u00e9es 2018, 2019 et 2021, entant qu\u2019organisateur et juge. Inspir\u00e9 d&rsquo;une l\u00e9gende aux origines encore floues, j&rsquo;ai d\u00e9velopp\u00e9 une carte mentale permettant d&rsquo;utiliser la cr\u00e9ation parl\u00e9e pour vulgariser le r\u00e9seau hydrographique du Qu\u00e9bec et de la r\u00e9gion (la l\u00e9gende du g\u00e9ant). Pour souligner le 375e anniversaire de l&rsquo;arriv\u00e9e de Jean-Dequen au Pi\u00e9kouakami, j&rsquo;ai racont\u00e9 son voyage \u00e0 l&rsquo;\u00e9t\u00e9 2022 pour le CHAM de Desbiens. Mon cheminement artistique est maintenant ax\u00e9 sur le d\u00e9veloppement de contes sur mon propre patrimoine historique et culturel bien enracin\u00e9 dans mon village d&rsquo;origine, celui d&rsquo;H\u00e9bertville-Station au Lac-Saint-Jean.<\/p>\n<p><b>Sylvie Morais<\/b><span style=\"font-weight: 400\"> \u2013 Professeure th\u00e9orique de la formation artistique au d\u00e9partement des Arts et des Lettres de l\u2019UQAC<\/span><\/p>\n<p><a href=\"https:\/\/colloques.uqac.ca\/ecoconseil\/files\/2021\/01\/Profil-S.Morais.jpg\"><img loading=\"lazy\" decoding=\"async\" class=\"alignnone size-large wp-image-3269\" src=\"https:\/\/colloques.uqac.ca\/ecoconseil\/files\/2021\/01\/Profil-S.Morais-931x1024.jpg\" alt=\"Profil S.Morais\" width=\"474\" height=\"521\" srcset=\"https:\/\/colloques.uqac.ca\/ecoconseil\/files\/2021\/01\/Profil-S.Morais-931x1024.jpg 931w, https:\/\/colloques.uqac.ca\/ecoconseil\/files\/2021\/01\/Profil-S.Morais-273x300.jpg 273w\" sizes=\"(max-width: 474px) 100vw, 474px\" \/><\/a><\/p>\n<p>Artiste plasticienne devenue p\u00e9dagogue et puis docteure en Sciences de l\u2019\u00e9ducation,\u00a0<strong>Sylvie Morais<\/strong>\u00a0est une artiste-p\u00e9dagogue, professeure en th\u00e9orie de la formation artistique au d\u00e9partement des Arts Lettres et Langues de l\u2019UQAC. Directrice du Collectif de Recherche en Enseignement des Arts, CR\u00c9Agir m\u00e8ne une recherche-participative <em>Arts &amp; Sciences\u00a0: \u0153uvrer ensemble autour du vivant.<\/em><\/p>\n<p><b>Micha\u00ebl La Chance<\/b><span style=\"font-weight: 400\"> \u2013 Professeur titulaire au d\u00e9partement des arts et des lettres et du langage de l\u2019UQAC<\/span><\/p>\n<p><a href=\"https:\/\/colloques.uqac.ca\/ecoconseil\/files\/2021\/01\/Profil-Michael-La-Chance.jpg\"><img loading=\"lazy\" decoding=\"async\" class=\"alignnone size-large wp-image-3289\" src=\"https:\/\/colloques.uqac.ca\/ecoconseil\/files\/2021\/01\/Profil-Michael-La-Chance-1019x1024.jpg\" alt=\"Profil Michael La Chance\" width=\"474\" height=\"476\" srcset=\"https:\/\/colloques.uqac.ca\/ecoconseil\/files\/2021\/01\/Profil-Michael-La-Chance-1019x1024.jpg 1019w, https:\/\/colloques.uqac.ca\/ecoconseil\/files\/2021\/01\/Profil-Michael-La-Chance-150x150.jpg 150w, https:\/\/colloques.uqac.ca\/ecoconseil\/files\/2021\/01\/Profil-Michael-La-Chance-300x300.jpg 300w\" sizes=\"(max-width: 474px) 100vw, 474px\" \/><\/a><\/p>\n<p>Essayiste et po\u00e8te, Micha\u00ebl La Chance (Ph.D., Paris VIII, philosophie ; DEA, EHSS, sociologie) est professeur titulaire de th\u00e9orie esth\u00e9tique \u00e0 l\u2019Universit\u00e9 du Qu\u00e9bec \u00e0 Chicoutimi. Chercheur CELAT, membre de la r\u00e9daction de la revue Inter art actuel, il a re\u00e7u un prix d\u2019excellence de la critique 2015 d\u00e9cern\u00e9 par la SODEP. Il a publi\u00e9 sept recueils de po\u00e9sie et autant de proses : dont r\u00e9cemment [mytism] L\u2019arch\u00e8-originaire, Triptyque 2009 (finaliste prix de po\u00e9sie de l\u2019Acad\u00e9mie des lettres 2010) ; \u00c9pisodies, La Peuplade, 2014 (Prix Ringuet de l\u2019Acad\u00e9mie des lettres 2015) et Crapaudines, Triptyque, 2015 (Mention d\u2019excellence des \u00c9crivains francophones d\u2019Am\u00e9rique).<\/p>\n<p><span style=\"font-weight: 400\"><strong>Jacques Blanchet<\/strong>\u00a0\u2013\u00a0Directeur des partenariats et du d\u00e9veloppement \u00e0 la maison du d\u00e9veloppement durable<\/span><\/p>\n<p><a href=\"https:\/\/colloques.uqac.ca\/ecoconseil\/files\/2021\/01\/Profil-Jacques-Blanchet.jpg\"><img loading=\"lazy\" decoding=\"async\" class=\"alignnone size-full wp-image-3298\" src=\"https:\/\/colloques.uqac.ca\/ecoconseil\/files\/2021\/01\/Profil-Jacques-Blanchet.jpg\" alt=\"Profil Jacques Blanchet\" width=\"295\" height=\"292\" \/><\/a><\/p>\n<p>Jacques est un artiste dans la gestion avec plus de 25 ans d&rsquo;exp\u00e9rience dans la r\u00e9alisation de projets complexes et cr\u00e9atifs en d\u00e9veloppement durable. Il a initi\u00e9 et coordonn\u00e9 l&rsquo;\u00e9laboration des normes dans le domaine du d\u00e9veloppement durable au Qu\u00e9bec (BNQ) et a particip\u00e9 activement au programme de normes \u00e0 l&rsquo;international (ISO).<br \/>\nIl est cofondateur de #Meet4Impact, une entreprise internationale d\u00e9di\u00e9e \u00e0 la g\u00e9n\u00e9ration d&rsquo;impacts sociaux et de changements de comportements dans le tourisme d&rsquo;affaires.<\/p>\n<p>Aujourd&rsquo;hui, il agit \u00e0 titre de directeur du d\u00e9veloppement et des partenariats \u00e0 la Maison du d\u00e9veloppement durable et il est responsable de d\u00e9velopper une vision avant-gardiste pour l&rsquo;organisation et de cr\u00e9er des partenariats et projets innovants.<\/p>\n","protected":false},"excerpt":{"rendered":"<p>Il nous fait plaisir de vous pr\u00e9senter les intervenant.e.s qui ont accept\u00e9.e de participer \u00e0 notre \u00e9v\u00e8nement. Marcelle Dub\u00e9\u00a0\u2013 Professeure associ\u00e9e au d\u00e9partement des sciences humaines de l\u2019UQAC Marcelle Dub\u00e9 est professeure associ\u00e9e du d\u00e9partement des sciences humaines et sociales de l\u2019Universit\u00e9 du Qu\u00e9bec \u00e0 Chicoutimi (UQAC). Chercheure \u00e0 l\u2019Observatoire des m\u00e9diations culturelles (OMEC) et &hellip; <a href=\"https:\/\/colloques.uqac.ca\/ecoconseil\/conferenciers\/\" class=\"more-link\">Continuer la lecture de <span class=\"screen-reader-text\">Cohorte 22 &#8211; Les intervenant.e.s<\/span>  <span class=\"meta-nav\">&rarr;<\/span><\/a><\/p>\n","protected":false},"author":44,"featured_media":0,"parent":0,"menu_order":0,"comment_status":"open","ping_status":"open","template":"","meta":{"footnotes":""},"_links":{"self":[{"href":"https:\/\/colloques.uqac.ca\/ecoconseil\/wp-json\/wp\/v2\/pages\/2752"}],"collection":[{"href":"https:\/\/colloques.uqac.ca\/ecoconseil\/wp-json\/wp\/v2\/pages"}],"about":[{"href":"https:\/\/colloques.uqac.ca\/ecoconseil\/wp-json\/wp\/v2\/types\/page"}],"author":[{"embeddable":true,"href":"https:\/\/colloques.uqac.ca\/ecoconseil\/wp-json\/wp\/v2\/users\/44"}],"replies":[{"embeddable":true,"href":"https:\/\/colloques.uqac.ca\/ecoconseil\/wp-json\/wp\/v2\/comments?post=2752"}],"version-history":[{"count":23,"href":"https:\/\/colloques.uqac.ca\/ecoconseil\/wp-json\/wp\/v2\/pages\/2752\/revisions"}],"predecessor-version":[{"id":3333,"href":"https:\/\/colloques.uqac.ca\/ecoconseil\/wp-json\/wp\/v2\/pages\/2752\/revisions\/3333"}],"wp:attachment":[{"href":"https:\/\/colloques.uqac.ca\/ecoconseil\/wp-json\/wp\/v2\/media?parent=2752"}],"curies":[{"name":"wp","href":"https:\/\/api.w.org\/{rel}","templated":true}]}}